{"id":5852,"date":"2024-06-24T09:50:00","date_gmt":"2024-06-24T07:50:00","guid":{"rendered":"https:\/\/viallidesign.com\/produkt\/komplet-24-sztuki-sztuccow-obiadowych-cristallo-5943\/"},"modified":"2026-04-27T17:20:04","modified_gmt":"2026-04-27T15:20:04","slug":"komplet-24-sztuki-sztuccow-obiadowych-cristallo-5943","status":"publish","type":"product","link":"https:\/\/viallidesign.com\/en\/product\/komplet-24-sztuki-sztuccow-obiadowych-cristallo-5943\/","title":{"rendered":"Set of 24 pieces dinner cutlery Cristallo 5943"},"content":{"rendered":"<p><strong>Set of 24 pieces Cristallo table cutlery<\/strong><\/p>\n<p><strong>Cristallo cutlery set<\/strong> brands <strong>Vialli Design<\/strong> is the perfect choice to create a beautiful table setting. The Cristallo cutlery set will add a touch of sophistication to any meal. The elegance inherent in <strong>simple design<\/strong> allows you to enjoy the aesthetics of forks, knives and spoons and to operate them freely on the plate. It is worth combining them with other items that stand out <strong>simplicity and elegance.<\/strong> The presented cutlery set can serve as part of a table service for 6 people.<\/p>\n<p>The set contains 24 pieces, including:<\/p>\n<ul>\n<li>6 dinner knives<\/li>\n<li>6 dinner forks<\/li>\n<li>6 dinner spoons<\/li>\n<li>6 teaspoons<\/li>\n<\/ul>\n<p>All Cristallo cutlery has <b>shapely, thin handle.<\/b> As a result, they are aesthetically pleasing and do not slip from the hands while eating. This allows the user to fully enjoy a relaxed meal. Apart from the design, it is the quality that significantly affects the final perception of the product. Once purchased, a dinner cutlery set is meant to serve us for many years, so it is worth betting on high-quality workmanship. <b>The Cristallo cutlery set is made of high-quality 18\/10 stainless steel.<\/b> Despite the passage of time, spoons, spoons, forks and dinner knives will maintain their perfect condition and appearance. Thanks to this <b>the table will look elegant and dining will be pure pleasure.<\/b><\/p>\n<p><b>Product benefits:<\/b><\/p>\n<ul>\n<li>Modern design<\/li>\n<li>Made of high-quality 18\/10 stainless steel<\/li>\n<li>Ideal set for 6 people<\/li>\n<li>Set includes all basic cutlery<\/li>\n<li>Beautiful glossy finish<\/li>\n<li>Product ideal for a gift<\/li>\n<\/ul>\n<p>Remember to wipe the cutlery with a dry cloth after washing.<\/p>\n<p class=\"gpsr-info\"><a href=\"https:\/\/kulig.com.pl\/gpsr\/\" target=\"_blank\" rel=\"noopener\">GPSR information<\/a><\/p>","protected":false},"excerpt":{"rendered":"<p>Komplet 24 sztuki sztu\u0107c\u00f3w sto\u0142owych Cristallo Zestaw sztu\u0107c\u00f3w Cristallo marki Vialli Design to doskona\u0142y wyb\u00f3r, kt\u00f3ry stworzy pi\u0119kn\u0105 aran\u017cacj\u0119 sto\u0142u. Komplet sztu\u0107c\u00f3w Cristallo doda ka\u017cdemu posi\u0142kowi nieco wyrafinowanego charakteru. Elegancja tkwi\u0105ca w prostym designie pozwala cieszy\u0107 si\u0119 estetyk\u0105 widelc\u00f3w, no\u017cy i \u0142y\u017cek oraz swobodnie operowa\u0107 nimi na talerzu. Warto po\u0142\u0105czy\u0107 je z innymi elementami, wyr\u00f3\u017cniaj\u0105cymi [&hellip;]<\/p>","protected":false},"featured_media":5850,"template":"","meta":{"_uag_custom_page_level_css":"","site-sidebar-layout":"default","site-content-layout":"","ast-site-content-layout":"default","site-content-style":"default","site-sidebar-style":"default","ast-global-header-display":"","ast-banner-title-visibility":"","ast-main-header-display":"","ast-hfb-above-header-display":"","ast-hfb-below-header-display":"","ast-hfb-mobile-header-display":"","site-post-title":"","ast-breadcrumbs-content":"","ast-featured-img":"","footer-sml-layout":"","ast-disable-related-posts":"","theme-transparent-header-meta":"","adv-header-id-meta":"","stick-header-meta":"","header-above-stick-meta":"","header-main-stick-meta":"","header-below-stick-meta":"","astra-migrate-meta-layouts":"default","ast-page-background-enabled":"default","ast-page-background-meta":{"desktop":{"background-color":"","background-image":"","background-repeat":"repeat","background-position":"center center","background-size":"auto","background-attachment":"scroll","background-type":"","background-media":"","overlay-type":"","overlay-color":"","overlay-opacity":"","overlay-gradient":""},"tablet":{"background-color":"","background-image":"","background-repeat":"repeat","background-position":"center center","background-size":"auto","background-attachment":"scroll","background-type":"","background-media":"","overlay-type":"","overlay-color":"","overlay-opacity":"","overlay-gradient":""},"mobile":{"background-color":"","background-image":"","background-repeat":"repeat","background-position":"center center","background-size":"auto","background-attachment":"scroll","background-type":"","background-media":"","overlay-type":"","overlay-color":"","overlay-opacity":"","overlay-gradient":""}},"ast-content-background-meta":{"desktop":{"background-color":"var(--ast-global-color-5)","background-image":"","background-repeat":"repeat","background-position":"center center","background-size":"auto","background-attachment":"scroll","background-type":"","background-media":"","overlay-type":"","overlay-color":"","overlay-opacity":"","overlay-gradient":""},"tablet":{"background-color":"var(--ast-global-color-5)","background-image":"","background-repeat":"repeat","background-position":"center center","background-size":"auto","background-attachment":"scroll","background-type":"","background-media":"","overlay-type":"","overlay-color":"","overlay-opacity":"","overlay-gradient":""},"mobile":{"background-color":"var(--ast-global-color-5)","background-image":"","background-repeat":"repeat","background-position":"center center","background-size":"auto","background-attachment":"scroll","background-type":"","background-media":"","overlay-type":"","overlay-color":"","overlay-opacity":"","overlay-gradient":""}}},"product_brand":[],"product_cat":[432,17,441],"product_tag":[],"class_list":{"0":"post-5852","1":"product","2":"type-product","3":"status-publish","4":"has-post-thumbnail","6":"product_cat-jadalnia","7":"product_cat-produkty","8":"product_cat-sztucce","9":"desktop-align-left","10":"tablet-align-left","11":"mobile-align-left","13":"first","14":"instock","15":"shipping-taxable","16":"purchasable","17":"product-type-simple"},"uagb_featured_image_src":{"full":["https:\/\/viallidesign.com\/wp-content\/uploads\/2024\/06\/240620246679255d64ce2-scaled.jpeg",1810,2560,false],"thumbnail":["https:\/\/viallidesign.com\/wp-content\/uploads\/2024\/06\/240620246679255d64ce2-80x80.jpeg",80,80,true],"medium":["https:\/\/viallidesign.com\/wp-content\/uploads\/2024\/06\/240620246679255d64ce2-212x300.jpeg",212,300,true],"medium_large":["https:\/\/viallidesign.com\/wp-content\/uploads\/2024\/06\/240620246679255d64ce2-768x1086.jpeg",768,1086,true],"large":["https:\/\/viallidesign.com\/wp-content\/uploads\/2024\/06\/240620246679255d64ce2-724x1024.jpeg",724,1024,true],"1536x1536":["https:\/\/viallidesign.com\/wp-content\/uploads\/2024\/06\/240620246679255d64ce2-1086x1536.jpeg",1086,1536,true],"2048x2048":["https:\/\/viallidesign.com\/wp-content\/uploads\/2024\/06\/240620246679255d64ce2-1448x2048.jpeg",1448,2048,true],"trp-custom-language-flag":["https:\/\/viallidesign.com\/wp-content\/uploads\/2024\/06\/240620246679255d64ce2-scaled.jpeg",8,12,false],"woocommerce_thumbnail":["https:\/\/viallidesign.com\/wp-content\/uploads\/2024\/06\/240620246679255d64ce2-scaled-600x849.jpeg",600,849,true],"woocommerce_single":["https:\/\/viallidesign.com\/wp-content\/uploads\/2024\/06\/240620246679255d64ce2-scaled-1200x1697.jpeg",1200,1697,true],"woocommerce_gallery_thumbnail":["https:\/\/viallidesign.com\/wp-content\/uploads\/2024\/06\/240620246679255d64ce2-scaled-100x100.jpeg",100,100,true],"dgwt-wcas-product-suggestion":["https:\/\/viallidesign.com\/wp-content\/uploads\/2024\/06\/240620246679255d64ce2-scaled-64x91.jpeg",64,91,true]},"uagb_author_info":{"display_name":"viallidesign","author_link":"https:\/\/viallidesign.com\/en\/author\/"},"uagb_comment_info":0,"uagb_excerpt":"Komplet 24 sztuki sztu\u0107c\u00f3w sto\u0142owych Cristallo Zestaw sztu\u0107c\u00f3w Cristallo marki Vialli Design to doskona\u0142y wyb\u00f3r, kt\u00f3ry stworzy pi\u0119kn\u0105 aran\u017cacj\u0119 sto\u0142u. Komplet sztu\u0107c\u00f3w Cristallo doda ka\u017cdemu posi\u0142kowi nieco wyrafinowanego charakteru. Elegancja tkwi\u0105ca w prostym designie pozwala cieszy\u0107 si\u0119 estetyk\u0105 widelc\u00f3w, no\u017cy i \u0142y\u017cek oraz swobodnie operowa\u0107 nimi na talerzu. Warto po\u0142\u0105czy\u0107 je z innymi elementami, wyr\u00f3\u017cniaj\u0105cymi&hellip;","_links":{"self":[{"href":"https:\/\/viallidesign.com\/en\/wp-json\/wp\/v2\/product\/5852","targetHints":{"allow":["GET"]}}],"collection":[{"href":"https:\/\/viallidesign.com\/en\/wp-json\/wp\/v2\/product"}],"about":[{"href":"https:\/\/viallidesign.com\/en\/wp-json\/wp\/v2\/types\/product"}],"wp:featuredmedia":[{"embeddable":true,"href":"https:\/\/viallidesign.com\/en\/wp-json\/wp\/v2\/media\/5850"}],"wp:attachment":[{"href":"https:\/\/viallidesign.com\/en\/wp-json\/wp\/v2\/media?parent=5852"}],"wp:term":[{"taxonomy":"product_brand","embeddable":true,"href":"https:\/\/viallidesign.com\/en\/wp-json\/wp\/v2\/product_brand?post=5852"},{"taxonomy":"product_cat","embeddable":true,"href":"https:\/\/viallidesign.com\/en\/wp-json\/wp\/v2\/product_cat?post=5852"},{"taxonomy":"product_tag","embeddable":true,"href":"https:\/\/viallidesign.com\/en\/wp-json\/wp\/v2\/product_tag?post=5852"}],"curies":[{"name":"wp","href":"https:\/\/api.w.org\/{rel}","templated":true}]}}