{"id":5842,"date":"2024-06-24T09:50:42","date_gmt":"2024-06-24T07:50:42","guid":{"rendered":"https:\/\/viallidesign.com\/produkt\/komplet-sztuccow-24-szt-diva-bialy\/"},"modified":"2026-04-18T18:24:54","modified_gmt":"2026-04-18T16:24:54","slug":"komplet-sztuccow-24-szt-diva-bialy","status":"publish","type":"product","link":"https:\/\/viallidesign.com\/en\/product\/komplet-sztuccow-24-szt-diva-bialy\/","title":{"rendered":"Cutlery set 24 pcs. Diva white"},"content":{"rendered":"<p>The 24-piece Diva functional and useful cutlery set in white is a novelty from Vialli Design. <\/p>\n<p>Diva cutlery is a successful combination of classic form and modern design, so it will look great in both traditionally furnished and modernist interiors. <\/p>\n<p>The cutlery is made of anti-allergenic stainless steel, while the ergonomic handles are made of top-quality glossy plastic.<\/p>\n<p>The cutlery is great for everyday use, but will also pleasantly surprise your guests at a formal dinner party.<\/p>\n<p>Diva is a high-end, elegant and striking accessory, packaged in a decorative box - perfect as a tasteful gift for birthdays, weddings or other important occasions.<\/p>\n<p>The cutlery is dishwasher safe. The product has a quality certificate and a food contact certificate. <\/p>\n<p>Diva is cutlery that fulfils utility as well as aesthetic qualities, an indispensable and versatile addition to any kitchen and to your table. <\/p>\n<p>The kit includes:<br \/>\n6 dinner spoons<br \/>\n6 dinner knives<br \/>\n6 dinner forks<br \/>\n6 teaspoons<\/p>\n<p class=\"gpsr-info\"><a href=\"https:\/\/kulig.com.pl\/gpsr\/\" target=\"_blank\" rel=\"noopener\">GPSR information<\/a><\/p>","protected":false},"excerpt":{"rendered":"<p>24-elementowy zestaw funkcjonalnych i u\u017cytecznych sztu\u0107c\u00f3w Diva w kolorze bia\u0142ym to nowo\u015b\u0107 od Vialli Design. Sztu\u0107ce Diva to udane po\u0142\u0105czenie klasycznej formy z nowoczesnym designem, dlatego znakomicie b\u0119d\u0105 si\u0119 prezentowa\u0107 zar\u00f3wno w tradycyjnie urz\u0105dzonych jak i modernistycznych wn\u0119trzach. Sztu\u0107ce zosta\u0142y wykonane z antyalergicznej stali nierdzewnej, natomiast ergonomiczne r\u0119koje\u015bci z najwy\u017cszej jako\u015bci po\u0142yskuj\u0105cego tworzywa sztucznego. Sztu\u0107ce [&hellip;]<\/p>","protected":false},"featured_media":5838,"template":"","meta":{"_uag_custom_page_level_css":"","site-sidebar-layout":"default","site-content-layout":"","ast-site-content-layout":"default","site-content-style":"default","site-sidebar-style":"default","ast-global-header-display":"","ast-banner-title-visibility":"","ast-main-header-display":"","ast-hfb-above-header-display":"","ast-hfb-below-header-display":"","ast-hfb-mobile-header-display":"","site-post-title":"","ast-breadcrumbs-content":"","ast-featured-img":"","footer-sml-layout":"","ast-disable-related-posts":"","theme-transparent-header-meta":"default","adv-header-id-meta":"","stick-header-meta":"","header-above-stick-meta":"","header-main-stick-meta":"","header-below-stick-meta":"","astra-migrate-meta-layouts":"set","ast-page-background-enabled":"default","ast-page-background-meta":{"desktop":{"background-color":"","background-image":"","background-repeat":"repeat","background-position":"center center","background-size":"auto","background-attachment":"scroll","background-type":"","background-media":"","overlay-type":"","overlay-color":"","overlay-opacity":"","overlay-gradient":""},"tablet":{"background-color":"","background-image":"","background-repeat":"repeat","background-position":"center center","background-size":"auto","background-attachment":"scroll","background-type":"","background-media":"","overlay-type":"","overlay-color":"","overlay-opacity":"","overlay-gradient":""},"mobile":{"background-color":"","background-image":"","background-repeat":"repeat","background-position":"center center","background-size":"auto","background-attachment":"scroll","background-type":"","background-media":"","overlay-type":"","overlay-color":"","overlay-opacity":"","overlay-gradient":""}},"ast-content-background-meta":{"desktop":{"background-color":"var(--ast-global-color-5)","background-image":"","background-repeat":"repeat","background-position":"center center","background-size":"auto","background-attachment":"scroll","background-type":"","background-media":"","overlay-type":"","overlay-color":"","overlay-opacity":"","overlay-gradient":""},"tablet":{"background-color":"var(--ast-global-color-5)","background-image":"","background-repeat":"repeat","background-position":"center center","background-size":"auto","background-attachment":"scroll","background-type":"","background-media":"","overlay-type":"","overlay-color":"","overlay-opacity":"","overlay-gradient":""},"mobile":{"background-color":"var(--ast-global-color-5)","background-image":"","background-repeat":"repeat","background-position":"center center","background-size":"auto","background-attachment":"scroll","background-type":"","background-media":"","overlay-type":"","overlay-color":"","overlay-opacity":"","overlay-gradient":""}}},"product_brand":[],"product_cat":[432,17,441],"product_tag":[],"class_list":{"0":"post-5842","1":"product","2":"type-product","3":"status-publish","4":"has-post-thumbnail","6":"product_cat-jadalnia","7":"product_cat-produkty","8":"product_cat-sztucce","9":"desktop-align-left","10":"tablet-align-left","11":"mobile-align-left","13":"first","14":"instock","15":"sale","16":"shipping-taxable","17":"purchasable","18":"product-type-simple"},"uagb_featured_image_src":{"full":["https:\/\/viallidesign.com\/wp-content\/uploads\/2024\/06\/240620246679254972910-scaled.jpeg",1707,2560,false],"thumbnail":["https:\/\/viallidesign.com\/wp-content\/uploads\/2024\/06\/240620246679254972910-80x80.jpeg",80,80,true],"medium":["https:\/\/viallidesign.com\/wp-content\/uploads\/2024\/06\/240620246679254972910-200x300.jpeg",200,300,true],"medium_large":["https:\/\/viallidesign.com\/wp-content\/uploads\/2024\/06\/240620246679254972910-768x1152.jpeg",768,1152,true],"large":["https:\/\/viallidesign.com\/wp-content\/uploads\/2024\/06\/240620246679254972910-683x1024.jpeg",683,1024,true],"1536x1536":["https:\/\/viallidesign.com\/wp-content\/uploads\/2024\/06\/240620246679254972910-1024x1536.jpeg",1024,1536,true],"2048x2048":["https:\/\/viallidesign.com\/wp-content\/uploads\/2024\/06\/240620246679254972910-1365x2048.jpeg",1365,2048,true],"trp-custom-language-flag":["https:\/\/viallidesign.com\/wp-content\/uploads\/2024\/06\/240620246679254972910-scaled.jpeg",8,12,false],"woocommerce_thumbnail":["https:\/\/viallidesign.com\/wp-content\/uploads\/2024\/06\/240620246679254972910-scaled-600x900.jpeg",600,900,true],"woocommerce_single":["https:\/\/viallidesign.com\/wp-content\/uploads\/2024\/06\/240620246679254972910-scaled-1200x1800.jpeg",1200,1800,true],"woocommerce_gallery_thumbnail":["https:\/\/viallidesign.com\/wp-content\/uploads\/2024\/06\/240620246679254972910-scaled-100x100.jpeg",100,100,true],"dgwt-wcas-product-suggestion":["https:\/\/viallidesign.com\/wp-content\/uploads\/2024\/06\/240620246679254972910-scaled-64x96.jpeg",64,96,true]},"uagb_author_info":{"display_name":"viallidesign","author_link":"https:\/\/viallidesign.com\/en\/author\/"},"uagb_comment_info":0,"uagb_excerpt":"24-elementowy zestaw funkcjonalnych i u\u017cytecznych sztu\u0107c\u00f3w Diva w kolorze bia\u0142ym to nowo\u015b\u0107 od Vialli Design. Sztu\u0107ce Diva to udane po\u0142\u0105czenie klasycznej formy z nowoczesnym designem, dlatego znakomicie b\u0119d\u0105 si\u0119 prezentowa\u0107 zar\u00f3wno w tradycyjnie urz\u0105dzonych jak i modernistycznych wn\u0119trzach. Sztu\u0107ce zosta\u0142y wykonane z antyalergicznej stali nierdzewnej, natomiast ergonomiczne r\u0119koje\u015bci z najwy\u017cszej jako\u015bci po\u0142yskuj\u0105cego tworzywa sztucznego. Sztu\u0107ce&hellip;","_links":{"self":[{"href":"https:\/\/viallidesign.com\/en\/wp-json\/wp\/v2\/product\/5842","targetHints":{"allow":["GET"]}}],"collection":[{"href":"https:\/\/viallidesign.com\/en\/wp-json\/wp\/v2\/product"}],"about":[{"href":"https:\/\/viallidesign.com\/en\/wp-json\/wp\/v2\/types\/product"}],"wp:featuredmedia":[{"embeddable":true,"href":"https:\/\/viallidesign.com\/en\/wp-json\/wp\/v2\/media\/5838"}],"wp:attachment":[{"href":"https:\/\/viallidesign.com\/en\/wp-json\/wp\/v2\/media?parent=5842"}],"wp:term":[{"taxonomy":"product_brand","embeddable":true,"href":"https:\/\/viallidesign.com\/en\/wp-json\/wp\/v2\/product_brand?post=5842"},{"taxonomy":"product_cat","embeddable":true,"href":"https:\/\/viallidesign.com\/en\/wp-json\/wp\/v2\/product_cat?post=5842"},{"taxonomy":"product_tag","embeddable":true,"href":"https:\/\/viallidesign.com\/en\/wp-json\/wp\/v2\/product_tag?post=5842"}],"curies":[{"name":"wp","href":"https:\/\/api.w.org\/{rel}","templated":true}]}}