{"id":5821,"date":"2024-06-24T09:48:32","date_gmt":"2024-06-24T07:48:32","guid":{"rendered":"https:\/\/vialliwp.ageno.work\/produkt\/zestaw-5-nozy-w-bloku-volo-z-powloka-nieprzywierajaca-bialy\/"},"modified":"2026-03-27T02:20:04","modified_gmt":"2026-03-27T01:20:04","slug":"zestaw-5-nozy-w-bloku-volo-z-powloka-nieprzywierajaca-bialy","status":"publish","type":"product","link":"https:\/\/viallidesign.com\/en\/product\/zestaw-5-nozy-w-bloku-volo-z-powloka-nieprzywierajaca-bialy\/","title":{"rendered":"Set of 5 knives in VOLO non-stick block white"},"content":{"rendered":"<p>Modern and functional set of 5 knives from the series <strong>VOLO<\/strong> brands <strong>Vialli Design<\/strong> is the perfect accessory for every kitchen. The elegant white block, combined with the minimalist design, makes the set look great on the kitchen countertop, while ensuring safe storage of the knives.<\/p>\n<p>The blades are made of high quality <strong>German stainless steel<\/strong> of hardness <strong>HRC 56<\/strong>which guarantees excellent durability and resistance to wear. In addition, the knives are coated with <strong>non-stick PVD coating<\/strong>which makes cutting easier and prevents ingredients from sticking.<\/p>\n<p>The ergonomically shaped handles provide a secure grip, comfort and safety when working. Each knife has been designed for a specific application, making the set ideal for everyday meal preparation - from slicing vegetables to portioning meat and bread.<\/p>\n<p><strong>The kit includes:<\/strong><\/p>\n<ul>\n<li>knife block<\/li>\n<li>chef's knife - blade 20 cm<\/li>\n<li>bread knife - blade 20 cm<\/li>\n<li>meat knife - blade 20 cm<\/li>\n<li>multipurpose knife - 12 cm blade<\/li>\n<li>peeler knife - 9 cm blade<\/li>\n<\/ul>\n<p><strong>Product features:<\/strong><\/p>\n<ul>\n<li>high-quality German stainless steel<\/li>\n<li>Blade hardness HRC 56<\/li>\n<li>non-stick PVD coating<\/li>\n<li>ergonomic handles<\/li>\n<li>modern design<\/li>\n<li>safe wooden block<\/li>\n<li>a complete set for every kitchen<\/li>\n<\/ul>\n<p class=\"gpsr-info\"><a href=\"https:\/\/kulig.com.pl\/gpsr\/\" target=\"_blank\" rel=\"noopener\">GPSR information<\/a><\/p>","protected":false},"excerpt":{"rendered":"<p>Nowoczesny i funkcjonalny zestaw 5 no\u017cy z serii VOLO marki Vialli Design to idealne wyposa\u017cenie ka\u017cdej kuchni. Elegancki, bia\u0142y blok w po\u0142\u0105czeniu z minimalistycznym designem sprawia, \u017ce komplet \u015bwietnie prezentuje si\u0119 na kuchennym blacie, jednocze\u015bnie zapewniaj\u0105c bezpieczne przechowywanie no\u017cy. Ostrza wykonane zosta\u0142y z wysokiej jako\u015bci niemieckiej stali nierdzewnej o twardo\u015bci HRC 56, co gwarantuje doskona\u0142\u0105 [&hellip;]<\/p>","protected":false},"featured_media":5805,"template":"","meta":{"_uag_custom_page_level_css":"","site-sidebar-layout":"default","site-content-layout":"","ast-site-content-layout":"default","site-content-style":"default","site-sidebar-style":"default","ast-global-header-display":"","ast-banner-title-visibility":"","ast-main-header-display":"","ast-hfb-above-header-display":"","ast-hfb-below-header-display":"","ast-hfb-mobile-header-display":"","site-post-title":"","ast-breadcrumbs-content":"","ast-featured-img":"","footer-sml-layout":"","ast-disable-related-posts":"","theme-transparent-header-meta":"","adv-header-id-meta":"","stick-header-meta":"","header-above-stick-meta":"","header-main-stick-meta":"","header-below-stick-meta":"","astra-migrate-meta-layouts":"default","ast-page-background-enabled":"default","ast-page-background-meta":{"desktop":{"background-color":"","background-image":"","background-repeat":"repeat","background-position":"center center","background-size":"auto","background-attachment":"scroll","background-type":"","background-media":"","overlay-type":"","overlay-color":"","overlay-opacity":"","overlay-gradient":""},"tablet":{"background-color":"","background-image":"","background-repeat":"repeat","background-position":"center center","background-size":"auto","background-attachment":"scroll","background-type":"","background-media":"","overlay-type":"","overlay-color":"","overlay-opacity":"","overlay-gradient":""},"mobile":{"background-color":"","background-image":"","background-repeat":"repeat","background-position":"center center","background-size":"auto","background-attachment":"scroll","background-type":"","background-media":"","overlay-type":"","overlay-color":"","overlay-opacity":"","overlay-gradient":""}},"ast-content-background-meta":{"desktop":{"background-color":"var(--ast-global-color-5)","background-image":"","background-repeat":"repeat","background-position":"center center","background-size":"auto","background-attachment":"scroll","background-type":"","background-media":"","overlay-type":"","overlay-color":"","overlay-opacity":"","overlay-gradient":""},"tablet":{"background-color":"var(--ast-global-color-5)","background-image":"","background-repeat":"repeat","background-position":"center center","background-size":"auto","background-attachment":"scroll","background-type":"","background-media":"","overlay-type":"","overlay-color":"","overlay-opacity":"","overlay-gradient":""},"mobile":{"background-color":"var(--ast-global-color-5)","background-image":"","background-repeat":"repeat","background-position":"center center","background-size":"auto","background-attachment":"scroll","background-type":"","background-media":"","overlay-type":"","overlay-color":"","overlay-opacity":"","overlay-gradient":""}}},"product_brand":[],"product_cat":[433,751,17],"product_tag":[],"class_list":{"0":"post-5821","1":"product","2":"type-product","3":"status-publish","4":"has-post-thumbnail","6":"product_cat-kuchnia","7":"product_cat-zestawy-nozy","8":"product_cat-produkty","9":"desktop-align-left","10":"tablet-align-left","11":"mobile-align-left","13":"first","14":"instock","15":"sale","16":"shipping-taxable","17":"purchasable","18":"product-type-simple"},"uagb_featured_image_src":{"full":["https:\/\/viallidesign.com\/wp-content\/uploads\/2024\/06\/24062024667924a276bca-scaled.jpeg",2560,2451,false],"thumbnail":["https:\/\/viallidesign.com\/wp-content\/uploads\/2024\/06\/24062024667924a276bca-80x80.jpeg",80,80,true],"medium":["https:\/\/viallidesign.com\/wp-content\/uploads\/2024\/06\/24062024667924a276bca-300x287.jpeg",300,287,true],"medium_large":["https:\/\/viallidesign.com\/wp-content\/uploads\/2024\/06\/24062024667924a276bca-768x735.jpeg",768,735,true],"large":["https:\/\/viallidesign.com\/wp-content\/uploads\/2024\/06\/24062024667924a276bca-1024x981.jpeg",1024,981,true],"1536x1536":["https:\/\/viallidesign.com\/wp-content\/uploads\/2024\/06\/24062024667924a276bca-1536x1471.jpeg",1536,1471,true],"2048x2048":["https:\/\/viallidesign.com\/wp-content\/uploads\/2024\/06\/24062024667924a276bca-2048x1961.jpeg",2048,1961,true],"trp-custom-language-flag":["https:\/\/viallidesign.com\/wp-content\/uploads\/2024\/06\/24062024667924a276bca-scaled.jpeg",13,12,false],"woocommerce_thumbnail":["https:\/\/viallidesign.com\/wp-content\/uploads\/2024\/06\/24062024667924a276bca-scaled-600x574.jpeg",600,574,true],"woocommerce_single":["https:\/\/viallidesign.com\/wp-content\/uploads\/2024\/06\/24062024667924a276bca-scaled-1200x1149.jpeg",1200,1149,true],"woocommerce_gallery_thumbnail":["https:\/\/viallidesign.com\/wp-content\/uploads\/2024\/06\/24062024667924a276bca-scaled-100x100.jpeg",100,100,true],"dgwt-wcas-product-suggestion":["https:\/\/viallidesign.com\/wp-content\/uploads\/2024\/06\/24062024667924a276bca-scaled-64x61.jpeg",64,61,true]},"uagb_author_info":{"display_name":"viallidesign","author_link":"https:\/\/viallidesign.com\/en\/author\/"},"uagb_comment_info":0,"uagb_excerpt":"Nowoczesny i funkcjonalny zestaw 5 no\u017cy z serii VOLO marki Vialli Design to idealne wyposa\u017cenie ka\u017cdej kuchni. Elegancki, bia\u0142y blok w po\u0142\u0105czeniu z minimalistycznym designem sprawia, \u017ce komplet \u015bwietnie prezentuje si\u0119 na kuchennym blacie, jednocze\u015bnie zapewniaj\u0105c bezpieczne przechowywanie no\u017cy. Ostrza wykonane zosta\u0142y z wysokiej jako\u015bci niemieckiej stali nierdzewnej o twardo\u015bci HRC 56, co gwarantuje doskona\u0142\u0105&hellip;","_links":{"self":[{"href":"https:\/\/viallidesign.com\/en\/wp-json\/wp\/v2\/product\/5821","targetHints":{"allow":["GET"]}}],"collection":[{"href":"https:\/\/viallidesign.com\/en\/wp-json\/wp\/v2\/product"}],"about":[{"href":"https:\/\/viallidesign.com\/en\/wp-json\/wp\/v2\/types\/product"}],"wp:featuredmedia":[{"embeddable":true,"href":"https:\/\/viallidesign.com\/en\/wp-json\/wp\/v2\/media\/5805"}],"wp:attachment":[{"href":"https:\/\/viallidesign.com\/en\/wp-json\/wp\/v2\/media?parent=5821"}],"wp:term":[{"taxonomy":"product_brand","embeddable":true,"href":"https:\/\/viallidesign.com\/en\/wp-json\/wp\/v2\/product_brand?post=5821"},{"taxonomy":"product_cat","embeddable":true,"href":"https:\/\/viallidesign.com\/en\/wp-json\/wp\/v2\/product_cat?post=5821"},{"taxonomy":"product_tag","embeddable":true,"href":"https:\/\/viallidesign.com\/en\/wp-json\/wp\/v2\/product_tag?post=5821"}],"curies":[{"name":"wp","href":"https:\/\/api.w.org\/{rel}","templated":true}]}}