{"id":5781,"date":"2024-06-24T09:46:04","date_gmt":"2024-06-24T07:46:04","guid":{"rendered":"https:\/\/vialliwp.ageno.work\/produkt\/stojak-na-recznik-papierowy-szaro-bialy-livio-23611\/"},"modified":"2026-03-28T10:08:53","modified_gmt":"2026-03-28T09:08:53","slug":"stojak-na-recznik-papierowy-szaro-bialy-livio-23611","status":"publish","type":"product","link":"https:\/\/viallidesign.com\/en\/product\/stojak-na-recznik-papierowy-szaro-bialy-livio-23611\/","title":{"rendered":"Paper towel holder grey and white Livio 23611"},"content":{"rendered":"<p><strong>Paper towel holder Livio<\/strong><\/p>\n<p>Contrary to appearances, you don't need a huge area to have a <strong>a convenient kitchen!<\/strong> Carefully arrange the space around you to enjoy a tidy room where everything has its place. Wondering how to arrange your kitchen to make it comfortable to use? We have the solution!\u00a0<\/p>\n<p>Our <strong>paper towel rack<\/strong> LIVIO is the simplest solution for <strong>keeping the kitchen clean<\/strong>. Its <strong>standard height and flexible handle guarantee<\/strong>that it will fit any type of rollerblade, and <strong>non-slip, balanced base<\/strong> is a guarantee of stability when you tear off another piece of paper.<\/p>\n<p><strong>The stand is lightweight and extremely comfortable for the user.<\/strong> It has been made from the highest quality materials to ensure long-lasting use. Whether you keep it in the kitchen or place it on the dining room table as a handy napkin dispenser, our paper towel rack is just what you need to keep paper towels on hand - ready to use.<\/p>\n<p><strong>Product benefits:<\/strong><\/p>\n<ul>\n<li>non-slip base,<\/li>\n<li>Balanced base - guaranteed stability,<\/li>\n<li>Fits all kitchen towels,<\/li>\n<li>made of high-quality materials,<\/li>\n<li>simple, modern design,\u00a0<\/li>\n<li>comes in three colour variants and is a great complement to the entire Livio series.<\/li>\n<\/ul>\n<p><strong>Practical kitchen towel rack<\/strong> will become an indispensable item in your kitchen.<\/p>\n<p class=\"gpsr-info\"><a href=\"https:\/\/kulig.com.pl\/gpsr\/\" target=\"_blank\" rel=\"noopener\">GPSR information<\/a><\/p>","protected":false},"excerpt":{"rendered":"<p>Stojak na r\u0119czniki papierowe Livio Wbrew pozorom nie potrzebujesz ogromnej powierzchni, by mie\u0107 wygodn\u0105 w u\u017cytkowaniu kuchni\u0119! Starannie zaaran\u017cuj przestrze\u0144 wok\u00f3\u0142, by m\u00f3c cieszy\u0107 si\u0119 uporz\u0105dkowanym pomieszczeniem, w kt\u00f3rym wszystko ma swoje miejsce. Zastanawiasz si\u0119, jak urz\u0105dzi\u0107 kuchni\u0119, by korzystanie z niej by\u0142o komfortowe? Mamy na to rozwi\u0105zanie!\u00a0 Nasz stojak na r\u0119czniki papierowe LIVIO to [&hellip;]<\/p>","protected":false},"featured_media":5772,"template":"","meta":{"_uag_custom_page_level_css":"","site-sidebar-layout":"default","site-content-layout":"","ast-site-content-layout":"default","site-content-style":"default","site-sidebar-style":"default","ast-global-header-display":"","ast-banner-title-visibility":"","ast-main-header-display":"","ast-hfb-above-header-display":"","ast-hfb-below-header-display":"","ast-hfb-mobile-header-display":"","site-post-title":"","ast-breadcrumbs-content":"","ast-featured-img":"","footer-sml-layout":"","ast-disable-related-posts":"","theme-transparent-header-meta":"","adv-header-id-meta":"","stick-header-meta":"","header-above-stick-meta":"","header-main-stick-meta":"","header-below-stick-meta":"","astra-migrate-meta-layouts":"default","ast-page-background-enabled":"default","ast-page-background-meta":{"desktop":{"background-color":"","background-image":"","background-repeat":"repeat","background-position":"center center","background-size":"auto","background-attachment":"scroll","background-type":"","background-media":"","overlay-type":"","overlay-color":"","overlay-opacity":"","overlay-gradient":""},"tablet":{"background-color":"","background-image":"","background-repeat":"repeat","background-position":"center center","background-size":"auto","background-attachment":"scroll","background-type":"","background-media":"","overlay-type":"","overlay-color":"","overlay-opacity":"","overlay-gradient":""},"mobile":{"background-color":"","background-image":"","background-repeat":"repeat","background-position":"center center","background-size":"auto","background-attachment":"scroll","background-type":"","background-media":"","overlay-type":"","overlay-color":"","overlay-opacity":"","overlay-gradient":""}},"ast-content-background-meta":{"desktop":{"background-color":"var(--ast-global-color-5)","background-image":"","background-repeat":"repeat","background-position":"center center","background-size":"auto","background-attachment":"scroll","background-type":"","background-media":"","overlay-type":"","overlay-color":"","overlay-opacity":"","overlay-gradient":""},"tablet":{"background-color":"var(--ast-global-color-5)","background-image":"","background-repeat":"repeat","background-position":"center center","background-size":"auto","background-attachment":"scroll","background-type":"","background-media":"","overlay-type":"","overlay-color":"","overlay-opacity":"","overlay-gradient":""},"mobile":{"background-color":"var(--ast-global-color-5)","background-image":"","background-repeat":"repeat","background-position":"center center","background-size":"auto","background-attachment":"scroll","background-type":"","background-media":"","overlay-type":"","overlay-color":"","overlay-opacity":"","overlay-gradient":""}}},"product_brand":[],"product_cat":[433,17,753],"product_tag":[],"class_list":{"0":"post-5781","1":"product","2":"type-product","3":"status-publish","4":"has-post-thumbnail","6":"product_cat-kuchnia","7":"product_cat-produkty","8":"product_cat-stojaki","9":"desktop-align-left","10":"tablet-align-left","11":"mobile-align-left","13":"first","14":"instock","15":"sale","16":"shipping-taxable","17":"purchasable","18":"product-type-simple"},"uagb_featured_image_src":{"full":["https:\/\/viallidesign.com\/wp-content\/uploads\/2024\/06\/240620246679242b45328-scaled.jpeg",2560,2560,false],"thumbnail":["https:\/\/viallidesign.com\/wp-content\/uploads\/2024\/06\/240620246679242b45328-80x80.jpeg",80,80,true],"medium":["https:\/\/viallidesign.com\/wp-content\/uploads\/2024\/06\/240620246679242b45328-300x300.jpeg",300,300,true],"medium_large":["https:\/\/viallidesign.com\/wp-content\/uploads\/2024\/06\/240620246679242b45328-768x768.jpeg",768,768,true],"large":["https:\/\/viallidesign.com\/wp-content\/uploads\/2024\/06\/240620246679242b45328-1024x1024.jpeg",1024,1024,true],"1536x1536":["https:\/\/viallidesign.com\/wp-content\/uploads\/2024\/06\/240620246679242b45328-1536x1536.jpeg",1536,1536,true],"2048x2048":["https:\/\/viallidesign.com\/wp-content\/uploads\/2024\/06\/240620246679242b45328-2048x2048.jpeg",2048,2048,true],"trp-custom-language-flag":["https:\/\/viallidesign.com\/wp-content\/uploads\/2024\/06\/240620246679242b45328-scaled.jpeg",12,12,false],"woocommerce_thumbnail":["https:\/\/viallidesign.com\/wp-content\/uploads\/2024\/06\/240620246679242b45328-scaled-600x600.jpeg",600,600,true],"woocommerce_single":["https:\/\/viallidesign.com\/wp-content\/uploads\/2024\/06\/240620246679242b45328-scaled-1200x1200.jpeg",1200,1200,true],"woocommerce_gallery_thumbnail":["https:\/\/viallidesign.com\/wp-content\/uploads\/2024\/06\/240620246679242b45328-scaled-100x100.jpeg",100,100,true],"dgwt-wcas-product-suggestion":["https:\/\/viallidesign.com\/wp-content\/uploads\/2024\/06\/240620246679242b45328-scaled-64x64.jpeg",64,64,true]},"uagb_author_info":{"display_name":"viallidesign","author_link":"https:\/\/viallidesign.com\/en\/author\/"},"uagb_comment_info":0,"uagb_excerpt":"Stojak na r\u0119czniki papierowe Livio Wbrew pozorom nie potrzebujesz ogromnej powierzchni, by mie\u0107 wygodn\u0105 w u\u017cytkowaniu kuchni\u0119! Starannie zaaran\u017cuj przestrze\u0144 wok\u00f3\u0142, by m\u00f3c cieszy\u0107 si\u0119 uporz\u0105dkowanym pomieszczeniem, w kt\u00f3rym wszystko ma swoje miejsce. Zastanawiasz si\u0119, jak urz\u0105dzi\u0107 kuchni\u0119, by korzystanie z niej by\u0142o komfortowe? Mamy na to rozwi\u0105zanie!\u00a0 Nasz stojak na r\u0119czniki papierowe LIVIO to&hellip;","_links":{"self":[{"href":"https:\/\/viallidesign.com\/en\/wp-json\/wp\/v2\/product\/5781","targetHints":{"allow":["GET"]}}],"collection":[{"href":"https:\/\/viallidesign.com\/en\/wp-json\/wp\/v2\/product"}],"about":[{"href":"https:\/\/viallidesign.com\/en\/wp-json\/wp\/v2\/types\/product"}],"wp:featuredmedia":[{"embeddable":true,"href":"https:\/\/viallidesign.com\/en\/wp-json\/wp\/v2\/media\/5772"}],"wp:attachment":[{"href":"https:\/\/viallidesign.com\/en\/wp-json\/wp\/v2\/media?parent=5781"}],"wp:term":[{"taxonomy":"product_brand","embeddable":true,"href":"https:\/\/viallidesign.com\/en\/wp-json\/wp\/v2\/product_brand?post=5781"},{"taxonomy":"product_cat","embeddable":true,"href":"https:\/\/viallidesign.com\/en\/wp-json\/wp\/v2\/product_cat?post=5781"},{"taxonomy":"product_tag","embeddable":true,"href":"https:\/\/viallidesign.com\/en\/wp-json\/wp\/v2\/product_tag?post=5781"}],"curies":[{"name":"wp","href":"https:\/\/api.w.org\/{rel}","templated":true}]}}