{"id":5752,"date":"2024-06-24T09:45:21","date_gmt":"2024-06-24T07:45:21","guid":{"rendered":"https:\/\/vialliwp.ageno.work\/produkt\/dozownik-grawitacyjny-do-oliwy-i-octu-25783\/"},"modified":"2026-03-27T02:15:04","modified_gmt":"2026-03-27T01:15:04","slug":"dozownik-grawitacyjny-do-oliwy-i-octu-25783","status":"publish","type":"product","link":"https:\/\/viallidesign.com\/en\/product\/dozownik-grawitacyjny-do-oliwy-i-octu-25783\/","title":{"rendered":"Gravity feed oil and vinegar dispenser 25783"},"content":{"rendered":"<p>The elegant and practical oil and vinegar dispenser is a novelty from Vialli Design.<br \/>\nExcellent for food preparation as well as for storage.<br \/>\nHigh quality workmanship, ease of use and a striking appearance are all features of this product.<br \/>\nIt has a gravity pourer that opens and closes automatically when the dispenser is tilted.<br \/>\nEasy and clean pouring thanks to the non-drip system.<br \/>\nThe glass dispenser with transparent cuttings will allow the contents to be exposed and at the same time control the level, while preventing the contents from oxidising to preserve the flavour for longer.<br \/>\nThe black and white colour scheme is perfect for modernist kitchens, and in addition to its utilitarian functions, the product will also be an interesting decorative accent. <\/p>\n<p class=\"gpsr-info\"><a href=\"https:\/\/kulig.com.pl\/gpsr\/\" target=\"_blank\" rel=\"noopener\">GPSR information<\/a><\/p>","protected":false},"excerpt":{"rendered":"<p>Elegancki i praktyczny dozownik do oliwy i octu to nowo\u015b\u0107 od Vialli Design. Znakomicie sprawdzi si\u0119 podczas przygotowywania potraw jak i do przechowywania. Wysoka jako\u015b\u0107 wykonania, \u0142atwo\u015b\u0107 u\u017cytkowania, efektowny wygl\u0105d to cechy tego produktu. Posiada grawitacyjny nalewak, kt\u00f3ry otwiera si\u0119 i zamyka automatycznie, podczas przechylania dozownika. \u0141atwe i czyste nalewanie dzi\u0119ki zastosowaniu systemu non-drip. Szklany [&hellip;]<\/p>","protected":false},"featured_media":5745,"template":"","meta":{"_uag_custom_page_level_css":"","site-sidebar-layout":"default","site-content-layout":"","ast-site-content-layout":"default","site-content-style":"default","site-sidebar-style":"default","ast-global-header-display":"","ast-banner-title-visibility":"","ast-main-header-display":"","ast-hfb-above-header-display":"","ast-hfb-below-header-display":"","ast-hfb-mobile-header-display":"","site-post-title":"","ast-breadcrumbs-content":"","ast-featured-img":"","footer-sml-layout":"","ast-disable-related-posts":"","theme-transparent-header-meta":"default","adv-header-id-meta":"","stick-header-meta":"","header-above-stick-meta":"","header-main-stick-meta":"","header-below-stick-meta":"","astra-migrate-meta-layouts":"set","ast-page-background-enabled":"default","ast-page-background-meta":{"desktop":{"background-color":"","background-image":"","background-repeat":"repeat","background-position":"center center","background-size":"auto","background-attachment":"scroll","background-type":"","background-media":"","overlay-type":"","overlay-color":"","overlay-opacity":"","overlay-gradient":""},"tablet":{"background-color":"","background-image":"","background-repeat":"repeat","background-position":"center center","background-size":"auto","background-attachment":"scroll","background-type":"","background-media":"","overlay-type":"","overlay-color":"","overlay-opacity":"","overlay-gradient":""},"mobile":{"background-color":"","background-image":"","background-repeat":"repeat","background-position":"center center","background-size":"auto","background-attachment":"scroll","background-type":"","background-media":"","overlay-type":"","overlay-color":"","overlay-opacity":"","overlay-gradient":""}},"ast-content-background-meta":{"desktop":{"background-color":"var(--ast-global-color-5)","background-image":"","background-repeat":"repeat","background-position":"center center","background-size":"auto","background-attachment":"scroll","background-type":"","background-media":"","overlay-type":"","overlay-color":"","overlay-opacity":"","overlay-gradient":""},"tablet":{"background-color":"var(--ast-global-color-5)","background-image":"","background-repeat":"repeat","background-position":"center center","background-size":"auto","background-attachment":"scroll","background-type":"","background-media":"","overlay-type":"","overlay-color":"","overlay-opacity":"","overlay-gradient":""},"mobile":{"background-color":"var(--ast-global-color-5)","background-image":"","background-repeat":"repeat","background-position":"center center","background-size":"auto","background-attachment":"scroll","background-type":"","background-media":"","overlay-type":"","overlay-color":"","overlay-opacity":"","overlay-gradient":""}}},"product_brand":[],"product_cat":[433,442,17],"product_tag":[],"class_list":{"0":"post-5752","1":"product","2":"type-product","3":"status-publish","4":"has-post-thumbnail","6":"product_cat-kuchnia","7":"product_cat-mlynki-i-przyprawniki","8":"product_cat-produkty","9":"desktop-align-left","10":"tablet-align-left","11":"mobile-align-left","13":"first","14":"instock","15":"shipping-taxable","16":"purchasable","17":"product-type-simple"},"uagb_featured_image_src":{"full":["https:\/\/viallidesign.com\/wp-content\/uploads\/2024\/06\/240620246679240f24d77.jpeg",1024,683,false],"thumbnail":["https:\/\/viallidesign.com\/wp-content\/uploads\/2024\/06\/240620246679240f24d77-80x80.jpeg",80,80,true],"medium":["https:\/\/viallidesign.com\/wp-content\/uploads\/2024\/06\/240620246679240f24d77-300x200.jpeg",300,200,true],"medium_large":["https:\/\/viallidesign.com\/wp-content\/uploads\/2024\/06\/240620246679240f24d77-768x512.jpeg",768,512,true],"large":["https:\/\/viallidesign.com\/wp-content\/uploads\/2024\/06\/240620246679240f24d77.jpeg",1024,683,false],"1536x1536":["https:\/\/viallidesign.com\/wp-content\/uploads\/2024\/06\/240620246679240f24d77.jpeg",1024,683,false],"2048x2048":["https:\/\/viallidesign.com\/wp-content\/uploads\/2024\/06\/240620246679240f24d77.jpeg",1024,683,false],"trp-custom-language-flag":["https:\/\/viallidesign.com\/wp-content\/uploads\/2024\/06\/240620246679240f24d77.jpeg",18,12,false],"woocommerce_thumbnail":["https:\/\/viallidesign.com\/wp-content\/uploads\/2024\/06\/240620246679240f24d77-600x400.jpeg",600,400,true],"woocommerce_single":["https:\/\/viallidesign.com\/wp-content\/uploads\/2024\/06\/240620246679240f24d77.jpeg",1024,683,false],"woocommerce_gallery_thumbnail":["https:\/\/viallidesign.com\/wp-content\/uploads\/2024\/06\/240620246679240f24d77-100x100.jpeg",100,100,true],"dgwt-wcas-product-suggestion":["https:\/\/viallidesign.com\/wp-content\/uploads\/2024\/06\/240620246679240f24d77-64x43.jpeg",64,43,true]},"uagb_author_info":{"display_name":"viallidesign","author_link":"https:\/\/viallidesign.com\/en\/author\/"},"uagb_comment_info":0,"uagb_excerpt":"Elegancki i praktyczny dozownik do oliwy i octu to nowo\u015b\u0107 od Vialli Design. Znakomicie sprawdzi si\u0119 podczas przygotowywania potraw jak i do przechowywania. Wysoka jako\u015b\u0107 wykonania, \u0142atwo\u015b\u0107 u\u017cytkowania, efektowny wygl\u0105d to cechy tego produktu. Posiada grawitacyjny nalewak, kt\u00f3ry otwiera si\u0119 i zamyka automatycznie, podczas przechylania dozownika. \u0141atwe i czyste nalewanie dzi\u0119ki zastosowaniu systemu non-drip. Szklany&hellip;","_links":{"self":[{"href":"https:\/\/viallidesign.com\/en\/wp-json\/wp\/v2\/product\/5752","targetHints":{"allow":["GET"]}}],"collection":[{"href":"https:\/\/viallidesign.com\/en\/wp-json\/wp\/v2\/product"}],"about":[{"href":"https:\/\/viallidesign.com\/en\/wp-json\/wp\/v2\/types\/product"}],"wp:featuredmedia":[{"embeddable":true,"href":"https:\/\/viallidesign.com\/en\/wp-json\/wp\/v2\/media\/5745"}],"wp:attachment":[{"href":"https:\/\/viallidesign.com\/en\/wp-json\/wp\/v2\/media?parent=5752"}],"wp:term":[{"taxonomy":"product_brand","embeddable":true,"href":"https:\/\/viallidesign.com\/en\/wp-json\/wp\/v2\/product_brand?post=5752"},{"taxonomy":"product_cat","embeddable":true,"href":"https:\/\/viallidesign.com\/en\/wp-json\/wp\/v2\/product_cat?post=5752"},{"taxonomy":"product_tag","embeddable":true,"href":"https:\/\/viallidesign.com\/en\/wp-json\/wp\/v2\/product_tag?post=5752"}],"curies":[{"name":"wp","href":"https:\/\/api.w.org\/{rel}","templated":true}]}}