{"id":5744,"date":"2024-06-24T09:45:19","date_gmt":"2024-06-24T07:45:19","guid":{"rendered":"https:\/\/vialliwp.ageno.work\/produkt\/zestaw-mlynkow-do-soli-i-pieprzu-livio-25769\/"},"modified":"2026-03-27T02:15:04","modified_gmt":"2026-03-27T01:15:04","slug":"zestaw-mlynkow-do-soli-i-pieprzu-livio-25769","status":"publish","type":"product","link":"https:\/\/viallidesign.com\/en\/product\/zestaw-mlynkow-do-soli-i-pieprzu-livio-25769\/","title":{"rendered":"Set of salt and pepper mills Livio 25769"},"content":{"rendered":"<p>This set of two elegant and modern salt and pepper mills is a novelty from Vialli Design.<br \/>\nHigh quality workmanship, ease of use and a striking appearance are all features of this product.<br \/>\nThe mills are made of glass and plastic and feature a durable and reliable ceramic grinding mechanism. In addition, they have an adjustable grinding thickness.<br \/>\nThe black and white colour scheme of the mills, together with the designer stand, is perfect for modernist kitchens, and in addition to its utilitarian functions, the product will also be an interesting decorative accent. <\/p>\n<p class=\"gpsr-info\"><a href=\"https:\/\/kulig.com.pl\/gpsr\/\" target=\"_blank\" rel=\"noopener\">GPSR information<\/a><\/p>","protected":false},"excerpt":{"rendered":"<p>A set of two elegant and modern salt and pepper mills is a novelty from Vialli Design. High quality of workmanship, ease of use, and striking design are the features of this product. The mills are made of glass and plastic, equipped with a durable and reliable ceramic grinding mechanism. In addition, they have the possibility to adjust the thickness of grinding. The black and white colouring of the mills together with the [...].<\/p>","protected":false},"featured_media":5736,"template":"","meta":{"_uag_custom_page_level_css":"","site-sidebar-layout":"default","site-content-layout":"","ast-site-content-layout":"default","site-content-style":"default","site-sidebar-style":"default","ast-global-header-display":"","ast-banner-title-visibility":"","ast-main-header-display":"","ast-hfb-above-header-display":"","ast-hfb-below-header-display":"","ast-hfb-mobile-header-display":"","site-post-title":"","ast-breadcrumbs-content":"","ast-featured-img":"","footer-sml-layout":"","ast-disable-related-posts":"","theme-transparent-header-meta":"","adv-header-id-meta":"","stick-header-meta":"","header-above-stick-meta":"","header-main-stick-meta":"","header-below-stick-meta":"","astra-migrate-meta-layouts":"default","ast-page-background-enabled":"default","ast-page-background-meta":{"desktop":{"background-color":"","background-image":"","background-repeat":"repeat","background-position":"center center","background-size":"auto","background-attachment":"scroll","background-type":"","background-media":"","overlay-type":"","overlay-color":"","overlay-opacity":"","overlay-gradient":""},"tablet":{"background-color":"","background-image":"","background-repeat":"repeat","background-position":"center center","background-size":"auto","background-attachment":"scroll","background-type":"","background-media":"","overlay-type":"","overlay-color":"","overlay-opacity":"","overlay-gradient":""},"mobile":{"background-color":"","background-image":"","background-repeat":"repeat","background-position":"center center","background-size":"auto","background-attachment":"scroll","background-type":"","background-media":"","overlay-type":"","overlay-color":"","overlay-opacity":"","overlay-gradient":""}},"ast-content-background-meta":{"desktop":{"background-color":"var(--ast-global-color-5)","background-image":"","background-repeat":"repeat","background-position":"center center","background-size":"auto","background-attachment":"scroll","background-type":"","background-media":"","overlay-type":"","overlay-color":"","overlay-opacity":"","overlay-gradient":""},"tablet":{"background-color":"var(--ast-global-color-5)","background-image":"","background-repeat":"repeat","background-position":"center center","background-size":"auto","background-attachment":"scroll","background-type":"","background-media":"","overlay-type":"","overlay-color":"","overlay-opacity":"","overlay-gradient":""},"mobile":{"background-color":"var(--ast-global-color-5)","background-image":"","background-repeat":"repeat","background-position":"center center","background-size":"auto","background-attachment":"scroll","background-type":"","background-media":"","overlay-type":"","overlay-color":"","overlay-opacity":"","overlay-gradient":""}}},"product_brand":[],"product_cat":[433,442,17],"product_tag":[],"class_list":{"0":"post-5744","1":"product","2":"type-product","3":"status-publish","4":"has-post-thumbnail","6":"product_cat-kuchnia","7":"product_cat-mlynki-i-przyprawniki","8":"product_cat-produkty","9":"desktop-align-left","10":"tablet-align-left","11":"mobile-align-left","13":"first","14":"outofstock","15":"shipping-taxable","16":"purchasable","17":"product-type-simple"},"uagb_featured_image_src":{"full":["https:\/\/viallidesign.com\/wp-content\/uploads\/2024\/06\/2406202466792409cdf90-scaled.jpeg",2560,2276,false],"thumbnail":["https:\/\/viallidesign.com\/wp-content\/uploads\/2024\/06\/2406202466792409cdf90-80x80.jpeg",80,80,true],"medium":["https:\/\/viallidesign.com\/wp-content\/uploads\/2024\/06\/2406202466792409cdf90-300x267.jpeg",300,267,true],"medium_large":["https:\/\/viallidesign.com\/wp-content\/uploads\/2024\/06\/2406202466792409cdf90-768x683.jpeg",768,683,true],"large":["https:\/\/viallidesign.com\/wp-content\/uploads\/2024\/06\/2406202466792409cdf90-1024x910.jpeg",1024,910,true],"1536x1536":["https:\/\/viallidesign.com\/wp-content\/uploads\/2024\/06\/2406202466792409cdf90-1536x1366.jpeg",1536,1366,true],"2048x2048":["https:\/\/viallidesign.com\/wp-content\/uploads\/2024\/06\/2406202466792409cdf90-2048x1821.jpeg",2048,1821,true],"trp-custom-language-flag":["https:\/\/viallidesign.com\/wp-content\/uploads\/2024\/06\/2406202466792409cdf90-scaled.jpeg",13,12,false],"woocommerce_thumbnail":["https:\/\/viallidesign.com\/wp-content\/uploads\/2024\/06\/2406202466792409cdf90-scaled-600x533.jpeg",600,533,true],"woocommerce_single":["https:\/\/viallidesign.com\/wp-content\/uploads\/2024\/06\/2406202466792409cdf90-scaled-1200x1067.jpeg",1200,1067,true],"woocommerce_gallery_thumbnail":["https:\/\/viallidesign.com\/wp-content\/uploads\/2024\/06\/2406202466792409cdf90-scaled-100x100.jpeg",100,100,true],"dgwt-wcas-product-suggestion":["https:\/\/viallidesign.com\/wp-content\/uploads\/2024\/06\/2406202466792409cdf90-scaled-64x57.jpeg",64,57,true]},"uagb_author_info":{"display_name":"viallidesign","author_link":"https:\/\/viallidesign.com\/en\/author\/"},"uagb_comment_info":0,"uagb_excerpt":"Zestaw dw\u00f3ch eleganckich i nowoczesnych m\u0142ynk\u00f3w do soli i pieprzu to nowo\u015b\u0107 od Vialli Design. Wysoka jako\u015b\u0107 wykonania, \u0142atwo\u015b\u0107 u\u017cytkowania, efektowny wygl\u0105d to cechy tego produktu. M\u0142ynki wykonane zosta\u0142y ze szk\u0142a i tworzywa sztucznego, wyposa\u017cone zosta\u0142y w trwa\u0142y i niezawodny, ceramiczny mechanizm miel\u0105cy. Dodatkowo posiadaj\u0105 mo\u017cliwo\u015b\u0107 regulacji grubo\u015bci mielenia. Czarno bia\u0142a kolorystyka m\u0142ynk\u00f3w wraz z&hellip;","_links":{"self":[{"href":"https:\/\/viallidesign.com\/en\/wp-json\/wp\/v2\/product\/5744","targetHints":{"allow":["GET"]}}],"collection":[{"href":"https:\/\/viallidesign.com\/en\/wp-json\/wp\/v2\/product"}],"about":[{"href":"https:\/\/viallidesign.com\/en\/wp-json\/wp\/v2\/types\/product"}],"wp:featuredmedia":[{"embeddable":true,"href":"https:\/\/viallidesign.com\/en\/wp-json\/wp\/v2\/media\/5736"}],"wp:attachment":[{"href":"https:\/\/viallidesign.com\/en\/wp-json\/wp\/v2\/media?parent=5744"}],"wp:term":[{"taxonomy":"product_brand","embeddable":true,"href":"https:\/\/viallidesign.com\/en\/wp-json\/wp\/v2\/product_brand?post=5744"},{"taxonomy":"product_cat","embeddable":true,"href":"https:\/\/viallidesign.com\/en\/wp-json\/wp\/v2\/product_cat?post=5744"},{"taxonomy":"product_tag","embeddable":true,"href":"https:\/\/viallidesign.com\/en\/wp-json\/wp\/v2\/product_tag?post=5744"}],"curies":[{"name":"wp","href":"https:\/\/api.w.org\/{rel}","templated":true}]}}