{"id":5735,"date":"2024-06-24T09:45:13","date_gmt":"2024-06-24T07:45:13","guid":{"rendered":"https:\/\/vialliwp.ageno.work\/produkt\/ociekacz-na-sztucce-livio-duo-czarny-25639\/"},"modified":"2026-03-27T02:15:04","modified_gmt":"2026-03-27T01:15:04","slug":"ociekacz-na-sztucce-livio-duo-czarny-25639","status":"publish","type":"product","link":"https:\/\/viallidesign.com\/en\/product\/ociekacz-na-sztucce-livio-duo-czarny-25639\/","title":{"rendered":"Livio Duo cutlery tray black 25639"},"content":{"rendered":"<p>Cutlery tray <strong>Livio Duo<\/strong> in black (model 25639) is a practical and stylish kitchen accessory that makes it easy to dry washed cutlery and small dishes. The functional design allows for forks, spoons, knives or spatulas to be conveniently put away after washing, while the aesthetically pleasing, modern design fits perfectly into a variety of kitchen settings.<\/p>\n<p>The product is made of durable materials, resistant to moisture and easy to clean. The optimum size and well-thought-out shape ensure stability and tidiness around the sink or countertop, while practical solutions facilitate daily use.<\/p>\n<p>The Livio Duo drainer is suitable for small kitchens as well as for larger dishes after family dinners or house parties.<\/p>\n<p><strong>Product features:<\/strong><\/p>\n<ul>\n<li>practical drainer for cutlery and small dishes<\/li>\n<li>modern black design<\/li>\n<li>durable and easy to clean<\/li>\n<li>stable construction<\/li>\n<\/ul>\n<p><strong>Material:<\/strong> plastic<\/p>\n<p class=\"gpsr-info\"><a href=\"https:\/\/kulig.com.pl\/gpsr\/\" target=\"_blank\" rel=\"noopener\">GPSR information<\/a><\/p>","protected":false},"excerpt":{"rendered":"<p>Ociekacz na sztu\u0107ce Livio Duo w kolorze czarnym (model 25639) to praktyczny i stylowy dodatek do kuchni, kt\u00f3ry u\u0142atwia suszenie umytych sztu\u0107c\u00f3w i drobnych naczy\u0144. Funkcjonalna konstrukcja pozwala na wygodne odk\u0142adanie widelc\u00f3w, \u0142y\u017cek, no\u017cy czy \u0142opatek po myciu, a estetyczny, nowoczesny design doskonale wpisuje si\u0119 w r\u00f3\u017cne aran\u017cacje kuchenne. Produkt zosta\u0142 wykonany z trwa\u0142ych materia\u0142\u00f3w, [&hellip;]<\/p>","protected":false},"featured_media":5731,"template":"","meta":{"_uag_custom_page_level_css":"","site-sidebar-layout":"default","site-content-layout":"","ast-site-content-layout":"default","site-content-style":"default","site-sidebar-style":"default","ast-global-header-display":"","ast-banner-title-visibility":"","ast-main-header-display":"","ast-hfb-above-header-display":"","ast-hfb-below-header-display":"","ast-hfb-mobile-header-display":"","site-post-title":"","ast-breadcrumbs-content":"","ast-featured-img":"","footer-sml-layout":"","ast-disable-related-posts":"","theme-transparent-header-meta":"","adv-header-id-meta":"","stick-header-meta":"","header-above-stick-meta":"","header-main-stick-meta":"","header-below-stick-meta":"","astra-migrate-meta-layouts":"default","ast-page-background-enabled":"default","ast-page-background-meta":{"desktop":{"background-color":"","background-image":"","background-repeat":"repeat","background-position":"center center","background-size":"auto","background-attachment":"scroll","background-type":"","background-media":"","overlay-type":"","overlay-color":"","overlay-opacity":"","overlay-gradient":""},"tablet":{"background-color":"","background-image":"","background-repeat":"repeat","background-position":"center center","background-size":"auto","background-attachment":"scroll","background-type":"","background-media":"","overlay-type":"","overlay-color":"","overlay-opacity":"","overlay-gradient":""},"mobile":{"background-color":"","background-image":"","background-repeat":"repeat","background-position":"center center","background-size":"auto","background-attachment":"scroll","background-type":"","background-media":"","overlay-type":"","overlay-color":"","overlay-opacity":"","overlay-gradient":""}},"ast-content-background-meta":{"desktop":{"background-color":"var(--ast-global-color-5)","background-image":"","background-repeat":"repeat","background-position":"center center","background-size":"auto","background-attachment":"scroll","background-type":"","background-media":"","overlay-type":"","overlay-color":"","overlay-opacity":"","overlay-gradient":""},"tablet":{"background-color":"var(--ast-global-color-5)","background-image":"","background-repeat":"repeat","background-position":"center center","background-size":"auto","background-attachment":"scroll","background-type":"","background-media":"","overlay-type":"","overlay-color":"","overlay-opacity":"","overlay-gradient":""},"mobile":{"background-color":"var(--ast-global-color-5)","background-image":"","background-repeat":"repeat","background-position":"center center","background-size":"auto","background-attachment":"scroll","background-type":"","background-media":"","overlay-type":"","overlay-color":"","overlay-opacity":"","overlay-gradient":""}}},"product_brand":[],"product_cat":[433,748,17],"product_tag":[],"class_list":{"0":"post-5735","1":"product","2":"type-product","3":"status-publish","4":"has-post-thumbnail","6":"product_cat-kuchnia","7":"product_cat-ociekacze","8":"product_cat-produkty","9":"desktop-align-left","10":"tablet-align-left","11":"mobile-align-left","13":"first","14":"instock","15":"shipping-taxable","16":"purchasable","17":"product-type-simple"},"uagb_featured_image_src":{"full":["https:\/\/viallidesign.com\/wp-content\/uploads\/2024\/06\/240620246679240882acb.jpeg",768,949,false],"thumbnail":["https:\/\/viallidesign.com\/wp-content\/uploads\/2024\/06\/240620246679240882acb-80x80.jpeg",80,80,true],"medium":["https:\/\/viallidesign.com\/wp-content\/uploads\/2024\/06\/240620246679240882acb-243x300.jpeg",243,300,true],"medium_large":["https:\/\/viallidesign.com\/wp-content\/uploads\/2024\/06\/240620246679240882acb.jpeg",768,949,false],"large":["https:\/\/viallidesign.com\/wp-content\/uploads\/2024\/06\/240620246679240882acb.jpeg",768,949,false],"1536x1536":["https:\/\/viallidesign.com\/wp-content\/uploads\/2024\/06\/240620246679240882acb.jpeg",768,949,false],"2048x2048":["https:\/\/viallidesign.com\/wp-content\/uploads\/2024\/06\/240620246679240882acb.jpeg",768,949,false],"trp-custom-language-flag":["https:\/\/viallidesign.com\/wp-content\/uploads\/2024\/06\/240620246679240882acb.jpeg",10,12,false],"woocommerce_thumbnail":["https:\/\/viallidesign.com\/wp-content\/uploads\/2024\/06\/240620246679240882acb-600x741.jpeg",600,741,true],"woocommerce_single":["https:\/\/viallidesign.com\/wp-content\/uploads\/2024\/06\/240620246679240882acb.jpeg",768,949,false],"woocommerce_gallery_thumbnail":["https:\/\/viallidesign.com\/wp-content\/uploads\/2024\/06\/240620246679240882acb-100x100.jpeg",100,100,true],"dgwt-wcas-product-suggestion":["https:\/\/viallidesign.com\/wp-content\/uploads\/2024\/06\/240620246679240882acb-64x79.jpeg",64,79,true]},"uagb_author_info":{"display_name":"viallidesign","author_link":"https:\/\/viallidesign.com\/en\/author\/"},"uagb_comment_info":0,"uagb_excerpt":"Ociekacz na sztu\u0107ce Livio Duo w kolorze czarnym (model 25639) to praktyczny i stylowy dodatek do kuchni, kt\u00f3ry u\u0142atwia suszenie umytych sztu\u0107c\u00f3w i drobnych naczy\u0144. Funkcjonalna konstrukcja pozwala na wygodne odk\u0142adanie widelc\u00f3w, \u0142y\u017cek, no\u017cy czy \u0142opatek po myciu, a estetyczny, nowoczesny design doskonale wpisuje si\u0119 w r\u00f3\u017cne aran\u017cacje kuchenne. Produkt zosta\u0142 wykonany z trwa\u0142ych materia\u0142\u00f3w,&hellip;","_links":{"self":[{"href":"https:\/\/viallidesign.com\/en\/wp-json\/wp\/v2\/product\/5735","targetHints":{"allow":["GET"]}}],"collection":[{"href":"https:\/\/viallidesign.com\/en\/wp-json\/wp\/v2\/product"}],"about":[{"href":"https:\/\/viallidesign.com\/en\/wp-json\/wp\/v2\/types\/product"}],"wp:featuredmedia":[{"embeddable":true,"href":"https:\/\/viallidesign.com\/en\/wp-json\/wp\/v2\/media\/5731"}],"wp:attachment":[{"href":"https:\/\/viallidesign.com\/en\/wp-json\/wp\/v2\/media?parent=5735"}],"wp:term":[{"taxonomy":"product_brand","embeddable":true,"href":"https:\/\/viallidesign.com\/en\/wp-json\/wp\/v2\/product_brand?post=5735"},{"taxonomy":"product_cat","embeddable":true,"href":"https:\/\/viallidesign.com\/en\/wp-json\/wp\/v2\/product_cat?post=5735"},{"taxonomy":"product_tag","embeddable":true,"href":"https:\/\/viallidesign.com\/en\/wp-json\/wp\/v2\/product_tag?post=5735"}],"curies":[{"name":"wp","href":"https:\/\/api.w.org\/{rel}","templated":true}]}}