{"id":5723,"date":"2024-06-24T09:45:08","date_gmt":"2024-06-24T07:45:08","guid":{"rendered":"https:\/\/vialliwp.ageno.work\/produkt\/szklanka-z-podwojna-scianka-do-whisky-300-ml-cristallo-25509\/"},"modified":"2026-03-27T02:15:04","modified_gmt":"2026-03-27T01:15:04","slug":"szklanka-z-podwojna-scianka-do-whisky-300-ml-cristallo-25509","status":"publish","type":"product","link":"https:\/\/viallidesign.com\/en\/product\/szklanka-z-podwojna-scianka-do-whisky-300-ml-cristallo-25509\/","title":{"rendered":"Double-walled whisky glass 300 ml Cristallo 25509"},"content":{"rendered":"<p>Elegant and functional glass for whisky or drinks from the series of <strong>CRISTALLO<\/strong>. The unusual, modern shape enhances the visual effect and its unique design is sure to catch the eye.<\/p>\n<p>Handmade from the highest quality borosilicate glass, the glass is characterised by its <strong>double-walled<\/strong>which not only <strong>maintain the right temperature<\/strong> of your drink for longer, but also provide comfort - it does not heat up or condense. Ideal for serving cold drinks, drinks and fine spirits such as whisky.<\/p>\n<p>With its modern design, the glass <strong>Cristallo<\/strong> is also an excellent idea for <strong>gift<\/strong>, especially for whisky lovers.<\/p>\n<p><strong>Product features:<\/strong><\/p>\n<ul>\n<li>handmade from high quality borosilicate glass<\/li>\n<li>double walls for better temperature maintenance<\/li>\n<li>elegant, modern design<\/li>\n<li>ideal for serving cold beverages and spirits<\/li>\n<li>perfect gift idea<\/li>\n<\/ul>\n<p class=\"gpsr-info\"><a href=\"https:\/\/kulig.com.pl\/gpsr\/\" target=\"_blank\" rel=\"noopener\">GPSR information<\/a><\/p>","protected":false},"excerpt":{"rendered":"<p>Elegancka i funkcjonalna szklanka do whisky lub drink\u00f3w z serii CRISTALLO. Niezwyk\u0142y, nowoczesny kszta\u0142t podkre\u015bla efekt wizualny, a jej unikalny design z pewno\u015bci\u0105 przyci\u0105gnie wzrok. Wykonana r\u0119cznie z najwy\u017cszej jako\u015bci szk\u0142a borokrzemowego, szklanka charakteryzuje si\u0119 podw\u00f3jnymi \u015bciankami, kt\u00f3re nie tylko utrzymuj\u0105 odpowiedni\u0105 temperatur\u0119 napoju na d\u0142u\u017cej, ale tak\u017ce zapewniaj\u0105 komfort u\u017cytkowania &#8211; nie nagrzewa si\u0119 [&hellip;]<\/p>","protected":false},"featured_media":5716,"template":"","meta":{"_uag_custom_page_level_css":"","site-sidebar-layout":"default","site-content-layout":"","ast-site-content-layout":"default","site-content-style":"default","site-sidebar-style":"default","ast-global-header-display":"","ast-banner-title-visibility":"","ast-main-header-display":"","ast-hfb-above-header-display":"","ast-hfb-below-header-display":"","ast-hfb-mobile-header-display":"","site-post-title":"","ast-breadcrumbs-content":"","ast-featured-img":"","footer-sml-layout":"","ast-disable-related-posts":"","theme-transparent-header-meta":"default","adv-header-id-meta":"","stick-header-meta":"","header-above-stick-meta":"","header-main-stick-meta":"","header-below-stick-meta":"","astra-migrate-meta-layouts":"set","ast-page-background-enabled":"default","ast-page-background-meta":{"desktop":{"background-color":"","background-image":"","background-repeat":"repeat","background-position":"center center","background-size":"auto","background-attachment":"scroll","background-type":"","background-media":"","overlay-type":"","overlay-color":"","overlay-opacity":"","overlay-gradient":""},"tablet":{"background-color":"","background-image":"","background-repeat":"repeat","background-position":"center center","background-size":"auto","background-attachment":"scroll","background-type":"","background-media":"","overlay-type":"","overlay-color":"","overlay-opacity":"","overlay-gradient":""},"mobile":{"background-color":"","background-image":"","background-repeat":"repeat","background-position":"center center","background-size":"auto","background-attachment":"scroll","background-type":"","background-media":"","overlay-type":"","overlay-color":"","overlay-opacity":"","overlay-gradient":""}},"ast-content-background-meta":{"desktop":{"background-color":"var(--ast-global-color-5)","background-image":"","background-repeat":"repeat","background-position":"center center","background-size":"auto","background-attachment":"scroll","background-type":"","background-media":"","overlay-type":"","overlay-color":"","overlay-opacity":"","overlay-gradient":""},"tablet":{"background-color":"var(--ast-global-color-5)","background-image":"","background-repeat":"repeat","background-position":"center center","background-size":"auto","background-attachment":"scroll","background-type":"","background-media":"","overlay-type":"","overlay-color":"","overlay-opacity":"","overlay-gradient":""},"mobile":{"background-color":"var(--ast-global-color-5)","background-image":"","background-repeat":"repeat","background-position":"center center","background-size":"auto","background-attachment":"scroll","background-type":"","background-media":"","overlay-type":"","overlay-color":"","overlay-opacity":"","overlay-gradient":""}}},"product_brand":[],"product_cat":[432,17,436],"product_tag":[],"class_list":{"0":"post-5723","1":"product","2":"type-product","3":"status-publish","4":"has-post-thumbnail","6":"product_cat-jadalnia","7":"product_cat-produkty","8":"product_cat-szklanki-i-filizanki","9":"desktop-align-left","10":"tablet-align-left","11":"mobile-align-left","13":"first","14":"instock","15":"shipping-taxable","16":"purchasable","17":"product-type-simple"},"uagb_featured_image_src":{"full":["https:\/\/viallidesign.com\/wp-content\/uploads\/2024\/06\/24062024667923feec035-scaled.jpeg",2193,2560,false],"thumbnail":["https:\/\/viallidesign.com\/wp-content\/uploads\/2024\/06\/24062024667923feec035-80x80.jpeg",80,80,true],"medium":["https:\/\/viallidesign.com\/wp-content\/uploads\/2024\/06\/24062024667923feec035-257x300.jpeg",257,300,true],"medium_large":["https:\/\/viallidesign.com\/wp-content\/uploads\/2024\/06\/24062024667923feec035-768x897.jpeg",768,897,true],"large":["https:\/\/viallidesign.com\/wp-content\/uploads\/2024\/06\/24062024667923feec035-877x1024.jpeg",877,1024,true],"1536x1536":["https:\/\/viallidesign.com\/wp-content\/uploads\/2024\/06\/24062024667923feec035-1316x1536.jpeg",1316,1536,true],"2048x2048":["https:\/\/viallidesign.com\/wp-content\/uploads\/2024\/06\/24062024667923feec035-1754x2048.jpeg",1754,2048,true],"trp-custom-language-flag":["https:\/\/viallidesign.com\/wp-content\/uploads\/2024\/06\/24062024667923feec035-scaled.jpeg",10,12,false],"woocommerce_thumbnail":["https:\/\/viallidesign.com\/wp-content\/uploads\/2024\/06\/24062024667923feec035-scaled-600x700.jpeg",600,700,true],"woocommerce_single":["https:\/\/viallidesign.com\/wp-content\/uploads\/2024\/06\/24062024667923feec035-scaled-1200x1401.jpeg",1200,1401,true],"woocommerce_gallery_thumbnail":["https:\/\/viallidesign.com\/wp-content\/uploads\/2024\/06\/24062024667923feec035-scaled-100x100.jpeg",100,100,true],"dgwt-wcas-product-suggestion":["https:\/\/viallidesign.com\/wp-content\/uploads\/2024\/06\/24062024667923feec035-scaled-64x75.jpeg",64,75,true]},"uagb_author_info":{"display_name":"viallidesign","author_link":"https:\/\/viallidesign.com\/en\/author\/"},"uagb_comment_info":0,"uagb_excerpt":"Elegancka i funkcjonalna szklanka do whisky lub drink\u00f3w z serii CRISTALLO. Niezwyk\u0142y, nowoczesny kszta\u0142t podkre\u015bla efekt wizualny, a jej unikalny design z pewno\u015bci\u0105 przyci\u0105gnie wzrok. Wykonana r\u0119cznie z najwy\u017cszej jako\u015bci szk\u0142a borokrzemowego, szklanka charakteryzuje si\u0119 podw\u00f3jnymi \u015bciankami, kt\u00f3re nie tylko utrzymuj\u0105 odpowiedni\u0105 temperatur\u0119 napoju na d\u0142u\u017cej, ale tak\u017ce zapewniaj\u0105 komfort u\u017cytkowania &#8211; nie nagrzewa si\u0119&hellip;","_links":{"self":[{"href":"https:\/\/viallidesign.com\/en\/wp-json\/wp\/v2\/product\/5723","targetHints":{"allow":["GET"]}}],"collection":[{"href":"https:\/\/viallidesign.com\/en\/wp-json\/wp\/v2\/product"}],"about":[{"href":"https:\/\/viallidesign.com\/en\/wp-json\/wp\/v2\/types\/product"}],"wp:featuredmedia":[{"embeddable":true,"href":"https:\/\/viallidesign.com\/en\/wp-json\/wp\/v2\/media\/5716"}],"wp:attachment":[{"href":"https:\/\/viallidesign.com\/en\/wp-json\/wp\/v2\/media?parent=5723"}],"wp:term":[{"taxonomy":"product_brand","embeddable":true,"href":"https:\/\/viallidesign.com\/en\/wp-json\/wp\/v2\/product_brand?post=5723"},{"taxonomy":"product_cat","embeddable":true,"href":"https:\/\/viallidesign.com\/en\/wp-json\/wp\/v2\/product_cat?post=5723"},{"taxonomy":"product_tag","embeddable":true,"href":"https:\/\/viallidesign.com\/en\/wp-json\/wp\/v2\/product_tag?post=5723"}],"curies":[{"name":"wp","href":"https:\/\/api.w.org\/{rel}","templated":true}]}}