{"id":5715,"date":"2024-06-24T09:45:02","date_gmt":"2024-06-24T07:45:02","guid":{"rendered":"https:\/\/vialliwp.ageno.work\/produkt\/zestaw-2-szklanek-z-podwojna-scianka-cristallo-300-ml-25493\/"},"modified":"2026-03-27T19:05:23","modified_gmt":"2026-03-27T18:05:23","slug":"zestaw-2-szklanek-z-podwojna-scianka-cristallo-300-ml-25493","status":"publish","type":"product","link":"https:\/\/viallidesign.com\/en\/product\/zestaw-2-szklanek-z-podwojna-scianka-cristallo-300-ml-25493\/","title":{"rendered":"Set of 2 double-walled glasses Cristallo 300 ml 25493"},"content":{"rendered":"<p>NEW FROM VIALLI DESIGN<\/p>\n<p>Set of two 300 ml coffee or drink glasses from the CRISTALLO series.<\/p>\n<p>The unusual, modern shape enhances the visual effect.<\/p>\n<p>The product has been handmade from the highest quality borosilicate glass.<\/p>\n<p>The vessel, thanks to its double walls, not only keeps the drink at the right temperature for longer, but also protects against scalding.<\/p>\n<p>We can hold the glass without fear in our hand even when we are drinking warm coffee.<\/p>\n<p>It is also ideal for serving cold drinks and beverages.<\/p>\n<p class=\"gpsr-info\"><a href=\"https:\/\/kulig.com.pl\/gpsr\/\" target=\"_blank\" rel=\"noopener\">GPSR information<\/a><\/p>","protected":false},"excerpt":{"rendered":"<p>NOWO\u015a\u0106 OD VIALLI DESIGN Zestaw dw\u00f3ch szklanek do kawy lub drink\u00f3w 300 ml z serii CRISTALLO. Niespotykany, nowoczesny kszta\u0142t wzmacnia efekt wizualny. Produkt zosta\u0142 wykonany r\u0119cznie z najwy\u017cszej jako\u015bci szk\u0142a borokrzemowego. Naczynie, dzi\u0119ki podw\u00f3jnym \u015bciankom nie tylko utrzymuje odpowiedni\u0105 temperatur\u0119 napoju na d\u0142u\u017cej, ale chroni tak\u017ce przed poparzeniem. Mo\u017cemy trzyma\u0107 szklank\u0119 bez obaw w d\u0142oni [&hellip;]<\/p>","protected":false},"featured_media":5708,"template":"","meta":{"_uag_custom_page_level_css":"","site-sidebar-layout":"default","site-content-layout":"","ast-site-content-layout":"default","site-content-style":"default","site-sidebar-style":"default","ast-global-header-display":"","ast-banner-title-visibility":"","ast-main-header-display":"","ast-hfb-above-header-display":"","ast-hfb-below-header-display":"","ast-hfb-mobile-header-display":"","site-post-title":"","ast-breadcrumbs-content":"","ast-featured-img":"","footer-sml-layout":"","ast-disable-related-posts":"","theme-transparent-header-meta":"","adv-header-id-meta":"","stick-header-meta":"","header-above-stick-meta":"","header-main-stick-meta":"","header-below-stick-meta":"","astra-migrate-meta-layouts":"default","ast-page-background-enabled":"default","ast-page-background-meta":{"desktop":{"background-color":"","background-image":"","background-repeat":"repeat","background-position":"center center","background-size":"auto","background-attachment":"scroll","background-type":"","background-media":"","overlay-type":"","overlay-color":"","overlay-opacity":"","overlay-gradient":""},"tablet":{"background-color":"","background-image":"","background-repeat":"repeat","background-position":"center center","background-size":"auto","background-attachment":"scroll","background-type":"","background-media":"","overlay-type":"","overlay-color":"","overlay-opacity":"","overlay-gradient":""},"mobile":{"background-color":"","background-image":"","background-repeat":"repeat","background-position":"center center","background-size":"auto","background-attachment":"scroll","background-type":"","background-media":"","overlay-type":"","overlay-color":"","overlay-opacity":"","overlay-gradient":""}},"ast-content-background-meta":{"desktop":{"background-color":"var(--ast-global-color-5)","background-image":"","background-repeat":"repeat","background-position":"center center","background-size":"auto","background-attachment":"scroll","background-type":"","background-media":"","overlay-type":"","overlay-color":"","overlay-opacity":"","overlay-gradient":""},"tablet":{"background-color":"var(--ast-global-color-5)","background-image":"","background-repeat":"repeat","background-position":"center center","background-size":"auto","background-attachment":"scroll","background-type":"","background-media":"","overlay-type":"","overlay-color":"","overlay-opacity":"","overlay-gradient":""},"mobile":{"background-color":"var(--ast-global-color-5)","background-image":"","background-repeat":"repeat","background-position":"center center","background-size":"auto","background-attachment":"scroll","background-type":"","background-media":"","overlay-type":"","overlay-color":"","overlay-opacity":"","overlay-gradient":""}}},"product_brand":[],"product_cat":[432,17,436],"product_tag":[],"class_list":{"0":"post-5715","1":"product","2":"type-product","3":"status-publish","4":"has-post-thumbnail","6":"product_cat-jadalnia","7":"product_cat-produkty","8":"product_cat-szklanki-i-filizanki","9":"desktop-align-left","10":"tablet-align-left","11":"mobile-align-left","13":"first","14":"instock","15":"shipping-taxable","16":"purchasable","17":"product-type-simple"},"uagb_featured_image_src":{"full":["https:\/\/viallidesign.com\/wp-content\/uploads\/2024\/06\/24062024667923f81e5c3.jpeg",1567,1054,false],"thumbnail":["https:\/\/viallidesign.com\/wp-content\/uploads\/2024\/06\/24062024667923f81e5c3-80x80.jpeg",80,80,true],"medium":["https:\/\/viallidesign.com\/wp-content\/uploads\/2024\/06\/24062024667923f81e5c3-300x202.jpeg",300,202,true],"medium_large":["https:\/\/viallidesign.com\/wp-content\/uploads\/2024\/06\/24062024667923f81e5c3-768x517.jpeg",768,517,true],"large":["https:\/\/viallidesign.com\/wp-content\/uploads\/2024\/06\/24062024667923f81e5c3-1024x689.jpeg",1024,689,true],"1536x1536":["https:\/\/viallidesign.com\/wp-content\/uploads\/2024\/06\/24062024667923f81e5c3-1536x1033.jpeg",1536,1033,true],"2048x2048":["https:\/\/viallidesign.com\/wp-content\/uploads\/2024\/06\/24062024667923f81e5c3.jpeg",1567,1054,false],"trp-custom-language-flag":["https:\/\/viallidesign.com\/wp-content\/uploads\/2024\/06\/24062024667923f81e5c3.jpeg",18,12,false],"woocommerce_thumbnail":["https:\/\/viallidesign.com\/wp-content\/uploads\/2024\/06\/24062024667923f81e5c3-600x404.jpeg",600,404,true],"woocommerce_single":["https:\/\/viallidesign.com\/wp-content\/uploads\/2024\/06\/24062024667923f81e5c3-1200x807.jpeg",1200,807,true],"woocommerce_gallery_thumbnail":["https:\/\/viallidesign.com\/wp-content\/uploads\/2024\/06\/24062024667923f81e5c3-100x100.jpeg",100,100,true],"dgwt-wcas-product-suggestion":["https:\/\/viallidesign.com\/wp-content\/uploads\/2024\/06\/24062024667923f81e5c3-64x43.jpeg",64,43,true]},"uagb_author_info":{"display_name":"viallidesign","author_link":"https:\/\/viallidesign.com\/en\/author\/"},"uagb_comment_info":0,"uagb_excerpt":"NOWO\u015a\u0106 OD VIALLI DESIGN Zestaw dw\u00f3ch szklanek do kawy lub drink\u00f3w 300 ml z serii CRISTALLO. Niespotykany, nowoczesny kszta\u0142t wzmacnia efekt wizualny. Produkt zosta\u0142 wykonany r\u0119cznie z najwy\u017cszej jako\u015bci szk\u0142a borokrzemowego. Naczynie, dzi\u0119ki podw\u00f3jnym \u015bciankom nie tylko utrzymuje odpowiedni\u0105 temperatur\u0119 napoju na d\u0142u\u017cej, ale chroni tak\u017ce przed poparzeniem. Mo\u017cemy trzyma\u0107 szklank\u0119 bez obaw w d\u0142oni&hellip;","_links":{"self":[{"href":"https:\/\/viallidesign.com\/en\/wp-json\/wp\/v2\/product\/5715","targetHints":{"allow":["GET"]}}],"collection":[{"href":"https:\/\/viallidesign.com\/en\/wp-json\/wp\/v2\/product"}],"about":[{"href":"https:\/\/viallidesign.com\/en\/wp-json\/wp\/v2\/types\/product"}],"wp:featuredmedia":[{"embeddable":true,"href":"https:\/\/viallidesign.com\/en\/wp-json\/wp\/v2\/media\/5708"}],"wp:attachment":[{"href":"https:\/\/viallidesign.com\/en\/wp-json\/wp\/v2\/media?parent=5715"}],"wp:term":[{"taxonomy":"product_brand","embeddable":true,"href":"https:\/\/viallidesign.com\/en\/wp-json\/wp\/v2\/product_brand?post=5715"},{"taxonomy":"product_cat","embeddable":true,"href":"https:\/\/viallidesign.com\/en\/wp-json\/wp\/v2\/product_cat?post=5715"},{"taxonomy":"product_tag","embeddable":true,"href":"https:\/\/viallidesign.com\/en\/wp-json\/wp\/v2\/product_tag?post=5715"}],"curies":[{"name":"wp","href":"https:\/\/api.w.org\/{rel}","templated":true}]}}