{"id":5699,"date":"2024-06-24T09:44:18","date_gmt":"2024-06-24T07:44:18","guid":{"rendered":"https:\/\/vialliwp.ageno.work\/produkt\/zestaw-6-szklanek-termicznych-wysokich-z-podwojna-scianka-amo-350-ml-25455\/"},"modified":"2026-03-27T02:15:04","modified_gmt":"2026-03-27T01:15:04","slug":"zestaw-6-szklanek-termicznych-wysokich-z-podwojna-scianka-amo-350-ml-25455","status":"publish","type":"product","link":"https:\/\/viallidesign.com\/en\/product\/zestaw-6-szklanek-termicznych-wysokich-z-podwojna-scianka-amo-350-ml-25455\/","title":{"rendered":"Set of 6 double-walled highball thermal glasses Amo 350 ml 25455"},"content":{"rendered":"<p>The set of 6 tall Amo thermal glasses with a capacity of 350 ml is a modern proposition by Vialli Design, combining elegant design with practical use. The glasses have been hand-made from the highest quality glass, which guarantees an aesthetic finish and durability.<\/p>\n<p>The double walls effectively maintain the temperature of the drinks for a longer period of time while protecting your hands from scalding for comfort. The ergonomic shape of the glasses prevents them from slipping out of your hand and makes them fit perfectly in your hand.<\/p>\n<p>The versatile form makes it possible to serve both hot and cold drinks - latte coffee, tea, drinks - as well as desserts or salads.<\/p>\n<p><strong>Product features:<\/strong><\/p>\n<ul>\n<li>set of 6 tall thermal glasses<\/li>\n<li>capacity: 350 ml<\/li>\n<li>handmade from high quality glass<\/li>\n<li>double wall to maintain the temperature of the beverage<\/li>\n<li>protection of hands against burns<\/li>\n<li>ergonomic shape for a secure grip<\/li>\n<li>suitable for hot and cold drinks<\/li>\n<li>modern, elegant design<\/li>\n<\/ul>\n<p class=\"gpsr-info\"><a href=\"https:\/\/kulig.com.pl\/gpsr\/\" target=\"_blank\" rel=\"noopener\">GPSR information<\/a><\/p>","protected":false},"excerpt":{"rendered":"<p>Zestaw 6 wysokich szklanek termicznych Amo o pojemno\u015bci 350 ml to nowoczesna propozycja marki Vialli Design, \u0142\u0105cz\u0105ca elegancki wygl\u0105d z praktycznym zastosowaniem. Szklanki zosta\u0142y wykonane r\u0119cznie z najwy\u017cszej jako\u015bci szk\u0142a, co gwarantuje estetyczne wyko\u0144czenie i trwa\u0142o\u015b\u0107. Podw\u00f3jne \u015bcianki skutecznie utrzymuj\u0105 temperatur\u0119 napoj\u00f3w przez d\u0142u\u017cszy czas, a jednocze\u015bnie chroni\u0105 d\u0142onie przed poparzeniem, zapewniaj\u0105c komfort u\u017cytkowania. Ergonomiczny [&hellip;]<\/p>","protected":false},"featured_media":5688,"template":"","meta":{"_uag_custom_page_level_css":"","site-sidebar-layout":"default","site-content-layout":"","ast-site-content-layout":"default","site-content-style":"default","site-sidebar-style":"default","ast-global-header-display":"","ast-banner-title-visibility":"","ast-main-header-display":"","ast-hfb-above-header-display":"","ast-hfb-below-header-display":"","ast-hfb-mobile-header-display":"","site-post-title":"","ast-breadcrumbs-content":"","ast-featured-img":"","footer-sml-layout":"","ast-disable-related-posts":"","theme-transparent-header-meta":"","adv-header-id-meta":"","stick-header-meta":"","header-above-stick-meta":"","header-main-stick-meta":"","header-below-stick-meta":"","astra-migrate-meta-layouts":"default","ast-page-background-enabled":"default","ast-page-background-meta":{"desktop":{"background-color":"","background-image":"","background-repeat":"repeat","background-position":"center center","background-size":"auto","background-attachment":"scroll","background-type":"","background-media":"","overlay-type":"","overlay-color":"","overlay-opacity":"","overlay-gradient":""},"tablet":{"background-color":"","background-image":"","background-repeat":"repeat","background-position":"center center","background-size":"auto","background-attachment":"scroll","background-type":"","background-media":"","overlay-type":"","overlay-color":"","overlay-opacity":"","overlay-gradient":""},"mobile":{"background-color":"","background-image":"","background-repeat":"repeat","background-position":"center center","background-size":"auto","background-attachment":"scroll","background-type":"","background-media":"","overlay-type":"","overlay-color":"","overlay-opacity":"","overlay-gradient":""}},"ast-content-background-meta":{"desktop":{"background-color":"var(--ast-global-color-5)","background-image":"","background-repeat":"repeat","background-position":"center center","background-size":"auto","background-attachment":"scroll","background-type":"","background-media":"","overlay-type":"","overlay-color":"","overlay-opacity":"","overlay-gradient":""},"tablet":{"background-color":"var(--ast-global-color-5)","background-image":"","background-repeat":"repeat","background-position":"center center","background-size":"auto","background-attachment":"scroll","background-type":"","background-media":"","overlay-type":"","overlay-color":"","overlay-opacity":"","overlay-gradient":""},"mobile":{"background-color":"var(--ast-global-color-5)","background-image":"","background-repeat":"repeat","background-position":"center center","background-size":"auto","background-attachment":"scroll","background-type":"","background-media":"","overlay-type":"","overlay-color":"","overlay-opacity":"","overlay-gradient":""}}},"product_brand":[],"product_cat":[432,17,436],"product_tag":[],"class_list":{"0":"post-5699","1":"product","2":"type-product","3":"status-publish","4":"has-post-thumbnail","6":"product_cat-jadalnia","7":"product_cat-produkty","8":"product_cat-szklanki-i-filizanki","9":"desktop-align-left","10":"tablet-align-left","11":"mobile-align-left","13":"first","14":"instock","15":"shipping-taxable","16":"purchasable","17":"product-type-simple"},"uagb_featured_image_src":{"full":["https:\/\/viallidesign.com\/wp-content\/uploads\/2024\/06\/24062024667923c603fcd.jpeg",1598,1071,false],"thumbnail":["https:\/\/viallidesign.com\/wp-content\/uploads\/2024\/06\/24062024667923c603fcd-80x80.jpeg",80,80,true],"medium":["https:\/\/viallidesign.com\/wp-content\/uploads\/2024\/06\/24062024667923c603fcd-300x201.jpeg",300,201,true],"medium_large":["https:\/\/viallidesign.com\/wp-content\/uploads\/2024\/06\/24062024667923c603fcd-768x515.jpeg",768,515,true],"large":["https:\/\/viallidesign.com\/wp-content\/uploads\/2024\/06\/24062024667923c603fcd-1024x686.jpeg",1024,686,true],"1536x1536":["https:\/\/viallidesign.com\/wp-content\/uploads\/2024\/06\/24062024667923c603fcd-1536x1029.jpeg",1536,1029,true],"2048x2048":["https:\/\/viallidesign.com\/wp-content\/uploads\/2024\/06\/24062024667923c603fcd.jpeg",1598,1071,false],"trp-custom-language-flag":["https:\/\/viallidesign.com\/wp-content\/uploads\/2024\/06\/24062024667923c603fcd.jpeg",18,12,false],"woocommerce_thumbnail":["https:\/\/viallidesign.com\/wp-content\/uploads\/2024\/06\/24062024667923c603fcd-600x402.jpeg",600,402,true],"woocommerce_single":["https:\/\/viallidesign.com\/wp-content\/uploads\/2024\/06\/24062024667923c603fcd-1200x804.jpeg",1200,804,true],"woocommerce_gallery_thumbnail":["https:\/\/viallidesign.com\/wp-content\/uploads\/2024\/06\/24062024667923c603fcd-100x100.jpeg",100,100,true],"dgwt-wcas-product-suggestion":["https:\/\/viallidesign.com\/wp-content\/uploads\/2024\/06\/24062024667923c603fcd-64x43.jpeg",64,43,true]},"uagb_author_info":{"display_name":"viallidesign","author_link":"https:\/\/viallidesign.com\/en\/author\/"},"uagb_comment_info":0,"uagb_excerpt":"Zestaw 6 wysokich szklanek termicznych Amo o pojemno\u015bci 350 ml to nowoczesna propozycja marki Vialli Design, \u0142\u0105cz\u0105ca elegancki wygl\u0105d z praktycznym zastosowaniem. Szklanki zosta\u0142y wykonane r\u0119cznie z najwy\u017cszej jako\u015bci szk\u0142a, co gwarantuje estetyczne wyko\u0144czenie i trwa\u0142o\u015b\u0107. Podw\u00f3jne \u015bcianki skutecznie utrzymuj\u0105 temperatur\u0119 napoj\u00f3w przez d\u0142u\u017cszy czas, a jednocze\u015bnie chroni\u0105 d\u0142onie przed poparzeniem, zapewniaj\u0105c komfort u\u017cytkowania. Ergonomiczny&hellip;","_links":{"self":[{"href":"https:\/\/viallidesign.com\/en\/wp-json\/wp\/v2\/product\/5699","targetHints":{"allow":["GET"]}}],"collection":[{"href":"https:\/\/viallidesign.com\/en\/wp-json\/wp\/v2\/product"}],"about":[{"href":"https:\/\/viallidesign.com\/en\/wp-json\/wp\/v2\/types\/product"}],"wp:featuredmedia":[{"embeddable":true,"href":"https:\/\/viallidesign.com\/en\/wp-json\/wp\/v2\/media\/5688"}],"wp:attachment":[{"href":"https:\/\/viallidesign.com\/en\/wp-json\/wp\/v2\/media?parent=5699"}],"wp:term":[{"taxonomy":"product_brand","embeddable":true,"href":"https:\/\/viallidesign.com\/en\/wp-json\/wp\/v2\/product_brand?post=5699"},{"taxonomy":"product_cat","embeddable":true,"href":"https:\/\/viallidesign.com\/en\/wp-json\/wp\/v2\/product_cat?post=5699"},{"taxonomy":"product_tag","embeddable":true,"href":"https:\/\/viallidesign.com\/en\/wp-json\/wp\/v2\/product_tag?post=5699"}],"curies":[{"name":"wp","href":"https:\/\/api.w.org\/{rel}","templated":true}]}}