{"id":5664,"date":"2024-06-24T09:42:32","date_gmt":"2024-06-24T07:42:32","guid":{"rendered":"https:\/\/vialliwp.ageno.work\/produkt\/zaparzacz-do-herbaty-amo-czarny-1500-ml-23826\/"},"modified":"2026-03-27T02:15:04","modified_gmt":"2026-03-27T01:15:04","slug":"zaparzacz-do-herbaty-amo-czarny-1500-ml-23826","status":"publish","type":"product","link":"https:\/\/viallidesign.com\/en\/product\/zaparzacz-do-herbaty-amo-czarny-1500-ml-23826\/","title":{"rendered":"Amo tea brewer black 1500 ml 23826"},"content":{"rendered":"<p>The modern and practical Amo tea brewer by Vialli Design.<br \/>\nThe product is very easy to use, just pour the tea leaves into the brewing container. After a few minutes, you can enjoy your deliciously brewed tea.<br \/>\nThe product is equipped with a silicone-coated handle to ensure safe coffee brewing.<br \/>\nThe brewer is made of boro-silicon glass, which is resistant to high temperatures, and the overall design is of high quality workmanship and elegant form. <\/p>\n<p class=\"gpsr-info\"><a href=\"https:\/\/kulig.com.pl\/gpsr\/\" target=\"_blank\" rel=\"noopener\">GPSR information<\/a><\/p>","protected":false},"excerpt":{"rendered":"<p>Nowoczesny i praktyczny zaparzacz do herbaty Amo marki Vialli Design. Produkt jest bardzo prosty w u\u017cyciu, wystarczy do pojemniczka zaparzaczki wsypa\u0107 li\u015bcie herbaty. Po kilku minutach mo\u017cemy cieszy\u0107 si\u0119 wy\u015bmienicie zaparzon\u0105 herbat\u0105. Produkt jest wyposa\u017cony w uchwyt pokryty silikonem, kt\u00f3ry gwarantuje bezpieczne parzenie kawy. Zaparzacz wykonany jest ze szk\u0142a boro-krzemowego, kt\u00f3re jest odporne na wysokie [&hellip;]<\/p>","protected":false},"featured_media":5660,"template":"","meta":{"_uag_custom_page_level_css":"","site-sidebar-layout":"default","site-content-layout":"","ast-site-content-layout":"default","site-content-style":"default","site-sidebar-style":"default","ast-global-header-display":"","ast-banner-title-visibility":"","ast-main-header-display":"","ast-hfb-above-header-display":"","ast-hfb-below-header-display":"","ast-hfb-mobile-header-display":"","site-post-title":"","ast-breadcrumbs-content":"","ast-featured-img":"","footer-sml-layout":"","ast-disable-related-posts":"","theme-transparent-header-meta":"default","adv-header-id-meta":"","stick-header-meta":"","header-above-stick-meta":"","header-main-stick-meta":"","header-below-stick-meta":"","astra-migrate-meta-layouts":"set","ast-page-background-enabled":"default","ast-page-background-meta":{"desktop":{"background-color":"","background-image":"","background-repeat":"repeat","background-position":"center center","background-size":"auto","background-attachment":"scroll","background-type":"","background-media":"","overlay-type":"","overlay-color":"","overlay-opacity":"","overlay-gradient":""},"tablet":{"background-color":"","background-image":"","background-repeat":"repeat","background-position":"center center","background-size":"auto","background-attachment":"scroll","background-type":"","background-media":"","overlay-type":"","overlay-color":"","overlay-opacity":"","overlay-gradient":""},"mobile":{"background-color":"","background-image":"","background-repeat":"repeat","background-position":"center center","background-size":"auto","background-attachment":"scroll","background-type":"","background-media":"","overlay-type":"","overlay-color":"","overlay-opacity":"","overlay-gradient":""}},"ast-content-background-meta":{"desktop":{"background-color":"var(--ast-global-color-5)","background-image":"","background-repeat":"repeat","background-position":"center center","background-size":"auto","background-attachment":"scroll","background-type":"","background-media":"","overlay-type":"","overlay-color":"","overlay-opacity":"","overlay-gradient":""},"tablet":{"background-color":"var(--ast-global-color-5)","background-image":"","background-repeat":"repeat","background-position":"center center","background-size":"auto","background-attachment":"scroll","background-type":"","background-media":"","overlay-type":"","overlay-color":"","overlay-opacity":"","overlay-gradient":""},"mobile":{"background-color":"var(--ast-global-color-5)","background-image":"","background-repeat":"repeat","background-position":"center center","background-size":"auto","background-attachment":"scroll","background-type":"","background-media":"","overlay-type":"","overlay-color":"","overlay-opacity":"","overlay-gradient":""}}},"product_brand":[],"product_cat":[432,17,438],"product_tag":[],"class_list":{"0":"post-5664","1":"product","2":"type-product","3":"status-publish","4":"has-post-thumbnail","6":"product_cat-jadalnia","7":"product_cat-produkty","8":"product_cat-zaparzacze","9":"desktop-align-left","10":"tablet-align-left","11":"mobile-align-left","13":"first","14":"instock","15":"shipping-taxable","16":"purchasable","17":"product-type-simple"},"uagb_featured_image_src":{"full":["https:\/\/viallidesign.com\/wp-content\/uploads\/2024\/06\/240620246679236713f2e.jpeg",2480,2147,false],"thumbnail":["https:\/\/viallidesign.com\/wp-content\/uploads\/2024\/06\/240620246679236713f2e-80x80.jpeg",80,80,true],"medium":["https:\/\/viallidesign.com\/wp-content\/uploads\/2024\/06\/240620246679236713f2e-300x260.jpeg",300,260,true],"medium_large":["https:\/\/viallidesign.com\/wp-content\/uploads\/2024\/06\/240620246679236713f2e-768x665.jpeg",768,665,true],"large":["https:\/\/viallidesign.com\/wp-content\/uploads\/2024\/06\/240620246679236713f2e-1024x887.jpeg",1024,887,true],"1536x1536":["https:\/\/viallidesign.com\/wp-content\/uploads\/2024\/06\/240620246679236713f2e-1536x1330.jpeg",1536,1330,true],"2048x2048":["https:\/\/viallidesign.com\/wp-content\/uploads\/2024\/06\/240620246679236713f2e-2048x1773.jpeg",2048,1773,true],"trp-custom-language-flag":["https:\/\/viallidesign.com\/wp-content\/uploads\/2024\/06\/240620246679236713f2e.jpeg",14,12,false],"woocommerce_thumbnail":["https:\/\/viallidesign.com\/wp-content\/uploads\/2024\/06\/240620246679236713f2e-600x519.jpeg",600,519,true],"woocommerce_single":["https:\/\/viallidesign.com\/wp-content\/uploads\/2024\/06\/240620246679236713f2e-1200x1039.jpeg",1200,1039,true],"woocommerce_gallery_thumbnail":["https:\/\/viallidesign.com\/wp-content\/uploads\/2024\/06\/240620246679236713f2e-100x100.jpeg",100,100,true],"dgwt-wcas-product-suggestion":["https:\/\/viallidesign.com\/wp-content\/uploads\/2024\/06\/240620246679236713f2e-64x55.jpeg",64,55,true]},"uagb_author_info":{"display_name":"viallidesign","author_link":"https:\/\/viallidesign.com\/en\/author\/"},"uagb_comment_info":0,"uagb_excerpt":"Nowoczesny i praktyczny zaparzacz do herbaty Amo marki Vialli Design. Produkt jest bardzo prosty w u\u017cyciu, wystarczy do pojemniczka zaparzaczki wsypa\u0107 li\u015bcie herbaty. Po kilku minutach mo\u017cemy cieszy\u0107 si\u0119 wy\u015bmienicie zaparzon\u0105 herbat\u0105. Produkt jest wyposa\u017cony w uchwyt pokryty silikonem, kt\u00f3ry gwarantuje bezpieczne parzenie kawy. Zaparzacz wykonany jest ze szk\u0142a boro-krzemowego, kt\u00f3re jest odporne na wysokie&hellip;","_links":{"self":[{"href":"https:\/\/viallidesign.com\/en\/wp-json\/wp\/v2\/product\/5664","targetHints":{"allow":["GET"]}}],"collection":[{"href":"https:\/\/viallidesign.com\/en\/wp-json\/wp\/v2\/product"}],"about":[{"href":"https:\/\/viallidesign.com\/en\/wp-json\/wp\/v2\/types\/product"}],"wp:featuredmedia":[{"embeddable":true,"href":"https:\/\/viallidesign.com\/en\/wp-json\/wp\/v2\/media\/5660"}],"wp:attachment":[{"href":"https:\/\/viallidesign.com\/en\/wp-json\/wp\/v2\/media?parent=5664"}],"wp:term":[{"taxonomy":"product_brand","embeddable":true,"href":"https:\/\/viallidesign.com\/en\/wp-json\/wp\/v2\/product_brand?post=5664"},{"taxonomy":"product_cat","embeddable":true,"href":"https:\/\/viallidesign.com\/en\/wp-json\/wp\/v2\/product_cat?post=5664"},{"taxonomy":"product_tag","embeddable":true,"href":"https:\/\/viallidesign.com\/en\/wp-json\/wp\/v2\/product_tag?post=5664"}],"curies":[{"name":"wp","href":"https:\/\/api.w.org\/{rel}","templated":true}]}}