{"id":5630,"date":"2024-06-24T09:21:15","date_gmt":"2024-06-24T07:21:15","guid":{"rendered":"https:\/\/vialliwp.ageno.work\/produkt\/karafka-z-podwojna-scianka-amo-08-l-23031\/"},"modified":"2026-04-27T19:15:05","modified_gmt":"2026-04-27T17:15:05","slug":"karafka-z-podwojna-scianka-amo-08-l-23031","status":"publish","type":"product","link":"https:\/\/viallidesign.com\/en\/product\/karafka-z-podwojna-scianka-amo-08-l-23031\/","title":{"rendered":"Amo double wall carafe 0.8 l 23031"},"content":{"rendered":"<p>A functional carafe from the Amo series by Vialli Design. The product was made of <strong>of the highest quality<\/strong> borosilicate glass. The vessel, thanks to its double walls, not only <strong>maintains the right temperature<\/strong> drink for longer, but also protects against scalding. The transparent walls allow you to display the beverage you are serving, such as water with pieces of lemon and mint, tea with juice or refreshing lemonade. The vessel has an ergonomic shape which <strong>prevents slipping<\/strong> from the hand. Ideal for serving both hot and cold drinks. The product is packaged in elegant packaging, ideal as a gift for any occasion.<\/p>\n<p class=\"gpsr-info\"><a href=\"https:\/\/kulig.com.pl\/gpsr\/\" target=\"_blank\" rel=\"noopener\">GPSR information<\/a><\/p>","protected":false},"excerpt":{"rendered":"<p>Funkcjonalna karafka z serii Amo marki Vialli Design. Produkt zosta\u0142 wykonany z najwy\u017cszej jako\u015bci szk\u0142a boro-krzemowego. Naczynie, dzi\u0119ki podw\u00f3jnym \u015bciankom nie tylko utrzymuje odpowiedni\u0105 temperatur\u0119 napoju na d\u0142u\u017cej, ale te\u017c chroni przed poparzeniem. Przezroczyste \u015bcianki pozwalaj\u0105 na wyeksponowane serwowanego napoju, np.\u00a0wody z kawa\u0142kami cytryni i mi\u0119ty, herbaty z sokiem,\u00a0czy te\u017c orze\u017awiaj\u0105cej lemoniady.\u00a0Naczynie posiada ergonomiczny kszta\u0142t, [&hellip;]<\/p>","protected":false},"featured_media":5624,"template":"","meta":{"_uag_custom_page_level_css":"","site-sidebar-layout":"default","site-content-layout":"","ast-site-content-layout":"default","site-content-style":"default","site-sidebar-style":"default","ast-global-header-display":"","ast-banner-title-visibility":"","ast-main-header-display":"","ast-hfb-above-header-display":"","ast-hfb-below-header-display":"","ast-hfb-mobile-header-display":"","site-post-title":"","ast-breadcrumbs-content":"","ast-featured-img":"","footer-sml-layout":"","ast-disable-related-posts":"","theme-transparent-header-meta":"","adv-header-id-meta":"","stick-header-meta":"","header-above-stick-meta":"","header-main-stick-meta":"","header-below-stick-meta":"","astra-migrate-meta-layouts":"default","ast-page-background-enabled":"default","ast-page-background-meta":{"desktop":{"background-color":"","background-image":"","background-repeat":"repeat","background-position":"center center","background-size":"auto","background-attachment":"scroll","background-type":"","background-media":"","overlay-type":"","overlay-color":"","overlay-opacity":"","overlay-gradient":""},"tablet":{"background-color":"","background-image":"","background-repeat":"repeat","background-position":"center center","background-size":"auto","background-attachment":"scroll","background-type":"","background-media":"","overlay-type":"","overlay-color":"","overlay-opacity":"","overlay-gradient":""},"mobile":{"background-color":"","background-image":"","background-repeat":"repeat","background-position":"center center","background-size":"auto","background-attachment":"scroll","background-type":"","background-media":"","overlay-type":"","overlay-color":"","overlay-opacity":"","overlay-gradient":""}},"ast-content-background-meta":{"desktop":{"background-color":"var(--ast-global-color-5)","background-image":"","background-repeat":"repeat","background-position":"center center","background-size":"auto","background-attachment":"scroll","background-type":"","background-media":"","overlay-type":"","overlay-color":"","overlay-opacity":"","overlay-gradient":""},"tablet":{"background-color":"var(--ast-global-color-5)","background-image":"","background-repeat":"repeat","background-position":"center center","background-size":"auto","background-attachment":"scroll","background-type":"","background-media":"","overlay-type":"","overlay-color":"","overlay-opacity":"","overlay-gradient":""},"mobile":{"background-color":"var(--ast-global-color-5)","background-image":"","background-repeat":"repeat","background-position":"center center","background-size":"auto","background-attachment":"scroll","background-type":"","background-media":"","overlay-type":"","overlay-color":"","overlay-opacity":"","overlay-gradient":""}}},"product_brand":[],"product_cat":[432,747,17],"product_tag":[],"class_list":{"0":"post-5630","1":"product","2":"type-product","3":"status-publish","4":"has-post-thumbnail","6":"product_cat-jadalnia","7":"product_cat-karafki","8":"product_cat-produkty","9":"desktop-align-left","10":"tablet-align-left","11":"mobile-align-left","13":"first","14":"instock","15":"sale","16":"shipping-taxable","17":"purchasable","18":"product-type-simple"},"uagb_featured_image_src":{"full":["https:\/\/viallidesign.com\/wp-content\/uploads\/2024\/06\/2406202466791e6a3f700.jpeg",805,1277,false],"thumbnail":["https:\/\/viallidesign.com\/wp-content\/uploads\/2024\/06\/2406202466791e6a3f700-80x80.jpeg",80,80,true],"medium":["https:\/\/viallidesign.com\/wp-content\/uploads\/2024\/06\/2406202466791e6a3f700-189x300.jpeg",189,300,true],"medium_large":["https:\/\/viallidesign.com\/wp-content\/uploads\/2024\/06\/2406202466791e6a3f700-768x1218.jpeg",768,1218,true],"large":["https:\/\/viallidesign.com\/wp-content\/uploads\/2024\/06\/2406202466791e6a3f700-646x1024.jpeg",646,1024,true],"1536x1536":["https:\/\/viallidesign.com\/wp-content\/uploads\/2024\/06\/2406202466791e6a3f700.jpeg",805,1277,false],"2048x2048":["https:\/\/viallidesign.com\/wp-content\/uploads\/2024\/06\/2406202466791e6a3f700.jpeg",805,1277,false],"trp-custom-language-flag":["https:\/\/viallidesign.com\/wp-content\/uploads\/2024\/06\/2406202466791e6a3f700.jpeg",8,12,false],"woocommerce_thumbnail":["https:\/\/viallidesign.com\/wp-content\/uploads\/2024\/06\/2406202466791e6a3f700-600x952.jpeg",600,952,true],"woocommerce_single":["https:\/\/viallidesign.com\/wp-content\/uploads\/2024\/06\/2406202466791e6a3f700.jpeg",805,1277,false],"woocommerce_gallery_thumbnail":["https:\/\/viallidesign.com\/wp-content\/uploads\/2024\/06\/2406202466791e6a3f700-100x100.jpeg",100,100,true],"dgwt-wcas-product-suggestion":["https:\/\/viallidesign.com\/wp-content\/uploads\/2024\/06\/2406202466791e6a3f700-64x102.jpeg",64,102,true]},"uagb_author_info":{"display_name":"viallidesign","author_link":"https:\/\/viallidesign.com\/en\/author\/"},"uagb_comment_info":0,"uagb_excerpt":"Funkcjonalna karafka z serii Amo marki Vialli Design. Produkt zosta\u0142 wykonany z najwy\u017cszej jako\u015bci szk\u0142a boro-krzemowego. Naczynie, dzi\u0119ki podw\u00f3jnym \u015bciankom nie tylko utrzymuje odpowiedni\u0105 temperatur\u0119 napoju na d\u0142u\u017cej, ale te\u017c chroni przed poparzeniem. Przezroczyste \u015bcianki pozwalaj\u0105 na wyeksponowane serwowanego napoju, np.\u00a0wody z kawa\u0142kami cytryni i mi\u0119ty, herbaty z sokiem,\u00a0czy te\u017c orze\u017awiaj\u0105cej lemoniady.\u00a0Naczynie posiada ergonomiczny kszta\u0142t,&hellip;","_links":{"self":[{"href":"https:\/\/viallidesign.com\/en\/wp-json\/wp\/v2\/product\/5630","targetHints":{"allow":["GET"]}}],"collection":[{"href":"https:\/\/viallidesign.com\/en\/wp-json\/wp\/v2\/product"}],"about":[{"href":"https:\/\/viallidesign.com\/en\/wp-json\/wp\/v2\/types\/product"}],"wp:featuredmedia":[{"embeddable":true,"href":"https:\/\/viallidesign.com\/en\/wp-json\/wp\/v2\/media\/5624"}],"wp:attachment":[{"href":"https:\/\/viallidesign.com\/en\/wp-json\/wp\/v2\/media?parent=5630"}],"wp:term":[{"taxonomy":"product_brand","embeddable":true,"href":"https:\/\/viallidesign.com\/en\/wp-json\/wp\/v2\/product_brand?post=5630"},{"taxonomy":"product_cat","embeddable":true,"href":"https:\/\/viallidesign.com\/en\/wp-json\/wp\/v2\/product_cat?post=5630"},{"taxonomy":"product_tag","embeddable":true,"href":"https:\/\/viallidesign.com\/en\/wp-json\/wp\/v2\/product_tag?post=5630"}],"curies":[{"name":"wp","href":"https:\/\/api.w.org\/{rel}","templated":true}]}}