{"id":5623,"date":"2024-06-23T16:14:49","date_gmt":"2024-06-23T14:14:49","guid":{"rendered":"https:\/\/vialliwp.ageno.work\/produkt\/zestaw-2-filizanek-do-espresso-z-podwojna-scianka-amo-50-ml-23055\/"},"modified":"2026-03-27T02:15:04","modified_gmt":"2026-03-27T01:15:04","slug":"zestaw-2-filizanek-do-espresso-z-podwojna-scianka-amo-50-ml-23055","status":"publish","type":"product","link":"https:\/\/viallidesign.com\/en\/product\/zestaw-2-filizanek-do-espresso-z-podwojna-scianka-amo-50-ml-23055\/","title":{"rendered":"Set of 2 double-walled espresso cups Amo 50 ml 23055"},"content":{"rendered":"<p>A unique set of two handmade double-wall espresso cups from the Amo series by Vialli Design.<\/p>\n<p>Thanks to the use of modern materials and a special technique for annealing the glass after the blowing process, the cups are resistant to all kinds of tarnishing in the dishwasher and to thermal shock.<\/p>\n<p>The vessel, thanks to the hollow space between the double walls, not only keeps the drink at the right temperature for longer, but also protects against scalding.<\/p>\n<p>Thanks to their minimalist, simple form, they will blend in with other pieces of tableware, both modern and classic. The set additionally includes glass saucers.<\/p>\n<p>They are ideal for serving strong and aromatic espresso while being an undoubted adornment to any table or a perfect, stylish gift.<\/p>\n<p class=\"gpsr-info\"><a href=\"https:\/\/kulig.com.pl\/gpsr\/\" target=\"_blank\" rel=\"noopener\">GPSR information<\/a><\/p>","protected":false},"excerpt":{"rendered":"<p>Unikatowy zestaw dw\u00f3ch, r\u0119cznie wykonanych fili\u017canek do espresso z podw\u00f3jn\u0105 \u015bciank\u0105 serii Amo, marki Vialli Design. Dzi\u0119ki zastosowaniu nowoczesnych materia\u0142\u00f3w oraz dzi\u0119ki specjalnej technice odpr\u0119\u017cania szk\u0142a po procesie rozdmuchiwania, fili\u017canki s\u0105 odporne na wszelakie matowienie w zmywarce oraz szok termiczny. Naczynie, dzi\u0119ki pustej przestrzeni mi\u0119dzy podw\u00f3jnymi \u015bciankami, nie tylko utrzymuje odpowiedni\u0105 temperatur\u0119 napoju na d\u0142u\u017cej, [&hellip;]<\/p>","protected":false},"featured_media":5615,"template":"","meta":{"_uag_custom_page_level_css":"","site-sidebar-layout":"default","site-content-layout":"","ast-site-content-layout":"default","site-content-style":"default","site-sidebar-style":"default","ast-global-header-display":"","ast-banner-title-visibility":"","ast-main-header-display":"","ast-hfb-above-header-display":"","ast-hfb-below-header-display":"","ast-hfb-mobile-header-display":"","site-post-title":"","ast-breadcrumbs-content":"","ast-featured-img":"","footer-sml-layout":"","ast-disable-related-posts":"","theme-transparent-header-meta":"","adv-header-id-meta":"","stick-header-meta":"","header-above-stick-meta":"","header-main-stick-meta":"","header-below-stick-meta":"","astra-migrate-meta-layouts":"default","ast-page-background-enabled":"default","ast-page-background-meta":{"desktop":{"background-color":"","background-image":"","background-repeat":"repeat","background-position":"center center","background-size":"auto","background-attachment":"scroll","background-type":"","background-media":"","overlay-type":"","overlay-color":"","overlay-opacity":"","overlay-gradient":""},"tablet":{"background-color":"","background-image":"","background-repeat":"repeat","background-position":"center center","background-size":"auto","background-attachment":"scroll","background-type":"","background-media":"","overlay-type":"","overlay-color":"","overlay-opacity":"","overlay-gradient":""},"mobile":{"background-color":"","background-image":"","background-repeat":"repeat","background-position":"center center","background-size":"auto","background-attachment":"scroll","background-type":"","background-media":"","overlay-type":"","overlay-color":"","overlay-opacity":"","overlay-gradient":""}},"ast-content-background-meta":{"desktop":{"background-color":"var(--ast-global-color-5)","background-image":"","background-repeat":"repeat","background-position":"center center","background-size":"auto","background-attachment":"scroll","background-type":"","background-media":"","overlay-type":"","overlay-color":"","overlay-opacity":"","overlay-gradient":""},"tablet":{"background-color":"var(--ast-global-color-5)","background-image":"","background-repeat":"repeat","background-position":"center center","background-size":"auto","background-attachment":"scroll","background-type":"","background-media":"","overlay-type":"","overlay-color":"","overlay-opacity":"","overlay-gradient":""},"mobile":{"background-color":"var(--ast-global-color-5)","background-image":"","background-repeat":"repeat","background-position":"center center","background-size":"auto","background-attachment":"scroll","background-type":"","background-media":"","overlay-type":"","overlay-color":"","overlay-opacity":"","overlay-gradient":""}}},"product_brand":[],"product_cat":[432,17,436],"product_tag":[],"class_list":{"0":"post-5623","1":"product","2":"type-product","3":"status-publish","4":"has-post-thumbnail","6":"product_cat-jadalnia","7":"product_cat-produkty","8":"product_cat-szklanki-i-filizanki","9":"desktop-align-left","10":"tablet-align-left","11":"mobile-align-left","13":"first","14":"outofstock","15":"shipping-taxable","16":"purchasable","17":"product-type-simple"},"uagb_featured_image_src":{"full":["https:\/\/viallidesign.com\/wp-content\/uploads\/2024\/06\/2306202466782dd2c1447.jpeg",1392,762,false],"thumbnail":["https:\/\/viallidesign.com\/wp-content\/uploads\/2024\/06\/2306202466782dd2c1447-80x80.jpeg",80,80,true],"medium":["https:\/\/viallidesign.com\/wp-content\/uploads\/2024\/06\/2306202466782dd2c1447-300x164.jpeg",300,164,true],"medium_large":["https:\/\/viallidesign.com\/wp-content\/uploads\/2024\/06\/2306202466782dd2c1447-768x420.jpeg",768,420,true],"large":["https:\/\/viallidesign.com\/wp-content\/uploads\/2024\/06\/2306202466782dd2c1447-1024x561.jpeg",1024,561,true],"1536x1536":["https:\/\/viallidesign.com\/wp-content\/uploads\/2024\/06\/2306202466782dd2c1447.jpeg",1392,762,false],"2048x2048":["https:\/\/viallidesign.com\/wp-content\/uploads\/2024\/06\/2306202466782dd2c1447.jpeg",1392,762,false],"trp-custom-language-flag":["https:\/\/viallidesign.com\/wp-content\/uploads\/2024\/06\/2306202466782dd2c1447.jpeg",18,10,false],"woocommerce_thumbnail":["https:\/\/viallidesign.com\/wp-content\/uploads\/2024\/06\/2306202466782dd2c1447-600x328.jpeg",600,328,true],"woocommerce_single":["https:\/\/viallidesign.com\/wp-content\/uploads\/2024\/06\/2306202466782dd2c1447-1200x657.jpeg",1200,657,true],"woocommerce_gallery_thumbnail":["https:\/\/viallidesign.com\/wp-content\/uploads\/2024\/06\/2306202466782dd2c1447-100x100.jpeg",100,100,true],"dgwt-wcas-product-suggestion":["https:\/\/viallidesign.com\/wp-content\/uploads\/2024\/06\/2306202466782dd2c1447-64x35.jpeg",64,35,true]},"uagb_author_info":{"display_name":"viallidesign","author_link":"https:\/\/viallidesign.com\/en\/author\/"},"uagb_comment_info":0,"uagb_excerpt":"Unikatowy zestaw dw\u00f3ch, r\u0119cznie wykonanych fili\u017canek do espresso z podw\u00f3jn\u0105 \u015bciank\u0105 serii Amo, marki Vialli Design. Dzi\u0119ki zastosowaniu nowoczesnych materia\u0142\u00f3w oraz dzi\u0119ki specjalnej technice odpr\u0119\u017cania szk\u0142a po procesie rozdmuchiwania, fili\u017canki s\u0105 odporne na wszelakie matowienie w zmywarce oraz szok termiczny. Naczynie, dzi\u0119ki pustej przestrzeni mi\u0119dzy podw\u00f3jnymi \u015bciankami, nie tylko utrzymuje odpowiedni\u0105 temperatur\u0119 napoju na d\u0142u\u017cej,&hellip;","_links":{"self":[{"href":"https:\/\/viallidesign.com\/en\/wp-json\/wp\/v2\/product\/5623","targetHints":{"allow":["GET"]}}],"collection":[{"href":"https:\/\/viallidesign.com\/en\/wp-json\/wp\/v2\/product"}],"about":[{"href":"https:\/\/viallidesign.com\/en\/wp-json\/wp\/v2\/types\/product"}],"wp:featuredmedia":[{"embeddable":true,"href":"https:\/\/viallidesign.com\/en\/wp-json\/wp\/v2\/media\/5615"}],"wp:attachment":[{"href":"https:\/\/viallidesign.com\/en\/wp-json\/wp\/v2\/media?parent=5623"}],"wp:term":[{"taxonomy":"product_brand","embeddable":true,"href":"https:\/\/viallidesign.com\/en\/wp-json\/wp\/v2\/product_brand?post=5623"},{"taxonomy":"product_cat","embeddable":true,"href":"https:\/\/viallidesign.com\/en\/wp-json\/wp\/v2\/product_cat?post=5623"},{"taxonomy":"product_tag","embeddable":true,"href":"https:\/\/viallidesign.com\/en\/wp-json\/wp\/v2\/product_tag?post=5623"}],"curies":[{"name":"wp","href":"https:\/\/api.w.org\/{rel}","templated":true}]}}