{"id":5614,"date":"2024-06-23T16:14:42","date_gmt":"2024-06-23T14:14:42","guid":{"rendered":"https:\/\/vialliwp.ageno.work\/produkt\/szklanka-do-latte-z-podwojna-scianka-amo-320-ml-23024\/"},"modified":"2026-03-27T02:15:04","modified_gmt":"2026-03-27T01:15:04","slug":"szklanka-do-latte-z-podwojna-scianka-amo-320-ml-23024","status":"publish","type":"product","link":"https:\/\/viallidesign.com\/en\/product\/szklanka-do-latte-z-podwojna-scianka-amo-320-ml-23024\/","title":{"rendered":"Double-walled latte glass Amo 320 ml 23024"},"content":{"rendered":"<p><strong>Functional and elenant<\/strong>\u00a0glass from the series <strong>Amo<\/strong> for lattes by Vialli Design. The product has been made of <strong>highest quality borosilicate glass<\/strong>. The vessel, thanks to its double walls, not only <strong>keeps the beverage at the right temperature for longer, but also protects against scalding<\/strong>. We can hold it in our hand without fear, even when drinking hot tea or coffee. The glasses have <strong>ergonomic shape<\/strong>which prevents it from slipping out of your hand. Ideal for serving both <strong>hot and cold drinks<\/strong>, combines utility and aesthetic function.<\/p>\n<p class=\"gpsr-info\"><a href=\"https:\/\/kulig.com.pl\/gpsr\/\" target=\"_blank\" rel=\"noopener\">GPSR information<\/a><\/p>","protected":false},"excerpt":{"rendered":"<p>Funkcjonalna i elenancka\u00a0szklanka z serii Amo do latte marki Vialli Design. Produkt zosta\u0142 wykonany z najwy\u017cszej jako\u015bci szk\u0142a boro krzemowego. Naczynie, dzi\u0119ki podw\u00f3jnym \u015bciankom nie tylko utrzymuje odpowiedni\u0105 temperatur\u0119 napoju na d\u0142u\u017cej, ale te\u017c chroni przed poparzeniem.\u00a0Bez obaw mo\u017cemy trzyma\u0107 j\u0105 w d\u0142oni nawet, gdy pijemy gor\u0105c\u0105 herbat\u0119 czy kaw\u0119. Szklanki posiadaj\u0105 ergonomiczny kszta\u0142t, kt\u00f3ry [&hellip;]<\/p>","protected":false},"featured_media":5609,"template":"","meta":{"_uag_custom_page_level_css":"","site-sidebar-layout":"default","site-content-layout":"","ast-site-content-layout":"default","site-content-style":"default","site-sidebar-style":"default","ast-global-header-display":"","ast-banner-title-visibility":"","ast-main-header-display":"","ast-hfb-above-header-display":"","ast-hfb-below-header-display":"","ast-hfb-mobile-header-display":"","site-post-title":"","ast-breadcrumbs-content":"","ast-featured-img":"","footer-sml-layout":"","ast-disable-related-posts":"","theme-transparent-header-meta":"","adv-header-id-meta":"","stick-header-meta":"","header-above-stick-meta":"","header-main-stick-meta":"","header-below-stick-meta":"","astra-migrate-meta-layouts":"default","ast-page-background-enabled":"default","ast-page-background-meta":{"desktop":{"background-color":"","background-image":"","background-repeat":"repeat","background-position":"center center","background-size":"auto","background-attachment":"scroll","background-type":"","background-media":"","overlay-type":"","overlay-color":"","overlay-opacity":"","overlay-gradient":""},"tablet":{"background-color":"","background-image":"","background-repeat":"repeat","background-position":"center center","background-size":"auto","background-attachment":"scroll","background-type":"","background-media":"","overlay-type":"","overlay-color":"","overlay-opacity":"","overlay-gradient":""},"mobile":{"background-color":"","background-image":"","background-repeat":"repeat","background-position":"center center","background-size":"auto","background-attachment":"scroll","background-type":"","background-media":"","overlay-type":"","overlay-color":"","overlay-opacity":"","overlay-gradient":""}},"ast-content-background-meta":{"desktop":{"background-color":"var(--ast-global-color-5)","background-image":"","background-repeat":"repeat","background-position":"center center","background-size":"auto","background-attachment":"scroll","background-type":"","background-media":"","overlay-type":"","overlay-color":"","overlay-opacity":"","overlay-gradient":""},"tablet":{"background-color":"var(--ast-global-color-5)","background-image":"","background-repeat":"repeat","background-position":"center center","background-size":"auto","background-attachment":"scroll","background-type":"","background-media":"","overlay-type":"","overlay-color":"","overlay-opacity":"","overlay-gradient":""},"mobile":{"background-color":"var(--ast-global-color-5)","background-image":"","background-repeat":"repeat","background-position":"center center","background-size":"auto","background-attachment":"scroll","background-type":"","background-media":"","overlay-type":"","overlay-color":"","overlay-opacity":"","overlay-gradient":""}}},"product_brand":[],"product_cat":[432,17,436],"product_tag":[],"class_list":{"0":"post-5614","1":"product","2":"type-product","3":"status-publish","4":"has-post-thumbnail","6":"product_cat-jadalnia","7":"product_cat-produkty","8":"product_cat-szklanki-i-filizanki","9":"desktop-align-left","10":"tablet-align-left","11":"mobile-align-left","13":"first","14":"instock","15":"shipping-taxable","16":"purchasable","17":"product-type-simple"},"uagb_featured_image_src":{"full":["https:\/\/viallidesign.com\/wp-content\/uploads\/2024\/06\/2306202466782dd10fd2b.jpeg",805,1277,false],"thumbnail":["https:\/\/viallidesign.com\/wp-content\/uploads\/2024\/06\/2306202466782dd10fd2b-80x80.jpeg",80,80,true],"medium":["https:\/\/viallidesign.com\/wp-content\/uploads\/2024\/06\/2306202466782dd10fd2b-189x300.jpeg",189,300,true],"medium_large":["https:\/\/viallidesign.com\/wp-content\/uploads\/2024\/06\/2306202466782dd10fd2b-768x1218.jpeg",768,1218,true],"large":["https:\/\/viallidesign.com\/wp-content\/uploads\/2024\/06\/2306202466782dd10fd2b-646x1024.jpeg",646,1024,true],"1536x1536":["https:\/\/viallidesign.com\/wp-content\/uploads\/2024\/06\/2306202466782dd10fd2b.jpeg",805,1277,false],"2048x2048":["https:\/\/viallidesign.com\/wp-content\/uploads\/2024\/06\/2306202466782dd10fd2b.jpeg",805,1277,false],"trp-custom-language-flag":["https:\/\/viallidesign.com\/wp-content\/uploads\/2024\/06\/2306202466782dd10fd2b.jpeg",8,12,false],"woocommerce_thumbnail":["https:\/\/viallidesign.com\/wp-content\/uploads\/2024\/06\/2306202466782dd10fd2b-600x952.jpeg",600,952,true],"woocommerce_single":["https:\/\/viallidesign.com\/wp-content\/uploads\/2024\/06\/2306202466782dd10fd2b.jpeg",805,1277,false],"woocommerce_gallery_thumbnail":["https:\/\/viallidesign.com\/wp-content\/uploads\/2024\/06\/2306202466782dd10fd2b-100x100.jpeg",100,100,true],"dgwt-wcas-product-suggestion":["https:\/\/viallidesign.com\/wp-content\/uploads\/2024\/06\/2306202466782dd10fd2b-64x102.jpeg",64,102,true]},"uagb_author_info":{"display_name":"viallidesign","author_link":"https:\/\/viallidesign.com\/en\/author\/"},"uagb_comment_info":0,"uagb_excerpt":"Funkcjonalna i elenancka\u00a0szklanka z serii Amo do latte marki Vialli Design. Produkt zosta\u0142 wykonany z najwy\u017cszej jako\u015bci szk\u0142a boro krzemowego. Naczynie, dzi\u0119ki podw\u00f3jnym \u015bciankom nie tylko utrzymuje odpowiedni\u0105 temperatur\u0119 napoju na d\u0142u\u017cej, ale te\u017c chroni przed poparzeniem.\u00a0Bez obaw mo\u017cemy trzyma\u0107 j\u0105 w d\u0142oni nawet, gdy pijemy gor\u0105c\u0105 herbat\u0119 czy kaw\u0119. Szklanki posiadaj\u0105 ergonomiczny kszta\u0142t, kt\u00f3ry&hellip;","_links":{"self":[{"href":"https:\/\/viallidesign.com\/en\/wp-json\/wp\/v2\/product\/5614","targetHints":{"allow":["GET"]}}],"collection":[{"href":"https:\/\/viallidesign.com\/en\/wp-json\/wp\/v2\/product"}],"about":[{"href":"https:\/\/viallidesign.com\/en\/wp-json\/wp\/v2\/types\/product"}],"wp:featuredmedia":[{"embeddable":true,"href":"https:\/\/viallidesign.com\/en\/wp-json\/wp\/v2\/media\/5609"}],"wp:attachment":[{"href":"https:\/\/viallidesign.com\/en\/wp-json\/wp\/v2\/media?parent=5614"}],"wp:term":[{"taxonomy":"product_brand","embeddable":true,"href":"https:\/\/viallidesign.com\/en\/wp-json\/wp\/v2\/product_brand?post=5614"},{"taxonomy":"product_cat","embeddable":true,"href":"https:\/\/viallidesign.com\/en\/wp-json\/wp\/v2\/product_cat?post=5614"},{"taxonomy":"product_tag","embeddable":true,"href":"https:\/\/viallidesign.com\/en\/wp-json\/wp\/v2\/product_tag?post=5614"}],"curies":[{"name":"wp","href":"https:\/\/api.w.org\/{rel}","templated":true}]}}