{"id":5608,"date":"2024-06-23T16:14:41","date_gmt":"2024-06-23T14:14:41","guid":{"rendered":"https:\/\/vialliwp.ageno.work\/produkt\/szklanka-z-podwojna-scianka-amo-250-ml-20979\/"},"modified":"2026-03-27T02:15:04","modified_gmt":"2026-03-27T01:15:04","slug":"szklanka-z-podwojna-scianka-amo-250-ml-20979","status":"publish","type":"product","link":"https:\/\/viallidesign.com\/en\/product\/szklanka-z-podwojna-scianka-amo-250-ml-20979\/","title":{"rendered":"Amo double-walled glass 250 ml 20979"},"content":{"rendered":"<p><strong>Functional and classic glass<\/strong> from the Amo series by Vialli Design. The product was made of the highest quality boro-silicon glass, which is a <strong>extremely resistant to tarnishing in the dishwasher and to thermal shock<\/strong>. The vessel, thanks to <strong>double walls <\/strong> not only keeps the beverage at the right temperature for longer, but also<strong> protects against burns.<\/strong> An additional advantage is the visual effect because the drinks <strong>look exceptionally aesthetically pleasing in a glass. <\/strong>We can hold it in our hand without fear, even when drinking hot tea or coffee. The glasses have<strong> ergonomic shape<\/strong>which prevents the glass from slipping out of your hand, even if you are not holding the glass by the handle. Ideal for serving both hot and cold drinks.<\/p>\n<p class=\"gpsr-info\"><a href=\"https:\/\/kulig.com.pl\/gpsr\/\" target=\"_blank\" rel=\"noopener\">GPSR information<\/a><\/p>","protected":false},"excerpt":{"rendered":"<p>Funkcjonalna i klasyczna szklanka z serii Amo marki Vialli Design. Produkt zosta\u0142 wykonany z najwy\u017cszej jako\u015bci szk\u0142a boro &#8211; krzemowego, kt\u00f3re jest wyj\u0105tkowo odporne na matowienie w zmywarkach i szok termiczny. Naczynie, dzi\u0119ki podw\u00f3jnym \u015bciankom nie tylko utrzymuje odpowiedni\u0105 temperatur\u0119 napoju na d\u0142u\u017cej, ale te\u017c chroni przed poparzeniem. Dodatkowym atutem jest efekt wizualny poniewa\u017c napoje [&hellip;]<\/p>","protected":false},"featured_media":5598,"template":"","meta":{"_uag_custom_page_level_css":"","site-sidebar-layout":"default","site-content-layout":"","ast-site-content-layout":"default","site-content-style":"default","site-sidebar-style":"default","ast-global-header-display":"","ast-banner-title-visibility":"","ast-main-header-display":"","ast-hfb-above-header-display":"","ast-hfb-below-header-display":"","ast-hfb-mobile-header-display":"","site-post-title":"","ast-breadcrumbs-content":"","ast-featured-img":"","footer-sml-layout":"","ast-disable-related-posts":"","theme-transparent-header-meta":"","adv-header-id-meta":"","stick-header-meta":"","header-above-stick-meta":"","header-main-stick-meta":"","header-below-stick-meta":"","astra-migrate-meta-layouts":"default","ast-page-background-enabled":"default","ast-page-background-meta":{"desktop":{"background-color":"","background-image":"","background-repeat":"repeat","background-position":"center center","background-size":"auto","background-attachment":"scroll","background-type":"","background-media":"","overlay-type":"","overlay-color":"","overlay-opacity":"","overlay-gradient":""},"tablet":{"background-color":"","background-image":"","background-repeat":"repeat","background-position":"center center","background-size":"auto","background-attachment":"scroll","background-type":"","background-media":"","overlay-type":"","overlay-color":"","overlay-opacity":"","overlay-gradient":""},"mobile":{"background-color":"","background-image":"","background-repeat":"repeat","background-position":"center center","background-size":"auto","background-attachment":"scroll","background-type":"","background-media":"","overlay-type":"","overlay-color":"","overlay-opacity":"","overlay-gradient":""}},"ast-content-background-meta":{"desktop":{"background-color":"var(--ast-global-color-5)","background-image":"","background-repeat":"repeat","background-position":"center center","background-size":"auto","background-attachment":"scroll","background-type":"","background-media":"","overlay-type":"","overlay-color":"","overlay-opacity":"","overlay-gradient":""},"tablet":{"background-color":"var(--ast-global-color-5)","background-image":"","background-repeat":"repeat","background-position":"center center","background-size":"auto","background-attachment":"scroll","background-type":"","background-media":"","overlay-type":"","overlay-color":"","overlay-opacity":"","overlay-gradient":""},"mobile":{"background-color":"var(--ast-global-color-5)","background-image":"","background-repeat":"repeat","background-position":"center center","background-size":"auto","background-attachment":"scroll","background-type":"","background-media":"","overlay-type":"","overlay-color":"","overlay-opacity":"","overlay-gradient":""}}},"product_brand":[],"product_cat":[432,17,436],"product_tag":[],"class_list":{"0":"post-5608","1":"product","2":"type-product","3":"status-publish","4":"has-post-thumbnail","6":"product_cat-jadalnia","7":"product_cat-produkty","8":"product_cat-szklanki-i-filizanki","9":"desktop-align-left","10":"tablet-align-left","11":"mobile-align-left","13":"first","14":"instock","15":"shipping-taxable","16":"purchasable","17":"product-type-simple"},"uagb_featured_image_src":{"full":["https:\/\/viallidesign.com\/wp-content\/uploads\/2024\/06\/2306202466782dcdcf94f.jpeg",1392,1152,false],"thumbnail":["https:\/\/viallidesign.com\/wp-content\/uploads\/2024\/06\/2306202466782dcdcf94f-80x80.jpeg",80,80,true],"medium":["https:\/\/viallidesign.com\/wp-content\/uploads\/2024\/06\/2306202466782dcdcf94f-300x248.jpeg",300,248,true],"medium_large":["https:\/\/viallidesign.com\/wp-content\/uploads\/2024\/06\/2306202466782dcdcf94f-768x636.jpeg",768,636,true],"large":["https:\/\/viallidesign.com\/wp-content\/uploads\/2024\/06\/2306202466782dcdcf94f-1024x847.jpeg",1024,847,true],"1536x1536":["https:\/\/viallidesign.com\/wp-content\/uploads\/2024\/06\/2306202466782dcdcf94f.jpeg",1392,1152,false],"2048x2048":["https:\/\/viallidesign.com\/wp-content\/uploads\/2024\/06\/2306202466782dcdcf94f.jpeg",1392,1152,false],"trp-custom-language-flag":["https:\/\/viallidesign.com\/wp-content\/uploads\/2024\/06\/2306202466782dcdcf94f.jpeg",15,12,false],"woocommerce_thumbnail":["https:\/\/viallidesign.com\/wp-content\/uploads\/2024\/06\/2306202466782dcdcf94f-600x497.jpeg",600,497,true],"woocommerce_single":["https:\/\/viallidesign.com\/wp-content\/uploads\/2024\/06\/2306202466782dcdcf94f-1200x993.jpeg",1200,993,true],"woocommerce_gallery_thumbnail":["https:\/\/viallidesign.com\/wp-content\/uploads\/2024\/06\/2306202466782dcdcf94f-100x100.jpeg",100,100,true],"dgwt-wcas-product-suggestion":["https:\/\/viallidesign.com\/wp-content\/uploads\/2024\/06\/2306202466782dcdcf94f-64x53.jpeg",64,53,true]},"uagb_author_info":{"display_name":"viallidesign","author_link":"https:\/\/viallidesign.com\/en\/author\/"},"uagb_comment_info":0,"uagb_excerpt":"Funkcjonalna i klasyczna szklanka z serii Amo marki Vialli Design. Produkt zosta\u0142 wykonany z najwy\u017cszej jako\u015bci szk\u0142a boro &#8211; krzemowego, kt\u00f3re jest wyj\u0105tkowo odporne na matowienie w zmywarkach i szok termiczny. Naczynie, dzi\u0119ki podw\u00f3jnym \u015bciankom nie tylko utrzymuje odpowiedni\u0105 temperatur\u0119 napoju na d\u0142u\u017cej, ale te\u017c chroni przed poparzeniem. Dodatkowym atutem jest efekt wizualny poniewa\u017c napoje&hellip;","_links":{"self":[{"href":"https:\/\/viallidesign.com\/en\/wp-json\/wp\/v2\/product\/5608","targetHints":{"allow":["GET"]}}],"collection":[{"href":"https:\/\/viallidesign.com\/en\/wp-json\/wp\/v2\/product"}],"about":[{"href":"https:\/\/viallidesign.com\/en\/wp-json\/wp\/v2\/types\/product"}],"wp:featuredmedia":[{"embeddable":true,"href":"https:\/\/viallidesign.com\/en\/wp-json\/wp\/v2\/media\/5598"}],"wp:attachment":[{"href":"https:\/\/viallidesign.com\/en\/wp-json\/wp\/v2\/media?parent=5608"}],"wp:term":[{"taxonomy":"product_brand","embeddable":true,"href":"https:\/\/viallidesign.com\/en\/wp-json\/wp\/v2\/product_brand?post=5608"},{"taxonomy":"product_cat","embeddable":true,"href":"https:\/\/viallidesign.com\/en\/wp-json\/wp\/v2\/product_cat?post=5608"},{"taxonomy":"product_tag","embeddable":true,"href":"https:\/\/viallidesign.com\/en\/wp-json\/wp\/v2\/product_tag?post=5608"}],"curies":[{"name":"wp","href":"https:\/\/api.w.org\/{rel}","templated":true}]}}