{"id":5597,"date":"2024-06-23T16:14:37","date_gmt":"2024-06-23T14:14:37","guid":{"rendered":"https:\/\/vialliwp.ageno.work\/produkt\/ugniatacz-do-ziemniakow-colori-niebieski-30720\/"},"modified":"2026-03-27T02:15:04","modified_gmt":"2026-03-27T01:15:04","slug":"ugniatacz-do-ziemniakow-colori-niebieski-30720","status":"publish","type":"product","link":"https:\/\/viallidesign.com\/en\/product\/ugniatacz-do-ziemniakow-colori-niebieski-30720\/","title":{"rendered":"Colori blue potato masher 30720"},"content":{"rendered":"<p><b>Lightweight, convenient and handy potato masher<\/b> Colori by Vialli Design, was created to <b>effectively and quickly facilitate the preparation of<\/b> potatoes to serve on the plate. Its <b>shape and contoured handle<\/b> make it comfortable to use and very <b>easy to clean.<\/b> Complementing the entire Colori range, it makes a beautiful stand, a stand for the rest of the kitchen accessories. The kneader is made of <b>high quality nylon<\/b> and can withstand temperatures of up to <b>210 degrees Celsius.<\/b> <\/p>\n<p>The product is dishwasher safe.  <\/p>\n<p class=\"gpsr-info\"><a href=\"https:\/\/kulig.com.pl\/gpsr\/\" target=\"_blank\" rel=\"noopener\">GPSR information<\/a><\/p>","protected":false},"excerpt":{"rendered":"<p>Lekki, wygodny i por\u0119czny ugniatacz do ziemniak\u00f3w Colori marki Vialli Design, zosta\u0142 stworzony by skutecznie i szybko u\u0142atwi\u0107 przygotowanie ziemniak\u00f3w do podania na talerz. Jego kszta\u0142t i wyprofilowana r\u0105czka sprawiaj\u0105, \u017ce jest wygodny w u\u017cyciu i bardzo \u0142atwy w utrzymaniu czysto\u015bci. Jako dope\u0142nienie ca\u0142ej linii Colori stanowi pi\u0119kny stojak, podstawk\u0119 do reszty akcesori\u00f3w kuchennych. Ugniatacz [&hellip;]<\/p>","protected":false},"featured_media":5593,"template":"","meta":{"_uag_custom_page_level_css":"","site-sidebar-layout":"default","site-content-layout":"","ast-site-content-layout":"default","site-content-style":"default","site-sidebar-style":"default","ast-global-header-display":"","ast-banner-title-visibility":"","ast-main-header-display":"","ast-hfb-above-header-display":"","ast-hfb-below-header-display":"","ast-hfb-mobile-header-display":"","site-post-title":"","ast-breadcrumbs-content":"","ast-featured-img":"","footer-sml-layout":"","ast-disable-related-posts":"","theme-transparent-header-meta":"","adv-header-id-meta":"","stick-header-meta":"","header-above-stick-meta":"","header-main-stick-meta":"","header-below-stick-meta":"","astra-migrate-meta-layouts":"default","ast-page-background-enabled":"default","ast-page-background-meta":{"desktop":{"background-color":"","background-image":"","background-repeat":"repeat","background-position":"center center","background-size":"auto","background-attachment":"scroll","background-type":"","background-media":"","overlay-type":"","overlay-color":"","overlay-opacity":"","overlay-gradient":""},"tablet":{"background-color":"","background-image":"","background-repeat":"repeat","background-position":"center center","background-size":"auto","background-attachment":"scroll","background-type":"","background-media":"","overlay-type":"","overlay-color":"","overlay-opacity":"","overlay-gradient":""},"mobile":{"background-color":"","background-image":"","background-repeat":"repeat","background-position":"center center","background-size":"auto","background-attachment":"scroll","background-type":"","background-media":"","overlay-type":"","overlay-color":"","overlay-opacity":"","overlay-gradient":""}},"ast-content-background-meta":{"desktop":{"background-color":"var(--ast-global-color-5)","background-image":"","background-repeat":"repeat","background-position":"center center","background-size":"auto","background-attachment":"scroll","background-type":"","background-media":"","overlay-type":"","overlay-color":"","overlay-opacity":"","overlay-gradient":""},"tablet":{"background-color":"var(--ast-global-color-5)","background-image":"","background-repeat":"repeat","background-position":"center center","background-size":"auto","background-attachment":"scroll","background-type":"","background-media":"","overlay-type":"","overlay-color":"","overlay-opacity":"","overlay-gradient":""},"mobile":{"background-color":"var(--ast-global-color-5)","background-image":"","background-repeat":"repeat","background-position":"center center","background-size":"auto","background-attachment":"scroll","background-type":"","background-media":"","overlay-type":"","overlay-color":"","overlay-opacity":"","overlay-gradient":""}}},"product_brand":[],"product_cat":[433,434,17],"product_tag":[],"class_list":{"0":"post-5597","1":"product","2":"type-product","3":"status-publish","4":"has-post-thumbnail","6":"product_cat-kuchnia","7":"product_cat-akcesoria-kuchenne","8":"product_cat-produkty","9":"desktop-align-left","10":"tablet-align-left","11":"mobile-align-left","13":"first","14":"instock","15":"sale","16":"shipping-taxable","17":"purchasable","18":"product-type-simple"},"uagb_featured_image_src":{"full":["https:\/\/viallidesign.com\/wp-content\/uploads\/2024\/06\/2306202466782dcd5e648.jpeg",500,1305,false],"thumbnail":["https:\/\/viallidesign.com\/wp-content\/uploads\/2024\/06\/2306202466782dcd5e648-80x80.jpeg",80,80,true],"medium":["https:\/\/viallidesign.com\/wp-content\/uploads\/2024\/06\/2306202466782dcd5e648-115x300.jpeg",115,300,true],"medium_large":["https:\/\/viallidesign.com\/wp-content\/uploads\/2024\/06\/2306202466782dcd5e648.jpeg",500,1305,false],"large":["https:\/\/viallidesign.com\/wp-content\/uploads\/2024\/06\/2306202466782dcd5e648-392x1024.jpeg",392,1024,true],"1536x1536":["https:\/\/viallidesign.com\/wp-content\/uploads\/2024\/06\/2306202466782dcd5e648.jpeg",500,1305,false],"2048x2048":["https:\/\/viallidesign.com\/wp-content\/uploads\/2024\/06\/2306202466782dcd5e648.jpeg",500,1305,false],"trp-custom-language-flag":["https:\/\/viallidesign.com\/wp-content\/uploads\/2024\/06\/2306202466782dcd5e648.jpeg",5,12,false],"woocommerce_thumbnail":["https:\/\/viallidesign.com\/wp-content\/uploads\/2024\/06\/2306202466782dcd5e648.jpeg",500,1305,false],"woocommerce_single":["https:\/\/viallidesign.com\/wp-content\/uploads\/2024\/06\/2306202466782dcd5e648.jpeg",500,1305,false],"woocommerce_gallery_thumbnail":["https:\/\/viallidesign.com\/wp-content\/uploads\/2024\/06\/2306202466782dcd5e648-100x100.jpeg",100,100,true],"dgwt-wcas-product-suggestion":["https:\/\/viallidesign.com\/wp-content\/uploads\/2024\/06\/2306202466782dcd5e648-64x167.jpeg",64,167,true]},"uagb_author_info":{"display_name":"viallidesign","author_link":"https:\/\/viallidesign.com\/en\/author\/"},"uagb_comment_info":0,"uagb_excerpt":"Lekki, wygodny i por\u0119czny ugniatacz do ziemniak\u00f3w Colori marki Vialli Design, zosta\u0142 stworzony by skutecznie i szybko u\u0142atwi\u0107 przygotowanie ziemniak\u00f3w do podania na talerz. Jego kszta\u0142t i wyprofilowana r\u0105czka sprawiaj\u0105, \u017ce jest wygodny w u\u017cyciu i bardzo \u0142atwy w utrzymaniu czysto\u015bci. Jako dope\u0142nienie ca\u0142ej linii Colori stanowi pi\u0119kny stojak, podstawk\u0119 do reszty akcesori\u00f3w kuchennych. Ugniatacz&hellip;","_links":{"self":[{"href":"https:\/\/viallidesign.com\/en\/wp-json\/wp\/v2\/product\/5597","targetHints":{"allow":["GET"]}}],"collection":[{"href":"https:\/\/viallidesign.com\/en\/wp-json\/wp\/v2\/product"}],"about":[{"href":"https:\/\/viallidesign.com\/en\/wp-json\/wp\/v2\/types\/product"}],"wp:featuredmedia":[{"embeddable":true,"href":"https:\/\/viallidesign.com\/en\/wp-json\/wp\/v2\/media\/5593"}],"wp:attachment":[{"href":"https:\/\/viallidesign.com\/en\/wp-json\/wp\/v2\/media?parent=5597"}],"wp:term":[{"taxonomy":"product_brand","embeddable":true,"href":"https:\/\/viallidesign.com\/en\/wp-json\/wp\/v2\/product_brand?post=5597"},{"taxonomy":"product_cat","embeddable":true,"href":"https:\/\/viallidesign.com\/en\/wp-json\/wp\/v2\/product_cat?post=5597"},{"taxonomy":"product_tag","embeddable":true,"href":"https:\/\/viallidesign.com\/en\/wp-json\/wp\/v2\/product_tag?post=5597"}],"curies":[{"name":"wp","href":"https:\/\/api.w.org\/{rel}","templated":true}]}}