{"id":5592,"date":"2024-06-23T16:14:37","date_gmt":"2024-06-23T14:14:37","guid":{"rendered":"https:\/\/vialliwp.ageno.work\/produkt\/lyzka-do-spaghetti-colori-fioletowa-30713\/"},"modified":"2026-03-27T02:15:04","modified_gmt":"2026-03-27T01:15:04","slug":"lyzka-do-spaghetti-colori-fioletowa-30713","status":"publish","type":"product","link":"https:\/\/viallidesign.com\/en\/product\/lyzka-do-spaghetti-colori-fioletowa-30713\/","title":{"rendered":"Colori spaghetti spoon purple 30713"},"content":{"rendered":"<p><b>Practical and functional spaghetti spoon<\/b> Colori by Vialli Design, was made of <b>high-quality nylon.<\/b> which can withstand temperatures of up to 210 degrees Celsius. Thanks to <b>the contoured handle is very comfortable to use<\/b> and precisely scoops up the spaghetti noodles. The edges of the spoon are modelled so that you can <b>thoroughly scoop<\/b> and small and large portions of pasta without fear of something falling off. It forms a set with the rest of the accessories from the Colori series and elegantly presents itself on a stand combined from these pieces.<br \/>\nDishwasher safe.  <\/p>\n<p class=\"gpsr-info\"><a href=\"https:\/\/kulig.com.pl\/gpsr\/\" target=\"_blank\" rel=\"noopener\">GPSR information<\/a><\/p>","protected":false},"excerpt":{"rendered":"<p>Praktyczna i funkcjonalna \u0142y\u017cka do spaghetti Colori marki Vialli Design, zosta\u0142a wykonana z wysokiej jako\u015bci nylonu. kt\u00f3ry wytrzymuje temperatury do 210 stopni Celsjusza. Dzi\u0119ki wyprofilowanej r\u0105czce jest bardzo wygodna w u\u017cyciu i precyzyjnie nabiera makaron spaghetti. Brzegi \u0142y\u017cki s\u0105 tak wymodelowane by mo\u017cna by\u0142o dok\u0142adnie nabiera\u0107 i ma\u0142e i du\u017ce porcje makaronu bez obawy, \u017ce [&hellip;]<\/p>","protected":false},"featured_media":5588,"template":"","meta":{"_uag_custom_page_level_css":"","site-sidebar-layout":"default","site-content-layout":"","ast-site-content-layout":"default","site-content-style":"default","site-sidebar-style":"default","ast-global-header-display":"","ast-banner-title-visibility":"","ast-main-header-display":"","ast-hfb-above-header-display":"","ast-hfb-below-header-display":"","ast-hfb-mobile-header-display":"","site-post-title":"","ast-breadcrumbs-content":"","ast-featured-img":"","footer-sml-layout":"","ast-disable-related-posts":"","theme-transparent-header-meta":"default","adv-header-id-meta":"","stick-header-meta":"","header-above-stick-meta":"","header-main-stick-meta":"","header-below-stick-meta":"","astra-migrate-meta-layouts":"set","ast-page-background-enabled":"default","ast-page-background-meta":{"desktop":{"background-color":"","background-image":"","background-repeat":"repeat","background-position":"center center","background-size":"auto","background-attachment":"scroll","background-type":"","background-media":"","overlay-type":"","overlay-color":"","overlay-opacity":"","overlay-gradient":""},"tablet":{"background-color":"","background-image":"","background-repeat":"repeat","background-position":"center center","background-size":"auto","background-attachment":"scroll","background-type":"","background-media":"","overlay-type":"","overlay-color":"","overlay-opacity":"","overlay-gradient":""},"mobile":{"background-color":"","background-image":"","background-repeat":"repeat","background-position":"center center","background-size":"auto","background-attachment":"scroll","background-type":"","background-media":"","overlay-type":"","overlay-color":"","overlay-opacity":"","overlay-gradient":""}},"ast-content-background-meta":{"desktop":{"background-color":"var(--ast-global-color-5)","background-image":"","background-repeat":"repeat","background-position":"center center","background-size":"auto","background-attachment":"scroll","background-type":"","background-media":"","overlay-type":"","overlay-color":"","overlay-opacity":"","overlay-gradient":""},"tablet":{"background-color":"var(--ast-global-color-5)","background-image":"","background-repeat":"repeat","background-position":"center center","background-size":"auto","background-attachment":"scroll","background-type":"","background-media":"","overlay-type":"","overlay-color":"","overlay-opacity":"","overlay-gradient":""},"mobile":{"background-color":"var(--ast-global-color-5)","background-image":"","background-repeat":"repeat","background-position":"center center","background-size":"auto","background-attachment":"scroll","background-type":"","background-media":"","overlay-type":"","overlay-color":"","overlay-opacity":"","overlay-gradient":""}}},"product_brand":[],"product_cat":[433,434,17],"product_tag":[],"class_list":{"0":"post-5592","1":"product","2":"type-product","3":"status-publish","4":"has-post-thumbnail","6":"product_cat-kuchnia","7":"product_cat-akcesoria-kuchenne","8":"product_cat-produkty","9":"desktop-align-left","10":"tablet-align-left","11":"mobile-align-left","13":"first","14":"instock","15":"sale","16":"shipping-taxable","17":"purchasable","18":"product-type-simple"},"uagb_featured_image_src":{"full":["https:\/\/viallidesign.com\/wp-content\/uploads\/2024\/06\/2306202466782dcceab91.jpeg",500,1433,false],"thumbnail":["https:\/\/viallidesign.com\/wp-content\/uploads\/2024\/06\/2306202466782dcceab91-80x80.jpeg",80,80,true],"medium":["https:\/\/viallidesign.com\/wp-content\/uploads\/2024\/06\/2306202466782dcceab91-105x300.jpeg",105,300,true],"medium_large":["https:\/\/viallidesign.com\/wp-content\/uploads\/2024\/06\/2306202466782dcceab91.jpeg",500,1433,false],"large":["https:\/\/viallidesign.com\/wp-content\/uploads\/2024\/06\/2306202466782dcceab91-357x1024.jpeg",357,1024,true],"1536x1536":["https:\/\/viallidesign.com\/wp-content\/uploads\/2024\/06\/2306202466782dcceab91.jpeg",500,1433,false],"2048x2048":["https:\/\/viallidesign.com\/wp-content\/uploads\/2024\/06\/2306202466782dcceab91.jpeg",500,1433,false],"trp-custom-language-flag":["https:\/\/viallidesign.com\/wp-content\/uploads\/2024\/06\/2306202466782dcceab91.jpeg",4,12,false],"woocommerce_thumbnail":["https:\/\/viallidesign.com\/wp-content\/uploads\/2024\/06\/2306202466782dcceab91.jpeg",500,1433,false],"woocommerce_single":["https:\/\/viallidesign.com\/wp-content\/uploads\/2024\/06\/2306202466782dcceab91.jpeg",500,1433,false],"woocommerce_gallery_thumbnail":["https:\/\/viallidesign.com\/wp-content\/uploads\/2024\/06\/2306202466782dcceab91-100x100.jpeg",100,100,true],"dgwt-wcas-product-suggestion":["https:\/\/viallidesign.com\/wp-content\/uploads\/2024\/06\/2306202466782dcceab91-64x183.jpeg",64,183,true]},"uagb_author_info":{"display_name":"viallidesign","author_link":"https:\/\/viallidesign.com\/en\/author\/"},"uagb_comment_info":0,"uagb_excerpt":"Praktyczna i funkcjonalna \u0142y\u017cka do spaghetti Colori marki Vialli Design, zosta\u0142a wykonana z wysokiej jako\u015bci nylonu. kt\u00f3ry wytrzymuje temperatury do 210 stopni Celsjusza. Dzi\u0119ki wyprofilowanej r\u0105czce jest bardzo wygodna w u\u017cyciu i precyzyjnie nabiera makaron spaghetti. Brzegi \u0142y\u017cki s\u0105 tak wymodelowane by mo\u017cna by\u0142o dok\u0142adnie nabiera\u0107 i ma\u0142e i du\u017ce porcje makaronu bez obawy, \u017ce&hellip;","_links":{"self":[{"href":"https:\/\/viallidesign.com\/en\/wp-json\/wp\/v2\/product\/5592","targetHints":{"allow":["GET"]}}],"collection":[{"href":"https:\/\/viallidesign.com\/en\/wp-json\/wp\/v2\/product"}],"about":[{"href":"https:\/\/viallidesign.com\/en\/wp-json\/wp\/v2\/types\/product"}],"wp:featuredmedia":[{"embeddable":true,"href":"https:\/\/viallidesign.com\/en\/wp-json\/wp\/v2\/media\/5588"}],"wp:attachment":[{"href":"https:\/\/viallidesign.com\/en\/wp-json\/wp\/v2\/media?parent=5592"}],"wp:term":[{"taxonomy":"product_brand","embeddable":true,"href":"https:\/\/viallidesign.com\/en\/wp-json\/wp\/v2\/product_brand?post=5592"},{"taxonomy":"product_cat","embeddable":true,"href":"https:\/\/viallidesign.com\/en\/wp-json\/wp\/v2\/product_cat?post=5592"},{"taxonomy":"product_tag","embeddable":true,"href":"https:\/\/viallidesign.com\/en\/wp-json\/wp\/v2\/product_tag?post=5592"}],"curies":[{"name":"wp","href":"https:\/\/api.w.org\/{rel}","templated":true}]}}