{"id":5587,"date":"2024-06-23T16:14:36","date_gmt":"2024-06-23T14:14:36","guid":{"rendered":"https:\/\/vialliwp.ageno.work\/produkt\/lyzka-colori-pomaranczowa-30690\/"},"modified":"2026-03-27T02:15:04","modified_gmt":"2026-03-27T01:15:04","slug":"lyzka-colori-pomaranczowa-30690","status":"publish","type":"product","link":"https:\/\/viallidesign.com\/en\/product\/lyzka-colori-pomaranczowa-30690\/","title":{"rendered":"Colori spoon orange 30690"},"content":{"rendered":"<p><b>Lightweight, comfortable and handy<\/b> The Colori spoon by Vialli Design is <b>an indispensable tool <\/b>every lady of the house.  The spoon has been made of <b>high quality nylon<\/b>which can be used up to 210 degrees Celsius. Ideally suited <b>to mix, sample or apply<\/b>sauces, soups or creams. Can be used on all types of pans without fear of damaging the surface of the cookware.<br \/>\nDishwasher safe.  <\/p>\n<p class=\"gpsr-info\"><a href=\"https:\/\/kulig.com.pl\/gpsr\/\" target=\"_blank\" rel=\"noopener\">GPSR information<\/a><\/p>","protected":false},"excerpt":{"rendered":"<p>Lekka, wygodna i por\u0119czna \u0142y\u017cka Colori marki Vialli Design jest niezast\u0105pionym narz\u0119dziem ka\u017cdej Pani domu. \u0141y\u017cka zosta\u0142a wykonana z wysokiej jako\u015bci nylonu, kt\u00f3ry mo\u017cna u\u017cywa\u0107 nawet do temperatury 210 stopni Celsjusza. Idealnie nadaje si\u0119 do mieszania, pr\u00f3bowania czy nak\u0142adania, warzyw sos\u00f3w, zup czy krem\u00f3w. Mo\u017cna u\u017cywa\u0107 na wszystkich rodzajach patelni, bez obaw, \u017ce uszkodz\u0105 one [&hellip;]<\/p>","protected":false},"featured_media":5581,"template":"","meta":{"_uag_custom_page_level_css":"","site-sidebar-layout":"default","site-content-layout":"","ast-site-content-layout":"default","site-content-style":"default","site-sidebar-style":"default","ast-global-header-display":"","ast-banner-title-visibility":"","ast-main-header-display":"","ast-hfb-above-header-display":"","ast-hfb-below-header-display":"","ast-hfb-mobile-header-display":"","site-post-title":"","ast-breadcrumbs-content":"","ast-featured-img":"","footer-sml-layout":"","ast-disable-related-posts":"","theme-transparent-header-meta":"","adv-header-id-meta":"","stick-header-meta":"","header-above-stick-meta":"","header-main-stick-meta":"","header-below-stick-meta":"","astra-migrate-meta-layouts":"default","ast-page-background-enabled":"default","ast-page-background-meta":{"desktop":{"background-color":"","background-image":"","background-repeat":"repeat","background-position":"center center","background-size":"auto","background-attachment":"scroll","background-type":"","background-media":"","overlay-type":"","overlay-color":"","overlay-opacity":"","overlay-gradient":""},"tablet":{"background-color":"","background-image":"","background-repeat":"repeat","background-position":"center center","background-size":"auto","background-attachment":"scroll","background-type":"","background-media":"","overlay-type":"","overlay-color":"","overlay-opacity":"","overlay-gradient":""},"mobile":{"background-color":"","background-image":"","background-repeat":"repeat","background-position":"center center","background-size":"auto","background-attachment":"scroll","background-type":"","background-media":"","overlay-type":"","overlay-color":"","overlay-opacity":"","overlay-gradient":""}},"ast-content-background-meta":{"desktop":{"background-color":"var(--ast-global-color-5)","background-image":"","background-repeat":"repeat","background-position":"center center","background-size":"auto","background-attachment":"scroll","background-type":"","background-media":"","overlay-type":"","overlay-color":"","overlay-opacity":"","overlay-gradient":""},"tablet":{"background-color":"var(--ast-global-color-5)","background-image":"","background-repeat":"repeat","background-position":"center center","background-size":"auto","background-attachment":"scroll","background-type":"","background-media":"","overlay-type":"","overlay-color":"","overlay-opacity":"","overlay-gradient":""},"mobile":{"background-color":"var(--ast-global-color-5)","background-image":"","background-repeat":"repeat","background-position":"center center","background-size":"auto","background-attachment":"scroll","background-type":"","background-media":"","overlay-type":"","overlay-color":"","overlay-opacity":"","overlay-gradient":""}}},"product_brand":[],"product_cat":[433,434,17],"product_tag":[],"class_list":{"0":"post-5587","1":"product","2":"type-product","3":"status-publish","4":"has-post-thumbnail","6":"product_cat-kuchnia","7":"product_cat-akcesoria-kuchenne","8":"product_cat-produkty","9":"desktop-align-left","10":"tablet-align-left","11":"mobile-align-left","13":"first","14":"instock","15":"sale","16":"shipping-taxable","17":"purchasable","18":"product-type-simple"},"uagb_featured_image_src":{"full":["https:\/\/viallidesign.com\/wp-content\/uploads\/2024\/06\/2306202466782dcc55d5d.jpeg",500,1233,false],"thumbnail":["https:\/\/viallidesign.com\/wp-content\/uploads\/2024\/06\/2306202466782dcc55d5d-80x80.jpeg",80,80,true],"medium":["https:\/\/viallidesign.com\/wp-content\/uploads\/2024\/06\/2306202466782dcc55d5d-122x300.jpeg",122,300,true],"medium_large":["https:\/\/viallidesign.com\/wp-content\/uploads\/2024\/06\/2306202466782dcc55d5d.jpeg",500,1233,false],"large":["https:\/\/viallidesign.com\/wp-content\/uploads\/2024\/06\/2306202466782dcc55d5d-415x1024.jpeg",415,1024,true],"1536x1536":["https:\/\/viallidesign.com\/wp-content\/uploads\/2024\/06\/2306202466782dcc55d5d.jpeg",500,1233,false],"2048x2048":["https:\/\/viallidesign.com\/wp-content\/uploads\/2024\/06\/2306202466782dcc55d5d.jpeg",500,1233,false],"trp-custom-language-flag":["https:\/\/viallidesign.com\/wp-content\/uploads\/2024\/06\/2306202466782dcc55d5d.jpeg",5,12,false],"woocommerce_thumbnail":["https:\/\/viallidesign.com\/wp-content\/uploads\/2024\/06\/2306202466782dcc55d5d.jpeg",500,1233,false],"woocommerce_single":["https:\/\/viallidesign.com\/wp-content\/uploads\/2024\/06\/2306202466782dcc55d5d.jpeg",500,1233,false],"woocommerce_gallery_thumbnail":["https:\/\/viallidesign.com\/wp-content\/uploads\/2024\/06\/2306202466782dcc55d5d-100x100.jpeg",100,100,true],"dgwt-wcas-product-suggestion":["https:\/\/viallidesign.com\/wp-content\/uploads\/2024\/06\/2306202466782dcc55d5d-64x158.jpeg",64,158,true]},"uagb_author_info":{"display_name":"viallidesign","author_link":"https:\/\/viallidesign.com\/en\/author\/"},"uagb_comment_info":0,"uagb_excerpt":"Lekka, wygodna i por\u0119czna \u0142y\u017cka Colori marki Vialli Design jest niezast\u0105pionym narz\u0119dziem ka\u017cdej Pani domu. \u0141y\u017cka zosta\u0142a wykonana z wysokiej jako\u015bci nylonu, kt\u00f3ry mo\u017cna u\u017cywa\u0107 nawet do temperatury 210 stopni Celsjusza. Idealnie nadaje si\u0119 do mieszania, pr\u00f3bowania czy nak\u0142adania, warzyw sos\u00f3w, zup czy krem\u00f3w. Mo\u017cna u\u017cywa\u0107 na wszystkich rodzajach patelni, bez obaw, \u017ce uszkodz\u0105 one&hellip;","_links":{"self":[{"href":"https:\/\/viallidesign.com\/en\/wp-json\/wp\/v2\/product\/5587","targetHints":{"allow":["GET"]}}],"collection":[{"href":"https:\/\/viallidesign.com\/en\/wp-json\/wp\/v2\/product"}],"about":[{"href":"https:\/\/viallidesign.com\/en\/wp-json\/wp\/v2\/types\/product"}],"wp:featuredmedia":[{"embeddable":true,"href":"https:\/\/viallidesign.com\/en\/wp-json\/wp\/v2\/media\/5581"}],"wp:attachment":[{"href":"https:\/\/viallidesign.com\/en\/wp-json\/wp\/v2\/media?parent=5587"}],"wp:term":[{"taxonomy":"product_brand","embeddable":true,"href":"https:\/\/viallidesign.com\/en\/wp-json\/wp\/v2\/product_brand?post=5587"},{"taxonomy":"product_cat","embeddable":true,"href":"https:\/\/viallidesign.com\/en\/wp-json\/wp\/v2\/product_cat?post=5587"},{"taxonomy":"product_tag","embeddable":true,"href":"https:\/\/viallidesign.com\/en\/wp-json\/wp\/v2\/product_tag?post=5587"}],"curies":[{"name":"wp","href":"https:\/\/api.w.org\/{rel}","templated":true}]}}