{"id":5580,"date":"2024-06-23T16:14:36","date_gmt":"2024-06-23T14:14:36","guid":{"rendered":"https:\/\/vialliwp.ageno.work\/produkt\/szklanka-do-piwa-z-podwojna-scianka-amo-350-ml-20313\/"},"modified":"2026-03-27T02:15:04","modified_gmt":"2026-03-27T01:15:04","slug":"szklanka-do-piwa-z-podwojna-scianka-amo-350-ml-20313","status":"publish","type":"product","link":"https:\/\/viallidesign.com\/en\/product\/szklanka-do-piwa-z-podwojna-scianka-amo-350-ml-20313\/","title":{"rendered":"Beer glass with double wall Amo 350 ml 20313"},"content":{"rendered":"<p>A functional beer glass from the Amo series by Vialli Design. The product was made <strong>handmade from the highest quality glass<\/strong> borosilicate. The vessel, thanks to its double walls <strong>maintains the right temperature<\/strong> drink for longer. The glass has an ergonomic shape that prevents it from slipping out of hand. The design is noteworthy, resembling an upturned beer bottle. Thanks to its elegant packaging, the glass is suitable as a gift.<\/p>\n<p class=\"gpsr-info\"><a href=\"https:\/\/kulig.com.pl\/gpsr\/\" target=\"_blank\" rel=\"noopener\">GPSR information<\/a><\/p>","protected":false},"excerpt":{"rendered":"<p>Funkcjonalna szklanka do piwa z serii Amo marki Vialli Design. Produkt zosta\u0142 wykonany r\u0119cznie z najwy\u017cszej jako\u015bci szk\u0142a borokrzemowego. Naczynie, dzi\u0119ki podw\u00f3jnym \u015bciankom utrzymuje odpowiedni\u0105 temperatur\u0119 napoju na d\u0142u\u017cej. Szklanka posiada ergonomiczny kszta\u0142t, kt\u00f3ry zapobiega wy\u015blizgni\u0119ciu si\u0119 z r\u0119ki. Na uwag\u0119 zas\u0142uguje design, przypominaj\u0105cy odwr\u00f3con\u0105 butelk\u0119 piwa. Dzi\u0119ki eleganckiemu opakowaniu, szklanka nadaje si\u0119 na prezent. [&hellip;]<\/p>","protected":false},"featured_media":5573,"template":"","meta":{"_uag_custom_page_level_css":"","site-sidebar-layout":"default","site-content-layout":"","ast-site-content-layout":"default","site-content-style":"default","site-sidebar-style":"default","ast-global-header-display":"","ast-banner-title-visibility":"","ast-main-header-display":"","ast-hfb-above-header-display":"","ast-hfb-below-header-display":"","ast-hfb-mobile-header-display":"","site-post-title":"","ast-breadcrumbs-content":"","ast-featured-img":"","footer-sml-layout":"","ast-disable-related-posts":"","theme-transparent-header-meta":"default","adv-header-id-meta":"","stick-header-meta":"","header-above-stick-meta":"","header-main-stick-meta":"","header-below-stick-meta":"","astra-migrate-meta-layouts":"set","ast-page-background-enabled":"default","ast-page-background-meta":{"desktop":{"background-color":"","background-image":"","background-repeat":"repeat","background-position":"center center","background-size":"auto","background-attachment":"scroll","background-type":"","background-media":"","overlay-type":"","overlay-color":"","overlay-opacity":"","overlay-gradient":""},"tablet":{"background-color":"","background-image":"","background-repeat":"repeat","background-position":"center center","background-size":"auto","background-attachment":"scroll","background-type":"","background-media":"","overlay-type":"","overlay-color":"","overlay-opacity":"","overlay-gradient":""},"mobile":{"background-color":"","background-image":"","background-repeat":"repeat","background-position":"center center","background-size":"auto","background-attachment":"scroll","background-type":"","background-media":"","overlay-type":"","overlay-color":"","overlay-opacity":"","overlay-gradient":""}},"ast-content-background-meta":{"desktop":{"background-color":"var(--ast-global-color-5)","background-image":"","background-repeat":"repeat","background-position":"center center","background-size":"auto","background-attachment":"scroll","background-type":"","background-media":"","overlay-type":"","overlay-color":"","overlay-opacity":"","overlay-gradient":""},"tablet":{"background-color":"var(--ast-global-color-5)","background-image":"","background-repeat":"repeat","background-position":"center center","background-size":"auto","background-attachment":"scroll","background-type":"","background-media":"","overlay-type":"","overlay-color":"","overlay-opacity":"","overlay-gradient":""},"mobile":{"background-color":"var(--ast-global-color-5)","background-image":"","background-repeat":"repeat","background-position":"center center","background-size":"auto","background-attachment":"scroll","background-type":"","background-media":"","overlay-type":"","overlay-color":"","overlay-opacity":"","overlay-gradient":""}}},"product_brand":[],"product_cat":[432,744,17],"product_tag":[],"class_list":{"0":"post-5580","1":"product","2":"type-product","3":"status-publish","4":"has-post-thumbnail","6":"product_cat-jadalnia","7":"product_cat-kufle-i-kieliszki","8":"product_cat-produkty","9":"desktop-align-left","10":"tablet-align-left","11":"mobile-align-left","13":"first","14":"outofstock","15":"shipping-taxable","16":"purchasable","17":"product-type-simple"},"uagb_featured_image_src":{"full":["https:\/\/viallidesign.com\/wp-content\/uploads\/2024\/06\/2306202466782dc9a34a6.jpeg",800,1166,false],"thumbnail":["https:\/\/viallidesign.com\/wp-content\/uploads\/2024\/06\/2306202466782dc9a34a6-80x80.jpeg",80,80,true],"medium":["https:\/\/viallidesign.com\/wp-content\/uploads\/2024\/06\/2306202466782dc9a34a6-206x300.jpeg",206,300,true],"medium_large":["https:\/\/viallidesign.com\/wp-content\/uploads\/2024\/06\/2306202466782dc9a34a6-768x1119.jpeg",768,1119,true],"large":["https:\/\/viallidesign.com\/wp-content\/uploads\/2024\/06\/2306202466782dc9a34a6-703x1024.jpeg",703,1024,true],"1536x1536":["https:\/\/viallidesign.com\/wp-content\/uploads\/2024\/06\/2306202466782dc9a34a6.jpeg",800,1166,false],"2048x2048":["https:\/\/viallidesign.com\/wp-content\/uploads\/2024\/06\/2306202466782dc9a34a6.jpeg",800,1166,false],"trp-custom-language-flag":["https:\/\/viallidesign.com\/wp-content\/uploads\/2024\/06\/2306202466782dc9a34a6.jpeg",8,12,false],"woocommerce_thumbnail":["https:\/\/viallidesign.com\/wp-content\/uploads\/2024\/06\/2306202466782dc9a34a6-600x875.jpeg",600,875,true],"woocommerce_single":["https:\/\/viallidesign.com\/wp-content\/uploads\/2024\/06\/2306202466782dc9a34a6.jpeg",800,1166,false],"woocommerce_gallery_thumbnail":["https:\/\/viallidesign.com\/wp-content\/uploads\/2024\/06\/2306202466782dc9a34a6-100x100.jpeg",100,100,true],"dgwt-wcas-product-suggestion":["https:\/\/viallidesign.com\/wp-content\/uploads\/2024\/06\/2306202466782dc9a34a6-64x93.jpeg",64,93,true]},"uagb_author_info":{"display_name":"viallidesign","author_link":"https:\/\/viallidesign.com\/en\/author\/"},"uagb_comment_info":0,"uagb_excerpt":"Funkcjonalna szklanka do piwa z serii Amo marki Vialli Design. Produkt zosta\u0142 wykonany r\u0119cznie z najwy\u017cszej jako\u015bci szk\u0142a borokrzemowego. Naczynie, dzi\u0119ki podw\u00f3jnym \u015bciankom utrzymuje odpowiedni\u0105 temperatur\u0119 napoju na d\u0142u\u017cej. Szklanka posiada ergonomiczny kszta\u0142t, kt\u00f3ry zapobiega wy\u015blizgni\u0119ciu si\u0119 z r\u0119ki. Na uwag\u0119 zas\u0142uguje design, przypominaj\u0105cy odwr\u00f3con\u0105 butelk\u0119 piwa. Dzi\u0119ki eleganckiemu opakowaniu, szklanka nadaje si\u0119 na prezent.&hellip;","_links":{"self":[{"href":"https:\/\/viallidesign.com\/en\/wp-json\/wp\/v2\/product\/5580","targetHints":{"allow":["GET"]}}],"collection":[{"href":"https:\/\/viallidesign.com\/en\/wp-json\/wp\/v2\/product"}],"about":[{"href":"https:\/\/viallidesign.com\/en\/wp-json\/wp\/v2\/types\/product"}],"wp:featuredmedia":[{"embeddable":true,"href":"https:\/\/viallidesign.com\/en\/wp-json\/wp\/v2\/media\/5573"}],"wp:attachment":[{"href":"https:\/\/viallidesign.com\/en\/wp-json\/wp\/v2\/media?parent=5580"}],"wp:term":[{"taxonomy":"product_brand","embeddable":true,"href":"https:\/\/viallidesign.com\/en\/wp-json\/wp\/v2\/product_brand?post=5580"},{"taxonomy":"product_cat","embeddable":true,"href":"https:\/\/viallidesign.com\/en\/wp-json\/wp\/v2\/product_cat?post=5580"},{"taxonomy":"product_tag","embeddable":true,"href":"https:\/\/viallidesign.com\/en\/wp-json\/wp\/v2\/product_tag?post=5580"}],"curies":[{"name":"wp","href":"https:\/\/api.w.org\/{rel}","templated":true}]}}