{"id":5572,"date":"2024-06-23T16:14:33","date_gmt":"2024-06-23T14:14:33","guid":{"rendered":"https:\/\/vialliwp.ageno.work\/produkt\/filizanka-z-podwojna-scianka-amo-220-ml-20276\/"},"modified":"2026-03-27T02:15:04","modified_gmt":"2026-03-27T01:15:04","slug":"filizanka-z-podwojna-scianka-amo-220-ml-20276","status":"publish","type":"product","link":"https:\/\/viallidesign.com\/en\/product\/filizanka-z-podwojna-scianka-amo-220-ml-20276\/","title":{"rendered":"Cup with double wall Amo 220 ml 20276"},"content":{"rendered":"<p><b>Functional cup <\/b> with handle of the Amo series by Vialli Design is a bestseller and has been appreciated and loved by our customers. Thanks to its <b>the cracked shape<\/b> and the fantastic presentation of the drink inside the cup, it is not only practical but pleases the eye of everyone who uses it. The product has been made <b>handmade from the highest quality borosilicate glass<\/b>. The glass is resistant to <b>tarnishing in the dishwasher and also to thermal shock.<\/b><br \/>\nThe vessel, thanks to its double walls, not only <b>maintains the right temperature<\/b> drink for longer, but also <b>protects<\/b> against scalding. We can hold it in our hand without fear, even when drinking hot tea or coffee without holding the ear.<br \/>\nThe glasses have <b>ergonomic shape<\/b>, which prevents it from slipping out of your hand and is ideal for serving both hot and cold drinks.  <\/p>\n<p class=\"gpsr-info\"><a href=\"https:\/\/kulig.com.pl\/gpsr\/\" target=\"_blank\" rel=\"noopener\">GPSR information<\/a><\/p>","protected":false},"excerpt":{"rendered":"<p>The functional cup with handle of the Amo series by Vialli Design is a bestseller and has been appreciated and loved by our customers. Thanks to its cracked shape and the fantastic presentation of the drink inside the cup, it is not only practical but pleases the eye of everyone who uses it. The product has been handmade from the highest quality borosilicate glass. This glass is resistant to [...].<\/p>","protected":false},"featured_media":5562,"template":"","meta":{"_uag_custom_page_level_css":"","site-sidebar-layout":"default","site-content-layout":"","ast-site-content-layout":"default","site-content-style":"default","site-sidebar-style":"default","ast-global-header-display":"","ast-banner-title-visibility":"","ast-main-header-display":"","ast-hfb-above-header-display":"","ast-hfb-below-header-display":"","ast-hfb-mobile-header-display":"","site-post-title":"","ast-breadcrumbs-content":"","ast-featured-img":"","footer-sml-layout":"","ast-disable-related-posts":"","theme-transparent-header-meta":"","adv-header-id-meta":"","stick-header-meta":"","header-above-stick-meta":"","header-main-stick-meta":"","header-below-stick-meta":"","astra-migrate-meta-layouts":"default","ast-page-background-enabled":"default","ast-page-background-meta":{"desktop":{"background-color":"","background-image":"","background-repeat":"repeat","background-position":"center center","background-size":"auto","background-attachment":"scroll","background-type":"","background-media":"","overlay-type":"","overlay-color":"","overlay-opacity":"","overlay-gradient":""},"tablet":{"background-color":"","background-image":"","background-repeat":"repeat","background-position":"center center","background-size":"auto","background-attachment":"scroll","background-type":"","background-media":"","overlay-type":"","overlay-color":"","overlay-opacity":"","overlay-gradient":""},"mobile":{"background-color":"","background-image":"","background-repeat":"repeat","background-position":"center center","background-size":"auto","background-attachment":"scroll","background-type":"","background-media":"","overlay-type":"","overlay-color":"","overlay-opacity":"","overlay-gradient":""}},"ast-content-background-meta":{"desktop":{"background-color":"var(--ast-global-color-5)","background-image":"","background-repeat":"repeat","background-position":"center center","background-size":"auto","background-attachment":"scroll","background-type":"","background-media":"","overlay-type":"","overlay-color":"","overlay-opacity":"","overlay-gradient":""},"tablet":{"background-color":"var(--ast-global-color-5)","background-image":"","background-repeat":"repeat","background-position":"center center","background-size":"auto","background-attachment":"scroll","background-type":"","background-media":"","overlay-type":"","overlay-color":"","overlay-opacity":"","overlay-gradient":""},"mobile":{"background-color":"var(--ast-global-color-5)","background-image":"","background-repeat":"repeat","background-position":"center center","background-size":"auto","background-attachment":"scroll","background-type":"","background-media":"","overlay-type":"","overlay-color":"","overlay-opacity":"","overlay-gradient":""}}},"product_brand":[],"product_cat":[432,17,436],"product_tag":[],"class_list":{"0":"post-5572","1":"product","2":"type-product","3":"status-publish","4":"has-post-thumbnail","6":"product_cat-jadalnia","7":"product_cat-produkty","8":"product_cat-szklanki-i-filizanki","9":"desktop-align-left","10":"tablet-align-left","11":"mobile-align-left","13":"first","14":"outofstock","15":"shipping-taxable","16":"purchasable","17":"product-type-simple"},"uagb_featured_image_src":{"full":["https:\/\/viallidesign.com\/wp-content\/uploads\/2024\/06\/2306202466782dc4b8abd.jpeg",800,800,false],"thumbnail":["https:\/\/viallidesign.com\/wp-content\/uploads\/2024\/06\/2306202466782dc4b8abd-80x80.jpeg",80,80,true],"medium":["https:\/\/viallidesign.com\/wp-content\/uploads\/2024\/06\/2306202466782dc4b8abd-300x300.jpeg",300,300,true],"medium_large":["https:\/\/viallidesign.com\/wp-content\/uploads\/2024\/06\/2306202466782dc4b8abd-768x768.jpeg",768,768,true],"large":["https:\/\/viallidesign.com\/wp-content\/uploads\/2024\/06\/2306202466782dc4b8abd.jpeg",800,800,false],"1536x1536":["https:\/\/viallidesign.com\/wp-content\/uploads\/2024\/06\/2306202466782dc4b8abd.jpeg",800,800,false],"2048x2048":["https:\/\/viallidesign.com\/wp-content\/uploads\/2024\/06\/2306202466782dc4b8abd.jpeg",800,800,false],"trp-custom-language-flag":["https:\/\/viallidesign.com\/wp-content\/uploads\/2024\/06\/2306202466782dc4b8abd.jpeg",12,12,false],"woocommerce_thumbnail":["https:\/\/viallidesign.com\/wp-content\/uploads\/2024\/06\/2306202466782dc4b8abd-600x600.jpeg",600,600,true],"woocommerce_single":["https:\/\/viallidesign.com\/wp-content\/uploads\/2024\/06\/2306202466782dc4b8abd.jpeg",800,800,false],"woocommerce_gallery_thumbnail":["https:\/\/viallidesign.com\/wp-content\/uploads\/2024\/06\/2306202466782dc4b8abd-100x100.jpeg",100,100,true],"dgwt-wcas-product-suggestion":["https:\/\/viallidesign.com\/wp-content\/uploads\/2024\/06\/2306202466782dc4b8abd-64x64.jpeg",64,64,true]},"uagb_author_info":{"display_name":"viallidesign","author_link":"https:\/\/viallidesign.com\/en\/author\/"},"uagb_comment_info":0,"uagb_excerpt":"Funkcjonalna fili\u017canka z uchwytem serii Amo marki Vialli Design jest bestsellerem i zosta\u0142a doceniona i ukochana przez naszych klient\u00f3w. Dzi\u0119ki swojemu p\u0119katemu kszta\u0142towi i fantastycznie prezentuj\u0105cemu si\u0119 wewn\u0105trz fili\u017canki napojowi, nie tylko jest praktyczna ale cieszy oko ka\u017cdego kto z niej korzysta. Produkt zosta\u0142 wykonany r\u0119cznie z najwy\u017cszej jako\u015bci szk\u0142a boro-krzemowego. Szk\u0142o to odporne jest&hellip;","_links":{"self":[{"href":"https:\/\/viallidesign.com\/en\/wp-json\/wp\/v2\/product\/5572","targetHints":{"allow":["GET"]}}],"collection":[{"href":"https:\/\/viallidesign.com\/en\/wp-json\/wp\/v2\/product"}],"about":[{"href":"https:\/\/viallidesign.com\/en\/wp-json\/wp\/v2\/types\/product"}],"wp:featuredmedia":[{"embeddable":true,"href":"https:\/\/viallidesign.com\/en\/wp-json\/wp\/v2\/media\/5562"}],"wp:attachment":[{"href":"https:\/\/viallidesign.com\/en\/wp-json\/wp\/v2\/media?parent=5572"}],"wp:term":[{"taxonomy":"product_brand","embeddable":true,"href":"https:\/\/viallidesign.com\/en\/wp-json\/wp\/v2\/product_brand?post=5572"},{"taxonomy":"product_cat","embeddable":true,"href":"https:\/\/viallidesign.com\/en\/wp-json\/wp\/v2\/product_cat?post=5572"},{"taxonomy":"product_tag","embeddable":true,"href":"https:\/\/viallidesign.com\/en\/wp-json\/wp\/v2\/product_tag?post=5572"}],"curies":[{"name":"wp","href":"https:\/\/api.w.org\/{rel}","templated":true}]}}