{"id":5561,"date":"2024-06-23T16:14:28","date_gmt":"2024-06-23T14:14:28","guid":{"rendered":"https:\/\/vialliwp.ageno.work\/produkt\/szklanka-z-podwojna-scianka-amo-400-ml-20252\/"},"modified":"2026-03-31T09:57:17","modified_gmt":"2026-03-31T07:57:17","slug":"szklanka-z-podwojna-scianka-amo-400-ml-20252","status":"publish","type":"product","link":"https:\/\/viallidesign.com\/en\/product\/szklanka-z-podwojna-scianka-amo-400-ml-20252\/","title":{"rendered":"Amo double-walled glass 400 ml 20252"},"content":{"rendered":"<p>A functional glass from the Amo series by Vialli Design. The product was made <b>handmade from the highest quality glass<\/b>. The vessel, thanks to its double walls, not only <b>maintains the right temperature<\/b> drink for longer, but also <b>protects<\/b> against scalding. It can be held in the hand without fear, even when drinking hot tea or coffee. The glasses have an ergonomic shape that prevents them from slipping out of your hand. Ideal for serving both hot and cold drinks.<\/p>\n<p class=\"gpsr-info\"><a href=\"https:\/\/kulig.com.pl\/gpsr\/\" target=\"_blank\" rel=\"noopener\">GPSR information<\/a><\/p>","protected":false},"excerpt":{"rendered":"<p>Funkcjonalna szklanka z serii Amo marki Vialli Design. Produkt zosta\u0142 wykonany r\u0119cznie z najwy\u017cszej jako\u015bci szk\u0142a. Naczynie, dzi\u0119ki podw\u00f3jnym \u015bciankom nie tylko utrzymuje odpowiedni\u0105 temperatur\u0119 napoju na d\u0142u\u017cej, ale te\u017c chroni przed poparzeniem. Bez obaw mo\u017cemy trzyma\u0107 j\u0105 w d\u0142oni nawet, gdy pijemy gor\u0105c\u0105 herbat\u0119 czy kaw\u0119. Szklanki posiadaj\u0105 ergonomiczny kszta\u0142t, kt\u00f3ry zapobiega wy\u015blizgni\u0119ciu si\u0119 [&hellip;]<\/p>","protected":false},"featured_media":5554,"template":"","meta":{"_uag_custom_page_level_css":"","site-sidebar-layout":"default","site-content-layout":"","ast-site-content-layout":"default","site-content-style":"default","site-sidebar-style":"default","ast-global-header-display":"","ast-banner-title-visibility":"","ast-main-header-display":"","ast-hfb-above-header-display":"","ast-hfb-below-header-display":"","ast-hfb-mobile-header-display":"","site-post-title":"","ast-breadcrumbs-content":"","ast-featured-img":"","footer-sml-layout":"","ast-disable-related-posts":"","theme-transparent-header-meta":"","adv-header-id-meta":"","stick-header-meta":"","header-above-stick-meta":"","header-main-stick-meta":"","header-below-stick-meta":"","astra-migrate-meta-layouts":"default","ast-page-background-enabled":"default","ast-page-background-meta":{"desktop":{"background-color":"","background-image":"","background-repeat":"repeat","background-position":"center center","background-size":"auto","background-attachment":"scroll","background-type":"","background-media":"","overlay-type":"","overlay-color":"","overlay-opacity":"","overlay-gradient":""},"tablet":{"background-color":"","background-image":"","background-repeat":"repeat","background-position":"center center","background-size":"auto","background-attachment":"scroll","background-type":"","background-media":"","overlay-type":"","overlay-color":"","overlay-opacity":"","overlay-gradient":""},"mobile":{"background-color":"","background-image":"","background-repeat":"repeat","background-position":"center center","background-size":"auto","background-attachment":"scroll","background-type":"","background-media":"","overlay-type":"","overlay-color":"","overlay-opacity":"","overlay-gradient":""}},"ast-content-background-meta":{"desktop":{"background-color":"var(--ast-global-color-5)","background-image":"","background-repeat":"repeat","background-position":"center center","background-size":"auto","background-attachment":"scroll","background-type":"","background-media":"","overlay-type":"","overlay-color":"","overlay-opacity":"","overlay-gradient":""},"tablet":{"background-color":"var(--ast-global-color-5)","background-image":"","background-repeat":"repeat","background-position":"center center","background-size":"auto","background-attachment":"scroll","background-type":"","background-media":"","overlay-type":"","overlay-color":"","overlay-opacity":"","overlay-gradient":""},"mobile":{"background-color":"var(--ast-global-color-5)","background-image":"","background-repeat":"repeat","background-position":"center center","background-size":"auto","background-attachment":"scroll","background-type":"","background-media":"","overlay-type":"","overlay-color":"","overlay-opacity":"","overlay-gradient":""}}},"product_brand":[],"product_cat":[432,17,436],"product_tag":[],"class_list":{"0":"post-5561","1":"product","2":"type-product","3":"status-publish","4":"has-post-thumbnail","6":"product_cat-jadalnia","7":"product_cat-produkty","8":"product_cat-szklanki-i-filizanki","9":"desktop-align-left","10":"tablet-align-left","11":"mobile-align-left","13":"first","14":"instock","15":"shipping-taxable","16":"purchasable","17":"product-type-simple"},"uagb_featured_image_src":{"full":["https:\/\/viallidesign.com\/wp-content\/uploads\/2024\/06\/2306202466782dbf67b2d.jpeg",800,800,false],"thumbnail":["https:\/\/viallidesign.com\/wp-content\/uploads\/2024\/06\/2306202466782dbf67b2d-80x80.jpeg",80,80,true],"medium":["https:\/\/viallidesign.com\/wp-content\/uploads\/2024\/06\/2306202466782dbf67b2d-300x300.jpeg",300,300,true],"medium_large":["https:\/\/viallidesign.com\/wp-content\/uploads\/2024\/06\/2306202466782dbf67b2d-768x768.jpeg",768,768,true],"large":["https:\/\/viallidesign.com\/wp-content\/uploads\/2024\/06\/2306202466782dbf67b2d.jpeg",800,800,false],"1536x1536":["https:\/\/viallidesign.com\/wp-content\/uploads\/2024\/06\/2306202466782dbf67b2d.jpeg",800,800,false],"2048x2048":["https:\/\/viallidesign.com\/wp-content\/uploads\/2024\/06\/2306202466782dbf67b2d.jpeg",800,800,false],"trp-custom-language-flag":["https:\/\/viallidesign.com\/wp-content\/uploads\/2024\/06\/2306202466782dbf67b2d.jpeg",12,12,false],"woocommerce_thumbnail":["https:\/\/viallidesign.com\/wp-content\/uploads\/2024\/06\/2306202466782dbf67b2d-600x600.jpeg",600,600,true],"woocommerce_single":["https:\/\/viallidesign.com\/wp-content\/uploads\/2024\/06\/2306202466782dbf67b2d.jpeg",800,800,false],"woocommerce_gallery_thumbnail":["https:\/\/viallidesign.com\/wp-content\/uploads\/2024\/06\/2306202466782dbf67b2d-100x100.jpeg",100,100,true],"dgwt-wcas-product-suggestion":["https:\/\/viallidesign.com\/wp-content\/uploads\/2024\/06\/2306202466782dbf67b2d-64x64.jpeg",64,64,true]},"uagb_author_info":{"display_name":"viallidesign","author_link":"https:\/\/viallidesign.com\/en\/author\/"},"uagb_comment_info":0,"uagb_excerpt":"Funkcjonalna szklanka z serii Amo marki Vialli Design. Produkt zosta\u0142 wykonany r\u0119cznie z najwy\u017cszej jako\u015bci szk\u0142a. Naczynie, dzi\u0119ki podw\u00f3jnym \u015bciankom nie tylko utrzymuje odpowiedni\u0105 temperatur\u0119 napoju na d\u0142u\u017cej, ale te\u017c chroni przed poparzeniem. Bez obaw mo\u017cemy trzyma\u0107 j\u0105 w d\u0142oni nawet, gdy pijemy gor\u0105c\u0105 herbat\u0119 czy kaw\u0119. Szklanki posiadaj\u0105 ergonomiczny kszta\u0142t, kt\u00f3ry zapobiega wy\u015blizgni\u0119ciu si\u0119&hellip;","_links":{"self":[{"href":"https:\/\/viallidesign.com\/en\/wp-json\/wp\/v2\/product\/5561","targetHints":{"allow":["GET"]}}],"collection":[{"href":"https:\/\/viallidesign.com\/en\/wp-json\/wp\/v2\/product"}],"about":[{"href":"https:\/\/viallidesign.com\/en\/wp-json\/wp\/v2\/types\/product"}],"wp:featuredmedia":[{"embeddable":true,"href":"https:\/\/viallidesign.com\/en\/wp-json\/wp\/v2\/media\/5554"}],"wp:attachment":[{"href":"https:\/\/viallidesign.com\/en\/wp-json\/wp\/v2\/media?parent=5561"}],"wp:term":[{"taxonomy":"product_brand","embeddable":true,"href":"https:\/\/viallidesign.com\/en\/wp-json\/wp\/v2\/product_brand?post=5561"},{"taxonomy":"product_cat","embeddable":true,"href":"https:\/\/viallidesign.com\/en\/wp-json\/wp\/v2\/product_cat?post=5561"},{"taxonomy":"product_tag","embeddable":true,"href":"https:\/\/viallidesign.com\/en\/wp-json\/wp\/v2\/product_tag?post=5561"}],"curies":[{"name":"wp","href":"https:\/\/api.w.org\/{rel}","templated":true}]}}