{"id":5400,"date":"2024-06-13T16:18:26","date_gmt":"2024-06-13T14:18:26","guid":{"rendered":"https:\/\/vialliwp.ageno.work\/produkt\/dwie-szklanki-z-podwojna-scianka-100-ml-geo-30442\/"},"modified":"2026-03-27T02:54:05","modified_gmt":"2026-03-27T01:54:05","slug":"dwie-szklanki-z-podwojna-scianka-100-ml-geo-30442","status":"publish","type":"product","link":"https:\/\/viallidesign.com\/en\/product\/dwie-szklanki-z-podwojna-scianka-100-ml-geo-30442\/","title":{"rendered":"Two 100 ml double-walled glasses Geo 30442"},"content":{"rendered":"<p><strong>Two espresso glasses with double wall 100ml Geo by Vialli Design<\/strong><\/p>\n<p>Set of two elegant espresso glasses<strong> Geo<\/strong> brands <strong>Vialli Design<\/strong> with a capacity of 100 ml with two walls made of high-quality borosilicate glass.<\/p>\n<p>The styling of these unique, handcrafted glasses draws on the philosophy of the brand <strong>Vialli Design<\/strong>, i.e. combinations of <strong>beautiful<\/strong> z <strong>high usability<\/strong>. The sophisticated shape is inspired by the finesse of the homeland of espresso - Italy. The outer layer of the glasses is profiled in an innovative way, consisting of geometric surfaces resembling rhomboids with a delicate hollow.<\/p>\n<p>Glasses <strong>Geo<\/strong>The shape means that it fits securely in the hand. <strong>Double wall<\/strong> and the relatively small diameter help to maintain the right temperature of the coffee. Thanks to this solution, the aroma of the freshly brewed espresso is not dissipated. The outer wall remains cool, even when the vessel is filled with hot coffee.<\/p>\n<p>Espresso lovers will be delighted <strong>convenience of use<\/strong> and <strong>stylish<\/strong> <strong>appearance<\/strong>.<\/p>\n<ul>\n<li>Handmade<\/li>\n<li>Innovative design<\/li>\n<li>Double wall<\/li>\n<li>Capacity 100 ml<\/li>\n<li>Two glasses included<\/li>\n<\/ul>\n<p class=\"gpsr-info\"><a href=\"https:\/\/kulig.com.pl\/gpsr\/\" target=\"_blank\" rel=\"noopener\">GPSR information<\/a><\/p>","protected":false},"excerpt":{"rendered":"<p>Dwie szklanki do espresso z podw\u00f3jn\u0105 \u015bciank\u0105 100 ml Geo marki Vialli Design Zestaw dw\u00f3ch eleganckich szklanek do espresso Geo marki Vialli Design o pojemno\u015bci 100 ml z dwoma \u015bciankami z wysokiej jako\u015bci szk\u0142a borokrzemowego. Stylistyka tych wyj\u0105tkowych, r\u0119cznie wykonanych szklanek, nawi\u0105zuje do filozofii marki Vialli Design, czyli \u0142\u0105czenia pi\u0119kna z wysok\u0105 u\u017cyteczno\u015bci\u0105. Wyrafinowany kszta\u0142t [&hellip;]<\/p>","protected":false},"featured_media":5394,"template":"","meta":{"_uag_custom_page_level_css":"","site-sidebar-layout":"default","site-content-layout":"","ast-site-content-layout":"default","site-content-style":"default","site-sidebar-style":"default","ast-global-header-display":"","ast-banner-title-visibility":"","ast-main-header-display":"","ast-hfb-above-header-display":"","ast-hfb-below-header-display":"","ast-hfb-mobile-header-display":"","site-post-title":"","ast-breadcrumbs-content":"","ast-featured-img":"","footer-sml-layout":"","ast-disable-related-posts":"","theme-transparent-header-meta":"","adv-header-id-meta":"","stick-header-meta":"","header-above-stick-meta":"","header-main-stick-meta":"","header-below-stick-meta":"","astra-migrate-meta-layouts":"default","ast-page-background-enabled":"default","ast-page-background-meta":{"desktop":{"background-color":"","background-image":"","background-repeat":"repeat","background-position":"center center","background-size":"auto","background-attachment":"scroll","background-type":"","background-media":"","overlay-type":"","overlay-color":"","overlay-opacity":"","overlay-gradient":""},"tablet":{"background-color":"","background-image":"","background-repeat":"repeat","background-position":"center center","background-size":"auto","background-attachment":"scroll","background-type":"","background-media":"","overlay-type":"","overlay-color":"","overlay-opacity":"","overlay-gradient":""},"mobile":{"background-color":"","background-image":"","background-repeat":"repeat","background-position":"center center","background-size":"auto","background-attachment":"scroll","background-type":"","background-media":"","overlay-type":"","overlay-color":"","overlay-opacity":"","overlay-gradient":""}},"ast-content-background-meta":{"desktop":{"background-color":"var(--ast-global-color-5)","background-image":"","background-repeat":"repeat","background-position":"center center","background-size":"auto","background-attachment":"scroll","background-type":"","background-media":"","overlay-type":"","overlay-color":"","overlay-opacity":"","overlay-gradient":""},"tablet":{"background-color":"var(--ast-global-color-5)","background-image":"","background-repeat":"repeat","background-position":"center center","background-size":"auto","background-attachment":"scroll","background-type":"","background-media":"","overlay-type":"","overlay-color":"","overlay-opacity":"","overlay-gradient":""},"mobile":{"background-color":"var(--ast-global-color-5)","background-image":"","background-repeat":"repeat","background-position":"center center","background-size":"auto","background-attachment":"scroll","background-type":"","background-media":"","overlay-type":"","overlay-color":"","overlay-opacity":"","overlay-gradient":""}}},"product_brand":[],"product_cat":[432,17,436],"product_tag":[],"class_list":{"0":"post-5400","1":"product","2":"type-product","3":"status-publish","4":"has-post-thumbnail","6":"product_cat-jadalnia","7":"product_cat-produkty","8":"product_cat-szklanki-i-filizanki","9":"desktop-align-left","10":"tablet-align-left","11":"mobile-align-left","13":"first","14":"instock","15":"shipping-taxable","16":"purchasable","17":"product-type-simple"},"uagb_featured_image_src":{"full":["https:\/\/viallidesign.com\/wp-content\/uploads\/2024\/06\/13062024666affae38942-scaled.jpeg",2560,1901,false],"thumbnail":["https:\/\/viallidesign.com\/wp-content\/uploads\/2024\/06\/13062024666affae38942-scaled-80x80.jpeg",80,80,true],"medium":["https:\/\/viallidesign.com\/wp-content\/uploads\/2024\/06\/13062024666affae38942-scaled-300x223.jpeg",300,223,true],"medium_large":["https:\/\/viallidesign.com\/wp-content\/uploads\/2024\/06\/13062024666affae38942-scaled-768x570.jpeg",768,570,true],"large":["https:\/\/viallidesign.com\/wp-content\/uploads\/2024\/06\/13062024666affae38942-scaled-1024x760.jpeg",1024,760,true],"1536x1536":["https:\/\/viallidesign.com\/wp-content\/uploads\/2024\/06\/13062024666affae38942-scaled-1536x1141.jpeg",1536,1141,true],"2048x2048":["https:\/\/viallidesign.com\/wp-content\/uploads\/2024\/06\/13062024666affae38942-scaled-2048x1521.jpeg",2048,1521,true],"trp-custom-language-flag":["https:\/\/viallidesign.com\/wp-content\/uploads\/2024\/06\/13062024666affae38942-scaled.jpeg",16,12,false],"woocommerce_thumbnail":["https:\/\/viallidesign.com\/wp-content\/uploads\/2024\/06\/13062024666affae38942-scaled-600x446.jpeg",600,446,true],"woocommerce_single":["https:\/\/viallidesign.com\/wp-content\/uploads\/2024\/06\/13062024666affae38942-scaled-1200x891.jpeg",1200,891,true],"woocommerce_gallery_thumbnail":["https:\/\/viallidesign.com\/wp-content\/uploads\/2024\/06\/13062024666affae38942-scaled-100x100.jpeg",100,100,true],"dgwt-wcas-product-suggestion":["https:\/\/viallidesign.com\/wp-content\/uploads\/2024\/06\/13062024666affae38942-scaled-64x48.jpeg",64,48,true]},"uagb_author_info":{"display_name":"viallidesign","author_link":"https:\/\/viallidesign.com\/en\/author\/"},"uagb_comment_info":0,"uagb_excerpt":"Dwie szklanki do espresso z podw\u00f3jn\u0105 \u015bciank\u0105 100 ml Geo marki Vialli Design Zestaw dw\u00f3ch eleganckich szklanek do espresso Geo marki Vialli Design o pojemno\u015bci 100 ml z dwoma \u015bciankami z wysokiej jako\u015bci szk\u0142a borokrzemowego. Stylistyka tych wyj\u0105tkowych, r\u0119cznie wykonanych szklanek, nawi\u0105zuje do filozofii marki Vialli Design, czyli \u0142\u0105czenia pi\u0119kna z wysok\u0105 u\u017cyteczno\u015bci\u0105. Wyrafinowany kszta\u0142t&hellip;","_links":{"self":[{"href":"https:\/\/viallidesign.com\/en\/wp-json\/wp\/v2\/product\/5400","targetHints":{"allow":["GET"]}}],"collection":[{"href":"https:\/\/viallidesign.com\/en\/wp-json\/wp\/v2\/product"}],"about":[{"href":"https:\/\/viallidesign.com\/en\/wp-json\/wp\/v2\/types\/product"}],"wp:featuredmedia":[{"embeddable":true,"href":"https:\/\/viallidesign.com\/en\/wp-json\/wp\/v2\/media\/5394"}],"wp:attachment":[{"href":"https:\/\/viallidesign.com\/en\/wp-json\/wp\/v2\/media?parent=5400"}],"wp:term":[{"taxonomy":"product_brand","embeddable":true,"href":"https:\/\/viallidesign.com\/en\/wp-json\/wp\/v2\/product_brand?post=5400"},{"taxonomy":"product_cat","embeddable":true,"href":"https:\/\/viallidesign.com\/en\/wp-json\/wp\/v2\/product_cat?post=5400"},{"taxonomy":"product_tag","embeddable":true,"href":"https:\/\/viallidesign.com\/en\/wp-json\/wp\/v2\/product_tag?post=5400"}],"curies":[{"name":"wp","href":"https:\/\/api.w.org\/{rel}","templated":true}]}}