{"id":5371,"date":"2024-06-13T16:17:38","date_gmt":"2024-06-13T14:17:38","guid":{"rendered":"https:\/\/vialliwp.ageno.work\/produkt\/dwa-kubki-ceramiczne-z-uszkiem-330-ml-fuori-czarne-30084\/"},"modified":"2025-11-20T16:48:19","modified_gmt":"2025-11-20T15:48:19","slug":"dwa-kubki-ceramiczne-z-uszkiem-330-ml-fuori-czarne-30084","status":"publish","type":"product","link":"https:\/\/viallidesign.com\/en\/product\/dwa-kubki-ceramiczne-z-uszkiem-330-ml-fuori-czarne-30084\/","title":{"rendered":"Two ceramic mugs with handle 330 ml Fuori black 30084"},"content":{"rendered":"<p><strong>Two ceramic mugs with ear from the Fuori series by Vialli Design <\/strong><\/p>\n<p>Set of two elegant mugs <strong>Fuori<\/strong> brands <strong>Vialli Design<\/strong> with a capacity of 330 ml.<\/p>\n<p>The styling of these unique dishes follows the Vialli Design brand philosophy of combining beauty with high utility. The sophisticated shape of the cups<strong> Fuori<\/strong> is inspired by the fine character of the homeland of Caff\u00e8 latte and Cappuccino - Italy. The outer layer is shaped to resemble a prism.  The thick walls made of stoneware help to keep the temperature of your favourite beverage high. The mugs are ideal as a vessel for hot drinks such as coffee or tea. The cups have a comfortable, functional handle for easy reaching. The mugs are offered in several colour variants.<\/p>\n<p>Mugs <strong>Fuori<\/strong> are made of high-quality stoneware. This is a material created from stoneware clay, which is characterised by its high strength and is further enhanced by firing at high temperatures.<\/p>\n<ul>\n<li>Natural material<\/li>\n<li>Health-friendly<\/li>\n<li>Good thermal properties<\/li>\n<li>Dishwasher safe<\/li>\n<\/ul>\n<p class=\"gpsr-info\"><a href=\"https:\/\/kulig.com.pl\/gpsr\/\" target=\"_blank\" rel=\"noopener\">GPSR information<\/a><\/p>","protected":false},"excerpt":{"rendered":"<p>Two ceramic mugs with ear from the Fuori series by Vialli Design A set of two elegant Fuori mugs by Vialli Design with a capacity of 330 ml. The stylistics of these exceptional dishes refers to the philosophy of the Vialli Design brand, i.e. combining beauty with high utility. The refined shape of Fuori cups is inspired by the fine character of the homeland of Caff\u00e8 latte and Cappuccino - Italy. The outer layer [...]<\/p>","protected":false},"featured_media":5363,"template":"","meta":{"_uag_custom_page_level_css":"","site-sidebar-layout":"default","site-content-layout":"","ast-site-content-layout":"default","site-content-style":"default","site-sidebar-style":"default","ast-global-header-display":"","ast-banner-title-visibility":"","ast-main-header-display":"","ast-hfb-above-header-display":"","ast-hfb-below-header-display":"","ast-hfb-mobile-header-display":"","site-post-title":"","ast-breadcrumbs-content":"","ast-featured-img":"","footer-sml-layout":"","ast-disable-related-posts":"","theme-transparent-header-meta":"","adv-header-id-meta":"","stick-header-meta":"","header-above-stick-meta":"","header-main-stick-meta":"","header-below-stick-meta":"","astra-migrate-meta-layouts":"default","ast-page-background-enabled":"default","ast-page-background-meta":{"desktop":{"background-color":"","background-image":"","background-repeat":"repeat","background-position":"center center","background-size":"auto","background-attachment":"scroll","background-type":"","background-media":"","overlay-type":"","overlay-color":"","overlay-opacity":"","overlay-gradient":""},"tablet":{"background-color":"","background-image":"","background-repeat":"repeat","background-position":"center center","background-size":"auto","background-attachment":"scroll","background-type":"","background-media":"","overlay-type":"","overlay-color":"","overlay-opacity":"","overlay-gradient":""},"mobile":{"background-color":"","background-image":"","background-repeat":"repeat","background-position":"center center","background-size":"auto","background-attachment":"scroll","background-type":"","background-media":"","overlay-type":"","overlay-color":"","overlay-opacity":"","overlay-gradient":""}},"ast-content-background-meta":{"desktop":{"background-color":"var(--ast-global-color-5)","background-image":"","background-repeat":"repeat","background-position":"center center","background-size":"auto","background-attachment":"scroll","background-type":"","background-media":"","overlay-type":"","overlay-color":"","overlay-opacity":"","overlay-gradient":""},"tablet":{"background-color":"var(--ast-global-color-5)","background-image":"","background-repeat":"repeat","background-position":"center center","background-size":"auto","background-attachment":"scroll","background-type":"","background-media":"","overlay-type":"","overlay-color":"","overlay-opacity":"","overlay-gradient":""},"mobile":{"background-color":"var(--ast-global-color-5)","background-image":"","background-repeat":"repeat","background-position":"center center","background-size":"auto","background-attachment":"scroll","background-type":"","background-media":"","overlay-type":"","overlay-color":"","overlay-opacity":"","overlay-gradient":""}}},"product_brand":[],"product_cat":[432,437,17],"product_tag":[],"class_list":{"0":"post-5371","1":"product","2":"type-product","3":"status-publish","4":"has-post-thumbnail","6":"product_cat-jadalnia","7":"product_cat-kubki-ceramiczne","8":"product_cat-produkty","9":"desktop-align-left","10":"tablet-align-left","11":"mobile-align-left","13":"first","14":"outofstock","15":"shipping-taxable","16":"purchasable","17":"product-type-simple"},"uagb_featured_image_src":{"full":["https:\/\/viallidesign.com\/wp-content\/uploads\/2024\/06\/13062024666aff6d26b66.jpeg",1200,1200,false],"thumbnail":["https:\/\/viallidesign.com\/wp-content\/uploads\/2024\/06\/13062024666aff6d26b66-80x80.jpeg",80,80,true],"medium":["https:\/\/viallidesign.com\/wp-content\/uploads\/2024\/06\/13062024666aff6d26b66-300x300.jpeg",300,300,true],"medium_large":["https:\/\/viallidesign.com\/wp-content\/uploads\/2024\/06\/13062024666aff6d26b66-768x768.jpeg",768,768,true],"large":["https:\/\/viallidesign.com\/wp-content\/uploads\/2024\/06\/13062024666aff6d26b66-1024x1024.jpeg",1024,1024,true],"1536x1536":["https:\/\/viallidesign.com\/wp-content\/uploads\/2024\/06\/13062024666aff6d26b66.jpeg",1200,1200,false],"2048x2048":["https:\/\/viallidesign.com\/wp-content\/uploads\/2024\/06\/13062024666aff6d26b66.jpeg",1200,1200,false],"trp-custom-language-flag":["https:\/\/viallidesign.com\/wp-content\/uploads\/2024\/06\/13062024666aff6d26b66.jpeg",12,12,false],"woocommerce_thumbnail":["https:\/\/viallidesign.com\/wp-content\/uploads\/2024\/06\/13062024666aff6d26b66-600x600.jpeg",600,600,true],"woocommerce_single":["https:\/\/viallidesign.com\/wp-content\/uploads\/2024\/06\/13062024666aff6d26b66.jpeg",1200,1200,false],"woocommerce_gallery_thumbnail":["https:\/\/viallidesign.com\/wp-content\/uploads\/2024\/06\/13062024666aff6d26b66-100x100.jpeg",100,100,true],"dgwt-wcas-product-suggestion":["https:\/\/viallidesign.com\/wp-content\/uploads\/2024\/06\/13062024666aff6d26b66-64x64.jpeg",64,64,true]},"uagb_author_info":{"display_name":"viallidesign","author_link":"https:\/\/viallidesign.com\/en\/author\/"},"uagb_comment_info":0,"uagb_excerpt":"Dwa kubki ceramiczne z uchem z serii Fuori marki Vialli Design Zestaw dw\u00f3ch eleganckich kubk\u00f3w Fuori marki Vialli Design o pojemno\u015bci 330 ml. Stylistyka tych wyj\u0105tkowych naczy\u0144 nawi\u0105zuje do filozofii marki Vialli Design, czyli \u0142\u0105czenia pi\u0119kna z wysok\u0105 u\u017cyteczno\u015bci\u0105. Wyrafinowany kszta\u0142t kubk\u00f3w Fuori inspirowany jest finezyjnym charakterem ojczyzny Caff\u00e8\u00a0latte oraz Cappuccino \u2013 Itali\u0105. Zewn\u0119trzna warstwa&hellip;","_links":{"self":[{"href":"https:\/\/viallidesign.com\/en\/wp-json\/wp\/v2\/product\/5371","targetHints":{"allow":["GET"]}}],"collection":[{"href":"https:\/\/viallidesign.com\/en\/wp-json\/wp\/v2\/product"}],"about":[{"href":"https:\/\/viallidesign.com\/en\/wp-json\/wp\/v2\/types\/product"}],"wp:featuredmedia":[{"embeddable":true,"href":"https:\/\/viallidesign.com\/en\/wp-json\/wp\/v2\/media\/5363"}],"wp:attachment":[{"href":"https:\/\/viallidesign.com\/en\/wp-json\/wp\/v2\/media?parent=5371"}],"wp:term":[{"taxonomy":"product_brand","embeddable":true,"href":"https:\/\/viallidesign.com\/en\/wp-json\/wp\/v2\/product_brand?post=5371"},{"taxonomy":"product_cat","embeddable":true,"href":"https:\/\/viallidesign.com\/en\/wp-json\/wp\/v2\/product_cat?post=5371"},{"taxonomy":"product_tag","embeddable":true,"href":"https:\/\/viallidesign.com\/en\/wp-json\/wp\/v2\/product_tag?post=5371"}],"curies":[{"name":"wp","href":"https:\/\/api.w.org\/{rel}","templated":true}]}}