{"id":5272,"date":"2024-06-13T16:14:43","date_gmt":"2024-06-13T14:14:43","guid":{"rendered":"https:\/\/vialliwp.ageno.work\/produkt\/sloik-ze-slomka-600-ml-rozowy-fuori-29842\/"},"modified":"2026-03-27T02:50:04","modified_gmt":"2026-03-27T01:50:04","slug":"sloik-ze-slomka-600-ml-rozowy-fuori-29842","status":"publish","type":"product","link":"https:\/\/viallidesign.com\/en\/product\/sloik-ze-slomka-600-ml-rozowy-fuori-29842\/","title":{"rendered":"Jar with straw 600 ml pink Fuori 29842"},"content":{"rendered":"<p><strong>Fuori jar with straw by Vialli Design <\/strong><\/p>\n<p>Handmade jar <strong>Fuori <\/strong>with lid and straw o <strong>600 ml capacity -<\/strong>\u00a0ideal for serving all refreshing drinks, cocktails, drinks, delicious juices or smoothies. Perfect for picnics, patios, gardens, parties, outdoor barbecues.<\/p>\n<p>The innovative design of this jar, characterised by delicate lines and shapes, catches the eye. <strong>Bamboo lid<\/strong> with an opening for a straw will perfectly protect the drink from ubiquitous insects getting inside and prevent the contents from spilling. There is a silicone seal under the lid of the jar.<\/p>\n<p>Made of <strong>borosilicate glass<\/strong>which ensures high durability. It is also characterised by resistance to sudden changes in temperature, which is important for filling and washing the dish. The product has a comfortable, large handle, which makes it easy to carry. The lower part of the jar<strong> Fuori<\/strong> is supported on a plastic foot, which significantly improves the stability and comfort of the vessel.<\/p>\n<ul>\n<li>Capacity 600 ml<\/li>\n<li>Convenient straw<\/li>\n<li>Modern design<\/li>\n<li>Bamboo wood lid<\/li>\n<\/ul>\n<p class=\"gpsr-info\"><a href=\"https:\/\/kulig.com.pl\/gpsr\/\" target=\"_blank\" rel=\"noopener\">GPSR information<\/a><\/p>","protected":false},"excerpt":{"rendered":"<p>S\u0142oik ze s\u0142omk\u0105 Fuori marki Vialli Design R\u0119cznie wykonany s\u0142oik Fuori z pokrywk\u0105 i s\u0142omk\u0105 o pojemno\u015bci 600 ml &#8211;\u00a0idealny\u00a0do serwowania wszystkich orze\u017awiaj\u0105cych napoj\u00f3w, koktajli, drink\u00f3w, pysznych sok\u00f3w czy smoothies. Doskonale sprawdzi si\u0119 na pikniku, tarasie, w ogrodzie, na przyj\u0119ciu, podczas grilla na \u015bwie\u017cym powietrzu. Uwag\u0119 przykuwa innowacyjny design tego s\u0142oika, charakteryzuj\u0105cy si\u0119 delikatnymi liniami [&hellip;]<\/p>","protected":false},"featured_media":226465,"template":"","meta":{"_uag_custom_page_level_css":"","site-sidebar-layout":"default","site-content-layout":"","ast-site-content-layout":"default","site-content-style":"default","site-sidebar-style":"default","ast-global-header-display":"","ast-banner-title-visibility":"","ast-main-header-display":"","ast-hfb-above-header-display":"","ast-hfb-below-header-display":"","ast-hfb-mobile-header-display":"","site-post-title":"","ast-breadcrumbs-content":"","ast-featured-img":"","footer-sml-layout":"","ast-disable-related-posts":"","theme-transparent-header-meta":"","adv-header-id-meta":"","stick-header-meta":"","header-above-stick-meta":"","header-main-stick-meta":"","header-below-stick-meta":"","astra-migrate-meta-layouts":"default","ast-page-background-enabled":"default","ast-page-background-meta":{"desktop":{"background-color":"","background-image":"","background-repeat":"repeat","background-position":"center center","background-size":"auto","background-attachment":"scroll","background-type":"","background-media":"","overlay-type":"","overlay-color":"","overlay-opacity":"","overlay-gradient":""},"tablet":{"background-color":"","background-image":"","background-repeat":"repeat","background-position":"center center","background-size":"auto","background-attachment":"scroll","background-type":"","background-media":"","overlay-type":"","overlay-color":"","overlay-opacity":"","overlay-gradient":""},"mobile":{"background-color":"","background-image":"","background-repeat":"repeat","background-position":"center center","background-size":"auto","background-attachment":"scroll","background-type":"","background-media":"","overlay-type":"","overlay-color":"","overlay-opacity":"","overlay-gradient":""}},"ast-content-background-meta":{"desktop":{"background-color":"var(--ast-global-color-5)","background-image":"","background-repeat":"repeat","background-position":"center center","background-size":"auto","background-attachment":"scroll","background-type":"","background-media":"","overlay-type":"","overlay-color":"","overlay-opacity":"","overlay-gradient":""},"tablet":{"background-color":"var(--ast-global-color-5)","background-image":"","background-repeat":"repeat","background-position":"center center","background-size":"auto","background-attachment":"scroll","background-type":"","background-media":"","overlay-type":"","overlay-color":"","overlay-opacity":"","overlay-gradient":""},"mobile":{"background-color":"var(--ast-global-color-5)","background-image":"","background-repeat":"repeat","background-position":"center center","background-size":"auto","background-attachment":"scroll","background-type":"","background-media":"","overlay-type":"","overlay-color":"","overlay-opacity":"","overlay-gradient":""}}},"product_brand":[],"product_cat":[447,435,17],"product_tag":[],"class_list":{"0":"post-5272","1":"product","2":"type-product","3":"status-publish","4":"has-post-thumbnail","6":"product_cat-kubki-butelki-i-sloiki","7":"product_cat-outdoor","8":"product_cat-produkty","9":"desktop-align-left","10":"tablet-align-left","11":"mobile-align-left","13":"first","14":"instock","15":"shipping-taxable","16":"purchasable","17":"product-type-simple"},"uagb_featured_image_src":{"full":["https:\/\/viallidesign.com\/wp-content\/uploads\/2024\/08\/1208202466b9cee67cadd.jpeg",1200,1200,false],"thumbnail":["https:\/\/viallidesign.com\/wp-content\/uploads\/2024\/08\/1208202466b9cee67cadd-80x80.jpeg",80,80,true],"medium":["https:\/\/viallidesign.com\/wp-content\/uploads\/2024\/08\/1208202466b9cee67cadd-300x300.jpeg",300,300,true],"medium_large":["https:\/\/viallidesign.com\/wp-content\/uploads\/2024\/08\/1208202466b9cee67cadd-768x768.jpeg",768,768,true],"large":["https:\/\/viallidesign.com\/wp-content\/uploads\/2024\/08\/1208202466b9cee67cadd-1024x1024.jpeg",1024,1024,true],"1536x1536":["https:\/\/viallidesign.com\/wp-content\/uploads\/2024\/08\/1208202466b9cee67cadd.jpeg",1200,1200,false],"2048x2048":["https:\/\/viallidesign.com\/wp-content\/uploads\/2024\/08\/1208202466b9cee67cadd.jpeg",1200,1200,false],"trp-custom-language-flag":["https:\/\/viallidesign.com\/wp-content\/uploads\/2024\/08\/1208202466b9cee67cadd-12x12.jpeg",12,12,true],"woocommerce_thumbnail":["https:\/\/viallidesign.com\/wp-content\/uploads\/2024\/08\/1208202466b9cee67cadd-600x600.jpeg",600,600,true],"woocommerce_single":["https:\/\/viallidesign.com\/wp-content\/uploads\/2024\/08\/1208202466b9cee67cadd.jpeg",1200,1200,false],"woocommerce_gallery_thumbnail":["https:\/\/viallidesign.com\/wp-content\/uploads\/2024\/08\/1208202466b9cee67cadd-100x100.jpeg",100,100,true],"dgwt-wcas-product-suggestion":["https:\/\/viallidesign.com\/wp-content\/uploads\/2024\/08\/1208202466b9cee67cadd-64x64.jpeg",64,64,true]},"uagb_author_info":{"display_name":"viallidesign","author_link":"https:\/\/viallidesign.com\/en\/author\/"},"uagb_comment_info":0,"uagb_excerpt":"S\u0142oik ze s\u0142omk\u0105 Fuori marki Vialli Design R\u0119cznie wykonany s\u0142oik Fuori z pokrywk\u0105 i s\u0142omk\u0105 o pojemno\u015bci 600 ml &#8211;\u00a0idealny\u00a0do serwowania wszystkich orze\u017awiaj\u0105cych napoj\u00f3w, koktajli, drink\u00f3w, pysznych sok\u00f3w czy smoothies. Doskonale sprawdzi si\u0119 na pikniku, tarasie, w ogrodzie, na przyj\u0119ciu, podczas grilla na \u015bwie\u017cym powietrzu. Uwag\u0119 przykuwa innowacyjny design tego s\u0142oika, charakteryzuj\u0105cy si\u0119 delikatnymi liniami&hellip;","_links":{"self":[{"href":"https:\/\/viallidesign.com\/en\/wp-json\/wp\/v2\/product\/5272","targetHints":{"allow":["GET"]}}],"collection":[{"href":"https:\/\/viallidesign.com\/en\/wp-json\/wp\/v2\/product"}],"about":[{"href":"https:\/\/viallidesign.com\/en\/wp-json\/wp\/v2\/types\/product"}],"wp:featuredmedia":[{"embeddable":true,"href":"https:\/\/viallidesign.com\/en\/wp-json\/wp\/v2\/media\/226465"}],"wp:attachment":[{"href":"https:\/\/viallidesign.com\/en\/wp-json\/wp\/v2\/media?parent=5272"}],"wp:term":[{"taxonomy":"product_brand","embeddable":true,"href":"https:\/\/viallidesign.com\/en\/wp-json\/wp\/v2\/product_brand?post=5272"},{"taxonomy":"product_cat","embeddable":true,"href":"https:\/\/viallidesign.com\/en\/wp-json\/wp\/v2\/product_cat?post=5272"},{"taxonomy":"product_tag","embeddable":true,"href":"https:\/\/viallidesign.com\/en\/wp-json\/wp\/v2\/product_tag?post=5272"}],"curies":[{"name":"wp","href":"https:\/\/api.w.org\/{rel}","templated":true}]}}