{"id":5195,"date":"2024-06-13T16:12:15","date_gmt":"2024-06-13T14:12:15","guid":{"rendered":"https:\/\/vialliwp.ageno.work\/produkt\/kubek-termiczny-szklany-ze-slomka-600-ml-mietowy-fuori-30428\/"},"modified":"2026-03-27T02:50:04","modified_gmt":"2026-03-27T01:50:04","slug":"kubek-termiczny-szklany-ze-slomka-600-ml-mietowy-fuori-30428","status":"publish","type":"product","link":"https:\/\/viallidesign.com\/en\/product\/kubek-termiczny-szklany-ze-slomka-600-ml-mietowy-fuori-30428\/","title":{"rendered":"Glass thermal mug with straw 600 ml mint Fuori 30428"},"content":{"rendered":"<p><strong>Thermal mug with straw from the Fuori series by Vialli Design<\/strong><\/p>\n<p>Handmade borosilicate glass mug <strong>Fuori<\/strong> with a capacity of 600 ml has <strong>modern<\/strong> i\u00a0<strong>ergonomic<\/strong> shape, and its thermal properties, will ensure that our drink stays at the desired temperature for longer. This design also ensures that our hands are protected from heat or cold, so we can enjoy a safe tasting of our favourite drink. Thanks to the comfortable handle with <strong>soft silicone<\/strong> The object lies securely in the hand, and the additional <strong>anti-slip<\/strong> coating on the base increases stability.<\/p>\n<p>The mug has \u00a0<strong>dual-function locking.<\/strong>Depending on the user's preference, it is possible to use the central opening and a straw or to drink directly from the cup using the second opening. <strong>Glass straw<\/strong> finished with a silicone tip makes drinking extremely comfortable.<\/p>\n<p>Great for safely drinking any hot beverages such as coffee or tea. Also ideal for serving refreshing drinks, cocktails, drinks, delicious juices or smoothies, especially on hot days. Perfect for picnics, terraces, gardens, parties and outdoor barbecues.<strong> Airtight lid with opening for straw<\/strong> perfectly protects the drink from ubiquitous insects and prevents the contents from spilling.<\/p>\n<ul>\n<li>Capacity 600 ml<\/li>\n<li>Thermal properties (keeps drinks warm for up to 2 hours)<\/li>\n<li>Fitted for car holders<\/li>\n<li>Glass straw included<\/li>\n<\/ul>\n<p class=\"gpsr-info\"><a href=\"https:\/\/kulig.com.pl\/gpsr\/\" target=\"_blank\" rel=\"noopener\">GPSR information<\/a><\/p>","protected":false},"excerpt":{"rendered":"<p>Thermal mug with straw from the Fuori series by Vialli Design The handmade Fuori borosilicate glass mug with a capacity of 600 ml has a modern and ergonomic shape, and its thermal properties, will ensure that our drink stays at the desired temperature for longer. This design also ensures that our hands are protected from heat or cold, so we can enjoy [...]<\/p>","protected":false},"featured_media":5184,"template":"","meta":{"_uag_custom_page_level_css":"","site-sidebar-layout":"default","site-content-layout":"","ast-site-content-layout":"default","site-content-style":"default","site-sidebar-style":"default","ast-global-header-display":"","ast-banner-title-visibility":"","ast-main-header-display":"","ast-hfb-above-header-display":"","ast-hfb-below-header-display":"","ast-hfb-mobile-header-display":"","site-post-title":"","ast-breadcrumbs-content":"","ast-featured-img":"","footer-sml-layout":"","ast-disable-related-posts":"","theme-transparent-header-meta":"","adv-header-id-meta":"","stick-header-meta":"","header-above-stick-meta":"","header-main-stick-meta":"","header-below-stick-meta":"","astra-migrate-meta-layouts":"default","ast-page-background-enabled":"default","ast-page-background-meta":{"desktop":{"background-color":"","background-image":"","background-repeat":"repeat","background-position":"center center","background-size":"auto","background-attachment":"scroll","background-type":"","background-media":"","overlay-type":"","overlay-color":"","overlay-opacity":"","overlay-gradient":""},"tablet":{"background-color":"","background-image":"","background-repeat":"repeat","background-position":"center center","background-size":"auto","background-attachment":"scroll","background-type":"","background-media":"","overlay-type":"","overlay-color":"","overlay-opacity":"","overlay-gradient":""},"mobile":{"background-color":"","background-image":"","background-repeat":"repeat","background-position":"center center","background-size":"auto","background-attachment":"scroll","background-type":"","background-media":"","overlay-type":"","overlay-color":"","overlay-opacity":"","overlay-gradient":""}},"ast-content-background-meta":{"desktop":{"background-color":"var(--ast-global-color-5)","background-image":"","background-repeat":"repeat","background-position":"center center","background-size":"auto","background-attachment":"scroll","background-type":"","background-media":"","overlay-type":"","overlay-color":"","overlay-opacity":"","overlay-gradient":""},"tablet":{"background-color":"var(--ast-global-color-5)","background-image":"","background-repeat":"repeat","background-position":"center center","background-size":"auto","background-attachment":"scroll","background-type":"","background-media":"","overlay-type":"","overlay-color":"","overlay-opacity":"","overlay-gradient":""},"mobile":{"background-color":"var(--ast-global-color-5)","background-image":"","background-repeat":"repeat","background-position":"center center","background-size":"auto","background-attachment":"scroll","background-type":"","background-media":"","overlay-type":"","overlay-color":"","overlay-opacity":"","overlay-gradient":""}}},"product_brand":[],"product_cat":[447,435,17],"product_tag":[],"class_list":{"0":"post-5195","1":"product","2":"type-product","3":"status-publish","4":"has-post-thumbnail","6":"product_cat-kubki-butelki-i-sloiki","7":"product_cat-outdoor","8":"product_cat-produkty","9":"desktop-align-left","10":"tablet-align-left","11":"mobile-align-left","13":"first","14":"instock","15":"shipping-taxable","16":"purchasable","17":"product-type-simple"},"uagb_featured_image_src":{"full":["https:\/\/viallidesign.com\/wp-content\/uploads\/2024\/06\/13062024666afe2529155-scaled.jpeg",1784,2560,false],"thumbnail":["https:\/\/viallidesign.com\/wp-content\/uploads\/2024\/06\/13062024666afe2529155-scaled-80x80.jpeg",80,80,true],"medium":["https:\/\/viallidesign.com\/wp-content\/uploads\/2024\/06\/13062024666afe2529155-scaled-209x300.jpeg",209,300,true],"medium_large":["https:\/\/viallidesign.com\/wp-content\/uploads\/2024\/06\/13062024666afe2529155-scaled-768x1102.jpeg",768,1102,true],"large":["https:\/\/viallidesign.com\/wp-content\/uploads\/2024\/06\/13062024666afe2529155-scaled-714x1024.jpeg",714,1024,true],"1536x1536":["https:\/\/viallidesign.com\/wp-content\/uploads\/2024\/06\/13062024666afe2529155-scaled-1070x1536.jpeg",1070,1536,true],"2048x2048":["https:\/\/viallidesign.com\/wp-content\/uploads\/2024\/06\/13062024666afe2529155-scaled-1427x2048.jpeg",1427,2048,true],"trp-custom-language-flag":["https:\/\/viallidesign.com\/wp-content\/uploads\/2024\/06\/13062024666afe2529155-scaled.jpeg",8,12,false],"woocommerce_thumbnail":["https:\/\/viallidesign.com\/wp-content\/uploads\/2024\/06\/13062024666afe2529155-scaled-600x861.jpeg",600,861,true],"woocommerce_single":["https:\/\/viallidesign.com\/wp-content\/uploads\/2024\/06\/13062024666afe2529155-scaled-1200x1722.jpeg",1200,1722,true],"woocommerce_gallery_thumbnail":["https:\/\/viallidesign.com\/wp-content\/uploads\/2024\/06\/13062024666afe2529155-scaled-100x100.jpeg",100,100,true],"dgwt-wcas-product-suggestion":["https:\/\/viallidesign.com\/wp-content\/uploads\/2024\/06\/13062024666afe2529155-scaled-64x92.jpeg",64,92,true]},"uagb_author_info":{"display_name":"viallidesign","author_link":"https:\/\/viallidesign.com\/en\/author\/"},"uagb_comment_info":0,"uagb_excerpt":"Kubek termiczny ze s\u0142omk\u0105 z serii Fuori marki Vialli Design R\u0119cznie wykonany kubek ze szk\u0142a borokrzemowego Fuori o pojemno\u015bci 600 ml ma nowoczesny i\u00a0ergonomiczny kszta\u0142t, a jego\u00a0termiczne w\u0142a\u015bciwo\u015bci, zagwarantuj\u0105, \u017ce nasz nap\u00f3j pozostanie w po\u017c\u0105danej temperaturze na d\u0142u\u017cej. Taka budowa sprawia r\u00f3wnie\u017c, \u017ce nasze r\u0119ce s\u0105 chronione przed ciep\u0142em lub ch\u0142odem, wi\u0119c mo\u017cemy si\u0119 cieszy\u0107&hellip;","_links":{"self":[{"href":"https:\/\/viallidesign.com\/en\/wp-json\/wp\/v2\/product\/5195","targetHints":{"allow":["GET"]}}],"collection":[{"href":"https:\/\/viallidesign.com\/en\/wp-json\/wp\/v2\/product"}],"about":[{"href":"https:\/\/viallidesign.com\/en\/wp-json\/wp\/v2\/types\/product"}],"wp:featuredmedia":[{"embeddable":true,"href":"https:\/\/viallidesign.com\/en\/wp-json\/wp\/v2\/media\/5184"}],"wp:attachment":[{"href":"https:\/\/viallidesign.com\/en\/wp-json\/wp\/v2\/media?parent=5195"}],"wp:term":[{"taxonomy":"product_brand","embeddable":true,"href":"https:\/\/viallidesign.com\/en\/wp-json\/wp\/v2\/product_brand?post=5195"},{"taxonomy":"product_cat","embeddable":true,"href":"https:\/\/viallidesign.com\/en\/wp-json\/wp\/v2\/product_cat?post=5195"},{"taxonomy":"product_tag","embeddable":true,"href":"https:\/\/viallidesign.com\/en\/wp-json\/wp\/v2\/product_tag?post=5195"}],"curies":[{"name":"wp","href":"https:\/\/api.w.org\/{rel}","templated":true}]}}