{"id":5041,"date":"2024-06-13T16:05:51","date_gmt":"2024-06-13T14:05:51","guid":{"rendered":"https:\/\/vialliwp.ageno.work\/produkt\/dwa-kubki-ceramiczne-z-uszkiem-80-ml-fuori-mietowe-29996\/"},"modified":"2026-03-27T02:50:03","modified_gmt":"2026-03-27T01:50:03","slug":"dwa-kubki-ceramiczne-z-uszkiem-80-ml-fuori-mietowe-29996","status":"publish","type":"product","link":"https:\/\/viallidesign.com\/en\/product\/dwa-kubki-ceramiczne-z-uszkiem-80-ml-fuori-mietowe-29996\/","title":{"rendered":"Two ceramic mugs with handle 80 ml Fuori mint 29996"},"content":{"rendered":"<p><strong>Two ceramic mugs with handle from the Fuori series by Vialli Design <\/strong><\/p>\n<p>Set of two elegant espresso mugs <strong>Fuori<\/strong> brands <strong>Vialli Design<\/strong> with a capacity of 80 ml.<\/p>\n<p>The design of these unique mugs draws on the philosophy of the brand <strong>Vialli Design<\/strong>The espresso is a combination of beauty and high usability. The refined shape is inspired by the finesse of the espresso's homeland, Italy. The outer layer is contoured to resemble a prism. The thick walls and relatively small diameter help to keep the coffee at a high temperature. This solution also ensures that the intense aroma of your favourite beverage is not dissipated. The comfortable ear, with its interesting elongated shape, also draws attention. Espresso lovers will certainly be delighted when enjoying their coffee from the mug. <strong>Fuori<\/strong>. The dishes are offered in several colour variants.<\/p>\n<p>Mugs <strong>Fuori<\/strong> are made of high-quality stoneware. This is a material created from stoneware clay, which is characterised by its high strength and is further enhanced by firing at high temperatures.<\/p>\n<ul>\n<li>Natural material<\/li>\n<li>Health-friendly<\/li>\n<li>Good thermal properties<\/li>\n<li>Dishwasher safe<\/li>\n<\/ul>\n<p class=\"gpsr-info\"><a href=\"https:\/\/kulig.com.pl\/gpsr\/\" target=\"_blank\" rel=\"noopener\">GPSR information<\/a><\/p>","protected":false},"excerpt":{"rendered":"<p>Dwa kubki ceramiczne z uszkiem z serii Fuori marki Vialli Design Zestaw dw\u00f3ch eleganckich kubk\u00f3w do espresso Fuori marki Vialli Design o pojemno\u015bci 80 ml. Stylistyka tych wyj\u0105tkowych kubk\u00f3w nawi\u0105zuje do filozofii marki Vialli Design, czyli \u0142\u0105czenia pi\u0119kna z wysok\u0105 u\u017cyteczno\u015bci\u0105. Wyrafinowany kszta\u0142t inspirowany jest finezyjnym charakterem ojczyzny espresso \u2013 Itali\u0105. Zewn\u0119trzna warstwa jest wyprofilowana [&hellip;]<\/p>","protected":false},"featured_media":5032,"template":"","meta":{"_uag_custom_page_level_css":"","site-sidebar-layout":"default","site-content-layout":"","ast-site-content-layout":"default","site-content-style":"default","site-sidebar-style":"default","ast-global-header-display":"","ast-banner-title-visibility":"","ast-main-header-display":"","ast-hfb-above-header-display":"","ast-hfb-below-header-display":"","ast-hfb-mobile-header-display":"","site-post-title":"","ast-breadcrumbs-content":"","ast-featured-img":"","footer-sml-layout":"","ast-disable-related-posts":"","theme-transparent-header-meta":"","adv-header-id-meta":"","stick-header-meta":"","header-above-stick-meta":"","header-main-stick-meta":"","header-below-stick-meta":"","astra-migrate-meta-layouts":"default","ast-page-background-enabled":"default","ast-page-background-meta":{"desktop":{"background-color":"","background-image":"","background-repeat":"repeat","background-position":"center center","background-size":"auto","background-attachment":"scroll","background-type":"","background-media":"","overlay-type":"","overlay-color":"","overlay-opacity":"","overlay-gradient":""},"tablet":{"background-color":"","background-image":"","background-repeat":"repeat","background-position":"center center","background-size":"auto","background-attachment":"scroll","background-type":"","background-media":"","overlay-type":"","overlay-color":"","overlay-opacity":"","overlay-gradient":""},"mobile":{"background-color":"","background-image":"","background-repeat":"repeat","background-position":"center center","background-size":"auto","background-attachment":"scroll","background-type":"","background-media":"","overlay-type":"","overlay-color":"","overlay-opacity":"","overlay-gradient":""}},"ast-content-background-meta":{"desktop":{"background-color":"var(--ast-global-color-5)","background-image":"","background-repeat":"repeat","background-position":"center center","background-size":"auto","background-attachment":"scroll","background-type":"","background-media":"","overlay-type":"","overlay-color":"","overlay-opacity":"","overlay-gradient":""},"tablet":{"background-color":"var(--ast-global-color-5)","background-image":"","background-repeat":"repeat","background-position":"center center","background-size":"auto","background-attachment":"scroll","background-type":"","background-media":"","overlay-type":"","overlay-color":"","overlay-opacity":"","overlay-gradient":""},"mobile":{"background-color":"var(--ast-global-color-5)","background-image":"","background-repeat":"repeat","background-position":"center center","background-size":"auto","background-attachment":"scroll","background-type":"","background-media":"","overlay-type":"","overlay-color":"","overlay-opacity":"","overlay-gradient":""}}},"product_brand":[],"product_cat":[432,437,17],"product_tag":[],"class_list":{"0":"post-5041","1":"product","2":"type-product","3":"status-publish","4":"has-post-thumbnail","6":"product_cat-jadalnia","7":"product_cat-kubki-ceramiczne","8":"product_cat-produkty","9":"desktop-align-left","10":"tablet-align-left","11":"mobile-align-left","13":"first","14":"instock","15":"sale","16":"shipping-taxable","17":"purchasable","18":"product-type-simple"},"uagb_featured_image_src":{"full":["https:\/\/viallidesign.com\/wp-content\/uploads\/2024\/06\/13062024666afca7abe5b.jpeg",1200,1200,false],"thumbnail":["https:\/\/viallidesign.com\/wp-content\/uploads\/2024\/06\/13062024666afca7abe5b-80x80.jpeg",80,80,true],"medium":["https:\/\/viallidesign.com\/wp-content\/uploads\/2024\/06\/13062024666afca7abe5b-300x300.jpeg",300,300,true],"medium_large":["https:\/\/viallidesign.com\/wp-content\/uploads\/2024\/06\/13062024666afca7abe5b-768x768.jpeg",768,768,true],"large":["https:\/\/viallidesign.com\/wp-content\/uploads\/2024\/06\/13062024666afca7abe5b-1024x1024.jpeg",1024,1024,true],"1536x1536":["https:\/\/viallidesign.com\/wp-content\/uploads\/2024\/06\/13062024666afca7abe5b.jpeg",1200,1200,false],"2048x2048":["https:\/\/viallidesign.com\/wp-content\/uploads\/2024\/06\/13062024666afca7abe5b.jpeg",1200,1200,false],"trp-custom-language-flag":["https:\/\/viallidesign.com\/wp-content\/uploads\/2024\/06\/13062024666afca7abe5b.jpeg",12,12,false],"woocommerce_thumbnail":["https:\/\/viallidesign.com\/wp-content\/uploads\/2024\/06\/13062024666afca7abe5b-600x600.jpeg",600,600,true],"woocommerce_single":["https:\/\/viallidesign.com\/wp-content\/uploads\/2024\/06\/13062024666afca7abe5b.jpeg",1200,1200,false],"woocommerce_gallery_thumbnail":["https:\/\/viallidesign.com\/wp-content\/uploads\/2024\/06\/13062024666afca7abe5b-100x100.jpeg",100,100,true],"dgwt-wcas-product-suggestion":["https:\/\/viallidesign.com\/wp-content\/uploads\/2024\/06\/13062024666afca7abe5b-64x64.jpeg",64,64,true]},"uagb_author_info":{"display_name":"viallidesign","author_link":"https:\/\/viallidesign.com\/en\/author\/"},"uagb_comment_info":0,"uagb_excerpt":"Dwa kubki ceramiczne z uszkiem z serii Fuori marki Vialli Design Zestaw dw\u00f3ch eleganckich kubk\u00f3w do espresso Fuori marki Vialli Design o pojemno\u015bci 80 ml. Stylistyka tych wyj\u0105tkowych kubk\u00f3w nawi\u0105zuje do filozofii marki Vialli Design, czyli \u0142\u0105czenia pi\u0119kna z wysok\u0105 u\u017cyteczno\u015bci\u0105. Wyrafinowany kszta\u0142t inspirowany jest finezyjnym charakterem ojczyzny espresso \u2013 Itali\u0105. Zewn\u0119trzna warstwa jest wyprofilowana&hellip;","_links":{"self":[{"href":"https:\/\/viallidesign.com\/en\/wp-json\/wp\/v2\/product\/5041","targetHints":{"allow":["GET"]}}],"collection":[{"href":"https:\/\/viallidesign.com\/en\/wp-json\/wp\/v2\/product"}],"about":[{"href":"https:\/\/viallidesign.com\/en\/wp-json\/wp\/v2\/types\/product"}],"wp:featuredmedia":[{"embeddable":true,"href":"https:\/\/viallidesign.com\/en\/wp-json\/wp\/v2\/media\/5032"}],"wp:attachment":[{"href":"https:\/\/viallidesign.com\/en\/wp-json\/wp\/v2\/media?parent=5041"}],"wp:term":[{"taxonomy":"product_brand","embeddable":true,"href":"https:\/\/viallidesign.com\/en\/wp-json\/wp\/v2\/product_brand?post=5041"},{"taxonomy":"product_cat","embeddable":true,"href":"https:\/\/viallidesign.com\/en\/wp-json\/wp\/v2\/product_cat?post=5041"},{"taxonomy":"product_tag","embeddable":true,"href":"https:\/\/viallidesign.com\/en\/wp-json\/wp\/v2\/product_tag?post=5041"}],"curies":[{"name":"wp","href":"https:\/\/api.w.org\/{rel}","templated":true}]}}