{"id":4991,"date":"2024-06-13T16:04:03","date_gmt":"2024-06-13T14:04:03","guid":{"rendered":"https:\/\/vialliwp.ageno.work\/produkt\/wklad-bawelniany-do-koszyka-na-pieczywo-livio-30343\/"},"modified":"2026-03-27T02:45:05","modified_gmt":"2026-03-27T01:45:05","slug":"wklad-bawelniany-do-koszyka-na-pieczywo-livio-30343","status":"publish","type":"product","link":"https:\/\/viallidesign.com\/en\/product\/wklad-bawelniany-do-koszyka-na-pieczywo-livio-30343\/","title":{"rendered":"Cotton insert for Livio bread basket 30343"},"content":{"rendered":"<p>Cotton insert for bread basket <strong>Livio<\/strong> brands <strong>Vialli Design<\/strong>.<\/p>\n<p>A bread basket insert made of thick cotton that holds its shape and is durable and easy to clean.<\/p>\n<p>The removable insert can be washed by hand at up to 40 degrees Celsius, ensuring that the bread is stored hygienically.\u00a0<\/p>\n<p>A bread basket insert can help to keep bread fresh while protecting the basket from crumbs and dirt.<\/p>\n<p>\u00a0<\/p>\n<p>\u00a0<\/p>\n<p>\u00a0<\/p>\n<p>\u00a0<\/p>\n<p class=\"gpsr-info\"><a href=\"https:\/\/kulig.com.pl\/gpsr\/\" target=\"_blank\" rel=\"noopener\">GPSR information<\/a><\/p>","protected":false},"excerpt":{"rendered":"<p>Wk\u0142ad bawe\u0142niany do koszyka na pieczywo Livio marki Vialli Design. Wk\u0142ad do koszyka na pieczywo wykonany z grubej bawe\u0142ny, kt\u00f3ra utrzymuje sw\u00f3j kszta\u0142t i jest trwa\u0142a oraz \u0142atwa w czyszczeniu. Wymienny wk\u0142ad mo\u017cna pra\u0107 r\u0119cznie w temperaturze do 40 stopni Celsjusza, daje to gwaracj\u0119 przechowywania pieczywa w spos\u00f3b higieniczny.\u00a0 Wk\u0142ad do koszyka na pieczywo mo\u017ce [&hellip;]<\/p>","protected":false},"featured_media":4986,"template":"","meta":{"_uag_custom_page_level_css":"","site-sidebar-layout":"default","site-content-layout":"","ast-site-content-layout":"default","site-content-style":"default","site-sidebar-style":"default","ast-global-header-display":"","ast-banner-title-visibility":"","ast-main-header-display":"","ast-hfb-above-header-display":"","ast-hfb-below-header-display":"","ast-hfb-mobile-header-display":"","site-post-title":"","ast-breadcrumbs-content":"","ast-featured-img":"","footer-sml-layout":"","ast-disable-related-posts":"","theme-transparent-header-meta":"","adv-header-id-meta":"","stick-header-meta":"","header-above-stick-meta":"","header-main-stick-meta":"","header-below-stick-meta":"","astra-migrate-meta-layouts":"default","ast-page-background-enabled":"default","ast-page-background-meta":{"desktop":{"background-color":"","background-image":"","background-repeat":"repeat","background-position":"center center","background-size":"auto","background-attachment":"scroll","background-type":"","background-media":"","overlay-type":"","overlay-color":"","overlay-opacity":"","overlay-gradient":""},"tablet":{"background-color":"","background-image":"","background-repeat":"repeat","background-position":"center center","background-size":"auto","background-attachment":"scroll","background-type":"","background-media":"","overlay-type":"","overlay-color":"","overlay-opacity":"","overlay-gradient":""},"mobile":{"background-color":"","background-image":"","background-repeat":"repeat","background-position":"center center","background-size":"auto","background-attachment":"scroll","background-type":"","background-media":"","overlay-type":"","overlay-color":"","overlay-opacity":"","overlay-gradient":""}},"ast-content-background-meta":{"desktop":{"background-color":"var(--ast-global-color-5)","background-image":"","background-repeat":"repeat","background-position":"center center","background-size":"auto","background-attachment":"scroll","background-type":"","background-media":"","overlay-type":"","overlay-color":"","overlay-opacity":"","overlay-gradient":""},"tablet":{"background-color":"var(--ast-global-color-5)","background-image":"","background-repeat":"repeat","background-position":"center center","background-size":"auto","background-attachment":"scroll","background-type":"","background-media":"","overlay-type":"","overlay-color":"","overlay-opacity":"","overlay-gradient":""},"mobile":{"background-color":"var(--ast-global-color-5)","background-image":"","background-repeat":"repeat","background-position":"center center","background-size":"auto","background-attachment":"scroll","background-type":"","background-media":"","overlay-type":"","overlay-color":"","overlay-opacity":"","overlay-gradient":""}}},"product_brand":[],"product_cat":[752,433,17],"product_tag":[],"class_list":{"0":"post-4991","1":"product","2":"type-product","3":"status-publish","4":"has-post-thumbnail","6":"product_cat-koszyki","7":"product_cat-kuchnia","8":"product_cat-produkty","9":"desktop-align-left","10":"tablet-align-left","11":"mobile-align-left","13":"first","14":"instock","15":"shipping-taxable","16":"purchasable","17":"product-type-simple"},"uagb_featured_image_src":{"full":["https:\/\/viallidesign.com\/wp-content\/uploads\/2024\/06\/13062024666afc4d3e312-scaled.jpeg",2560,2560,false],"thumbnail":["https:\/\/viallidesign.com\/wp-content\/uploads\/2024\/06\/13062024666afc4d3e312-scaled-80x80.jpeg",80,80,true],"medium":["https:\/\/viallidesign.com\/wp-content\/uploads\/2024\/06\/13062024666afc4d3e312-scaled-300x300.jpeg",300,300,true],"medium_large":["https:\/\/viallidesign.com\/wp-content\/uploads\/2024\/06\/13062024666afc4d3e312-scaled-768x768.jpeg",768,768,true],"large":["https:\/\/viallidesign.com\/wp-content\/uploads\/2024\/06\/13062024666afc4d3e312-scaled-1024x1024.jpeg",1024,1024,true],"1536x1536":["https:\/\/viallidesign.com\/wp-content\/uploads\/2024\/06\/13062024666afc4d3e312-scaled-1536x1536.jpeg",1536,1536,true],"2048x2048":["https:\/\/viallidesign.com\/wp-content\/uploads\/2024\/06\/13062024666afc4d3e312-scaled-2048x2048.jpeg",2048,2048,true],"trp-custom-language-flag":["https:\/\/viallidesign.com\/wp-content\/uploads\/2024\/06\/13062024666afc4d3e312-scaled.jpeg",12,12,false],"woocommerce_thumbnail":["https:\/\/viallidesign.com\/wp-content\/uploads\/2024\/06\/13062024666afc4d3e312-scaled-600x600.jpeg",600,600,true],"woocommerce_single":["https:\/\/viallidesign.com\/wp-content\/uploads\/2024\/06\/13062024666afc4d3e312-scaled-1200x1200.jpeg",1200,1200,true],"woocommerce_gallery_thumbnail":["https:\/\/viallidesign.com\/wp-content\/uploads\/2024\/06\/13062024666afc4d3e312-scaled-100x100.jpeg",100,100,true],"dgwt-wcas-product-suggestion":["https:\/\/viallidesign.com\/wp-content\/uploads\/2024\/06\/13062024666afc4d3e312-scaled-64x64.jpeg",64,64,true]},"uagb_author_info":{"display_name":"viallidesign","author_link":"https:\/\/viallidesign.com\/en\/author\/"},"uagb_comment_info":0,"uagb_excerpt":"Wk\u0142ad bawe\u0142niany do koszyka na pieczywo Livio marki Vialli Design. Wk\u0142ad do koszyka na pieczywo wykonany z grubej bawe\u0142ny, kt\u00f3ra utrzymuje sw\u00f3j kszta\u0142t i jest trwa\u0142a oraz \u0142atwa w czyszczeniu. Wymienny wk\u0142ad mo\u017cna pra\u0107 r\u0119cznie w temperaturze do 40 stopni Celsjusza, daje to gwaracj\u0119 przechowywania pieczywa w spos\u00f3b higieniczny.\u00a0 Wk\u0142ad do koszyka na pieczywo mo\u017ce&hellip;","_links":{"self":[{"href":"https:\/\/viallidesign.com\/en\/wp-json\/wp\/v2\/product\/4991","targetHints":{"allow":["GET"]}}],"collection":[{"href":"https:\/\/viallidesign.com\/en\/wp-json\/wp\/v2\/product"}],"about":[{"href":"https:\/\/viallidesign.com\/en\/wp-json\/wp\/v2\/types\/product"}],"wp:featuredmedia":[{"embeddable":true,"href":"https:\/\/viallidesign.com\/en\/wp-json\/wp\/v2\/media\/4986"}],"wp:attachment":[{"href":"https:\/\/viallidesign.com\/en\/wp-json\/wp\/v2\/media?parent=4991"}],"wp:term":[{"taxonomy":"product_brand","embeddable":true,"href":"https:\/\/viallidesign.com\/en\/wp-json\/wp\/v2\/product_brand?post=4991"},{"taxonomy":"product_cat","embeddable":true,"href":"https:\/\/viallidesign.com\/en\/wp-json\/wp\/v2\/product_cat?post=4991"},{"taxonomy":"product_tag","embeddable":true,"href":"https:\/\/viallidesign.com\/en\/wp-json\/wp\/v2\/product_tag?post=4991"}],"curies":[{"name":"wp","href":"https:\/\/api.w.org\/{rel}","templated":true}]}}