{"id":4975,"date":"2024-06-13T16:03:46","date_gmt":"2024-06-13T14:03:46","guid":{"rendered":"https:\/\/vialliwp.ageno.work\/produkt\/koszyk-na-pieczywo-z-wkladem-bawelnianym-livio-bialy-29866\/"},"modified":"2026-03-27T02:45:05","modified_gmt":"2026-03-27T01:45:05","slug":"koszyk-na-pieczywo-z-wkladem-bawelnianym-livio-bialy-29866","status":"publish","type":"product","link":"https:\/\/viallidesign.com\/en\/product\/koszyk-na-pieczywo-z-wkladem-bawelnianym-livio-bialy-29866\/","title":{"rendered":"Bread basket with cotton insert Livio white 29866"},"content":{"rendered":"<p><span lang=\"pl\">Bread basket<strong> Livio <\/strong>with cotton brand insert <strong>Vialli Design<\/strong>.<\/span><\/p>\n<p class=\"western\"><span lang=\"pl\">The bread basket helps to keep your kitchen tidy by allowing you to store bread, rolls or other baked goods<\/span><span lang=\"en-US\">of your items in one place. This avoids clutter on countertops or in cabinets, this product allows you to better organise your space.<\/span><\/p>\n<p class=\"western\"><span lang=\"en-US\">Fresh bread served in such a setting will look not only tasty, but also exceptionally aesthetic. The product can enrich the table arrangement, making it more exquisite and sophisticated.<\/span><\/p>\n<p class=\"western\"><span lang=\"en-US\">Basket <strong>Livio<\/strong> is made of matt plastic, making it durable and easy to clean.<\/span><\/p>\n<p class=\"western\"><span lang=\"pl\">The openwork design ensures a free flow of air, which keeps the contents fresh for longer. It can be used on its own, e.g. for larger fruit (it can also act as a strainer for rinsing apples) or in a more elegant version - with a fabric filling.<\/span><\/p>\n<p class=\"western\"><span lang=\"en-US\">The removable and replaceable natural thick cotton insert, which can be washed at up to 40 degrees C, is a guarantee of cleanliness and hygiene.<\/span><\/p>\n<p class=\"western\"><span lang=\"en-US\">The bread basket can be used not only to store bread, but also other products such as fruit or vegetables<\/span>, it can be r<span lang=\"en-US\">\u00f3<\/span>It can also be used as a cutlery container. <span lang=\"en-US\">This is a versatile and practical solution.<\/span><\/p>\n<p class=\"western\"><span lang=\"en-US\">The basket is suitable for domestic use, but is also ideal for use in, for example, restaurants, hotels and other catering establishments. <\/span><\/p>\n<p class=\"western\"><span lang=\"pl\">Modern design with a focus on minimalism, muted, neutral colours - white, black, natural and durable raw materials - make the final product stylistically coherent, visually striking and usable at the same time.<\/span><\/p>\n<p class=\"gpsr-info\"><a href=\"https:\/\/kulig.com.pl\/gpsr\/\" target=\"_blank\" rel=\"noopener\">GPSR information<\/a><\/p>","protected":false},"excerpt":{"rendered":"<p>Koszyk na pieczywo Livio z bawe\u0142nianym wk\u0142adem marki Vialli Design. Koszyk na pieczywo pomaga utrzyma\u0107 porz\u0105dek w kuchni, umo\u017cliwiaj\u0105c przechowywanie chleba, bu\u0142ek czy innych wypiek\u00f3w w jednym miejscu. Dzi\u0119ki temu unikasz ba\u0142aganu na blatach czy w szafkach, produkt ten pozwala na lepsz\u0105 organizacj\u0119 przestrzeni. \u015awie\u017ce pieczywo podane w takiej oprawie b\u0119dzie si\u0119 prezentowa\u0107 nie tylko [&hellip;]<\/p>","protected":false},"featured_media":233434,"template":"","meta":{"_uag_custom_page_level_css":"","site-sidebar-layout":"default","site-content-layout":"","ast-site-content-layout":"default","site-content-style":"default","site-sidebar-style":"default","ast-global-header-display":"","ast-banner-title-visibility":"","ast-main-header-display":"","ast-hfb-above-header-display":"","ast-hfb-below-header-display":"","ast-hfb-mobile-header-display":"","site-post-title":"","ast-breadcrumbs-content":"","ast-featured-img":"","footer-sml-layout":"","ast-disable-related-posts":"","theme-transparent-header-meta":"","adv-header-id-meta":"","stick-header-meta":"","header-above-stick-meta":"","header-main-stick-meta":"","header-below-stick-meta":"","astra-migrate-meta-layouts":"default","ast-page-background-enabled":"default","ast-page-background-meta":{"desktop":{"background-color":"","background-image":"","background-repeat":"repeat","background-position":"center center","background-size":"auto","background-attachment":"scroll","background-type":"","background-media":"","overlay-type":"","overlay-color":"","overlay-opacity":"","overlay-gradient":""},"tablet":{"background-color":"","background-image":"","background-repeat":"repeat","background-position":"center center","background-size":"auto","background-attachment":"scroll","background-type":"","background-media":"","overlay-type":"","overlay-color":"","overlay-opacity":"","overlay-gradient":""},"mobile":{"background-color":"","background-image":"","background-repeat":"repeat","background-position":"center center","background-size":"auto","background-attachment":"scroll","background-type":"","background-media":"","overlay-type":"","overlay-color":"","overlay-opacity":"","overlay-gradient":""}},"ast-content-background-meta":{"desktop":{"background-color":"var(--ast-global-color-5)","background-image":"","background-repeat":"repeat","background-position":"center center","background-size":"auto","background-attachment":"scroll","background-type":"","background-media":"","overlay-type":"","overlay-color":"","overlay-opacity":"","overlay-gradient":""},"tablet":{"background-color":"var(--ast-global-color-5)","background-image":"","background-repeat":"repeat","background-position":"center center","background-size":"auto","background-attachment":"scroll","background-type":"","background-media":"","overlay-type":"","overlay-color":"","overlay-opacity":"","overlay-gradient":""},"mobile":{"background-color":"var(--ast-global-color-5)","background-image":"","background-repeat":"repeat","background-position":"center center","background-size":"auto","background-attachment":"scroll","background-type":"","background-media":"","overlay-type":"","overlay-color":"","overlay-opacity":"","overlay-gradient":""}}},"product_brand":[],"product_cat":[752,433,17],"product_tag":[],"class_list":{"0":"post-4975","1":"product","2":"type-product","3":"status-publish","4":"has-post-thumbnail","6":"product_cat-koszyki","7":"product_cat-kuchnia","8":"product_cat-produkty","9":"desktop-align-left","10":"tablet-align-left","11":"mobile-align-left","13":"first","14":"instock","15":"shipping-taxable","16":"purchasable","17":"product-type-simple"},"uagb_featured_image_src":{"full":["https:\/\/viallidesign.com\/wp-content\/uploads\/2025\/12\/1712202569421cb76eb57.jpeg",1200,1200,false],"thumbnail":["https:\/\/viallidesign.com\/wp-content\/uploads\/2025\/12\/1712202569421cb76eb57-80x80.jpeg",80,80,true],"medium":["https:\/\/viallidesign.com\/wp-content\/uploads\/2025\/12\/1712202569421cb76eb57-300x300.jpeg",300,300,true],"medium_large":["https:\/\/viallidesign.com\/wp-content\/uploads\/2025\/12\/1712202569421cb76eb57-768x768.jpeg",768,768,true],"large":["https:\/\/viallidesign.com\/wp-content\/uploads\/2025\/12\/1712202569421cb76eb57-1024x1024.jpeg",1024,1024,true],"1536x1536":["https:\/\/viallidesign.com\/wp-content\/uploads\/2025\/12\/1712202569421cb76eb57.jpeg",1200,1200,false],"2048x2048":["https:\/\/viallidesign.com\/wp-content\/uploads\/2025\/12\/1712202569421cb76eb57.jpeg",1200,1200,false],"trp-custom-language-flag":["https:\/\/viallidesign.com\/wp-content\/uploads\/2025\/12\/1712202569421cb76eb57-12x12.jpeg",12,12,true],"woocommerce_thumbnail":["https:\/\/viallidesign.com\/wp-content\/uploads\/2025\/12\/1712202569421cb76eb57-600x600.jpeg",600,600,true],"woocommerce_single":["https:\/\/viallidesign.com\/wp-content\/uploads\/2025\/12\/1712202569421cb76eb57.jpeg",1200,1200,false],"woocommerce_gallery_thumbnail":["https:\/\/viallidesign.com\/wp-content\/uploads\/2025\/12\/1712202569421cb76eb57-100x100.jpeg",100,100,true],"dgwt-wcas-product-suggestion":["https:\/\/viallidesign.com\/wp-content\/uploads\/2025\/12\/1712202569421cb76eb57-64x64.jpeg",64,64,true]},"uagb_author_info":{"display_name":"viallidesign","author_link":"https:\/\/viallidesign.com\/en\/author\/"},"uagb_comment_info":0,"uagb_excerpt":"Koszyk na pieczywo Livio z bawe\u0142nianym wk\u0142adem marki Vialli Design. Koszyk na pieczywo pomaga utrzyma\u0107 porz\u0105dek w kuchni, umo\u017cliwiaj\u0105c przechowywanie chleba, bu\u0142ek czy innych wypiek\u00f3w w jednym miejscu. Dzi\u0119ki temu unikasz ba\u0142aganu na blatach czy w szafkach, produkt ten pozwala na lepsz\u0105 organizacj\u0119 przestrzeni. \u015awie\u017ce pieczywo podane w takiej oprawie b\u0119dzie si\u0119 prezentowa\u0107 nie tylko&hellip;","_links":{"self":[{"href":"https:\/\/viallidesign.com\/en\/wp-json\/wp\/v2\/product\/4975","targetHints":{"allow":["GET"]}}],"collection":[{"href":"https:\/\/viallidesign.com\/en\/wp-json\/wp\/v2\/product"}],"about":[{"href":"https:\/\/viallidesign.com\/en\/wp-json\/wp\/v2\/types\/product"}],"wp:featuredmedia":[{"embeddable":true,"href":"https:\/\/viallidesign.com\/en\/wp-json\/wp\/v2\/media\/233434"}],"wp:attachment":[{"href":"https:\/\/viallidesign.com\/en\/wp-json\/wp\/v2\/media?parent=4975"}],"wp:term":[{"taxonomy":"product_brand","embeddable":true,"href":"https:\/\/viallidesign.com\/en\/wp-json\/wp\/v2\/product_brand?post=4975"},{"taxonomy":"product_cat","embeddable":true,"href":"https:\/\/viallidesign.com\/en\/wp-json\/wp\/v2\/product_cat?post=4975"},{"taxonomy":"product_tag","embeddable":true,"href":"https:\/\/viallidesign.com\/en\/wp-json\/wp\/v2\/product_tag?post=4975"}],"curies":[{"name":"wp","href":"https:\/\/api.w.org\/{rel}","templated":true}]}}