{"id":4848,"date":"2024-06-13T16:01:28","date_gmt":"2024-06-13T14:01:28","guid":{"rendered":"https:\/\/vialliwp.ageno.work\/produkt\/karafka-amo-drip-free-1300-ml-black-29798\/"},"modified":"2025-11-20T16:48:20","modified_gmt":"2025-11-20T15:48:20","slug":"karafka-amo-drip-free-1300-ml-black-29798","status":"publish","type":"product","link":"https:\/\/viallidesign.com\/en\/product\/karafka-amo-drip-free-1300-ml-black-29798\/","title":{"rendered":"Amo Drip-free carafe 1300 ml black 29798"},"content":{"rendered":"<p>Carafe <strong>Amo<\/strong> Drip-free 1.3 l brand <strong>Vialli Design<\/strong>.<\/p>\n<p>A stylish and practical decanter from the collection of <strong>Amo<\/strong> is perfect for serving water, lemonade and juices.<\/p>\n<p>It is equipped with a special Drip-free system to prevent the contents from dripping down the walls when pouring.<\/p>\n<p>In addition, the stopper has a strainer to prevent, for example, leftover lemon from getting into the drink, and a silicone seal will prevent it from falling out when tilting the vessel.<\/p>\n<p>Modern, minimalist design, slim lines and ergonomic shape, versatile use, the highest-quality materials used (borosilicate glass and stainless steel) that are safe for health and do not come into contact with the contents or affect their taste, are the advantages of this product.<\/p>\n<p>Innovative decanter <strong>Amo<\/strong> has a wide range of design potential and is ideal for use at home, outdoors, in the office or at conferences.<\/p>\n<p>The universal design will make it blend in perfectly with the rest of the tableware, creating a harmonious whole.<\/p>\n<p>\u00a0<\/p>\n<p class=\"gpsr-info\"><a href=\"https:\/\/kulig.com.pl\/gpsr\/\" target=\"_blank\" rel=\"noopener\">GPSR information<\/a><\/p>","protected":false},"excerpt":{"rendered":"<p>Karafka Amo Drip-free 1,3 l marki Vialli Design. Stylowa i praktyczna karafka z kolekcji Amo doskonale sprawdzi si\u0119 do serwowania wody, lemoniady oraz sok\u00f3w. Wyposa\u017cona zosta\u0142a w specjalny system Drip-free przeciwdzia\u0142aj\u0105cy ciekni\u0119ciu zawarto\u015bci po \u015bciankach podczas nalewania. Dodatkowo korek posiada sitko zapobiegaj\u0105ce przedostaniu si\u0119 np. resztek z cytryny do napoju, a silikonowe uszczelnienie zapobiegnie jego [&hellip;]<\/p>","protected":false},"featured_media":4839,"template":"","meta":{"_uag_custom_page_level_css":"","site-sidebar-layout":"default","site-content-layout":"","ast-site-content-layout":"default","site-content-style":"default","site-sidebar-style":"default","ast-global-header-display":"","ast-banner-title-visibility":"","ast-main-header-display":"","ast-hfb-above-header-display":"","ast-hfb-below-header-display":"","ast-hfb-mobile-header-display":"","site-post-title":"","ast-breadcrumbs-content":"","ast-featured-img":"","footer-sml-layout":"","ast-disable-related-posts":"","theme-transparent-header-meta":"","adv-header-id-meta":"","stick-header-meta":"","header-above-stick-meta":"","header-main-stick-meta":"","header-below-stick-meta":"","astra-migrate-meta-layouts":"default","ast-page-background-enabled":"default","ast-page-background-meta":{"desktop":{"background-color":"","background-image":"","background-repeat":"repeat","background-position":"center center","background-size":"auto","background-attachment":"scroll","background-type":"","background-media":"","overlay-type":"","overlay-color":"","overlay-opacity":"","overlay-gradient":""},"tablet":{"background-color":"","background-image":"","background-repeat":"repeat","background-position":"center center","background-size":"auto","background-attachment":"scroll","background-type":"","background-media":"","overlay-type":"","overlay-color":"","overlay-opacity":"","overlay-gradient":""},"mobile":{"background-color":"","background-image":"","background-repeat":"repeat","background-position":"center center","background-size":"auto","background-attachment":"scroll","background-type":"","background-media":"","overlay-type":"","overlay-color":"","overlay-opacity":"","overlay-gradient":""}},"ast-content-background-meta":{"desktop":{"background-color":"var(--ast-global-color-5)","background-image":"","background-repeat":"repeat","background-position":"center center","background-size":"auto","background-attachment":"scroll","background-type":"","background-media":"","overlay-type":"","overlay-color":"","overlay-opacity":"","overlay-gradient":""},"tablet":{"background-color":"var(--ast-global-color-5)","background-image":"","background-repeat":"repeat","background-position":"center center","background-size":"auto","background-attachment":"scroll","background-type":"","background-media":"","overlay-type":"","overlay-color":"","overlay-opacity":"","overlay-gradient":""},"mobile":{"background-color":"var(--ast-global-color-5)","background-image":"","background-repeat":"repeat","background-position":"center center","background-size":"auto","background-attachment":"scroll","background-type":"","background-media":"","overlay-type":"","overlay-color":"","overlay-opacity":"","overlay-gradient":""}}},"product_brand":[],"product_cat":[432,747,17],"product_tag":[],"class_list":{"0":"post-4848","1":"product","2":"type-product","3":"status-publish","4":"has-post-thumbnail","6":"product_cat-jadalnia","7":"product_cat-karafki","8":"product_cat-produkty","9":"desktop-align-left","10":"tablet-align-left","11":"mobile-align-left","13":"first","14":"outofstock","15":"shipping-taxable","16":"purchasable","17":"product-type-simple"},"uagb_featured_image_src":{"full":["https:\/\/viallidesign.com\/wp-content\/uploads\/2024\/06\/13062024666afbb1e11c5-scaled.jpeg",2560,2406,false],"thumbnail":["https:\/\/viallidesign.com\/wp-content\/uploads\/2024\/06\/13062024666afbb1e11c5-scaled-80x80.jpeg",80,80,true],"medium":["https:\/\/viallidesign.com\/wp-content\/uploads\/2024\/06\/13062024666afbb1e11c5-scaled-300x282.jpeg",300,282,true],"medium_large":["https:\/\/viallidesign.com\/wp-content\/uploads\/2024\/06\/13062024666afbb1e11c5-scaled-768x722.jpeg",768,722,true],"large":["https:\/\/viallidesign.com\/wp-content\/uploads\/2024\/06\/13062024666afbb1e11c5-scaled-1024x962.jpeg",1024,962,true],"1536x1536":["https:\/\/viallidesign.com\/wp-content\/uploads\/2024\/06\/13062024666afbb1e11c5-scaled-1536x1444.jpeg",1536,1444,true],"2048x2048":["https:\/\/viallidesign.com\/wp-content\/uploads\/2024\/06\/13062024666afbb1e11c5-scaled-2048x1925.jpeg",2048,1925,true],"trp-custom-language-flag":["https:\/\/viallidesign.com\/wp-content\/uploads\/2024\/06\/13062024666afbb1e11c5-scaled.jpeg",13,12,false],"woocommerce_thumbnail":["https:\/\/viallidesign.com\/wp-content\/uploads\/2024\/06\/13062024666afbb1e11c5-scaled-600x564.jpeg",600,564,true],"woocommerce_single":["https:\/\/viallidesign.com\/wp-content\/uploads\/2024\/06\/13062024666afbb1e11c5-scaled-1200x1128.jpeg",1200,1128,true],"woocommerce_gallery_thumbnail":["https:\/\/viallidesign.com\/wp-content\/uploads\/2024\/06\/13062024666afbb1e11c5-scaled-100x100.jpeg",100,100,true],"dgwt-wcas-product-suggestion":["https:\/\/viallidesign.com\/wp-content\/uploads\/2024\/06\/13062024666afbb1e11c5-scaled-64x60.jpeg",64,60,true]},"uagb_author_info":{"display_name":"viallidesign","author_link":"https:\/\/viallidesign.com\/en\/author\/"},"uagb_comment_info":0,"uagb_excerpt":"Karafka Amo Drip-free 1,3 l marki Vialli Design. Stylowa i praktyczna karafka z kolekcji Amo doskonale sprawdzi si\u0119 do serwowania wody, lemoniady oraz sok\u00f3w. Wyposa\u017cona zosta\u0142a w specjalny system Drip-free przeciwdzia\u0142aj\u0105cy ciekni\u0119ciu zawarto\u015bci po \u015bciankach podczas nalewania. Dodatkowo korek posiada sitko zapobiegaj\u0105ce przedostaniu si\u0119 np. resztek z cytryny do napoju, a silikonowe uszczelnienie zapobiegnie jego&hellip;","_links":{"self":[{"href":"https:\/\/viallidesign.com\/en\/wp-json\/wp\/v2\/product\/4848","targetHints":{"allow":["GET"]}}],"collection":[{"href":"https:\/\/viallidesign.com\/en\/wp-json\/wp\/v2\/product"}],"about":[{"href":"https:\/\/viallidesign.com\/en\/wp-json\/wp\/v2\/types\/product"}],"wp:featuredmedia":[{"embeddable":true,"href":"https:\/\/viallidesign.com\/en\/wp-json\/wp\/v2\/media\/4839"}],"wp:attachment":[{"href":"https:\/\/viallidesign.com\/en\/wp-json\/wp\/v2\/media?parent=4848"}],"wp:term":[{"taxonomy":"product_brand","embeddable":true,"href":"https:\/\/viallidesign.com\/en\/wp-json\/wp\/v2\/product_brand?post=4848"},{"taxonomy":"product_cat","embeddable":true,"href":"https:\/\/viallidesign.com\/en\/wp-json\/wp\/v2\/product_cat?post=4848"},{"taxonomy":"product_tag","embeddable":true,"href":"https:\/\/viallidesign.com\/en\/wp-json\/wp\/v2\/product_tag?post=4848"}],"curies":[{"name":"wp","href":"https:\/\/api.w.org\/{rel}","templated":true}]}}