{"id":4805,"date":"2024-06-13T16:00:44","date_gmt":"2024-06-13T14:00:44","guid":{"rendered":"https:\/\/vialliwp.ageno.work\/produkt\/termos-z-wkladem-szklanym-soho-1l-srebrno-czarny-9231\/"},"modified":"2026-03-27T02:45:04","modified_gmt":"2026-03-27T01:45:04","slug":"termos-z-wkladem-szklanym-soho-1l-srebrno-czarny-9231","status":"publish","type":"product","link":"https:\/\/viallidesign.com\/en\/product\/termos-z-wkladem-szklanym-soho-1l-srebrno-czarny-9231\/","title":{"rendered":"Soho 1l glass-fill thermos silver\/black 9231"},"content":{"rendered":"<p>Thermos<strong>\u00a0Soho<\/strong>\u00a01l silver-black\u00a0<strong>Vialli Design<\/strong>.<\/p>\n<p>Thermos advantages:<\/p>\n<ul>\n<li>versatile use; for hot and cold drinks (coffee, tea, water, juices, lemonade)<\/li>\n<li>multi-tasking - for use at home, at family celebrations, in the office, at conferences, business meetings, in the cafeteria<\/li>\n<li>thermal insulation to prolong the temperature of the beverage<\/li>\n<li>ergonomic handle for even greater comfort<\/li>\n<li>profiled spout for precise pouring<\/li>\n<li>optimum weight for mobile use and easy transport <br \/>(e.g. when travelling, on excursions, picnics or at work)<\/li>\n<li>durability - thanks to the implementation of modern and resistant materials<\/li>\n<li>100% tightness - manual stopper<\/li>\n<li>safety - guaranteed by the use of only tested raw materials, free from substances harmful to health, which do not affect the taste of the beverages stored in them (glass cartridge)<\/li>\n<\/ul>\n<p>Series <strong>Soho<\/strong>\u00a0is the quintessence of an innovative view of design. Brand <strong>Vialli Design<\/strong> in her search for interesting forms while taking care to maintain the coherence of the composition, she seamlessly combined minimalism with futuristic assumptions.\u00a0<\/p>\n<p>This is reflected in the straight lines and aerodynamic shape of the body. In addition, the monochrome colour scheme emphasises the asceticism of the entire concept, with only the black decorative stripe on the handle introducing a contrasting accent to the design.<\/p>\n<p>The product will appeal to those who appreciate simplicity and economy of form, but are also willing to experiment with unusual solutions.<\/p>\n<p>The implementation of modern technologies in design and production has allowed the brand to <strong>Vialli Design<\/strong> to create an innovative product combining functionality with aesthetics and visual appeal.<\/p>\n<p><strong>Soho<\/strong> is a modern thermos that will prove its worth for individual use as well as commercial applications.<\/p>\n<p class=\"gpsr-info\"><a href=\"https:\/\/kulig.com.pl\/gpsr\/\" target=\"_blank\" rel=\"noopener\">GPSR information<\/a><\/p>","protected":false},"excerpt":{"rendered":"<p>Termos\u00a0Soho\u00a01l srebrno-czarny\u00a0Vialli Design. Zalety termosu: wszechstronne zastosowanie; do ciep\u0142ych i zimnych napoj\u00f3w (kawa, herbata, woda, soki, lemoniada) wielozadaniowo\u015b\u0107 &#8211; do u\u017cytku domowego, podczas rodzinnych uroczysto\u015bci, w biurze, podczas konferencji, spotka\u0144 biznesowych, w kawiarni izolacja termiczna dla przed\u0142u\u017cenia odpowiedniej temperatury napoju ergonomiczny uchwyt dla jeszcze wi\u0119kszego komfortu u\u017cytkowania wyprofilowany dzi\u00f3bek zapewniaj\u0105cy precyzj\u0119 podczas nalewania optymalna waga [&hellip;]<\/p>","protected":false},"featured_media":4796,"template":"","meta":{"_uag_custom_page_level_css":"","site-sidebar-layout":"default","site-content-layout":"","ast-site-content-layout":"default","site-content-style":"default","site-sidebar-style":"default","ast-global-header-display":"","ast-banner-title-visibility":"","ast-main-header-display":"","ast-hfb-above-header-display":"","ast-hfb-below-header-display":"","ast-hfb-mobile-header-display":"","site-post-title":"","ast-breadcrumbs-content":"","ast-featured-img":"","footer-sml-layout":"","ast-disable-related-posts":"","theme-transparent-header-meta":"","adv-header-id-meta":"","stick-header-meta":"","header-above-stick-meta":"","header-main-stick-meta":"","header-below-stick-meta":"","astra-migrate-meta-layouts":"default","ast-page-background-enabled":"default","ast-page-background-meta":{"desktop":{"background-color":"","background-image":"","background-repeat":"repeat","background-position":"center center","background-size":"auto","background-attachment":"scroll","background-type":"","background-media":"","overlay-type":"","overlay-color":"","overlay-opacity":"","overlay-gradient":""},"tablet":{"background-color":"","background-image":"","background-repeat":"repeat","background-position":"center center","background-size":"auto","background-attachment":"scroll","background-type":"","background-media":"","overlay-type":"","overlay-color":"","overlay-opacity":"","overlay-gradient":""},"mobile":{"background-color":"","background-image":"","background-repeat":"repeat","background-position":"center center","background-size":"auto","background-attachment":"scroll","background-type":"","background-media":"","overlay-type":"","overlay-color":"","overlay-opacity":"","overlay-gradient":""}},"ast-content-background-meta":{"desktop":{"background-color":"var(--ast-global-color-5)","background-image":"","background-repeat":"repeat","background-position":"center center","background-size":"auto","background-attachment":"scroll","background-type":"","background-media":"","overlay-type":"","overlay-color":"","overlay-opacity":"","overlay-gradient":""},"tablet":{"background-color":"var(--ast-global-color-5)","background-image":"","background-repeat":"repeat","background-position":"center center","background-size":"auto","background-attachment":"scroll","background-type":"","background-media":"","overlay-type":"","overlay-color":"","overlay-opacity":"","overlay-gradient":""},"mobile":{"background-color":"var(--ast-global-color-5)","background-image":"","background-repeat":"repeat","background-position":"center center","background-size":"auto","background-attachment":"scroll","background-type":"","background-media":"","overlay-type":"","overlay-color":"","overlay-opacity":"","overlay-gradient":""}}},"product_brand":[],"product_cat":[432,17,439],"product_tag":[],"class_list":{"0":"post-4805","1":"product","2":"type-product","3":"status-publish","4":"has-post-thumbnail","6":"product_cat-jadalnia","7":"product_cat-produkty","8":"product_cat-termosy-z-wkladem-szklanym","9":"desktop-align-left","10":"tablet-align-left","11":"mobile-align-left","13":"first","14":"instock","15":"shipping-taxable","16":"purchasable","17":"product-type-simple"},"uagb_featured_image_src":{"full":["https:\/\/viallidesign.com\/wp-content\/uploads\/2024\/06\/13062024666afb7fe5470-scaled.jpeg",2456,2560,false],"thumbnail":["https:\/\/viallidesign.com\/wp-content\/uploads\/2024\/06\/13062024666afb7fe5470-scaled-80x80.jpeg",80,80,true],"medium":["https:\/\/viallidesign.com\/wp-content\/uploads\/2024\/06\/13062024666afb7fe5470-scaled-288x300.jpeg",288,300,true],"medium_large":["https:\/\/viallidesign.com\/wp-content\/uploads\/2024\/06\/13062024666afb7fe5470-scaled-768x801.jpeg",768,801,true],"large":["https:\/\/viallidesign.com\/wp-content\/uploads\/2024\/06\/13062024666afb7fe5470-scaled-982x1024.jpeg",982,1024,true],"1536x1536":["https:\/\/viallidesign.com\/wp-content\/uploads\/2024\/06\/13062024666afb7fe5470-scaled-1474x1536.jpeg",1474,1536,true],"2048x2048":["https:\/\/viallidesign.com\/wp-content\/uploads\/2024\/06\/13062024666afb7fe5470-scaled-1965x2048.jpeg",1965,2048,true],"trp-custom-language-flag":["https:\/\/viallidesign.com\/wp-content\/uploads\/2024\/06\/13062024666afb7fe5470-scaled.jpeg",12,12,false],"woocommerce_thumbnail":["https:\/\/viallidesign.com\/wp-content\/uploads\/2024\/06\/13062024666afb7fe5470-scaled-600x625.jpeg",600,625,true],"woocommerce_single":["https:\/\/viallidesign.com\/wp-content\/uploads\/2024\/06\/13062024666afb7fe5470-scaled-1200x1251.jpeg",1200,1251,true],"woocommerce_gallery_thumbnail":["https:\/\/viallidesign.com\/wp-content\/uploads\/2024\/06\/13062024666afb7fe5470-scaled-100x100.jpeg",100,100,true],"dgwt-wcas-product-suggestion":["https:\/\/viallidesign.com\/wp-content\/uploads\/2024\/06\/13062024666afb7fe5470-scaled-64x67.jpeg",64,67,true]},"uagb_author_info":{"display_name":"viallidesign","author_link":"https:\/\/viallidesign.com\/en\/author\/"},"uagb_comment_info":0,"uagb_excerpt":"Termos\u00a0Soho\u00a01l srebrno-czarny\u00a0Vialli Design. Zalety termosu: wszechstronne zastosowanie; do ciep\u0142ych i zimnych napoj\u00f3w (kawa, herbata, woda, soki, lemoniada) wielozadaniowo\u015b\u0107 &#8211; do u\u017cytku domowego, podczas rodzinnych uroczysto\u015bci, w biurze, podczas konferencji, spotka\u0144 biznesowych, w kawiarni izolacja termiczna dla przed\u0142u\u017cenia odpowiedniej temperatury napoju ergonomiczny uchwyt dla jeszcze wi\u0119kszego komfortu u\u017cytkowania wyprofilowany dzi\u00f3bek zapewniaj\u0105cy precyzj\u0119 podczas nalewania optymalna waga&hellip;","_links":{"self":[{"href":"https:\/\/viallidesign.com\/en\/wp-json\/wp\/v2\/product\/4805","targetHints":{"allow":["GET"]}}],"collection":[{"href":"https:\/\/viallidesign.com\/en\/wp-json\/wp\/v2\/product"}],"about":[{"href":"https:\/\/viallidesign.com\/en\/wp-json\/wp\/v2\/types\/product"}],"wp:featuredmedia":[{"embeddable":true,"href":"https:\/\/viallidesign.com\/en\/wp-json\/wp\/v2\/media\/4796"}],"wp:attachment":[{"href":"https:\/\/viallidesign.com\/en\/wp-json\/wp\/v2\/media?parent=4805"}],"wp:term":[{"taxonomy":"product_brand","embeddable":true,"href":"https:\/\/viallidesign.com\/en\/wp-json\/wp\/v2\/product_brand?post=4805"},{"taxonomy":"product_cat","embeddable":true,"href":"https:\/\/viallidesign.com\/en\/wp-json\/wp\/v2\/product_cat?post=4805"},{"taxonomy":"product_tag","embeddable":true,"href":"https:\/\/viallidesign.com\/en\/wp-json\/wp\/v2\/product_tag?post=4805"}],"curies":[{"name":"wp","href":"https:\/\/api.w.org\/{rel}","templated":true}]}}