{"id":4795,"date":"2024-06-13T16:00:31","date_gmt":"2024-06-13T14:00:31","guid":{"rendered":"https:\/\/vialliwp.ageno.work\/produkt\/szklanka-z-zaparzaczem-soho-350-ml-grafitowa-29361\/"},"modified":"2026-03-27T02:45:04","modified_gmt":"2026-03-27T01:45:04","slug":"szklanka-z-zaparzaczem-soho-350-ml-grafitowa-29361","status":"publish","type":"product","link":"https:\/\/viallidesign.com\/en\/product\/szklanka-z-zaparzaczem-soho-350-ml-grafitowa-29361\/","title":{"rendered":"Soho brewing glass 350 ml graphite 29361"},"content":{"rendered":"<p>Brewing glass\u00a0<strong>Soho<\/strong>\u00a0350 ml brand <strong>Vialli Design<\/strong>.\u00a0<\/p>\n<p>An elegant and practical glass that has a brewer inside, into which leaf or granulated tea is poured.<\/p>\n<p>The brewer has special notches in the underside that allow the brew to circulate freely.\u00a0<\/p>\n<p>It traps the grounds inside, leaving clear tea in the glass.<\/p>\n<p>It has a lid made of walnut wood and stainless steel, fitted with a silicone gasket for maximum tightness.<\/p>\n<p>Steam and pressure will find an outlet, thanks to an opening in the wall of the brewing section.<\/p>\n<p>The optimum capacity will allow you to enjoy a large portion of hot and aromatic tea, and the comfort of tasting will be ensured by the wide and handy ear.<\/p>\n<p>The graphite glass walls allow you to follow the brewing process and control the intensity of the tea.\u00a0<\/p>\n<p>Simple, modern design of the brewer\u00a0<strong>Soho<\/strong>, high-quality materials (borosilicate glass, natural wood), safe for health and which do not come into contact with the contents and do not affect their taste, are the advantages of this product.<\/p>\n<p><strong>Soho<\/strong> is a combination of functionality and striking design, it is the right setting for celebrating the daily process of drinking tea, it will turn the routine into a pleasant ritual.\u00a0<\/p>\n<p class=\"gpsr-info\"><a href=\"https:\/\/kulig.com.pl\/gpsr\/\" target=\"_blank\" rel=\"noopener\">GPSR information<\/a><\/p>","protected":false},"excerpt":{"rendered":"<p>Szklanka z zaparzaczem\u00a0Soho\u00a0o pojemno\u015bci 350 ml marki Vialli Design.\u00a0 Elegancka i praktyczna szklanka\u00a0posiadaj\u0105ca w \u015brodku zaparzacz, do kt\u00f3rego wsypujemy herbat\u0119 li\u015bciast\u0105 lub granulowan\u0105. Zaparzacz posiada specjalne naci\u0119cia w spodniej cz\u0119\u015bci, kt\u00f3re umo\u017cliwiaj\u0105 swobodn\u0105\u00a0cyrkulacj\u0119 naparu.\u00a0 Zatrzymuje fusy w \u015brodku, pozostawiaj\u0105c klarown\u0105 herbat\u0119 w szklance. Posiada\u00a0pokrywk\u0119 wykonan\u0105 z drzewa orzechowego i stali nierdzewnej, dla maksymalnej szczelno\u015bci wyposa\u017conej [&hellip;]<\/p>","protected":false},"featured_media":4787,"template":"","meta":{"_uag_custom_page_level_css":"","site-sidebar-layout":"default","site-content-layout":"","ast-site-content-layout":"default","site-content-style":"default","site-sidebar-style":"default","ast-global-header-display":"","ast-banner-title-visibility":"","ast-main-header-display":"","ast-hfb-above-header-display":"","ast-hfb-below-header-display":"","ast-hfb-mobile-header-display":"","site-post-title":"","ast-breadcrumbs-content":"","ast-featured-img":"","footer-sml-layout":"","ast-disable-related-posts":"","theme-transparent-header-meta":"","adv-header-id-meta":"","stick-header-meta":"","header-above-stick-meta":"","header-main-stick-meta":"","header-below-stick-meta":"","astra-migrate-meta-layouts":"default","ast-page-background-enabled":"default","ast-page-background-meta":{"desktop":{"background-color":"","background-image":"","background-repeat":"repeat","background-position":"center center","background-size":"auto","background-attachment":"scroll","background-type":"","background-media":"","overlay-type":"","overlay-color":"","overlay-opacity":"","overlay-gradient":""},"tablet":{"background-color":"","background-image":"","background-repeat":"repeat","background-position":"center center","background-size":"auto","background-attachment":"scroll","background-type":"","background-media":"","overlay-type":"","overlay-color":"","overlay-opacity":"","overlay-gradient":""},"mobile":{"background-color":"","background-image":"","background-repeat":"repeat","background-position":"center center","background-size":"auto","background-attachment":"scroll","background-type":"","background-media":"","overlay-type":"","overlay-color":"","overlay-opacity":"","overlay-gradient":""}},"ast-content-background-meta":{"desktop":{"background-color":"var(--ast-global-color-5)","background-image":"","background-repeat":"repeat","background-position":"center center","background-size":"auto","background-attachment":"scroll","background-type":"","background-media":"","overlay-type":"","overlay-color":"","overlay-opacity":"","overlay-gradient":""},"tablet":{"background-color":"var(--ast-global-color-5)","background-image":"","background-repeat":"repeat","background-position":"center center","background-size":"auto","background-attachment":"scroll","background-type":"","background-media":"","overlay-type":"","overlay-color":"","overlay-opacity":"","overlay-gradient":""},"mobile":{"background-color":"var(--ast-global-color-5)","background-image":"","background-repeat":"repeat","background-position":"center center","background-size":"auto","background-attachment":"scroll","background-type":"","background-media":"","overlay-type":"","overlay-color":"","overlay-opacity":"","overlay-gradient":""}}},"product_brand":[],"product_cat":[432,17,438],"product_tag":[],"class_list":{"0":"post-4795","1":"product","2":"type-product","3":"status-publish","4":"has-post-thumbnail","6":"product_cat-jadalnia","7":"product_cat-produkty","8":"product_cat-zaparzacze","9":"desktop-align-left","10":"tablet-align-left","11":"mobile-align-left","13":"first","14":"instock","15":"shipping-taxable","16":"purchasable","17":"product-type-simple"},"uagb_featured_image_src":{"full":["https:\/\/viallidesign.com\/wp-content\/uploads\/2024\/06\/13062024666afb730bfce-scaled.jpeg",2542,2560,false],"thumbnail":["https:\/\/viallidesign.com\/wp-content\/uploads\/2024\/06\/13062024666afb730bfce-scaled-80x80.jpeg",80,80,true],"medium":["https:\/\/viallidesign.com\/wp-content\/uploads\/2024\/06\/13062024666afb730bfce-scaled-298x300.jpeg",298,300,true],"medium_large":["https:\/\/viallidesign.com\/wp-content\/uploads\/2024\/06\/13062024666afb730bfce-scaled-768x773.jpeg",768,773,true],"large":["https:\/\/viallidesign.com\/wp-content\/uploads\/2024\/06\/13062024666afb730bfce-scaled-1017x1024.jpeg",1017,1024,true],"1536x1536":["https:\/\/viallidesign.com\/wp-content\/uploads\/2024\/06\/13062024666afb730bfce-scaled-1525x1536.jpeg",1525,1536,true],"2048x2048":["https:\/\/viallidesign.com\/wp-content\/uploads\/2024\/06\/13062024666afb730bfce-scaled-2034x2048.jpeg",2034,2048,true],"trp-custom-language-flag":["https:\/\/viallidesign.com\/wp-content\/uploads\/2024\/06\/13062024666afb730bfce-scaled.jpeg",12,12,false],"woocommerce_thumbnail":["https:\/\/viallidesign.com\/wp-content\/uploads\/2024\/06\/13062024666afb730bfce-scaled-600x604.jpeg",600,604,true],"woocommerce_single":["https:\/\/viallidesign.com\/wp-content\/uploads\/2024\/06\/13062024666afb730bfce-scaled-1200x1208.jpeg",1200,1208,true],"woocommerce_gallery_thumbnail":["https:\/\/viallidesign.com\/wp-content\/uploads\/2024\/06\/13062024666afb730bfce-scaled-100x100.jpeg",100,100,true],"dgwt-wcas-product-suggestion":["https:\/\/viallidesign.com\/wp-content\/uploads\/2024\/06\/13062024666afb730bfce-scaled-64x64.jpeg",64,64,true]},"uagb_author_info":{"display_name":"viallidesign","author_link":"https:\/\/viallidesign.com\/en\/author\/"},"uagb_comment_info":0,"uagb_excerpt":"Szklanka z zaparzaczem\u00a0Soho\u00a0o pojemno\u015bci 350 ml marki Vialli Design.\u00a0 Elegancka i praktyczna szklanka\u00a0posiadaj\u0105ca w \u015brodku zaparzacz, do kt\u00f3rego wsypujemy herbat\u0119 li\u015bciast\u0105 lub granulowan\u0105. Zaparzacz posiada specjalne naci\u0119cia w spodniej cz\u0119\u015bci, kt\u00f3re umo\u017cliwiaj\u0105 swobodn\u0105\u00a0cyrkulacj\u0119 naparu.\u00a0 Zatrzymuje fusy w \u015brodku, pozostawiaj\u0105c klarown\u0105 herbat\u0119 w szklance. Posiada\u00a0pokrywk\u0119 wykonan\u0105 z drzewa orzechowego i stali nierdzewnej, dla maksymalnej szczelno\u015bci wyposa\u017conej&hellip;","_links":{"self":[{"href":"https:\/\/viallidesign.com\/en\/wp-json\/wp\/v2\/product\/4795","targetHints":{"allow":["GET"]}}],"collection":[{"href":"https:\/\/viallidesign.com\/en\/wp-json\/wp\/v2\/product"}],"about":[{"href":"https:\/\/viallidesign.com\/en\/wp-json\/wp\/v2\/types\/product"}],"wp:featuredmedia":[{"embeddable":true,"href":"https:\/\/viallidesign.com\/en\/wp-json\/wp\/v2\/media\/4787"}],"wp:attachment":[{"href":"https:\/\/viallidesign.com\/en\/wp-json\/wp\/v2\/media?parent=4795"}],"wp:term":[{"taxonomy":"product_brand","embeddable":true,"href":"https:\/\/viallidesign.com\/en\/wp-json\/wp\/v2\/product_brand?post=4795"},{"taxonomy":"product_cat","embeddable":true,"href":"https:\/\/viallidesign.com\/en\/wp-json\/wp\/v2\/product_cat?post=4795"},{"taxonomy":"product_tag","embeddable":true,"href":"https:\/\/viallidesign.com\/en\/wp-json\/wp\/v2\/product_tag?post=4795"}],"curies":[{"name":"wp","href":"https:\/\/api.w.org\/{rel}","templated":true}]}}