{"id":4775,"date":"2024-06-13T16:00:03","date_gmt":"2024-06-13T14:00:03","guid":{"rendered":"https:\/\/vialliwp.ageno.work\/produkt\/termos-z-wkladem-szklanym-alessia-1l-czarno-srebrny-9217\/"},"modified":"2026-03-27T02:45:04","modified_gmt":"2026-03-27T01:45:04","slug":"termos-z-wkladem-szklanym-alessia-1l-czarno-srebrny-9217","status":"publish","type":"product","link":"https:\/\/viallidesign.com\/en\/product\/termos-z-wkladem-szklanym-alessia-1l-czarno-srebrny-9217\/","title":{"rendered":"Thermos with glass insert Alessia 1l black\/silver 9217"},"content":{"rendered":"<p>Thermos<strong> Alessia<\/strong>\u00a01l black and silver\u00a0<strong>Vialli Design<\/strong>.<\/p>\n<p>Thermos advantages:<\/p>\n<ul>\n<li>versatile use; for hot and cold drinks (coffee, tea, water, juices, lemonade)<\/li>\n<li>multi-tasking - for use at home, at family celebrations, in the office, at conferences, business meetings, in the cafeteria<\/li>\n<li>thermal insulation to prolong the temperature of the beverage<\/li>\n<li>ergonomic handle for even greater comfort<\/li>\n<li>profiled spout for precise pouring<\/li>\n<li>optimum weight for mobile use and easy transport <br \/>(e.g. when travelling, on excursions, picnics or at work)<\/li>\n<li>durability - thanks to the implementation of modern and resistant materials<\/li>\n<li>100% watertightness - button-opening automatic stopper<\/li>\n<li>safety - guaranteed by the use of only tested raw materials, free from substances harmful to health, which do not affect the taste of the beverages stored in them (glass cartridge)<\/li>\n<\/ul>\n<p>Series <strong>Alessia<\/strong> is the quintessence of an innovative view of design, a design that feels transported from the future.\u00a0\u00a0<\/p>\n<p>Futuristic design that makes use of asymmetrical lines and shapes, minimalism and even aerodynamic geometry.<\/p>\n<p>The contrasting colour combination adds expression. The product is dedicated to those who like to stand out and experiment with design, looking boldly towards tomorrow.<\/p>\n<p>The implementation of modern technologies in design and production has allowed the brand to <strong>Vialli Design<\/strong> to create an innovative product combining functionality with aesthetics and visual appeal.<\/p>\n<p><strong>Alessia<\/strong>\u00a0is a thermos that will prove its worth for individual use as well as commercial applications.<\/p>\n<p class=\"gpsr-info\"><a href=\"https:\/\/kulig.com.pl\/gpsr\/\" target=\"_blank\" rel=\"noopener\">GPSR information<\/a><\/p>","protected":false},"excerpt":{"rendered":"<p>Termos Alessia\u00a01l czarno-srebrny\u00a0Vialli Design. Zalety termosu: wszechstronne zastosowanie; do ciep\u0142ych i zimnych napoj\u00f3w (kawa, herbata, woda, soki, lemoniada) wielozadaniowo\u015b\u0107 &#8211; do u\u017cytku domowego, podczas rodzinnych uroczysto\u015bci, w biurze, podczas konferencji, spotka\u0144 biznesowych, w kawiarni izolacja termiczna dla przed\u0142u\u017cenia odpowiedniej temperatury napoju ergonomiczny uchwyt dla jeszcze wi\u0119kszego komfortu u\u017cytkowania wyprofilowany dzi\u00f3bek zapewniaj\u0105cy precyzj\u0119 podczas nalewania optymalna [&hellip;]<\/p>","protected":false},"featured_media":4766,"template":"","meta":{"_uag_custom_page_level_css":"","site-sidebar-layout":"default","site-content-layout":"","ast-site-content-layout":"default","site-content-style":"default","site-sidebar-style":"default","ast-global-header-display":"","ast-banner-title-visibility":"","ast-main-header-display":"","ast-hfb-above-header-display":"","ast-hfb-below-header-display":"","ast-hfb-mobile-header-display":"","site-post-title":"","ast-breadcrumbs-content":"","ast-featured-img":"","footer-sml-layout":"","ast-disable-related-posts":"","theme-transparent-header-meta":"","adv-header-id-meta":"","stick-header-meta":"","header-above-stick-meta":"","header-main-stick-meta":"","header-below-stick-meta":"","astra-migrate-meta-layouts":"default","ast-page-background-enabled":"default","ast-page-background-meta":{"desktop":{"background-color":"","background-image":"","background-repeat":"repeat","background-position":"center center","background-size":"auto","background-attachment":"scroll","background-type":"","background-media":"","overlay-type":"","overlay-color":"","overlay-opacity":"","overlay-gradient":""},"tablet":{"background-color":"","background-image":"","background-repeat":"repeat","background-position":"center center","background-size":"auto","background-attachment":"scroll","background-type":"","background-media":"","overlay-type":"","overlay-color":"","overlay-opacity":"","overlay-gradient":""},"mobile":{"background-color":"","background-image":"","background-repeat":"repeat","background-position":"center center","background-size":"auto","background-attachment":"scroll","background-type":"","background-media":"","overlay-type":"","overlay-color":"","overlay-opacity":"","overlay-gradient":""}},"ast-content-background-meta":{"desktop":{"background-color":"var(--ast-global-color-5)","background-image":"","background-repeat":"repeat","background-position":"center center","background-size":"auto","background-attachment":"scroll","background-type":"","background-media":"","overlay-type":"","overlay-color":"","overlay-opacity":"","overlay-gradient":""},"tablet":{"background-color":"var(--ast-global-color-5)","background-image":"","background-repeat":"repeat","background-position":"center center","background-size":"auto","background-attachment":"scroll","background-type":"","background-media":"","overlay-type":"","overlay-color":"","overlay-opacity":"","overlay-gradient":""},"mobile":{"background-color":"var(--ast-global-color-5)","background-image":"","background-repeat":"repeat","background-position":"center center","background-size":"auto","background-attachment":"scroll","background-type":"","background-media":"","overlay-type":"","overlay-color":"","overlay-opacity":"","overlay-gradient":""}}},"product_brand":[],"product_cat":[432,17,439],"product_tag":[],"class_list":{"0":"post-4775","1":"product","2":"type-product","3":"status-publish","4":"has-post-thumbnail","6":"product_cat-jadalnia","7":"product_cat-produkty","8":"product_cat-termosy-z-wkladem-szklanym","9":"desktop-align-left","10":"tablet-align-left","11":"mobile-align-left","13":"first","14":"instock","15":"shipping-taxable","16":"purchasable","17":"product-type-simple"},"uagb_featured_image_src":{"full":["https:\/\/viallidesign.com\/wp-content\/uploads\/2024\/06\/13062024666afb56cff8a-scaled.jpeg",2456,2560,false],"thumbnail":["https:\/\/viallidesign.com\/wp-content\/uploads\/2024\/06\/13062024666afb56cff8a-scaled-80x80.jpeg",80,80,true],"medium":["https:\/\/viallidesign.com\/wp-content\/uploads\/2024\/06\/13062024666afb56cff8a-scaled-288x300.jpeg",288,300,true],"medium_large":["https:\/\/viallidesign.com\/wp-content\/uploads\/2024\/06\/13062024666afb56cff8a-scaled-768x801.jpeg",768,801,true],"large":["https:\/\/viallidesign.com\/wp-content\/uploads\/2024\/06\/13062024666afb56cff8a-scaled-982x1024.jpeg",982,1024,true],"1536x1536":["https:\/\/viallidesign.com\/wp-content\/uploads\/2024\/06\/13062024666afb56cff8a-scaled-1474x1536.jpeg",1474,1536,true],"2048x2048":["https:\/\/viallidesign.com\/wp-content\/uploads\/2024\/06\/13062024666afb56cff8a-scaled-1965x2048.jpeg",1965,2048,true],"trp-custom-language-flag":["https:\/\/viallidesign.com\/wp-content\/uploads\/2024\/06\/13062024666afb56cff8a-scaled.jpeg",12,12,false],"woocommerce_thumbnail":["https:\/\/viallidesign.com\/wp-content\/uploads\/2024\/06\/13062024666afb56cff8a-scaled-600x625.jpeg",600,625,true],"woocommerce_single":["https:\/\/viallidesign.com\/wp-content\/uploads\/2024\/06\/13062024666afb56cff8a-scaled-1200x1251.jpeg",1200,1251,true],"woocommerce_gallery_thumbnail":["https:\/\/viallidesign.com\/wp-content\/uploads\/2024\/06\/13062024666afb56cff8a-scaled-100x100.jpeg",100,100,true],"dgwt-wcas-product-suggestion":["https:\/\/viallidesign.com\/wp-content\/uploads\/2024\/06\/13062024666afb56cff8a-scaled-64x67.jpeg",64,67,true]},"uagb_author_info":{"display_name":"viallidesign","author_link":"https:\/\/viallidesign.com\/en\/author\/"},"uagb_comment_info":0,"uagb_excerpt":"Termos Alessia\u00a01l czarno-srebrny\u00a0Vialli Design. Zalety termosu: wszechstronne zastosowanie; do ciep\u0142ych i zimnych napoj\u00f3w (kawa, herbata, woda, soki, lemoniada) wielozadaniowo\u015b\u0107 &#8211; do u\u017cytku domowego, podczas rodzinnych uroczysto\u015bci, w biurze, podczas konferencji, spotka\u0144 biznesowych, w kawiarni izolacja termiczna dla przed\u0142u\u017cenia odpowiedniej temperatury napoju ergonomiczny uchwyt dla jeszcze wi\u0119kszego komfortu u\u017cytkowania wyprofilowany dzi\u00f3bek zapewniaj\u0105cy precyzj\u0119 podczas nalewania optymalna&hellip;","_links":{"self":[{"href":"https:\/\/viallidesign.com\/en\/wp-json\/wp\/v2\/product\/4775","targetHints":{"allow":["GET"]}}],"collection":[{"href":"https:\/\/viallidesign.com\/en\/wp-json\/wp\/v2\/product"}],"about":[{"href":"https:\/\/viallidesign.com\/en\/wp-json\/wp\/v2\/types\/product"}],"wp:featuredmedia":[{"embeddable":true,"href":"https:\/\/viallidesign.com\/en\/wp-json\/wp\/v2\/media\/4766"}],"wp:attachment":[{"href":"https:\/\/viallidesign.com\/en\/wp-json\/wp\/v2\/media?parent=4775"}],"wp:term":[{"taxonomy":"product_brand","embeddable":true,"href":"https:\/\/viallidesign.com\/en\/wp-json\/wp\/v2\/product_brand?post=4775"},{"taxonomy":"product_cat","embeddable":true,"href":"https:\/\/viallidesign.com\/en\/wp-json\/wp\/v2\/product_cat?post=4775"},{"taxonomy":"product_tag","embeddable":true,"href":"https:\/\/viallidesign.com\/en\/wp-json\/wp\/v2\/product_tag?post=4775"}],"curies":[{"name":"wp","href":"https:\/\/api.w.org\/{rel}","templated":true}]}}