{"id":4755,"date":"2024-06-13T15:59:37","date_gmt":"2024-06-13T13:59:37","guid":{"rendered":"https:\/\/vialliwp.ageno.work\/produkt\/szklanka-z-zaparzaczem-diva-350-ml-29385\/"},"modified":"2026-03-30T02:27:32","modified_gmt":"2026-03-30T00:27:32","slug":"szklanka-z-zaparzaczem-diva-350-ml-29385","status":"publish","type":"product","link":"https:\/\/viallidesign.com\/en\/product\/szklanka-z-zaparzaczem-diva-350-ml-29385\/","title":{"rendered":"Diva brewing glass 350 ml 29385"},"content":{"rendered":"<p>Brewing glass <strong>Diva<\/strong>\u00a0350 ml brand <strong>Vialli Design<\/strong>.\u00a0<\/p>\n<p>An elegant and practical glass that has a brewer inside, into which leaf or granulated tea is poured.<\/p>\n<p>The brewer has special notches in the underside that allow the brew to circulate freely.\u00a0<\/p>\n<p>It traps the grounds inside, leaving clear tea in the glass.<\/p>\n<p>It has a specially shaped lid made of stainless steel and plastic in black.<\/p>\n<p>Steam and pressure will find an outlet thanks to an opening in the wall of the brewing section and in the lid.<\/p>\n<p>The optimum capacity will allow you to enjoy a large portion of hot and aromatic tea, and the comfort of tasting will be ensured by the wide and handy ear.\u00a0<\/p>\n<p>The transparent glass walls allow you to follow the brewing process and control the intensity of the tea.<\/p>\n<p>Simple, modern design of the handmade brewer <strong>Diva<\/strong>, top-quality materials (borosilicate glass, stainless steel), which are safe for health and do not come into contact with or affect the taste of the contents, are the advantages of this product.<\/p>\n<p><strong>Diva<\/strong> is a combination of functionality and striking design, it is the right setting for celebrating the daily process of drinking tea, it will turn the routine into a pleasant ritual.\u00a0<\/p>\n<p class=\"gpsr-info\"><a href=\"https:\/\/kulig.com.pl\/gpsr\/\" target=\"_blank\" rel=\"noopener\">GPSR information<\/a><\/p>","protected":false},"excerpt":{"rendered":"<p>Szklanka z zaparzaczem Diva\u00a0o pojemno\u015bci 350 ml marki Vialli Design.\u00a0 Elegancka i praktyczna szklanka posiadaj\u0105ca w \u015brodku zaparzacz, do kt\u00f3rego wsypujemy herbat\u0119 li\u015bciast\u0105 lub granulowan\u0105. Zaparzacz posiada specjalne naci\u0119cia w spodniej cz\u0119\u015bci, kt\u00f3re umo\u017cliwiaj\u0105 swobodn\u0105\u00a0cyrkulacj\u0119 naparu.\u00a0 Zatrzymuje fusy w \u015brodku, pozostawiaj\u0105c klarown\u0105 herbat\u0119 w szklance. Posiada specjalnie wyprofilowan\u0105\u00a0pokrywk\u0119 wykonan\u0105 ze\u00a0stali nierdzewnej i tworzywa sztucznego w [&hellip;]<\/p>","protected":false},"featured_media":233477,"template":"","meta":{"_uag_custom_page_level_css":"","site-sidebar-layout":"default","site-content-layout":"","ast-site-content-layout":"default","site-content-style":"default","site-sidebar-style":"default","ast-global-header-display":"","ast-banner-title-visibility":"","ast-main-header-display":"","ast-hfb-above-header-display":"","ast-hfb-below-header-display":"","ast-hfb-mobile-header-display":"","site-post-title":"","ast-breadcrumbs-content":"","ast-featured-img":"","footer-sml-layout":"","ast-disable-related-posts":"","theme-transparent-header-meta":"","adv-header-id-meta":"","stick-header-meta":"","header-above-stick-meta":"","header-main-stick-meta":"","header-below-stick-meta":"","astra-migrate-meta-layouts":"default","ast-page-background-enabled":"default","ast-page-background-meta":{"desktop":{"background-color":"","background-image":"","background-repeat":"repeat","background-position":"center center","background-size":"auto","background-attachment":"scroll","background-type":"","background-media":"","overlay-type":"","overlay-color":"","overlay-opacity":"","overlay-gradient":""},"tablet":{"background-color":"","background-image":"","background-repeat":"repeat","background-position":"center center","background-size":"auto","background-attachment":"scroll","background-type":"","background-media":"","overlay-type":"","overlay-color":"","overlay-opacity":"","overlay-gradient":""},"mobile":{"background-color":"","background-image":"","background-repeat":"repeat","background-position":"center center","background-size":"auto","background-attachment":"scroll","background-type":"","background-media":"","overlay-type":"","overlay-color":"","overlay-opacity":"","overlay-gradient":""}},"ast-content-background-meta":{"desktop":{"background-color":"var(--ast-global-color-5)","background-image":"","background-repeat":"repeat","background-position":"center center","background-size":"auto","background-attachment":"scroll","background-type":"","background-media":"","overlay-type":"","overlay-color":"","overlay-opacity":"","overlay-gradient":""},"tablet":{"background-color":"var(--ast-global-color-5)","background-image":"","background-repeat":"repeat","background-position":"center center","background-size":"auto","background-attachment":"scroll","background-type":"","background-media":"","overlay-type":"","overlay-color":"","overlay-opacity":"","overlay-gradient":""},"mobile":{"background-color":"var(--ast-global-color-5)","background-image":"","background-repeat":"repeat","background-position":"center center","background-size":"auto","background-attachment":"scroll","background-type":"","background-media":"","overlay-type":"","overlay-color":"","overlay-opacity":"","overlay-gradient":""}}},"product_brand":[],"product_cat":[432,17,438],"product_tag":[],"class_list":{"0":"post-4755","1":"product","2":"type-product","3":"status-publish","4":"has-post-thumbnail","6":"product_cat-jadalnia","7":"product_cat-produkty","8":"product_cat-zaparzacze","9":"desktop-align-left","10":"tablet-align-left","11":"mobile-align-left","13":"first","14":"instock","15":"shipping-taxable","16":"purchasable","17":"product-type-simple"},"uagb_featured_image_src":{"full":["https:\/\/viallidesign.com\/wp-content\/uploads\/2025\/12\/24122025694b68ab385b6.jpeg",1200,1200,false],"thumbnail":["https:\/\/viallidesign.com\/wp-content\/uploads\/2025\/12\/24122025694b68ab385b6-80x80.jpeg",80,80,true],"medium":["https:\/\/viallidesign.com\/wp-content\/uploads\/2025\/12\/24122025694b68ab385b6-300x300.jpeg",300,300,true],"medium_large":["https:\/\/viallidesign.com\/wp-content\/uploads\/2025\/12\/24122025694b68ab385b6-768x768.jpeg",768,768,true],"large":["https:\/\/viallidesign.com\/wp-content\/uploads\/2025\/12\/24122025694b68ab385b6-1024x1024.jpeg",1024,1024,true],"1536x1536":["https:\/\/viallidesign.com\/wp-content\/uploads\/2025\/12\/24122025694b68ab385b6.jpeg",1200,1200,false],"2048x2048":["https:\/\/viallidesign.com\/wp-content\/uploads\/2025\/12\/24122025694b68ab385b6.jpeg",1200,1200,false],"trp-custom-language-flag":["https:\/\/viallidesign.com\/wp-content\/uploads\/2025\/12\/24122025694b68ab385b6-12x12.jpeg",12,12,true],"woocommerce_thumbnail":["https:\/\/viallidesign.com\/wp-content\/uploads\/2025\/12\/24122025694b68ab385b6-600x600.jpeg",600,600,true],"woocommerce_single":["https:\/\/viallidesign.com\/wp-content\/uploads\/2025\/12\/24122025694b68ab385b6.jpeg",1200,1200,false],"woocommerce_gallery_thumbnail":["https:\/\/viallidesign.com\/wp-content\/uploads\/2025\/12\/24122025694b68ab385b6-100x100.jpeg",100,100,true],"dgwt-wcas-product-suggestion":["https:\/\/viallidesign.com\/wp-content\/uploads\/2025\/12\/24122025694b68ab385b6-64x64.jpeg",64,64,true]},"uagb_author_info":{"display_name":"viallidesign","author_link":"https:\/\/viallidesign.com\/en\/author\/"},"uagb_comment_info":0,"uagb_excerpt":"Szklanka z zaparzaczem Diva\u00a0o pojemno\u015bci 350 ml marki Vialli Design.\u00a0 Elegancka i praktyczna szklanka posiadaj\u0105ca w \u015brodku zaparzacz, do kt\u00f3rego wsypujemy herbat\u0119 li\u015bciast\u0105 lub granulowan\u0105. Zaparzacz posiada specjalne naci\u0119cia w spodniej cz\u0119\u015bci, kt\u00f3re umo\u017cliwiaj\u0105 swobodn\u0105\u00a0cyrkulacj\u0119 naparu.\u00a0 Zatrzymuje fusy w \u015brodku, pozostawiaj\u0105c klarown\u0105 herbat\u0119 w szklance. Posiada specjalnie wyprofilowan\u0105\u00a0pokrywk\u0119 wykonan\u0105 ze\u00a0stali nierdzewnej i tworzywa sztucznego w&hellip;","_links":{"self":[{"href":"https:\/\/viallidesign.com\/en\/wp-json\/wp\/v2\/product\/4755","targetHints":{"allow":["GET"]}}],"collection":[{"href":"https:\/\/viallidesign.com\/en\/wp-json\/wp\/v2\/product"}],"about":[{"href":"https:\/\/viallidesign.com\/en\/wp-json\/wp\/v2\/types\/product"}],"wp:featuredmedia":[{"embeddable":true,"href":"https:\/\/viallidesign.com\/en\/wp-json\/wp\/v2\/media\/233477"}],"wp:attachment":[{"href":"https:\/\/viallidesign.com\/en\/wp-json\/wp\/v2\/media?parent=4755"}],"wp:term":[{"taxonomy":"product_brand","embeddable":true,"href":"https:\/\/viallidesign.com\/en\/wp-json\/wp\/v2\/product_brand?post=4755"},{"taxonomy":"product_cat","embeddable":true,"href":"https:\/\/viallidesign.com\/en\/wp-json\/wp\/v2\/product_cat?post=4755"},{"taxonomy":"product_tag","embeddable":true,"href":"https:\/\/viallidesign.com\/en\/wp-json\/wp\/v2\/product_tag?post=4755"}],"curies":[{"name":"wp","href":"https:\/\/api.w.org\/{rel}","templated":true}]}}