{"id":4748,"date":"2024-06-13T15:59:30","date_gmt":"2024-06-13T13:59:30","guid":{"rendered":"https:\/\/vialliwp.ageno.work\/produkt\/komplet-2-szklanek-z-podwojna-scianka-220-ml-vilagio-29323\/"},"modified":"2026-03-27T02:45:04","modified_gmt":"2026-03-27T01:45:04","slug":"komplet-2-szklanek-z-podwojna-scianka-220-ml-vilagio-29323","status":"publish","type":"product","link":"https:\/\/viallidesign.com\/en\/product\/komplet-2-szklanek-z-podwojna-scianka-220-ml-vilagio-29323\/","title":{"rendered":"Set of 2 double-walled glasses 220 ml Vilagio 29323"},"content":{"rendered":"<p>Glasses <strong>Vilagio <\/strong>2 pieces 220 ml with double wall brand <strong>Vialli Design<\/strong>.<\/p>\n<p>A set of two double-walled glasses fitted with removable cork pads, which not only provide a decorative element but also protect the tabletop from scratches.<\/p>\n<p>In addition, the cork pads prevent the dishes from slipping, increase their grip and make them even more stable and functional.<\/p>\n<p>The double walls help to maintain the right temperature for longer, so we can enjoy a hot drink, plus the outer wall insulates our hands from the heat.\u00a0<\/p>\n<p>The optimum capacity will allow you to enjoy a large portion of hot and aromatic tea or coffee, and the comfort of tasting will be ensured by the handy ear.<\/p>\n<p>Simple, modern glass design <strong>Vilagio<\/strong>, materials of the highest quality (borosilicate glass, natural cork), safe for health and which do not come into contact with the contents and do not affect their taste, handmade, are the advantages of this product.<\/p>\n<p>Innovative design combined with functionality make the glasses <strong>Vilagio<\/strong> is the perfect complement to the daily ritual of drinking your favourite beverage, its versatile use and design will make this product perfect for any setting.<\/p>\n<p>\u00a0<\/p>\n<p>\u00a0<\/p>\n<p>\u00a0<\/p>\n<p class=\"gpsr-info\"><a href=\"https:\/\/kulig.com.pl\/gpsr\/\" target=\"_blank\" rel=\"noopener\">GPSR information<\/a><\/p>","protected":false},"excerpt":{"rendered":"<p>Szklanki Vilagio 2 sztuki 220 ml z podw\u00f3jn\u0105 \u015bciank\u0105 marki Vialli Design. Zestaw dw\u00f3ch szklanek z podw\u00f3jn\u0105 \u015bciank\u0105 wyposa\u017conych w zdejmowane,\u00a0korkowe podk\u0142adki, kt\u00f3re stanowi\u0105 nie tylko element ozdobny, ale r\u00f3wnie\u017c chroni\u0105 blat przed zarysowaniami. Ponadto\u00a0korkowe podk\u0142adki\u00a0zapobiegaj\u0105 \u015blizganiu si\u0119 naczy\u0144, zwi\u0119kszaj\u0105 ich przyczepno\u015b\u0107,\u00a0czyni\u0105 je jeszcze bardziej stabilnymi i funkcjonalnymi. Podw\u00f3jne \u015bcianki pomagaj\u0105 zachowa\u0107 odpowiedni\u0105 temperatur\u0119 na [&hellip;]<\/p>","protected":false},"featured_media":4737,"template":"","meta":{"_uag_custom_page_level_css":"","site-sidebar-layout":"default","site-content-layout":"","ast-site-content-layout":"default","site-content-style":"default","site-sidebar-style":"default","ast-global-header-display":"","ast-banner-title-visibility":"","ast-main-header-display":"","ast-hfb-above-header-display":"","ast-hfb-below-header-display":"","ast-hfb-mobile-header-display":"","site-post-title":"","ast-breadcrumbs-content":"","ast-featured-img":"","footer-sml-layout":"","ast-disable-related-posts":"","theme-transparent-header-meta":"","adv-header-id-meta":"","stick-header-meta":"","header-above-stick-meta":"","header-main-stick-meta":"","header-below-stick-meta":"","astra-migrate-meta-layouts":"default","ast-page-background-enabled":"default","ast-page-background-meta":{"desktop":{"background-color":"","background-image":"","background-repeat":"repeat","background-position":"center center","background-size":"auto","background-attachment":"scroll","background-type":"","background-media":"","overlay-type":"","overlay-color":"","overlay-opacity":"","overlay-gradient":""},"tablet":{"background-color":"","background-image":"","background-repeat":"repeat","background-position":"center center","background-size":"auto","background-attachment":"scroll","background-type":"","background-media":"","overlay-type":"","overlay-color":"","overlay-opacity":"","overlay-gradient":""},"mobile":{"background-color":"","background-image":"","background-repeat":"repeat","background-position":"center center","background-size":"auto","background-attachment":"scroll","background-type":"","background-media":"","overlay-type":"","overlay-color":"","overlay-opacity":"","overlay-gradient":""}},"ast-content-background-meta":{"desktop":{"background-color":"var(--ast-global-color-5)","background-image":"","background-repeat":"repeat","background-position":"center center","background-size":"auto","background-attachment":"scroll","background-type":"","background-media":"","overlay-type":"","overlay-color":"","overlay-opacity":"","overlay-gradient":""},"tablet":{"background-color":"var(--ast-global-color-5)","background-image":"","background-repeat":"repeat","background-position":"center center","background-size":"auto","background-attachment":"scroll","background-type":"","background-media":"","overlay-type":"","overlay-color":"","overlay-opacity":"","overlay-gradient":""},"mobile":{"background-color":"var(--ast-global-color-5)","background-image":"","background-repeat":"repeat","background-position":"center center","background-size":"auto","background-attachment":"scroll","background-type":"","background-media":"","overlay-type":"","overlay-color":"","overlay-opacity":"","overlay-gradient":""}}},"product_brand":[],"product_cat":[432,17,436],"product_tag":[],"class_list":{"0":"post-4748","1":"product","2":"type-product","3":"status-publish","4":"has-post-thumbnail","6":"product_cat-jadalnia","7":"product_cat-produkty","8":"product_cat-szklanki-i-filizanki","9":"desktop-align-left","10":"tablet-align-left","11":"mobile-align-left","13":"first","14":"instock","15":"sale","16":"shipping-taxable","17":"purchasable","18":"product-type-simple"},"uagb_featured_image_src":{"full":["https:\/\/viallidesign.com\/wp-content\/uploads\/2024\/06\/13062024666afb3ab7490.jpeg",1080,1080,false],"thumbnail":["https:\/\/viallidesign.com\/wp-content\/uploads\/2024\/06\/13062024666afb3ab7490-80x80.jpeg",80,80,true],"medium":["https:\/\/viallidesign.com\/wp-content\/uploads\/2024\/06\/13062024666afb3ab7490-300x300.jpeg",300,300,true],"medium_large":["https:\/\/viallidesign.com\/wp-content\/uploads\/2024\/06\/13062024666afb3ab7490-768x768.jpeg",768,768,true],"large":["https:\/\/viallidesign.com\/wp-content\/uploads\/2024\/06\/13062024666afb3ab7490-1024x1024.jpeg",1024,1024,true],"1536x1536":["https:\/\/viallidesign.com\/wp-content\/uploads\/2024\/06\/13062024666afb3ab7490.jpeg",1080,1080,false],"2048x2048":["https:\/\/viallidesign.com\/wp-content\/uploads\/2024\/06\/13062024666afb3ab7490.jpeg",1080,1080,false],"trp-custom-language-flag":["https:\/\/viallidesign.com\/wp-content\/uploads\/2024\/06\/13062024666afb3ab7490.jpeg",12,12,false],"woocommerce_thumbnail":["https:\/\/viallidesign.com\/wp-content\/uploads\/2024\/06\/13062024666afb3ab7490-600x600.jpeg",600,600,true],"woocommerce_single":["https:\/\/viallidesign.com\/wp-content\/uploads\/2024\/06\/13062024666afb3ab7490.jpeg",1080,1080,false],"woocommerce_gallery_thumbnail":["https:\/\/viallidesign.com\/wp-content\/uploads\/2024\/06\/13062024666afb3ab7490-100x100.jpeg",100,100,true],"dgwt-wcas-product-suggestion":["https:\/\/viallidesign.com\/wp-content\/uploads\/2024\/06\/13062024666afb3ab7490-64x64.jpeg",64,64,true]},"uagb_author_info":{"display_name":"viallidesign","author_link":"https:\/\/viallidesign.com\/en\/author\/"},"uagb_comment_info":0,"uagb_excerpt":"Szklanki Vilagio 2 sztuki 220 ml z podw\u00f3jn\u0105 \u015bciank\u0105 marki Vialli Design. Zestaw dw\u00f3ch szklanek z podw\u00f3jn\u0105 \u015bciank\u0105 wyposa\u017conych w zdejmowane,\u00a0korkowe podk\u0142adki, kt\u00f3re stanowi\u0105 nie tylko element ozdobny, ale r\u00f3wnie\u017c chroni\u0105 blat przed zarysowaniami. Ponadto\u00a0korkowe podk\u0142adki\u00a0zapobiegaj\u0105 \u015blizganiu si\u0119 naczy\u0144, zwi\u0119kszaj\u0105 ich przyczepno\u015b\u0107,\u00a0czyni\u0105 je jeszcze bardziej stabilnymi i funkcjonalnymi. Podw\u00f3jne \u015bcianki pomagaj\u0105 zachowa\u0107 odpowiedni\u0105 temperatur\u0119 na&hellip;","_links":{"self":[{"href":"https:\/\/viallidesign.com\/en\/wp-json\/wp\/v2\/product\/4748","targetHints":{"allow":["GET"]}}],"collection":[{"href":"https:\/\/viallidesign.com\/en\/wp-json\/wp\/v2\/product"}],"about":[{"href":"https:\/\/viallidesign.com\/en\/wp-json\/wp\/v2\/types\/product"}],"wp:featuredmedia":[{"embeddable":true,"href":"https:\/\/viallidesign.com\/en\/wp-json\/wp\/v2\/media\/4737"}],"wp:attachment":[{"href":"https:\/\/viallidesign.com\/en\/wp-json\/wp\/v2\/media?parent=4748"}],"wp:term":[{"taxonomy":"product_brand","embeddable":true,"href":"https:\/\/viallidesign.com\/en\/wp-json\/wp\/v2\/product_brand?post=4748"},{"taxonomy":"product_cat","embeddable":true,"href":"https:\/\/viallidesign.com\/en\/wp-json\/wp\/v2\/product_cat?post=4748"},{"taxonomy":"product_tag","embeddable":true,"href":"https:\/\/viallidesign.com\/en\/wp-json\/wp\/v2\/product_tag?post=4748"}],"curies":[{"name":"wp","href":"https:\/\/api.w.org\/{rel}","templated":true}]}}