{"id":4729,"date":"2024-06-13T15:59:09","date_gmt":"2024-06-13T13:59:09","guid":{"rendered":"https:\/\/vialliwp.ageno.work\/produkt\/zaparzacz-do-herbaty-1000-ml-tulip-srebrny-mat-29309\/"},"modified":"2026-03-27T02:45:04","modified_gmt":"2026-03-27T01:45:04","slug":"zaparzacz-do-herbaty-1000-ml-tulip-srebrny-mat-29309","status":"publish","type":"product","link":"https:\/\/viallidesign.com\/en\/product\/zaparzacz-do-herbaty-1000-ml-tulip-srebrny-mat-29309\/","title":{"rendered":"Tea brewer 1000 ml Tulip silver matt 29309"},"content":{"rendered":"<p>Tea and coffee brewer 1L <strong>Tulip<\/strong>\u00a0brands <strong>Vialli Design<\/strong>.<\/p>\n<p>An elegant and tasteful brewer designed for both leaf tea, granulated tea and coffee.<\/p>\n<p>It has a removable brewing section made of stainless steel - a strainer with fine perforations that allows the infusion to circulate freely. It keeps the grounds inside, leaving a clear tea essence.<\/p>\n<p>The transparent walls allow you to follow the brewing process and check the saturation of the drink, while the wide handle and spout make pouring easy.<\/p>\n<p>The jug is handmade from high-quality borosilicate glass that is safe for health and does not come into contact with the contents or affect their taste.<\/p>\n<p>It is equipped with a stainless steel lid in matt silver, which has holes for the free release of steam.<\/p>\n<p><strong>Vialli Design <\/strong>looking for innovative solutions<strong>\u00a0<\/strong>has created a series <strong>Tulip<\/strong>in which the floral motif - the shape of a tulip - has been re-arranged, ultimately offering a product that combines classic and modern. Its universal design and use make it <strong>Tulip<\/strong>\u00a0will work well in any stylish table setting.<\/p>\n<p>A conference, a family gathering, a romantic dinner in the autumn, these are all moments when a warm beverage will help you focus or create the right atmosphere, and they will be even more fruitful with the brewer. <strong>Tulip<\/strong>.\u00a0<\/p>\n<p class=\"gpsr-info\"><a href=\"https:\/\/kulig.com.pl\/gpsr\/\" target=\"_blank\" rel=\"noopener\">GPSR information<\/a><\/p>","protected":false},"excerpt":{"rendered":"<p>Zaparzacz do herbaty i kawy 1L Tulip\u00a0marki Vialli Design. Elegancki i gustowny\u00a0zaparzacz przeznaczony zar\u00f3wno do herbaty li\u015bciastej, granulowanej jak i kawy. Posiada wyjmowan\u0105 cz\u0119\u015b\u0107 do zaparzania wykonan\u0105 ze stali nierdzewnej &#8211; sitko z drobnymi perforacjami,\u00a0kt\u00f3re umo\u017cliwia\u00a0swobodn\u0105\u00a0cyrkulacj\u0119 naparu.\u00a0Zatrzymuje ono fusy\u00a0w \u015brodku, pozostawiaj\u0105c klarown\u0105 herbacian\u0105\u00a0esencj\u0119. Transparentne\u00a0\u015bcianki\u00a0umo\u017cliwiaj\u0105\u00a0\u015bledzenie procesu zaparzania i kontroli nasycenia napoju,\u00a0a szeroki uchwyt i dzi\u00f3bek u\u0142atwiaj\u0105 [&hellip;]<\/p>","protected":false},"featured_media":4722,"template":"","meta":{"_uag_custom_page_level_css":"","site-sidebar-layout":"default","site-content-layout":"","ast-site-content-layout":"default","site-content-style":"default","site-sidebar-style":"default","ast-global-header-display":"","ast-banner-title-visibility":"","ast-main-header-display":"","ast-hfb-above-header-display":"","ast-hfb-below-header-display":"","ast-hfb-mobile-header-display":"","site-post-title":"","ast-breadcrumbs-content":"","ast-featured-img":"","footer-sml-layout":"","ast-disable-related-posts":"","theme-transparent-header-meta":"","adv-header-id-meta":"","stick-header-meta":"","header-above-stick-meta":"","header-main-stick-meta":"","header-below-stick-meta":"","astra-migrate-meta-layouts":"default","ast-page-background-enabled":"default","ast-page-background-meta":{"desktop":{"background-color":"","background-image":"","background-repeat":"repeat","background-position":"center center","background-size":"auto","background-attachment":"scroll","background-type":"","background-media":"","overlay-type":"","overlay-color":"","overlay-opacity":"","overlay-gradient":""},"tablet":{"background-color":"","background-image":"","background-repeat":"repeat","background-position":"center center","background-size":"auto","background-attachment":"scroll","background-type":"","background-media":"","overlay-type":"","overlay-color":"","overlay-opacity":"","overlay-gradient":""},"mobile":{"background-color":"","background-image":"","background-repeat":"repeat","background-position":"center center","background-size":"auto","background-attachment":"scroll","background-type":"","background-media":"","overlay-type":"","overlay-color":"","overlay-opacity":"","overlay-gradient":""}},"ast-content-background-meta":{"desktop":{"background-color":"var(--ast-global-color-5)","background-image":"","background-repeat":"repeat","background-position":"center center","background-size":"auto","background-attachment":"scroll","background-type":"","background-media":"","overlay-type":"","overlay-color":"","overlay-opacity":"","overlay-gradient":""},"tablet":{"background-color":"var(--ast-global-color-5)","background-image":"","background-repeat":"repeat","background-position":"center center","background-size":"auto","background-attachment":"scroll","background-type":"","background-media":"","overlay-type":"","overlay-color":"","overlay-opacity":"","overlay-gradient":""},"mobile":{"background-color":"var(--ast-global-color-5)","background-image":"","background-repeat":"repeat","background-position":"center center","background-size":"auto","background-attachment":"scroll","background-type":"","background-media":"","overlay-type":"","overlay-color":"","overlay-opacity":"","overlay-gradient":""}}},"product_brand":[],"product_cat":[432,17,438],"product_tag":[],"class_list":{"0":"post-4729","1":"product","2":"type-product","3":"status-publish","4":"has-post-thumbnail","6":"product_cat-jadalnia","7":"product_cat-produkty","8":"product_cat-zaparzacze","9":"desktop-align-left","10":"tablet-align-left","11":"mobile-align-left","13":"first","14":"instock","15":"shipping-taxable","16":"purchasable","17":"product-type-simple"},"uagb_featured_image_src":{"full":["https:\/\/viallidesign.com\/wp-content\/uploads\/2024\/06\/13062024666afb1ff0f42-scaled.jpeg",2560,2494,false],"thumbnail":["https:\/\/viallidesign.com\/wp-content\/uploads\/2024\/06\/13062024666afb1ff0f42-scaled-80x80.jpeg",80,80,true],"medium":["https:\/\/viallidesign.com\/wp-content\/uploads\/2024\/06\/13062024666afb1ff0f42-scaled-300x292.jpeg",300,292,true],"medium_large":["https:\/\/viallidesign.com\/wp-content\/uploads\/2024\/06\/13062024666afb1ff0f42-scaled-768x748.jpeg",768,748,true],"large":["https:\/\/viallidesign.com\/wp-content\/uploads\/2024\/06\/13062024666afb1ff0f42-scaled-1024x998.jpeg",1024,998,true],"1536x1536":["https:\/\/viallidesign.com\/wp-content\/uploads\/2024\/06\/13062024666afb1ff0f42-scaled-1536x1496.jpeg",1536,1496,true],"2048x2048":["https:\/\/viallidesign.com\/wp-content\/uploads\/2024\/06\/13062024666afb1ff0f42-scaled-2048x1995.jpeg",2048,1995,true],"trp-custom-language-flag":["https:\/\/viallidesign.com\/wp-content\/uploads\/2024\/06\/13062024666afb1ff0f42-scaled.jpeg",12,12,false],"woocommerce_thumbnail":["https:\/\/viallidesign.com\/wp-content\/uploads\/2024\/06\/13062024666afb1ff0f42-scaled-600x585.jpeg",600,585,true],"woocommerce_single":["https:\/\/viallidesign.com\/wp-content\/uploads\/2024\/06\/13062024666afb1ff0f42-scaled-1200x1169.jpeg",1200,1169,true],"woocommerce_gallery_thumbnail":["https:\/\/viallidesign.com\/wp-content\/uploads\/2024\/06\/13062024666afb1ff0f42-scaled-100x100.jpeg",100,100,true],"dgwt-wcas-product-suggestion":["https:\/\/viallidesign.com\/wp-content\/uploads\/2024\/06\/13062024666afb1ff0f42-scaled-64x62.jpeg",64,62,true]},"uagb_author_info":{"display_name":"viallidesign","author_link":"https:\/\/viallidesign.com\/en\/author\/"},"uagb_comment_info":0,"uagb_excerpt":"Zaparzacz do herbaty i kawy 1L Tulip\u00a0marki Vialli Design. Elegancki i gustowny\u00a0zaparzacz przeznaczony zar\u00f3wno do herbaty li\u015bciastej, granulowanej jak i kawy. Posiada wyjmowan\u0105 cz\u0119\u015b\u0107 do zaparzania wykonan\u0105 ze stali nierdzewnej &#8211; sitko z drobnymi perforacjami,\u00a0kt\u00f3re umo\u017cliwia\u00a0swobodn\u0105\u00a0cyrkulacj\u0119 naparu.\u00a0Zatrzymuje ono fusy\u00a0w \u015brodku, pozostawiaj\u0105c klarown\u0105 herbacian\u0105\u00a0esencj\u0119. Transparentne\u00a0\u015bcianki\u00a0umo\u017cliwiaj\u0105\u00a0\u015bledzenie procesu zaparzania i kontroli nasycenia napoju,\u00a0a szeroki uchwyt i dzi\u00f3bek u\u0142atwiaj\u0105&hellip;","_links":{"self":[{"href":"https:\/\/viallidesign.com\/en\/wp-json\/wp\/v2\/product\/4729","targetHints":{"allow":["GET"]}}],"collection":[{"href":"https:\/\/viallidesign.com\/en\/wp-json\/wp\/v2\/product"}],"about":[{"href":"https:\/\/viallidesign.com\/en\/wp-json\/wp\/v2\/types\/product"}],"wp:featuredmedia":[{"embeddable":true,"href":"https:\/\/viallidesign.com\/en\/wp-json\/wp\/v2\/media\/4722"}],"wp:attachment":[{"href":"https:\/\/viallidesign.com\/en\/wp-json\/wp\/v2\/media?parent=4729"}],"wp:term":[{"taxonomy":"product_brand","embeddable":true,"href":"https:\/\/viallidesign.com\/en\/wp-json\/wp\/v2\/product_brand?post=4729"},{"taxonomy":"product_cat","embeddable":true,"href":"https:\/\/viallidesign.com\/en\/wp-json\/wp\/v2\/product_cat?post=4729"},{"taxonomy":"product_tag","embeddable":true,"href":"https:\/\/viallidesign.com\/en\/wp-json\/wp\/v2\/product_tag?post=4729"}],"curies":[{"name":"wp","href":"https:\/\/api.w.org\/{rel}","templated":true}]}}