{"id":4711,"date":"2024-06-13T15:58:41","date_gmt":"2024-06-13T13:58:41","guid":{"rendered":"https:\/\/vialliwp.ageno.work\/produkt\/szklanka-z-podwojna-scianka-z-zaparzaczem-amo-300-ml-29378\/"},"modified":"2026-03-27T02:45:04","modified_gmt":"2026-03-27T01:45:04","slug":"szklanka-z-podwojna-scianka-z-zaparzaczem-amo-300-ml-29378","status":"publish","type":"product","link":"https:\/\/viallidesign.com\/en\/product\/szklanka-z-podwojna-scianka-z-zaparzaczem-amo-300-ml-29378\/","title":{"rendered":"Amo double-walled brewing glass 300 ml 29378"},"content":{"rendered":"<p>Brewing glass <strong>Amo<\/strong>\u00a0300 ml brand <strong>Vialli Design<\/strong>.\u00a0<\/p>\n<p>An elegant and practical glass with a removable gold-coloured stainless steel brewer inside, into which leaf or granulated tea is poured.<\/p>\n<p>The double walls help to maintain the right temperature for longer, so we can enjoy a hot drink, plus the outer wall insulates our hands from the heat.\u00a0 \u00a0 \u00a0 \u00a0 \u00a0 \u00a0<\/p>\n<p>The brewer has very fine perforations that allow the brew to circulate freely and a comfortable handle that makes it easy to pull out.<\/p>\n<p>The brewing section traps the grounds inside, leaving clear tea in the glass.\u00a0<\/p>\n<p>The glass lid can be used as a saucer to set the brewer down when inverted.<\/p>\n<p>The optimum capacity will allow you to enjoy a large portion of hot and aromatic tea, and the comfort of tasting will be ensured by the wide and handy ear.<\/p>\n<p>The transparent glass walls allow you to follow the brewing process and control the intensity of the brew.\u00a0<\/p>\n<p>Simple, modern design of the brewer <strong>Amo<\/strong>, top-quality materials (borosilicate glass, stainless steel), which are safe for health and do not come into contact with or affect the taste of the contents, are the advantages of this product.<\/p>\n<p><strong>Amo<\/strong> is a combination of functionality and striking design, it is the right setting for celebrating the daily process of drinking tea, it will turn the routine into a pleasant ritual.\u00a0<\/p>\n<p>\u00a0<\/p>\n<p class=\"gpsr-info\"><a href=\"https:\/\/kulig.com.pl\/gpsr\/\" target=\"_blank\" rel=\"noopener\">GPSR information<\/a><\/p>","protected":false},"excerpt":{"rendered":"<p>Szklanka z zaparzaczem Amo\u00a0o pojemno\u015bci 300 ml marki Vialli Design.\u00a0 Elegancka i praktyczna szklanka\u00a0posiadaj\u0105ca w \u015brodku wyjmowany\u00a0zaparzacz wykonany ze stali nierdzewnej w kolorze z\u0142otym,\u00a0do kt\u00f3rego wsypujemy herbat\u0119 li\u015bciast\u0105 lub granulowan\u0105. Podw\u00f3jne \u015bcianki pomagaj\u0105 zachowa\u0107 odpowiedni\u0105 temperatur\u0119 na d\u0142u\u017cej, mo\u017cemy wi\u0119c cieszy\u0107 si\u0119 gor\u0105cym napojem, dodatkowo zewn\u0119trzna \u015bcianka izoluje nasze r\u0119ce przed ciep\u0142em.\u00a0 \u00a0 \u00a0 \u00a0 [&hellip;]<\/p>","protected":false},"featured_media":233433,"template":"","meta":{"_uag_custom_page_level_css":"","site-sidebar-layout":"default","site-content-layout":"","ast-site-content-layout":"default","site-content-style":"default","site-sidebar-style":"default","ast-global-header-display":"","ast-banner-title-visibility":"","ast-main-header-display":"","ast-hfb-above-header-display":"","ast-hfb-below-header-display":"","ast-hfb-mobile-header-display":"","site-post-title":"","ast-breadcrumbs-content":"","ast-featured-img":"","footer-sml-layout":"","ast-disable-related-posts":"","theme-transparent-header-meta":"","adv-header-id-meta":"","stick-header-meta":"","header-above-stick-meta":"","header-main-stick-meta":"","header-below-stick-meta":"","astra-migrate-meta-layouts":"default","ast-page-background-enabled":"default","ast-page-background-meta":{"desktop":{"background-color":"","background-image":"","background-repeat":"repeat","background-position":"center center","background-size":"auto","background-attachment":"scroll","background-type":"","background-media":"","overlay-type":"","overlay-color":"","overlay-opacity":"","overlay-gradient":""},"tablet":{"background-color":"","background-image":"","background-repeat":"repeat","background-position":"center center","background-size":"auto","background-attachment":"scroll","background-type":"","background-media":"","overlay-type":"","overlay-color":"","overlay-opacity":"","overlay-gradient":""},"mobile":{"background-color":"","background-image":"","background-repeat":"repeat","background-position":"center center","background-size":"auto","background-attachment":"scroll","background-type":"","background-media":"","overlay-type":"","overlay-color":"","overlay-opacity":"","overlay-gradient":""}},"ast-content-background-meta":{"desktop":{"background-color":"var(--ast-global-color-5)","background-image":"","background-repeat":"repeat","background-position":"center center","background-size":"auto","background-attachment":"scroll","background-type":"","background-media":"","overlay-type":"","overlay-color":"","overlay-opacity":"","overlay-gradient":""},"tablet":{"background-color":"var(--ast-global-color-5)","background-image":"","background-repeat":"repeat","background-position":"center center","background-size":"auto","background-attachment":"scroll","background-type":"","background-media":"","overlay-type":"","overlay-color":"","overlay-opacity":"","overlay-gradient":""},"mobile":{"background-color":"var(--ast-global-color-5)","background-image":"","background-repeat":"repeat","background-position":"center center","background-size":"auto","background-attachment":"scroll","background-type":"","background-media":"","overlay-type":"","overlay-color":"","overlay-opacity":"","overlay-gradient":""}}},"product_brand":[],"product_cat":[432,17,438],"product_tag":[],"class_list":{"0":"post-4711","1":"product","2":"type-product","3":"status-publish","4":"has-post-thumbnail","6":"product_cat-jadalnia","7":"product_cat-produkty","8":"product_cat-zaparzacze","9":"desktop-align-left","10":"tablet-align-left","11":"mobile-align-left","13":"first","14":"instock","15":"shipping-taxable","16":"purchasable","17":"product-type-simple"},"uagb_featured_image_src":{"full":["https:\/\/viallidesign.com\/wp-content\/uploads\/2025\/12\/1712202569421cb4da1f3.jpeg",1200,1200,false],"thumbnail":["https:\/\/viallidesign.com\/wp-content\/uploads\/2025\/12\/1712202569421cb4da1f3-80x80.jpeg",80,80,true],"medium":["https:\/\/viallidesign.com\/wp-content\/uploads\/2025\/12\/1712202569421cb4da1f3-300x300.jpeg",300,300,true],"medium_large":["https:\/\/viallidesign.com\/wp-content\/uploads\/2025\/12\/1712202569421cb4da1f3-768x768.jpeg",768,768,true],"large":["https:\/\/viallidesign.com\/wp-content\/uploads\/2025\/12\/1712202569421cb4da1f3-1024x1024.jpeg",1024,1024,true],"1536x1536":["https:\/\/viallidesign.com\/wp-content\/uploads\/2025\/12\/1712202569421cb4da1f3.jpeg",1200,1200,false],"2048x2048":["https:\/\/viallidesign.com\/wp-content\/uploads\/2025\/12\/1712202569421cb4da1f3.jpeg",1200,1200,false],"trp-custom-language-flag":["https:\/\/viallidesign.com\/wp-content\/uploads\/2025\/12\/1712202569421cb4da1f3-12x12.jpeg",12,12,true],"woocommerce_thumbnail":["https:\/\/viallidesign.com\/wp-content\/uploads\/2025\/12\/1712202569421cb4da1f3-600x600.jpeg",600,600,true],"woocommerce_single":["https:\/\/viallidesign.com\/wp-content\/uploads\/2025\/12\/1712202569421cb4da1f3.jpeg",1200,1200,false],"woocommerce_gallery_thumbnail":["https:\/\/viallidesign.com\/wp-content\/uploads\/2025\/12\/1712202569421cb4da1f3-100x100.jpeg",100,100,true],"dgwt-wcas-product-suggestion":["https:\/\/viallidesign.com\/wp-content\/uploads\/2025\/12\/1712202569421cb4da1f3-64x64.jpeg",64,64,true]},"uagb_author_info":{"display_name":"viallidesign","author_link":"https:\/\/viallidesign.com\/en\/author\/"},"uagb_comment_info":0,"uagb_excerpt":"Szklanka z zaparzaczem Amo\u00a0o pojemno\u015bci 300 ml marki Vialli Design.\u00a0 Elegancka i praktyczna szklanka\u00a0posiadaj\u0105ca w \u015brodku wyjmowany\u00a0zaparzacz wykonany ze stali nierdzewnej w kolorze z\u0142otym,\u00a0do kt\u00f3rego wsypujemy herbat\u0119 li\u015bciast\u0105 lub granulowan\u0105. Podw\u00f3jne \u015bcianki pomagaj\u0105 zachowa\u0107 odpowiedni\u0105 temperatur\u0119 na d\u0142u\u017cej, mo\u017cemy wi\u0119c cieszy\u0107 si\u0119 gor\u0105cym napojem, dodatkowo zewn\u0119trzna \u015bcianka izoluje nasze r\u0119ce przed ciep\u0142em.\u00a0 \u00a0 \u00a0 \u00a0&hellip;","_links":{"self":[{"href":"https:\/\/viallidesign.com\/en\/wp-json\/wp\/v2\/product\/4711","targetHints":{"allow":["GET"]}}],"collection":[{"href":"https:\/\/viallidesign.com\/en\/wp-json\/wp\/v2\/product"}],"about":[{"href":"https:\/\/viallidesign.com\/en\/wp-json\/wp\/v2\/types\/product"}],"wp:featuredmedia":[{"embeddable":true,"href":"https:\/\/viallidesign.com\/en\/wp-json\/wp\/v2\/media\/233433"}],"wp:attachment":[{"href":"https:\/\/viallidesign.com\/en\/wp-json\/wp\/v2\/media?parent=4711"}],"wp:term":[{"taxonomy":"product_brand","embeddable":true,"href":"https:\/\/viallidesign.com\/en\/wp-json\/wp\/v2\/product_brand?post=4711"},{"taxonomy":"product_cat","embeddable":true,"href":"https:\/\/viallidesign.com\/en\/wp-json\/wp\/v2\/product_cat?post=4711"},{"taxonomy":"product_tag","embeddable":true,"href":"https:\/\/viallidesign.com\/en\/wp-json\/wp\/v2\/product_tag?post=4711"}],"curies":[{"name":"wp","href":"https:\/\/api.w.org\/{rel}","templated":true}]}}