{"id":4669,"date":"2024-06-13T15:57:48","date_gmt":"2024-06-13T13:57:48","guid":{"rendered":"https:\/\/vialliwp.ageno.work\/produkt\/zaparzacz-do-herbaty-1000-ml-diva-srebrny-mat-29279\/"},"modified":"2026-03-27T02:45:04","modified_gmt":"2026-03-27T01:45:04","slug":"zaparzacz-do-herbaty-1000-ml-diva-srebrny-mat-29279","status":"publish","type":"product","link":"https:\/\/viallidesign.com\/en\/product\/zaparzacz-do-herbaty-1000-ml-diva-srebrny-mat-29279\/","title":{"rendered":"Tea brewer 1000 ml Diva silver matt 29279"},"content":{"rendered":"<p>Tea and coffee brewer 1L <strong>Diva<\/strong> brands <strong>Vialli Design<\/strong>.<\/p>\n<p>An elegant and tasteful plunger brewer for both leaf tea, granulated tea and coffee.<\/p>\n<p>Simply pour in the desired amount of the chosen blend, pour in hot water, wait until the drink reaches the desired intensity and press the plunger with the strainer on the underside.<\/p>\n<p>The grounds will stay down and we can enjoy a clear brew.<\/p>\n<p>The double walls help to maintain the right temperature for longer, plus the outer wall insulates our hands from the heat.\u00a0 \u00a0<\/p>\n<p>The transparent walls allow you to follow the brewing process and check the saturation of the brew, while the wide handle and spout make pouring easy.<\/p>\n<p>The jug is handmade from high-quality borosilicate glass that is safe for health and does not come into contact with the contents or affect their taste.<\/p>\n<p>It was fitted with a stainless steel lid in matt silver.<\/p>\n<p>The overall result is a practical yet modern design product that will adorn any table, a striking addition to a stylish arrangement.<\/p>\n<p>A conference, a family gathering, a romantic dinner in the autumn, these are all moments when a warm beverage will help you focus or create the right atmosphere, and they will be even more fruitful with the brewer. <strong>Diva<\/strong>.\u00a0<\/p>\n<p class=\"gpsr-info\"><a href=\"https:\/\/kulig.com.pl\/gpsr\/\" target=\"_blank\" rel=\"noopener\">GPSR information<\/a><\/p>","protected":false},"excerpt":{"rendered":"<p>Zaparzacz do herbaty i kawy 1L Diva marki Vialli Design. Elegancki i gustowny\u00a0zaparzacz t\u0142okowy, zar\u00f3wno do herbaty li\u015bciastej, granulowanej jak i kawy. Wystarczy nasypa\u0107 odpowiedni\u0105 ilo\u015b\u0107 wybranej mieszanki, zala\u0107 gor\u0105c\u0105 wod\u0105, poczeka\u0107 a\u017c nap\u00f3j osi\u0105gnie \u017c\u0105dany stopie\u0144 intensywno\u015bci i nacisn\u0105\u0107 t\u0142ok z umieszczonym\u00a0w spodniej cz\u0119\u015bci sitkiem. Fusy zostan\u0105 na dole, a my mo\u017cemy cieszy\u0107 si\u0119 [&hellip;]<\/p>","protected":false},"featured_media":4659,"template":"","meta":{"_uag_custom_page_level_css":"","site-sidebar-layout":"default","site-content-layout":"","ast-site-content-layout":"default","site-content-style":"default","site-sidebar-style":"default","ast-global-header-display":"","ast-banner-title-visibility":"","ast-main-header-display":"","ast-hfb-above-header-display":"","ast-hfb-below-header-display":"","ast-hfb-mobile-header-display":"","site-post-title":"","ast-breadcrumbs-content":"","ast-featured-img":"","footer-sml-layout":"","ast-disable-related-posts":"","theme-transparent-header-meta":"","adv-header-id-meta":"","stick-header-meta":"","header-above-stick-meta":"","header-main-stick-meta":"","header-below-stick-meta":"","astra-migrate-meta-layouts":"default","ast-page-background-enabled":"default","ast-page-background-meta":{"desktop":{"background-color":"","background-image":"","background-repeat":"repeat","background-position":"center center","background-size":"auto","background-attachment":"scroll","background-type":"","background-media":"","overlay-type":"","overlay-color":"","overlay-opacity":"","overlay-gradient":""},"tablet":{"background-color":"","background-image":"","background-repeat":"repeat","background-position":"center center","background-size":"auto","background-attachment":"scroll","background-type":"","background-media":"","overlay-type":"","overlay-color":"","overlay-opacity":"","overlay-gradient":""},"mobile":{"background-color":"","background-image":"","background-repeat":"repeat","background-position":"center center","background-size":"auto","background-attachment":"scroll","background-type":"","background-media":"","overlay-type":"","overlay-color":"","overlay-opacity":"","overlay-gradient":""}},"ast-content-background-meta":{"desktop":{"background-color":"var(--ast-global-color-5)","background-image":"","background-repeat":"repeat","background-position":"center center","background-size":"auto","background-attachment":"scroll","background-type":"","background-media":"","overlay-type":"","overlay-color":"","overlay-opacity":"","overlay-gradient":""},"tablet":{"background-color":"var(--ast-global-color-5)","background-image":"","background-repeat":"repeat","background-position":"center center","background-size":"auto","background-attachment":"scroll","background-type":"","background-media":"","overlay-type":"","overlay-color":"","overlay-opacity":"","overlay-gradient":""},"mobile":{"background-color":"var(--ast-global-color-5)","background-image":"","background-repeat":"repeat","background-position":"center center","background-size":"auto","background-attachment":"scroll","background-type":"","background-media":"","overlay-type":"","overlay-color":"","overlay-opacity":"","overlay-gradient":""}}},"product_brand":[],"product_cat":[432,17,438],"product_tag":[],"class_list":{"0":"post-4669","1":"product","2":"type-product","3":"status-publish","4":"has-post-thumbnail","6":"product_cat-jadalnia","7":"product_cat-produkty","8":"product_cat-zaparzacze","9":"desktop-align-left","10":"tablet-align-left","11":"mobile-align-left","13":"first","14":"outofstock","15":"shipping-taxable","16":"purchasable","17":"product-type-simple"},"uagb_featured_image_src":{"full":["https:\/\/viallidesign.com\/wp-content\/uploads\/2024\/06\/13062024666afad224fad-scaled.jpeg",2163,2560,false],"thumbnail":["https:\/\/viallidesign.com\/wp-content\/uploads\/2024\/06\/13062024666afad224fad-scaled-80x80.jpeg",80,80,true],"medium":["https:\/\/viallidesign.com\/wp-content\/uploads\/2024\/06\/13062024666afad224fad-scaled-253x300.jpeg",253,300,true],"medium_large":["https:\/\/viallidesign.com\/wp-content\/uploads\/2024\/06\/13062024666afad224fad-scaled-768x909.jpeg",768,909,true],"large":["https:\/\/viallidesign.com\/wp-content\/uploads\/2024\/06\/13062024666afad224fad-scaled-865x1024.jpeg",865,1024,true],"1536x1536":["https:\/\/viallidesign.com\/wp-content\/uploads\/2024\/06\/13062024666afad224fad-scaled-1298x1536.jpeg",1298,1536,true],"2048x2048":["https:\/\/viallidesign.com\/wp-content\/uploads\/2024\/06\/13062024666afad224fad-scaled-1730x2048.jpeg",1730,2048,true],"trp-custom-language-flag":["https:\/\/viallidesign.com\/wp-content\/uploads\/2024\/06\/13062024666afad224fad-scaled.jpeg",10,12,false],"woocommerce_thumbnail":["https:\/\/viallidesign.com\/wp-content\/uploads\/2024\/06\/13062024666afad224fad-scaled-600x710.jpeg",600,710,true],"woocommerce_single":["https:\/\/viallidesign.com\/wp-content\/uploads\/2024\/06\/13062024666afad224fad-scaled-1200x1420.jpeg",1200,1420,true],"woocommerce_gallery_thumbnail":["https:\/\/viallidesign.com\/wp-content\/uploads\/2024\/06\/13062024666afad224fad-scaled-100x100.jpeg",100,100,true],"dgwt-wcas-product-suggestion":["https:\/\/viallidesign.com\/wp-content\/uploads\/2024\/06\/13062024666afad224fad-scaled-64x76.jpeg",64,76,true]},"uagb_author_info":{"display_name":"viallidesign","author_link":"https:\/\/viallidesign.com\/en\/author\/"},"uagb_comment_info":0,"uagb_excerpt":"Zaparzacz do herbaty i kawy 1L Diva marki Vialli Design. Elegancki i gustowny\u00a0zaparzacz t\u0142okowy, zar\u00f3wno do herbaty li\u015bciastej, granulowanej jak i kawy. Wystarczy nasypa\u0107 odpowiedni\u0105 ilo\u015b\u0107 wybranej mieszanki, zala\u0107 gor\u0105c\u0105 wod\u0105, poczeka\u0107 a\u017c nap\u00f3j osi\u0105gnie \u017c\u0105dany stopie\u0144 intensywno\u015bci i nacisn\u0105\u0107 t\u0142ok z umieszczonym\u00a0w spodniej cz\u0119\u015bci sitkiem. Fusy zostan\u0105 na dole, a my mo\u017cemy cieszy\u0107 si\u0119&hellip;","_links":{"self":[{"href":"https:\/\/viallidesign.com\/en\/wp-json\/wp\/v2\/product\/4669","targetHints":{"allow":["GET"]}}],"collection":[{"href":"https:\/\/viallidesign.com\/en\/wp-json\/wp\/v2\/product"}],"about":[{"href":"https:\/\/viallidesign.com\/en\/wp-json\/wp\/v2\/types\/product"}],"wp:featuredmedia":[{"embeddable":true,"href":"https:\/\/viallidesign.com\/en\/wp-json\/wp\/v2\/media\/4659"}],"wp:attachment":[{"href":"https:\/\/viallidesign.com\/en\/wp-json\/wp\/v2\/media?parent=4669"}],"wp:term":[{"taxonomy":"product_brand","embeddable":true,"href":"https:\/\/viallidesign.com\/en\/wp-json\/wp\/v2\/product_brand?post=4669"},{"taxonomy":"product_cat","embeddable":true,"href":"https:\/\/viallidesign.com\/en\/wp-json\/wp\/v2\/product_cat?post=4669"},{"taxonomy":"product_tag","embeddable":true,"href":"https:\/\/viallidesign.com\/en\/wp-json\/wp\/v2\/product_tag?post=4669"}],"curies":[{"name":"wp","href":"https:\/\/api.w.org\/{rel}","templated":true}]}}