{"id":4649,"date":"2024-06-13T15:57:28","date_gmt":"2024-06-13T13:57:28","guid":{"rendered":"https:\/\/vialliwp.ageno.work\/produkt\/kompet-2-szklanek-z-podwojna-scianka-320-ml-amo-xmass-29781\/"},"modified":"2026-03-27T02:40:04","modified_gmt":"2026-03-27T01:40:04","slug":"kompet-2-szklanek-z-podwojna-scianka-320-ml-amo-xmass-29781","status":"publish","type":"product","link":"https:\/\/viallidesign.com\/en\/product\/kompet-2-szklanek-z-podwojna-scianka-320-ml-amo-xmass-29781\/","title":{"rendered":"Set of 2 double-walled glasses 320 ml Amo Xmass 29781"},"content":{"rendered":"<p>Set of 2 double-walled glasses <strong>Amo Xmass<\/strong>\u00a0320 ml brand <strong>Vialli Design<\/strong>.<\/p>\n<p>Set of two thermal glasses <strong>Amo<\/strong> in a festive version with gold print.<\/p>\n<p>The glasses have a simple, modern and ergonomic shape, and their thermal properties, achieved through the use of double walls, will ensure that our drink stays at the desired temperature for longer.<\/p>\n<p>This design will also ensure that our hands are protected from the heat, we can safely enjoy the tasting without fear of burning ourselves.<\/p>\n<p>The optimum capacity will allow you to enjoy a large portion of hot and aromatic tea or coffee in a family and festive atmosphere.<\/p>\n<p>The versatile shape, striking and elegant themed print will make these glasses blend perfectly with the rest of your tableware to create a cohesive Christmas arrangement.<\/p>\n<p>Invite <strong>Vialli Design<\/strong> - Merry Christmas wishes <strong>Amo Xmass<\/strong>.<\/p>\n<p>\u00a0<\/p>\n<p>\u00a0<\/p>\n<p class=\"gpsr-info\"><a href=\"https:\/\/kulig.com.pl\/gpsr\/\" target=\"_blank\" rel=\"noopener\">GPSR information<\/a><\/p>","protected":false},"excerpt":{"rendered":"<p>Zestaw 2 szklanek z podw\u00f3jn\u0105 \u015bciank\u0105 Amo Xmass\u00a0320 ml marki Vialli Design. Zestaw dw\u00f3ch szklanek termicznych Amo w wersji \u015bwi\u0105tecznej ze z\u0142otym nadrukiem. Szklanki maj\u0105 prosty, nowoczesny i\u00a0ergonomiczny kszta\u0142t, a ich\u00a0termiczne w\u0142a\u015bciwo\u015bci uzyskane dzi\u0119ki zastosowaniu podw\u00f3jnych \u015bcianek, zagwarantuj\u0105, \u017ce nasz nap\u00f3j pozostanie w po\u017c\u0105danej temperaturze na d\u0142u\u017cej. Taka budowa sprawi r\u00f3wnie\u017c, \u017ce nasze r\u0119ce b\u0119d\u0105 [&hellip;]<\/p>","protected":false},"featured_media":4642,"template":"","meta":{"_uag_custom_page_level_css":"","site-sidebar-layout":"default","site-content-layout":"","ast-site-content-layout":"default","site-content-style":"default","site-sidebar-style":"default","ast-global-header-display":"","ast-banner-title-visibility":"","ast-main-header-display":"","ast-hfb-above-header-display":"","ast-hfb-below-header-display":"","ast-hfb-mobile-header-display":"","site-post-title":"","ast-breadcrumbs-content":"","ast-featured-img":"","footer-sml-layout":"","ast-disable-related-posts":"","theme-transparent-header-meta":"default","adv-header-id-meta":"","stick-header-meta":"","header-above-stick-meta":"","header-main-stick-meta":"","header-below-stick-meta":"","astra-migrate-meta-layouts":"set","ast-page-background-enabled":"default","ast-page-background-meta":{"desktop":{"background-color":"","background-image":"","background-repeat":"repeat","background-position":"center center","background-size":"auto","background-attachment":"scroll","background-type":"","background-media":"","overlay-type":"","overlay-color":"","overlay-opacity":"","overlay-gradient":""},"tablet":{"background-color":"","background-image":"","background-repeat":"repeat","background-position":"center center","background-size":"auto","background-attachment":"scroll","background-type":"","background-media":"","overlay-type":"","overlay-color":"","overlay-opacity":"","overlay-gradient":""},"mobile":{"background-color":"","background-image":"","background-repeat":"repeat","background-position":"center center","background-size":"auto","background-attachment":"scroll","background-type":"","background-media":"","overlay-type":"","overlay-color":"","overlay-opacity":"","overlay-gradient":""}},"ast-content-background-meta":{"desktop":{"background-color":"var(--ast-global-color-5)","background-image":"","background-repeat":"repeat","background-position":"center center","background-size":"auto","background-attachment":"scroll","background-type":"","background-media":"","overlay-type":"","overlay-color":"","overlay-opacity":"","overlay-gradient":""},"tablet":{"background-color":"var(--ast-global-color-5)","background-image":"","background-repeat":"repeat","background-position":"center center","background-size":"auto","background-attachment":"scroll","background-type":"","background-media":"","overlay-type":"","overlay-color":"","overlay-opacity":"","overlay-gradient":""},"mobile":{"background-color":"var(--ast-global-color-5)","background-image":"","background-repeat":"repeat","background-position":"center center","background-size":"auto","background-attachment":"scroll","background-type":"","background-media":"","overlay-type":"","overlay-color":"","overlay-opacity":"","overlay-gradient":""}}},"product_brand":[],"product_cat":[432,17,436],"product_tag":[],"class_list":{"0":"post-4649","1":"product","2":"type-product","3":"status-publish","4":"has-post-thumbnail","6":"product_cat-jadalnia","7":"product_cat-produkty","8":"product_cat-szklanki-i-filizanki","9":"desktop-align-left","10":"tablet-align-left","11":"mobile-align-left","13":"first","14":"outofstock","15":"shipping-taxable","16":"purchasable","17":"product-type-simple"},"uagb_featured_image_src":{"full":["https:\/\/viallidesign.com\/wp-content\/uploads\/2024\/06\/13062024666afac3a97ea.jpeg",1080,1080,false],"thumbnail":["https:\/\/viallidesign.com\/wp-content\/uploads\/2024\/06\/13062024666afac3a97ea-80x80.jpeg",80,80,true],"medium":["https:\/\/viallidesign.com\/wp-content\/uploads\/2024\/06\/13062024666afac3a97ea-300x300.jpeg",300,300,true],"medium_large":["https:\/\/viallidesign.com\/wp-content\/uploads\/2024\/06\/13062024666afac3a97ea-768x768.jpeg",768,768,true],"large":["https:\/\/viallidesign.com\/wp-content\/uploads\/2024\/06\/13062024666afac3a97ea-1024x1024.jpeg",1024,1024,true],"1536x1536":["https:\/\/viallidesign.com\/wp-content\/uploads\/2024\/06\/13062024666afac3a97ea.jpeg",1080,1080,false],"2048x2048":["https:\/\/viallidesign.com\/wp-content\/uploads\/2024\/06\/13062024666afac3a97ea.jpeg",1080,1080,false],"trp-custom-language-flag":["https:\/\/viallidesign.com\/wp-content\/uploads\/2024\/06\/13062024666afac3a97ea.jpeg",12,12,false],"woocommerce_thumbnail":["https:\/\/viallidesign.com\/wp-content\/uploads\/2024\/06\/13062024666afac3a97ea-600x600.jpeg",600,600,true],"woocommerce_single":["https:\/\/viallidesign.com\/wp-content\/uploads\/2024\/06\/13062024666afac3a97ea.jpeg",1080,1080,false],"woocommerce_gallery_thumbnail":["https:\/\/viallidesign.com\/wp-content\/uploads\/2024\/06\/13062024666afac3a97ea-100x100.jpeg",100,100,true],"dgwt-wcas-product-suggestion":["https:\/\/viallidesign.com\/wp-content\/uploads\/2024\/06\/13062024666afac3a97ea-64x64.jpeg",64,64,true]},"uagb_author_info":{"display_name":"viallidesign","author_link":"https:\/\/viallidesign.com\/en\/author\/"},"uagb_comment_info":0,"uagb_excerpt":"Zestaw 2 szklanek z podw\u00f3jn\u0105 \u015bciank\u0105 Amo Xmass\u00a0320 ml marki Vialli Design. Zestaw dw\u00f3ch szklanek termicznych Amo w wersji \u015bwi\u0105tecznej ze z\u0142otym nadrukiem. Szklanki maj\u0105 prosty, nowoczesny i\u00a0ergonomiczny kszta\u0142t, a ich\u00a0termiczne w\u0142a\u015bciwo\u015bci uzyskane dzi\u0119ki zastosowaniu podw\u00f3jnych \u015bcianek, zagwarantuj\u0105, \u017ce nasz nap\u00f3j pozostanie w po\u017c\u0105danej temperaturze na d\u0142u\u017cej. Taka budowa sprawi r\u00f3wnie\u017c, \u017ce nasze r\u0119ce b\u0119d\u0105&hellip;","_links":{"self":[{"href":"https:\/\/viallidesign.com\/en\/wp-json\/wp\/v2\/product\/4649","targetHints":{"allow":["GET"]}}],"collection":[{"href":"https:\/\/viallidesign.com\/en\/wp-json\/wp\/v2\/product"}],"about":[{"href":"https:\/\/viallidesign.com\/en\/wp-json\/wp\/v2\/types\/product"}],"wp:featuredmedia":[{"embeddable":true,"href":"https:\/\/viallidesign.com\/en\/wp-json\/wp\/v2\/media\/4642"}],"wp:attachment":[{"href":"https:\/\/viallidesign.com\/en\/wp-json\/wp\/v2\/media?parent=4649"}],"wp:term":[{"taxonomy":"product_brand","embeddable":true,"href":"https:\/\/viallidesign.com\/en\/wp-json\/wp\/v2\/product_brand?post=4649"},{"taxonomy":"product_cat","embeddable":true,"href":"https:\/\/viallidesign.com\/en\/wp-json\/wp\/v2\/product_cat?post=4649"},{"taxonomy":"product_tag","embeddable":true,"href":"https:\/\/viallidesign.com\/en\/wp-json\/wp\/v2\/product_tag?post=4649"}],"curies":[{"name":"wp","href":"https:\/\/api.w.org\/{rel}","templated":true}]}}