{"id":4600,"date":"2024-06-13T15:56:54","date_gmt":"2024-06-13T13:56:54","guid":{"rendered":"https:\/\/vialliwp.ageno.work\/produkt\/komplet-2-szklanek-wysokich-z-podwojna-scianka-i-uszkiem-noa-360-ml-29774\/"},"modified":"2026-03-27T02:40:04","modified_gmt":"2026-03-27T01:40:04","slug":"komplet-2-szklanek-wysokich-z-podwojna-scianka-i-uszkiem-noa-360-ml-29774","status":"publish","type":"product","link":"https:\/\/viallidesign.com\/en\/product\/komplet-2-szklanek-wysokich-z-podwojna-scianka-i-uszkiem-noa-360-ml-29774\/","title":{"rendered":"Set of 2 double-walled highball glasses with earpiece Noa 360 ml 29774"},"content":{"rendered":"<p>Set of 2 tall double-walled glasses with ear piece\u00a0<strong>Noa<\/strong>\u00a0360 ml brand <strong>Vialli Design<\/strong>.<\/p>\n<p>Set of 2 thermal glasses <strong>Noa<\/strong> is a product that combines subtle, modern design with versatile use.<\/p>\n<p>The double walls help to maintain the right temperature for longer, so we can enjoy a hot drink, plus the outer wall insulates our hands from the heat.\u00a0<\/p>\n<p>The large capacity will allow you to enjoy a large portion of hot and aromatic tea or coffee, and the sleek ear adds to the comfort.<\/p>\n<p>Brand\u00a0<strong>Vialli Design <\/strong>looking for innovative solutions<strong>\u00a0<\/strong>has created a series <strong>Noa<\/strong>in which the floral motif - the shape of a flower bud - has been re-arranged, ultimately offering a product that combines classic and modern.<\/p>\n<p>The glasses are made of top-quality material (borosilicate glass), which is safe for health and does not come into contact with the contents or affect the taste of the drink.<\/p>\n<p><strong>Noa <\/strong>is, in addition to functionality and ergonomics, a combination of minimalism and botanical accents filtered through current design trends.<\/p>\n<p>It is a versatile product that will perfectly complement other pieces of tableware, creating a harmonious whole.<\/p>\n<p class=\"gpsr-info\"><a href=\"https:\/\/kulig.com.pl\/gpsr\/\" target=\"_blank\" rel=\"noopener\">GPSR information<\/a><\/p>","protected":false},"excerpt":{"rendered":"<p>Komplet 2 wysokich szklanek z podw\u00f3jn\u0105 \u015bciank\u0105 i uszkiem\u00a0Noa\u00a0360\u00a0ml marki Vialli Design. Zestaw 2\u00a0szklanek termicznych Noa to produkt, kt\u00f3ry \u0142\u0105czy w sobie subtelne, nowoczesne wzornictwo z uniwersalnym zastosowaniem. Podw\u00f3jne \u015bcianki pomagaj\u0105 zachowa\u0107 odpowiedni\u0105 temperatur\u0119 na d\u0142u\u017cej, mo\u017cemy wi\u0119c cieszy\u0107 si\u0119 gor\u0105cym napojem, dodatkowo zewn\u0119trzna \u015bcianka izoluje nasze r\u0119ce przed ciep\u0142em.\u00a0 Du\u017ca\u00a0pojemno\u015b\u0107 pozwoli delektowa\u0107 si\u0119 spor\u0105 [&hellip;]<\/p>","protected":false},"featured_media":4594,"template":"","meta":{"_uag_custom_page_level_css":"","site-sidebar-layout":"default","site-content-layout":"","ast-site-content-layout":"default","site-content-style":"default","site-sidebar-style":"default","ast-global-header-display":"","ast-banner-title-visibility":"","ast-main-header-display":"","ast-hfb-above-header-display":"","ast-hfb-below-header-display":"","ast-hfb-mobile-header-display":"","site-post-title":"","ast-breadcrumbs-content":"","ast-featured-img":"","footer-sml-layout":"","ast-disable-related-posts":"","theme-transparent-header-meta":"","adv-header-id-meta":"","stick-header-meta":"","header-above-stick-meta":"","header-main-stick-meta":"","header-below-stick-meta":"","astra-migrate-meta-layouts":"default","ast-page-background-enabled":"default","ast-page-background-meta":{"desktop":{"background-color":"","background-image":"","background-repeat":"repeat","background-position":"center center","background-size":"auto","background-attachment":"scroll","background-type":"","background-media":"","overlay-type":"","overlay-color":"","overlay-opacity":"","overlay-gradient":""},"tablet":{"background-color":"","background-image":"","background-repeat":"repeat","background-position":"center center","background-size":"auto","background-attachment":"scroll","background-type":"","background-media":"","overlay-type":"","overlay-color":"","overlay-opacity":"","overlay-gradient":""},"mobile":{"background-color":"","background-image":"","background-repeat":"repeat","background-position":"center center","background-size":"auto","background-attachment":"scroll","background-type":"","background-media":"","overlay-type":"","overlay-color":"","overlay-opacity":"","overlay-gradient":""}},"ast-content-background-meta":{"desktop":{"background-color":"var(--ast-global-color-5)","background-image":"","background-repeat":"repeat","background-position":"center center","background-size":"auto","background-attachment":"scroll","background-type":"","background-media":"","overlay-type":"","overlay-color":"","overlay-opacity":"","overlay-gradient":""},"tablet":{"background-color":"var(--ast-global-color-5)","background-image":"","background-repeat":"repeat","background-position":"center center","background-size":"auto","background-attachment":"scroll","background-type":"","background-media":"","overlay-type":"","overlay-color":"","overlay-opacity":"","overlay-gradient":""},"mobile":{"background-color":"var(--ast-global-color-5)","background-image":"","background-repeat":"repeat","background-position":"center center","background-size":"auto","background-attachment":"scroll","background-type":"","background-media":"","overlay-type":"","overlay-color":"","overlay-opacity":"","overlay-gradient":""}}},"product_brand":[],"product_cat":[432,17,436],"product_tag":[],"class_list":{"0":"post-4600","1":"product","2":"type-product","3":"status-publish","4":"has-post-thumbnail","6":"product_cat-jadalnia","7":"product_cat-produkty","8":"product_cat-szklanki-i-filizanki","9":"desktop-align-left","10":"tablet-align-left","11":"mobile-align-left","13":"first","14":"instock","15":"shipping-taxable","16":"purchasable","17":"product-type-simple"},"uagb_featured_image_src":{"full":["https:\/\/viallidesign.com\/wp-content\/uploads\/2024\/06\/13062024666afaa03288c.jpeg",1080,1080,false],"thumbnail":["https:\/\/viallidesign.com\/wp-content\/uploads\/2024\/06\/13062024666afaa03288c-80x80.jpeg",80,80,true],"medium":["https:\/\/viallidesign.com\/wp-content\/uploads\/2024\/06\/13062024666afaa03288c-300x300.jpeg",300,300,true],"medium_large":["https:\/\/viallidesign.com\/wp-content\/uploads\/2024\/06\/13062024666afaa03288c-768x768.jpeg",768,768,true],"large":["https:\/\/viallidesign.com\/wp-content\/uploads\/2024\/06\/13062024666afaa03288c-1024x1024.jpeg",1024,1024,true],"1536x1536":["https:\/\/viallidesign.com\/wp-content\/uploads\/2024\/06\/13062024666afaa03288c.jpeg",1080,1080,false],"2048x2048":["https:\/\/viallidesign.com\/wp-content\/uploads\/2024\/06\/13062024666afaa03288c.jpeg",1080,1080,false],"trp-custom-language-flag":["https:\/\/viallidesign.com\/wp-content\/uploads\/2024\/06\/13062024666afaa03288c.jpeg",12,12,false],"woocommerce_thumbnail":["https:\/\/viallidesign.com\/wp-content\/uploads\/2024\/06\/13062024666afaa03288c-600x600.jpeg",600,600,true],"woocommerce_single":["https:\/\/viallidesign.com\/wp-content\/uploads\/2024\/06\/13062024666afaa03288c.jpeg",1080,1080,false],"woocommerce_gallery_thumbnail":["https:\/\/viallidesign.com\/wp-content\/uploads\/2024\/06\/13062024666afaa03288c-100x100.jpeg",100,100,true],"dgwt-wcas-product-suggestion":["https:\/\/viallidesign.com\/wp-content\/uploads\/2024\/06\/13062024666afaa03288c-64x64.jpeg",64,64,true]},"uagb_author_info":{"display_name":"viallidesign","author_link":"https:\/\/viallidesign.com\/en\/author\/"},"uagb_comment_info":0,"uagb_excerpt":"Komplet 2 wysokich szklanek z podw\u00f3jn\u0105 \u015bciank\u0105 i uszkiem\u00a0Noa\u00a0360\u00a0ml marki Vialli Design. Zestaw 2\u00a0szklanek termicznych Noa to produkt, kt\u00f3ry \u0142\u0105czy w sobie subtelne, nowoczesne wzornictwo z uniwersalnym zastosowaniem. Podw\u00f3jne \u015bcianki pomagaj\u0105 zachowa\u0107 odpowiedni\u0105 temperatur\u0119 na d\u0142u\u017cej, mo\u017cemy wi\u0119c cieszy\u0107 si\u0119 gor\u0105cym napojem, dodatkowo zewn\u0119trzna \u015bcianka izoluje nasze r\u0119ce przed ciep\u0142em.\u00a0 Du\u017ca\u00a0pojemno\u015b\u0107 pozwoli delektowa\u0107 si\u0119 spor\u0105&hellip;","_links":{"self":[{"href":"https:\/\/viallidesign.com\/en\/wp-json\/wp\/v2\/product\/4600","targetHints":{"allow":["GET"]}}],"collection":[{"href":"https:\/\/viallidesign.com\/en\/wp-json\/wp\/v2\/product"}],"about":[{"href":"https:\/\/viallidesign.com\/en\/wp-json\/wp\/v2\/types\/product"}],"wp:featuredmedia":[{"embeddable":true,"href":"https:\/\/viallidesign.com\/en\/wp-json\/wp\/v2\/media\/4594"}],"wp:attachment":[{"href":"https:\/\/viallidesign.com\/en\/wp-json\/wp\/v2\/media?parent=4600"}],"wp:term":[{"taxonomy":"product_brand","embeddable":true,"href":"https:\/\/viallidesign.com\/en\/wp-json\/wp\/v2\/product_brand?post=4600"},{"taxonomy":"product_cat","embeddable":true,"href":"https:\/\/viallidesign.com\/en\/wp-json\/wp\/v2\/product_cat?post=4600"},{"taxonomy":"product_tag","embeddable":true,"href":"https:\/\/viallidesign.com\/en\/wp-json\/wp\/v2\/product_tag?post=4600"}],"curies":[{"name":"wp","href":"https:\/\/api.w.org\/{rel}","templated":true}]}}