{"id":4586,"date":"2024-06-13T15:56:43","date_gmt":"2024-06-13T13:56:43","guid":{"rendered":"https:\/\/vialliwp.ageno.work\/produkt\/termos-z-wkladem-szklanym-1l-amo-czarny-29248\/"},"modified":"2026-03-27T02:40:04","modified_gmt":"2026-03-27T01:40:04","slug":"termos-z-wkladem-szklanym-1l-amo-czarny-29248","status":"publish","type":"product","link":"https:\/\/viallidesign.com\/en\/product\/termos-z-wkladem-szklanym-1l-amo-czarny-29248\/","title":{"rendered":"Thermos with glass insert 1L AMO black 29248"},"content":{"rendered":"<p>Thermos <strong>AMO<\/strong> with a capacity of 1 litre.<\/p>\n<p align=\"justify\">The AMO thermos is a functional product that is perfect for conferences, business meetings and family celebrations alike.<\/p>\n<p align=\"justify\">The AMO thermos is an extremely practical and handy product. Its main advantage is the glass vacuum insulation, ensuring maximum retention of the right temperature for hot and cold drinks for up to 24 hours.<\/p>\n<p align=\"justify\">The product will do the job whether it is hot tea or cool juice on a hot day.<\/p>\n<p align=\"justify\">Thanks to the use of top-quality materials, the outer wall of the AMO thermos does not heat up when filled with hot drinks and does not condense when filled with cold drinks.<\/p>\n<p align=\"justify\">The sturdy handle and well-shaped spout ensure comfortable pouring of the drink. The thermos is <em>light<\/em> and handy.<\/p>\n<p class=\"gpsr-info\"><a href=\"https:\/\/kulig.com.pl\/gpsr\/\" target=\"_blank\" rel=\"noopener\">GPSR information<\/a><\/p>","protected":false},"excerpt":{"rendered":"<p>Termos AMO o pojemno\u015bci 1 litra. Termos AMO to funkcjonalny produkt, kt\u00f3ry doskonale sprawdzi si\u0119 zar\u00f3wno podczas konferencji, spotka\u0144 biznesowych oraz rodzinnych uroczysto\u015bci. Termos AMO to produkt niezwykle praktyczny i por\u0119czny. Jego g\u0142\u00f3wn\u0105 zalet\u0105 jest szklana izolacja pr\u00f3\u017cniowa, zapewniaj\u0105ca maksymalne utrzymanie odpowiedniej temperatury dla gor\u0105cych i zimnych napoj\u00f3w nawet do 24 godzin. Produkt spe\u0142ni swoje [&hellip;]<\/p>","protected":false},"featured_media":4577,"template":"","meta":{"_uag_custom_page_level_css":"","site-sidebar-layout":"default","site-content-layout":"","ast-site-content-layout":"default","site-content-style":"default","site-sidebar-style":"default","ast-global-header-display":"","ast-banner-title-visibility":"","ast-main-header-display":"","ast-hfb-above-header-display":"","ast-hfb-below-header-display":"","ast-hfb-mobile-header-display":"","site-post-title":"","ast-breadcrumbs-content":"","ast-featured-img":"","footer-sml-layout":"","ast-disable-related-posts":"","theme-transparent-header-meta":"","adv-header-id-meta":"","stick-header-meta":"","header-above-stick-meta":"","header-main-stick-meta":"","header-below-stick-meta":"","astra-migrate-meta-layouts":"default","ast-page-background-enabled":"default","ast-page-background-meta":{"desktop":{"background-color":"","background-image":"","background-repeat":"repeat","background-position":"center center","background-size":"auto","background-attachment":"scroll","background-type":"","background-media":"","overlay-type":"","overlay-color":"","overlay-opacity":"","overlay-gradient":""},"tablet":{"background-color":"","background-image":"","background-repeat":"repeat","background-position":"center center","background-size":"auto","background-attachment":"scroll","background-type":"","background-media":"","overlay-type":"","overlay-color":"","overlay-opacity":"","overlay-gradient":""},"mobile":{"background-color":"","background-image":"","background-repeat":"repeat","background-position":"center center","background-size":"auto","background-attachment":"scroll","background-type":"","background-media":"","overlay-type":"","overlay-color":"","overlay-opacity":"","overlay-gradient":""}},"ast-content-background-meta":{"desktop":{"background-color":"var(--ast-global-color-5)","background-image":"","background-repeat":"repeat","background-position":"center center","background-size":"auto","background-attachment":"scroll","background-type":"","background-media":"","overlay-type":"","overlay-color":"","overlay-opacity":"","overlay-gradient":""},"tablet":{"background-color":"var(--ast-global-color-5)","background-image":"","background-repeat":"repeat","background-position":"center center","background-size":"auto","background-attachment":"scroll","background-type":"","background-media":"","overlay-type":"","overlay-color":"","overlay-opacity":"","overlay-gradient":""},"mobile":{"background-color":"var(--ast-global-color-5)","background-image":"","background-repeat":"repeat","background-position":"center center","background-size":"auto","background-attachment":"scroll","background-type":"","background-media":"","overlay-type":"","overlay-color":"","overlay-opacity":"","overlay-gradient":""}}},"product_brand":[],"product_cat":[432,17,439],"product_tag":[],"class_list":{"0":"post-4586","1":"product","2":"type-product","3":"status-publish","4":"has-post-thumbnail","6":"product_cat-jadalnia","7":"product_cat-produkty","8":"product_cat-termosy-z-wkladem-szklanym","9":"desktop-align-left","10":"tablet-align-left","11":"mobile-align-left","13":"first","14":"instock","15":"shipping-taxable","16":"purchasable","17":"product-type-simple"},"uagb_featured_image_src":{"full":["https:\/\/viallidesign.com\/wp-content\/uploads\/2024\/06\/13062024666afa80d202f-scaled.jpeg",2121,2560,false],"thumbnail":["https:\/\/viallidesign.com\/wp-content\/uploads\/2024\/06\/13062024666afa80d202f-scaled-80x80.jpeg",80,80,true],"medium":["https:\/\/viallidesign.com\/wp-content\/uploads\/2024\/06\/13062024666afa80d202f-scaled-249x300.jpeg",249,300,true],"medium_large":["https:\/\/viallidesign.com\/wp-content\/uploads\/2024\/06\/13062024666afa80d202f-scaled-768x927.jpeg",768,927,true],"large":["https:\/\/viallidesign.com\/wp-content\/uploads\/2024\/06\/13062024666afa80d202f-scaled-848x1024.jpeg",848,1024,true],"1536x1536":["https:\/\/viallidesign.com\/wp-content\/uploads\/2024\/06\/13062024666afa80d202f-scaled-1273x1536.jpeg",1273,1536,true],"2048x2048":["https:\/\/viallidesign.com\/wp-content\/uploads\/2024\/06\/13062024666afa80d202f-scaled-1697x2048.jpeg",1697,2048,true],"trp-custom-language-flag":["https:\/\/viallidesign.com\/wp-content\/uploads\/2024\/06\/13062024666afa80d202f-scaled.jpeg",10,12,false],"woocommerce_thumbnail":["https:\/\/viallidesign.com\/wp-content\/uploads\/2024\/06\/13062024666afa80d202f-scaled-600x724.jpeg",600,724,true],"woocommerce_single":["https:\/\/viallidesign.com\/wp-content\/uploads\/2024\/06\/13062024666afa80d202f-scaled-1200x1448.jpeg",1200,1448,true],"woocommerce_gallery_thumbnail":["https:\/\/viallidesign.com\/wp-content\/uploads\/2024\/06\/13062024666afa80d202f-scaled-100x100.jpeg",100,100,true],"dgwt-wcas-product-suggestion":["https:\/\/viallidesign.com\/wp-content\/uploads\/2024\/06\/13062024666afa80d202f-scaled-64x77.jpeg",64,77,true]},"uagb_author_info":{"display_name":"viallidesign","author_link":"https:\/\/viallidesign.com\/en\/author\/"},"uagb_comment_info":0,"uagb_excerpt":"Termos AMO o pojemno\u015bci 1 litra. Termos AMO to funkcjonalny produkt, kt\u00f3ry doskonale sprawdzi si\u0119 zar\u00f3wno podczas konferencji, spotka\u0144 biznesowych oraz rodzinnych uroczysto\u015bci. Termos AMO to produkt niezwykle praktyczny i por\u0119czny. Jego g\u0142\u00f3wn\u0105 zalet\u0105 jest szklana izolacja pr\u00f3\u017cniowa, zapewniaj\u0105ca maksymalne utrzymanie odpowiedniej temperatury dla gor\u0105cych i zimnych napoj\u00f3w nawet do 24 godzin. Produkt spe\u0142ni swoje&hellip;","_links":{"self":[{"href":"https:\/\/viallidesign.com\/en\/wp-json\/wp\/v2\/product\/4586","targetHints":{"allow":["GET"]}}],"collection":[{"href":"https:\/\/viallidesign.com\/en\/wp-json\/wp\/v2\/product"}],"about":[{"href":"https:\/\/viallidesign.com\/en\/wp-json\/wp\/v2\/types\/product"}],"wp:featuredmedia":[{"embeddable":true,"href":"https:\/\/viallidesign.com\/en\/wp-json\/wp\/v2\/media\/4577"}],"wp:attachment":[{"href":"https:\/\/viallidesign.com\/en\/wp-json\/wp\/v2\/media?parent=4586"}],"wp:term":[{"taxonomy":"product_brand","embeddable":true,"href":"https:\/\/viallidesign.com\/en\/wp-json\/wp\/v2\/product_brand?post=4586"},{"taxonomy":"product_cat","embeddable":true,"href":"https:\/\/viallidesign.com\/en\/wp-json\/wp\/v2\/product_cat?post=4586"},{"taxonomy":"product_tag","embeddable":true,"href":"https:\/\/viallidesign.com\/en\/wp-json\/wp\/v2\/product_tag?post=4586"}],"curies":[{"name":"wp","href":"https:\/\/api.w.org\/{rel}","templated":true}]}}