{"id":4567,"date":"2024-06-13T15:56:10","date_gmt":"2024-06-13T13:56:10","guid":{"rendered":"https:\/\/vialliwp.ageno.work\/produkt\/2-pucharki-do-deserow-z-podwojna-scianka-250-ml-soho-9002\/"},"modified":"2026-03-27T02:40:04","modified_gmt":"2026-03-27T01:40:04","slug":"2-pucharki-do-deserow-z-podwojna-scianka-250-ml-soho-9002","status":"publish","type":"product","link":"https:\/\/viallidesign.com\/en\/product\/2-pucharki-do-deserow-z-podwojna-scianka-250-ml-soho-9002\/","title":{"rendered":"2 double-walled dessert cups 250 ml Soho 9002"},"content":{"rendered":"<p>Is there anything better than ice cream with whipped cream? Yes - ice cream with whipped cream in dessert cups <strong>Soho<\/strong>! The innovative cookware is distinguished by <strong>striking design.<\/strong>\u00a0The unique, modernist shape with an elegant leg makes the sweets perfectly presented in it. As a result, they surprise you not only with their taste, but also with their attractive visual aspect. Now your moments of relaxation will become even more enjoyable.<\/p>\n<p>Coffee and dessert is the perfect accompaniment to social gatherings. If you happen to find your ice cream melting during an engaging conversation with friends - with goblets <strong>Soho<\/strong>\u00a0the problem will solve itself! Specially designed <strong>The glass retains the temperature of the desserts for longer.<\/strong>\u00a0The double walls have a full insulating function, so you can savour the taste for as long as you like. Thanks to the shapely foot, you can easily hold the goblet in your hands without fear of it slipping, making it easy to use. Thus, the dish is <strong>handy<\/strong> and <strong>practical<\/strong>.<\/p>\n<p>The high quality of the products allows the goblets to be used successfully both at home and in caf\u00e9s, patisseries or restaurants.<strong> Handmade<\/strong> crockery is a guarantee of long use and attention to detail. Thanks to this <strong>Soho collection<\/strong>\u00a0will accompany you in all your sweet moments, and will meet your expectations in every field. The 250 ml variant is the ideal size for a satisfying serving of coffee dessert.<\/p>\n<p class=\"gpsr-info\"><a href=\"https:\/\/kulig.com.pl\/gpsr\/\" target=\"_blank\" rel=\"noopener\">GPSR information<\/a><\/p>","protected":false},"excerpt":{"rendered":"<p>Czy istnieje co\u015b lepszego ni\u017c lody z bit\u0105 \u015bmietan\u0105? Tak \u2013 lody z bit\u0105 \u015bmietan\u0105 w pucharkach do deser\u00f3w Soho! Innowacyjne naczynia wyr\u00f3\u017cniaj\u0105 si\u0119 efektownym designem.\u00a0Unikatowy, modernistyczny\u00a0kszta\u0142t\u00a0z eleganck\u0105\u00a0n\u00f3\u017ck\u0105 sprawi,\u00a0\u017ce s\u0142odko\u015bci doskonale si\u0119 w nim prezentuj\u0105. Dzi\u0119ki temu zaskakuj\u0105 nie tylko smakiem, ale i atrakcyjn\u0105 stron\u0105 wizualn\u0105. Teraz Twoje chwile relaksu stan\u0105 si\u0119 jeszcze przyjemniejsze. Kawa [&hellip;]<\/p>","protected":false},"featured_media":4558,"template":"","meta":{"_uag_custom_page_level_css":"","site-sidebar-layout":"default","site-content-layout":"","ast-site-content-layout":"default","site-content-style":"default","site-sidebar-style":"default","ast-global-header-display":"","ast-banner-title-visibility":"","ast-main-header-display":"","ast-hfb-above-header-display":"","ast-hfb-below-header-display":"","ast-hfb-mobile-header-display":"","site-post-title":"","ast-breadcrumbs-content":"","ast-featured-img":"","footer-sml-layout":"","ast-disable-related-posts":"","theme-transparent-header-meta":"","adv-header-id-meta":"","stick-header-meta":"","header-above-stick-meta":"","header-main-stick-meta":"","header-below-stick-meta":"","astra-migrate-meta-layouts":"default","ast-page-background-enabled":"default","ast-page-background-meta":{"desktop":{"background-color":"","background-image":"","background-repeat":"repeat","background-position":"center center","background-size":"auto","background-attachment":"scroll","background-type":"","background-media":"","overlay-type":"","overlay-color":"","overlay-opacity":"","overlay-gradient":""},"tablet":{"background-color":"","background-image":"","background-repeat":"repeat","background-position":"center center","background-size":"auto","background-attachment":"scroll","background-type":"","background-media":"","overlay-type":"","overlay-color":"","overlay-opacity":"","overlay-gradient":""},"mobile":{"background-color":"","background-image":"","background-repeat":"repeat","background-position":"center center","background-size":"auto","background-attachment":"scroll","background-type":"","background-media":"","overlay-type":"","overlay-color":"","overlay-opacity":"","overlay-gradient":""}},"ast-content-background-meta":{"desktop":{"background-color":"var(--ast-global-color-5)","background-image":"","background-repeat":"repeat","background-position":"center center","background-size":"auto","background-attachment":"scroll","background-type":"","background-media":"","overlay-type":"","overlay-color":"","overlay-opacity":"","overlay-gradient":""},"tablet":{"background-color":"var(--ast-global-color-5)","background-image":"","background-repeat":"repeat","background-position":"center center","background-size":"auto","background-attachment":"scroll","background-type":"","background-media":"","overlay-type":"","overlay-color":"","overlay-opacity":"","overlay-gradient":""},"mobile":{"background-color":"var(--ast-global-color-5)","background-image":"","background-repeat":"repeat","background-position":"center center","background-size":"auto","background-attachment":"scroll","background-type":"","background-media":"","overlay-type":"","overlay-color":"","overlay-opacity":"","overlay-gradient":""}}},"product_brand":[],"product_cat":[432,747,17],"product_tag":[],"class_list":{"0":"post-4567","1":"product","2":"type-product","3":"status-publish","4":"has-post-thumbnail","6":"product_cat-jadalnia","7":"product_cat-karafki","8":"product_cat-produkty","9":"desktop-align-left","10":"tablet-align-left","11":"mobile-align-left","13":"first","14":"instock","15":"shipping-taxable","16":"purchasable","17":"product-type-simple"},"uagb_featured_image_src":{"full":["https:\/\/viallidesign.com\/wp-content\/uploads\/2024\/06\/13062024666afa7204a00.jpeg",1200,1200,false],"thumbnail":["https:\/\/viallidesign.com\/wp-content\/uploads\/2024\/06\/13062024666afa7204a00-80x80.jpeg",80,80,true],"medium":["https:\/\/viallidesign.com\/wp-content\/uploads\/2024\/06\/13062024666afa7204a00-300x300.jpeg",300,300,true],"medium_large":["https:\/\/viallidesign.com\/wp-content\/uploads\/2024\/06\/13062024666afa7204a00-768x768.jpeg",768,768,true],"large":["https:\/\/viallidesign.com\/wp-content\/uploads\/2024\/06\/13062024666afa7204a00-1024x1024.jpeg",1024,1024,true],"1536x1536":["https:\/\/viallidesign.com\/wp-content\/uploads\/2024\/06\/13062024666afa7204a00.jpeg",1200,1200,false],"2048x2048":["https:\/\/viallidesign.com\/wp-content\/uploads\/2024\/06\/13062024666afa7204a00.jpeg",1200,1200,false],"trp-custom-language-flag":["https:\/\/viallidesign.com\/wp-content\/uploads\/2024\/06\/13062024666afa7204a00.jpeg",12,12,false],"woocommerce_thumbnail":["https:\/\/viallidesign.com\/wp-content\/uploads\/2024\/06\/13062024666afa7204a00-600x600.jpeg",600,600,true],"woocommerce_single":["https:\/\/viallidesign.com\/wp-content\/uploads\/2024\/06\/13062024666afa7204a00.jpeg",1200,1200,false],"woocommerce_gallery_thumbnail":["https:\/\/viallidesign.com\/wp-content\/uploads\/2024\/06\/13062024666afa7204a00-100x100.jpeg",100,100,true],"dgwt-wcas-product-suggestion":["https:\/\/viallidesign.com\/wp-content\/uploads\/2024\/06\/13062024666afa7204a00-64x64.jpeg",64,64,true]},"uagb_author_info":{"display_name":"viallidesign","author_link":"https:\/\/viallidesign.com\/en\/author\/"},"uagb_comment_info":0,"uagb_excerpt":"Czy istnieje co\u015b lepszego ni\u017c lody z bit\u0105 \u015bmietan\u0105? Tak \u2013 lody z bit\u0105 \u015bmietan\u0105 w pucharkach do deser\u00f3w Soho! Innowacyjne naczynia wyr\u00f3\u017cniaj\u0105 si\u0119 efektownym designem.\u00a0Unikatowy, modernistyczny\u00a0kszta\u0142t\u00a0z eleganck\u0105\u00a0n\u00f3\u017ck\u0105 sprawi,\u00a0\u017ce s\u0142odko\u015bci doskonale si\u0119 w nim prezentuj\u0105. Dzi\u0119ki temu zaskakuj\u0105 nie tylko smakiem, ale i atrakcyjn\u0105 stron\u0105 wizualn\u0105. Teraz Twoje chwile relaksu stan\u0105 si\u0119 jeszcze przyjemniejsze. Kawa&hellip;","_links":{"self":[{"href":"https:\/\/viallidesign.com\/en\/wp-json\/wp\/v2\/product\/4567","targetHints":{"allow":["GET"]}}],"collection":[{"href":"https:\/\/viallidesign.com\/en\/wp-json\/wp\/v2\/product"}],"about":[{"href":"https:\/\/viallidesign.com\/en\/wp-json\/wp\/v2\/types\/product"}],"wp:featuredmedia":[{"embeddable":true,"href":"https:\/\/viallidesign.com\/en\/wp-json\/wp\/v2\/media\/4558"}],"wp:attachment":[{"href":"https:\/\/viallidesign.com\/en\/wp-json\/wp\/v2\/media?parent=4567"}],"wp:term":[{"taxonomy":"product_brand","embeddable":true,"href":"https:\/\/viallidesign.com\/en\/wp-json\/wp\/v2\/product_brand?post=4567"},{"taxonomy":"product_cat","embeddable":true,"href":"https:\/\/viallidesign.com\/en\/wp-json\/wp\/v2\/product_cat?post=4567"},{"taxonomy":"product_tag","embeddable":true,"href":"https:\/\/viallidesign.com\/en\/wp-json\/wp\/v2\/product_tag?post=4567"}],"curies":[{"name":"wp","href":"https:\/\/api.w.org\/{rel}","templated":true}]}}