{"id":4530,"date":"2024-06-13T15:55:37","date_gmt":"2024-06-13T13:55:37","guid":{"rendered":"https:\/\/vialliwp.ageno.work\/produkt\/2-kieliszki-do-martini-z-podwojna-scianka-soho-155-ml-8937\/"},"modified":"2026-03-27T02:40:04","modified_gmt":"2026-03-27T01:40:04","slug":"2-kieliszki-do-martini-z-podwojna-scianka-soho-155-ml-8937","status":"publish","type":"product","link":"https:\/\/viallidesign.com\/en\/product\/2-kieliszki-do-martini-z-podwojna-scianka-soho-155-ml-8937\/","title":{"rendered":"2 double-walled martini glasses Soho 155 ml 8937"},"content":{"rendered":"<p><strong>Functional and practical<\/strong>\u00a0A set of two double-walled martini glasses from the Soho series by Vialli Design.<\/p>\n<p>The product was made of\u00a0<strong>highest quality borosilicate glass<\/strong>which is resistant to thermal shock. The dishes are made by hand and, thanks to the double walls, they maintain the right temperature of the drink for longer, while presenting the delicious contents in all their glory.<\/p>\n<p><strong>Ergonomic shape of the glasses<\/strong> combines classic and modern. The glasses will be an unmissable adornment to any table.<\/p>\n<p class=\"gpsr-info\"><a href=\"https:\/\/kulig.com.pl\/gpsr\/\" target=\"_blank\" rel=\"noopener\">GPSR information<\/a><\/p>","protected":false},"excerpt":{"rendered":"<p>Funkcjonalny i praktyczny\u00a0zestaw dw\u00f3ch kieliszk\u00f3w do martini\u00a0z podw\u00f3jn\u0105 \u015bciank\u0105 z serii Soho\u00a0marki Vialli Design. Produkt zosta\u0142 wykonany z\u00a0najwy\u017cszej jako\u015bci szk\u0142a boro krzemowego, kt\u00f3re jest odporne na szok termiczny. Naczynia wykonywane s\u0105 r\u0119cznie a dzi\u0119ki podw\u00f3jnym \u015bciankom utrzymuj\u0105 odpowiedni\u0105 temperatur\u0119 napoju na d\u0142u\u017cej, jednocze\u015bnie prezentuj\u0105c w ca\u0142ej okaza\u0142o\u015bci pyszn\u0105 zawarto\u015b\u0107. Ergonomiczny kszta\u0142t kieliszk\u00f3w \u0142\u0105czy klasyk\u0119 i [&hellip;]<\/p>","protected":false},"featured_media":4523,"template":"","meta":{"_uag_custom_page_level_css":"","site-sidebar-layout":"default","site-content-layout":"","ast-site-content-layout":"default","site-content-style":"default","site-sidebar-style":"default","ast-global-header-display":"","ast-banner-title-visibility":"","ast-main-header-display":"","ast-hfb-above-header-display":"","ast-hfb-below-header-display":"","ast-hfb-mobile-header-display":"","site-post-title":"","ast-breadcrumbs-content":"","ast-featured-img":"","footer-sml-layout":"","ast-disable-related-posts":"","theme-transparent-header-meta":"","adv-header-id-meta":"","stick-header-meta":"","header-above-stick-meta":"","header-main-stick-meta":"","header-below-stick-meta":"","astra-migrate-meta-layouts":"default","ast-page-background-enabled":"default","ast-page-background-meta":{"desktop":{"background-color":"","background-image":"","background-repeat":"repeat","background-position":"center center","background-size":"auto","background-attachment":"scroll","background-type":"","background-media":"","overlay-type":"","overlay-color":"","overlay-opacity":"","overlay-gradient":""},"tablet":{"background-color":"","background-image":"","background-repeat":"repeat","background-position":"center center","background-size":"auto","background-attachment":"scroll","background-type":"","background-media":"","overlay-type":"","overlay-color":"","overlay-opacity":"","overlay-gradient":""},"mobile":{"background-color":"","background-image":"","background-repeat":"repeat","background-position":"center center","background-size":"auto","background-attachment":"scroll","background-type":"","background-media":"","overlay-type":"","overlay-color":"","overlay-opacity":"","overlay-gradient":""}},"ast-content-background-meta":{"desktop":{"background-color":"var(--ast-global-color-5)","background-image":"","background-repeat":"repeat","background-position":"center center","background-size":"auto","background-attachment":"scroll","background-type":"","background-media":"","overlay-type":"","overlay-color":"","overlay-opacity":"","overlay-gradient":""},"tablet":{"background-color":"var(--ast-global-color-5)","background-image":"","background-repeat":"repeat","background-position":"center center","background-size":"auto","background-attachment":"scroll","background-type":"","background-media":"","overlay-type":"","overlay-color":"","overlay-opacity":"","overlay-gradient":""},"mobile":{"background-color":"var(--ast-global-color-5)","background-image":"","background-repeat":"repeat","background-position":"center center","background-size":"auto","background-attachment":"scroll","background-type":"","background-media":"","overlay-type":"","overlay-color":"","overlay-opacity":"","overlay-gradient":""}}},"product_brand":[],"product_cat":[432,744,17],"product_tag":[],"class_list":{"0":"post-4530","1":"product","2":"type-product","3":"status-publish","4":"has-post-thumbnail","6":"product_cat-jadalnia","7":"product_cat-kufle-i-kieliszki","8":"product_cat-produkty","9":"desktop-align-left","10":"tablet-align-left","11":"mobile-align-left","13":"first","14":"instock","15":"shipping-taxable","16":"purchasable","17":"product-type-simple"},"uagb_featured_image_src":{"full":["https:\/\/viallidesign.com\/wp-content\/uploads\/2024\/06\/13062024666afa5379a79-scaled.jpeg",2560,2520,false],"thumbnail":["https:\/\/viallidesign.com\/wp-content\/uploads\/2024\/06\/13062024666afa5379a79-scaled-80x80.jpeg",80,80,true],"medium":["https:\/\/viallidesign.com\/wp-content\/uploads\/2024\/06\/13062024666afa5379a79-scaled-300x295.jpeg",300,295,true],"medium_large":["https:\/\/viallidesign.com\/wp-content\/uploads\/2024\/06\/13062024666afa5379a79-scaled-768x756.jpeg",768,756,true],"large":["https:\/\/viallidesign.com\/wp-content\/uploads\/2024\/06\/13062024666afa5379a79-scaled-1024x1008.jpeg",1024,1008,true],"1536x1536":["https:\/\/viallidesign.com\/wp-content\/uploads\/2024\/06\/13062024666afa5379a79-scaled-1536x1512.jpeg",1536,1512,true],"2048x2048":["https:\/\/viallidesign.com\/wp-content\/uploads\/2024\/06\/13062024666afa5379a79-scaled-2048x2016.jpeg",2048,2016,true],"trp-custom-language-flag":["https:\/\/viallidesign.com\/wp-content\/uploads\/2024\/06\/13062024666afa5379a79-scaled.jpeg",12,12,false],"woocommerce_thumbnail":["https:\/\/viallidesign.com\/wp-content\/uploads\/2024\/06\/13062024666afa5379a79-scaled-600x591.jpeg",600,591,true],"woocommerce_single":["https:\/\/viallidesign.com\/wp-content\/uploads\/2024\/06\/13062024666afa5379a79-scaled-1200x1181.jpeg",1200,1181,true],"woocommerce_gallery_thumbnail":["https:\/\/viallidesign.com\/wp-content\/uploads\/2024\/06\/13062024666afa5379a79-scaled-100x100.jpeg",100,100,true],"dgwt-wcas-product-suggestion":["https:\/\/viallidesign.com\/wp-content\/uploads\/2024\/06\/13062024666afa5379a79-scaled-64x63.jpeg",64,63,true]},"uagb_author_info":{"display_name":"viallidesign","author_link":"https:\/\/viallidesign.com\/en\/author\/"},"uagb_comment_info":0,"uagb_excerpt":"Funkcjonalny i praktyczny\u00a0zestaw dw\u00f3ch kieliszk\u00f3w do martini\u00a0z podw\u00f3jn\u0105 \u015bciank\u0105 z serii Soho\u00a0marki Vialli Design. Produkt zosta\u0142 wykonany z\u00a0najwy\u017cszej jako\u015bci szk\u0142a boro krzemowego, kt\u00f3re jest odporne na szok termiczny. Naczynia wykonywane s\u0105 r\u0119cznie a dzi\u0119ki podw\u00f3jnym \u015bciankom utrzymuj\u0105 odpowiedni\u0105 temperatur\u0119 napoju na d\u0142u\u017cej, jednocze\u015bnie prezentuj\u0105c w ca\u0142ej okaza\u0142o\u015bci pyszn\u0105 zawarto\u015b\u0107. Ergonomiczny kszta\u0142t kieliszk\u00f3w \u0142\u0105czy klasyk\u0119 i&hellip;","_links":{"self":[{"href":"https:\/\/viallidesign.com\/en\/wp-json\/wp\/v2\/product\/4530","targetHints":{"allow":["GET"]}}],"collection":[{"href":"https:\/\/viallidesign.com\/en\/wp-json\/wp\/v2\/product"}],"about":[{"href":"https:\/\/viallidesign.com\/en\/wp-json\/wp\/v2\/types\/product"}],"wp:featuredmedia":[{"embeddable":true,"href":"https:\/\/viallidesign.com\/en\/wp-json\/wp\/v2\/media\/4523"}],"wp:attachment":[{"href":"https:\/\/viallidesign.com\/en\/wp-json\/wp\/v2\/media?parent=4530"}],"wp:term":[{"taxonomy":"product_brand","embeddable":true,"href":"https:\/\/viallidesign.com\/en\/wp-json\/wp\/v2\/product_brand?post=4530"},{"taxonomy":"product_cat","embeddable":true,"href":"https:\/\/viallidesign.com\/en\/wp-json\/wp\/v2\/product_cat?post=4530"},{"taxonomy":"product_tag","embeddable":true,"href":"https:\/\/viallidesign.com\/en\/wp-json\/wp\/v2\/product_tag?post=4530"}],"curies":[{"name":"wp","href":"https:\/\/api.w.org\/{rel}","templated":true}]}}