{"id":4492,"date":"2024-06-13T15:54:53","date_gmt":"2024-06-13T13:54:53","guid":{"rendered":"https:\/\/vialliwp.ageno.work\/produkt\/grawitacyjny-mlynek-do-soli-i-pieprzu-elektryczny-czarny-soho-8876\/"},"modified":"2026-03-27T02:40:04","modified_gmt":"2026-03-27T01:40:04","slug":"grawitacyjny-mlynek-do-soli-i-pieprzu-elektryczny-czarny-soho-8876","status":"publish","type":"product","link":"https:\/\/viallidesign.com\/en\/product\/grawitacyjny-mlynek-do-soli-i-pieprzu-elektryczny-czarny-soho-8876\/","title":{"rendered":"Gravity electric salt and pepper mill black SOHO 8876"},"content":{"rendered":"<p>Modern and extremely handy electric gravity mill <strong>SOHO\u00a0<\/strong>is a guarantee of well-ground pepper and salt, and its unique appearance will enrich the decor of your table and kitchen.\u00a0<\/p>\n<p><strong>Simply tilt to grind your favourite spice.\u00a0<\/strong><\/p>\n<ul>\n<li>innovative, striking design<\/li>\n<li>battery power 6xAA (not supplied)<\/li>\n<li>No switch-on button. Tilt the mill to start it<\/li>\n<li>grinder with ceramic mechanism and grinding thickness adjustment<\/li>\n<li>the right shape for comfortable use<\/li>\n<li>guarantee of leak-tightness and freshness of spices when not in use<\/li>\n<li>made of the highest quality materials<\/li>\n<li>170ml capacity<\/li>\n<li>material: stainless steel, glass, plastic<\/li>\n<\/ul>\n<p class=\"gpsr-info\"><a href=\"https:\/\/kulig.com.pl\/gpsr\/\" target=\"_blank\" rel=\"noopener\">GPSR information<\/a><\/p>","protected":false},"excerpt":{"rendered":"<p>Nowoczesny i niezwykle por\u0119czny elektryczny m\u0142ynek grawitacyjny SOHO\u00a0to gwarancja dobrze zmielonego pieprzu oraz soli, a jego wyj\u0105tkowy wygl\u0105d wzbogaci wystr\u00f3j Twojego sto\u0142u oraz kuchni.\u00a0 Po prostu przechyl, aby zmieli\u0107 swoj\u0105 ulubion\u0105 przypraw\u0119.\u00a0 innowacyjny, efektowny design zasilanie bateryjne 6xAAA (brak w zestawie) brak przycisku w\u0142\u0105czenia. Przechyl m\u0142ynek, aby go uruchomi\u0107 m\u0142ynek z ceramicznym mechanizmem i regulacj\u0105 [&hellip;]<\/p>","protected":false},"featured_media":4483,"template":"","meta":{"_uag_custom_page_level_css":"","site-sidebar-layout":"default","site-content-layout":"","ast-site-content-layout":"default","site-content-style":"default","site-sidebar-style":"default","ast-global-header-display":"","ast-banner-title-visibility":"","ast-main-header-display":"","ast-hfb-above-header-display":"","ast-hfb-below-header-display":"","ast-hfb-mobile-header-display":"","site-post-title":"","ast-breadcrumbs-content":"","ast-featured-img":"","footer-sml-layout":"","ast-disable-related-posts":"","theme-transparent-header-meta":"","adv-header-id-meta":"","stick-header-meta":"","header-above-stick-meta":"","header-main-stick-meta":"","header-below-stick-meta":"","astra-migrate-meta-layouts":"default","ast-page-background-enabled":"default","ast-page-background-meta":{"desktop":{"background-color":"","background-image":"","background-repeat":"repeat","background-position":"center center","background-size":"auto","background-attachment":"scroll","background-type":"","background-media":"","overlay-type":"","overlay-color":"","overlay-opacity":"","overlay-gradient":""},"tablet":{"background-color":"","background-image":"","background-repeat":"repeat","background-position":"center center","background-size":"auto","background-attachment":"scroll","background-type":"","background-media":"","overlay-type":"","overlay-color":"","overlay-opacity":"","overlay-gradient":""},"mobile":{"background-color":"","background-image":"","background-repeat":"repeat","background-position":"center center","background-size":"auto","background-attachment":"scroll","background-type":"","background-media":"","overlay-type":"","overlay-color":"","overlay-opacity":"","overlay-gradient":""}},"ast-content-background-meta":{"desktop":{"background-color":"var(--ast-global-color-5)","background-image":"","background-repeat":"repeat","background-position":"center center","background-size":"auto","background-attachment":"scroll","background-type":"","background-media":"","overlay-type":"","overlay-color":"","overlay-opacity":"","overlay-gradient":""},"tablet":{"background-color":"var(--ast-global-color-5)","background-image":"","background-repeat":"repeat","background-position":"center center","background-size":"auto","background-attachment":"scroll","background-type":"","background-media":"","overlay-type":"","overlay-color":"","overlay-opacity":"","overlay-gradient":""},"mobile":{"background-color":"var(--ast-global-color-5)","background-image":"","background-repeat":"repeat","background-position":"center center","background-size":"auto","background-attachment":"scroll","background-type":"","background-media":"","overlay-type":"","overlay-color":"","overlay-opacity":"","overlay-gradient":""}}},"product_brand":[],"product_cat":[433,442,17],"product_tag":[],"class_list":{"0":"post-4492","1":"product","2":"type-product","3":"status-publish","4":"has-post-thumbnail","6":"product_cat-kuchnia","7":"product_cat-mlynki-i-przyprawniki","8":"product_cat-produkty","9":"desktop-align-left","10":"tablet-align-left","11":"mobile-align-left","13":"first","14":"outofstock","15":"shipping-taxable","16":"purchasable","17":"product-type-simple"},"uagb_featured_image_src":{"full":["https:\/\/viallidesign.com\/wp-content\/uploads\/2024\/06\/13062024666afa1919128-scaled.jpeg",1194,2560,false],"thumbnail":["https:\/\/viallidesign.com\/wp-content\/uploads\/2024\/06\/13062024666afa1919128-scaled-80x80.jpeg",80,80,true],"medium":["https:\/\/viallidesign.com\/wp-content\/uploads\/2024\/06\/13062024666afa1919128-scaled-140x300.jpeg",140,300,true],"medium_large":["https:\/\/viallidesign.com\/wp-content\/uploads\/2024\/06\/13062024666afa1919128-scaled-768x1647.jpeg",768,1647,true],"large":["https:\/\/viallidesign.com\/wp-content\/uploads\/2024\/06\/13062024666afa1919128-scaled-478x1024.jpeg",478,1024,true],"1536x1536":["https:\/\/viallidesign.com\/wp-content\/uploads\/2024\/06\/13062024666afa1919128-scaled-716x1536.jpeg",716,1536,true],"2048x2048":["https:\/\/viallidesign.com\/wp-content\/uploads\/2024\/06\/13062024666afa1919128-scaled-955x2048.jpeg",955,2048,true],"trp-custom-language-flag":["https:\/\/viallidesign.com\/wp-content\/uploads\/2024\/06\/13062024666afa1919128-scaled.jpeg",6,12,false],"woocommerce_thumbnail":["https:\/\/viallidesign.com\/wp-content\/uploads\/2024\/06\/13062024666afa1919128-scaled-600x1286.jpeg",600,1286,true],"woocommerce_single":["https:\/\/viallidesign.com\/wp-content\/uploads\/2024\/06\/13062024666afa1919128-scaled.jpeg",1194,2560,false],"woocommerce_gallery_thumbnail":["https:\/\/viallidesign.com\/wp-content\/uploads\/2024\/06\/13062024666afa1919128-scaled-100x100.jpeg",100,100,true],"dgwt-wcas-product-suggestion":["https:\/\/viallidesign.com\/wp-content\/uploads\/2024\/06\/13062024666afa1919128-scaled-64x137.jpeg",64,137,true]},"uagb_author_info":{"display_name":"viallidesign","author_link":"https:\/\/viallidesign.com\/en\/author\/"},"uagb_comment_info":0,"uagb_excerpt":"Nowoczesny i niezwykle por\u0119czny elektryczny m\u0142ynek grawitacyjny SOHO\u00a0to gwarancja dobrze zmielonego pieprzu oraz soli, a jego wyj\u0105tkowy wygl\u0105d wzbogaci wystr\u00f3j Twojego sto\u0142u oraz kuchni.\u00a0 Po prostu przechyl, aby zmieli\u0107 swoj\u0105 ulubion\u0105 przypraw\u0119.\u00a0 innowacyjny, efektowny design zasilanie bateryjne 6xAAA (brak w zestawie) brak przycisku w\u0142\u0105czenia. Przechyl m\u0142ynek, aby go uruchomi\u0107 m\u0142ynek z ceramicznym mechanizmem i regulacj\u0105&hellip;","_links":{"self":[{"href":"https:\/\/viallidesign.com\/en\/wp-json\/wp\/v2\/product\/4492","targetHints":{"allow":["GET"]}}],"collection":[{"href":"https:\/\/viallidesign.com\/en\/wp-json\/wp\/v2\/product"}],"about":[{"href":"https:\/\/viallidesign.com\/en\/wp-json\/wp\/v2\/types\/product"}],"wp:featuredmedia":[{"embeddable":true,"href":"https:\/\/viallidesign.com\/en\/wp-json\/wp\/v2\/media\/4483"}],"wp:attachment":[{"href":"https:\/\/viallidesign.com\/en\/wp-json\/wp\/v2\/media?parent=4492"}],"wp:term":[{"taxonomy":"product_brand","embeddable":true,"href":"https:\/\/viallidesign.com\/en\/wp-json\/wp\/v2\/product_brand?post=4492"},{"taxonomy":"product_cat","embeddable":true,"href":"https:\/\/viallidesign.com\/en\/wp-json\/wp\/v2\/product_cat?post=4492"},{"taxonomy":"product_tag","embeddable":true,"href":"https:\/\/viallidesign.com\/en\/wp-json\/wp\/v2\/product_tag?post=4492"}],"curies":[{"name":"wp","href":"https:\/\/api.w.org\/{rel}","templated":true}]}}