{"id":4446,"date":"2024-06-13T15:53:19","date_gmt":"2024-06-13T13:53:19","guid":{"rendered":"https:\/\/vialliwp.ageno.work\/produkt\/solniczka-i-pieprzniczka-soho-28821\/"},"modified":"2026-03-27T02:40:04","modified_gmt":"2026-03-27T01:40:04","slug":"solniczka-i-pieprzniczka-soho-28821","status":"publish","type":"product","link":"https:\/\/viallidesign.com\/en\/product\/solniczka-i-pieprzniczka-soho-28821\/","title":{"rendered":"Salt and pepper shaker SOHO 28821"},"content":{"rendered":"<p>A set of two elegant and modern salt and pepper containers is a new development from <strong>Vialli Design.<\/strong><\/p>\n<p>The set is made of plastic, wood and stainless steel. The modern colour scheme of the product is perfect for modernist kitchens, while the <strong>SOHO set<\/strong> In addition to its utilitarian function, it will also be an interesting decorative accent.<\/p>\n<ul>\n<li>high quality workmanship<\/li>\n<li>ease of use<\/li>\n<li>striking appearance<\/li>\n<li>compact size<\/li>\n<li>Transparent housing allows filling to be monitored<\/li>\n<li>hygienic glass containers<\/li>\n<li>innovative, striking design<\/li>\n<li>the right shape for comfortable use<\/li>\n<li>guarantee of tightness and freshness of spices when<br \/>are not in use<\/li>\n<li>four hole sizes<\/li>\n<li>capacity 2 x 70ml<\/li>\n<li>material: stainless steel, glass, bamboo wood\n<\/li>\n<\/ul>\n<p>\u00a0<\/p>\n<p class=\"gpsr-info\"><a href=\"https:\/\/kulig.com.pl\/gpsr\/\" target=\"_blank\" rel=\"noopener\">GPSR information<\/a><\/p>","protected":false},"excerpt":{"rendered":"<p>A set of two elegant and modern salt and pepper containers is a novelty from Vialli Design. The set was made of plastic, wood and stainless steel. The modern colours of the product will perfectly suit modernist kitchens, and the SOHO set, apart from its utility functions, will also be an interesting decorative accent. high quality of workmanship easy to use attractive appearance compact size transparent casing allows [...].<\/p>","protected":false},"featured_media":4437,"template":"","meta":{"_uag_custom_page_level_css":"","site-sidebar-layout":"default","site-content-layout":"","ast-site-content-layout":"default","site-content-style":"default","site-sidebar-style":"default","ast-global-header-display":"","ast-banner-title-visibility":"","ast-main-header-display":"","ast-hfb-above-header-display":"","ast-hfb-below-header-display":"","ast-hfb-mobile-header-display":"","site-post-title":"","ast-breadcrumbs-content":"","ast-featured-img":"","footer-sml-layout":"","ast-disable-related-posts":"","theme-transparent-header-meta":"","adv-header-id-meta":"","stick-header-meta":"","header-above-stick-meta":"","header-main-stick-meta":"","header-below-stick-meta":"","astra-migrate-meta-layouts":"default","ast-page-background-enabled":"default","ast-page-background-meta":{"desktop":{"background-color":"","background-image":"","background-repeat":"repeat","background-position":"center center","background-size":"auto","background-attachment":"scroll","background-type":"","background-media":"","overlay-type":"","overlay-color":"","overlay-opacity":"","overlay-gradient":""},"tablet":{"background-color":"","background-image":"","background-repeat":"repeat","background-position":"center center","background-size":"auto","background-attachment":"scroll","background-type":"","background-media":"","overlay-type":"","overlay-color":"","overlay-opacity":"","overlay-gradient":""},"mobile":{"background-color":"","background-image":"","background-repeat":"repeat","background-position":"center center","background-size":"auto","background-attachment":"scroll","background-type":"","background-media":"","overlay-type":"","overlay-color":"","overlay-opacity":"","overlay-gradient":""}},"ast-content-background-meta":{"desktop":{"background-color":"var(--ast-global-color-5)","background-image":"","background-repeat":"repeat","background-position":"center center","background-size":"auto","background-attachment":"scroll","background-type":"","background-media":"","overlay-type":"","overlay-color":"","overlay-opacity":"","overlay-gradient":""},"tablet":{"background-color":"var(--ast-global-color-5)","background-image":"","background-repeat":"repeat","background-position":"center center","background-size":"auto","background-attachment":"scroll","background-type":"","background-media":"","overlay-type":"","overlay-color":"","overlay-opacity":"","overlay-gradient":""},"mobile":{"background-color":"var(--ast-global-color-5)","background-image":"","background-repeat":"repeat","background-position":"center center","background-size":"auto","background-attachment":"scroll","background-type":"","background-media":"","overlay-type":"","overlay-color":"","overlay-opacity":"","overlay-gradient":""}}},"product_brand":[],"product_cat":[433,442,17],"product_tag":[],"class_list":{"0":"post-4446","1":"product","2":"type-product","3":"status-publish","4":"has-post-thumbnail","6":"product_cat-kuchnia","7":"product_cat-mlynki-i-przyprawniki","8":"product_cat-produkty","9":"desktop-align-left","10":"tablet-align-left","11":"mobile-align-left","13":"first","14":"instock","15":"shipping-taxable","16":"purchasable","17":"product-type-simple"},"uagb_featured_image_src":{"full":["https:\/\/viallidesign.com\/wp-content\/uploads\/2024\/06\/13062024666af9ba6d195.jpeg",1383,1044,false],"thumbnail":["https:\/\/viallidesign.com\/wp-content\/uploads\/2024\/06\/13062024666af9ba6d195-80x80.jpeg",80,80,true],"medium":["https:\/\/viallidesign.com\/wp-content\/uploads\/2024\/06\/13062024666af9ba6d195-300x226.jpeg",300,226,true],"medium_large":["https:\/\/viallidesign.com\/wp-content\/uploads\/2024\/06\/13062024666af9ba6d195-768x580.jpeg",768,580,true],"large":["https:\/\/viallidesign.com\/wp-content\/uploads\/2024\/06\/13062024666af9ba6d195-1024x773.jpeg",1024,773,true],"1536x1536":["https:\/\/viallidesign.com\/wp-content\/uploads\/2024\/06\/13062024666af9ba6d195.jpeg",1383,1044,false],"2048x2048":["https:\/\/viallidesign.com\/wp-content\/uploads\/2024\/06\/13062024666af9ba6d195.jpeg",1383,1044,false],"trp-custom-language-flag":["https:\/\/viallidesign.com\/wp-content\/uploads\/2024\/06\/13062024666af9ba6d195.jpeg",16,12,false],"woocommerce_thumbnail":["https:\/\/viallidesign.com\/wp-content\/uploads\/2024\/06\/13062024666af9ba6d195-600x453.jpeg",600,453,true],"woocommerce_single":["https:\/\/viallidesign.com\/wp-content\/uploads\/2024\/06\/13062024666af9ba6d195-1200x906.jpeg",1200,906,true],"woocommerce_gallery_thumbnail":["https:\/\/viallidesign.com\/wp-content\/uploads\/2024\/06\/13062024666af9ba6d195-100x100.jpeg",100,100,true],"dgwt-wcas-product-suggestion":["https:\/\/viallidesign.com\/wp-content\/uploads\/2024\/06\/13062024666af9ba6d195-64x48.jpeg",64,48,true]},"uagb_author_info":{"display_name":"viallidesign","author_link":"https:\/\/viallidesign.com\/en\/author\/"},"uagb_comment_info":0,"uagb_excerpt":"Zestaw dw\u00f3ch eleganckich i nowoczesnych pojemnik\u00f3w na s\u00f3l i pieprz to nowo\u015b\u0107 od Vialli Design. Zestaw wykonany zosta\u0142 z tworzywa sztucznego, drewna\u00a0i stali nierdzewnej.\u00a0Nowoczesna kolorystyka produktu znakomicie sprawdzi si\u0119 w modernistycznych kuchniach, a zestaw SOHO opr\u00f3cz funkcji u\u017cytkowych b\u0119dzie r\u00f3wnie\u017c ciekawym akcentem dekoracyjnym. wysoka jako\u015b\u0107 wykonania \u0142atwo\u015b\u0107 u\u017cytkowania efektowny wygl\u0105d kompaktowe rozmiary prze\u017aroczysta obudowa pozwala&hellip;","_links":{"self":[{"href":"https:\/\/viallidesign.com\/en\/wp-json\/wp\/v2\/product\/4446","targetHints":{"allow":["GET"]}}],"collection":[{"href":"https:\/\/viallidesign.com\/en\/wp-json\/wp\/v2\/product"}],"about":[{"href":"https:\/\/viallidesign.com\/en\/wp-json\/wp\/v2\/types\/product"}],"wp:featuredmedia":[{"embeddable":true,"href":"https:\/\/viallidesign.com\/en\/wp-json\/wp\/v2\/media\/4437"}],"wp:attachment":[{"href":"https:\/\/viallidesign.com\/en\/wp-json\/wp\/v2\/media?parent=4446"}],"wp:term":[{"taxonomy":"product_brand","embeddable":true,"href":"https:\/\/viallidesign.com\/en\/wp-json\/wp\/v2\/product_brand?post=4446"},{"taxonomy":"product_cat","embeddable":true,"href":"https:\/\/viallidesign.com\/en\/wp-json\/wp\/v2\/product_cat?post=4446"},{"taxonomy":"product_tag","embeddable":true,"href":"https:\/\/viallidesign.com\/en\/wp-json\/wp\/v2\/product_tag?post=4446"}],"curies":[{"name":"wp","href":"https:\/\/api.w.org\/{rel}","templated":true}]}}