{"id":4436,"date":"2024-06-13T15:52:57","date_gmt":"2024-06-13T13:52:57","guid":{"rendered":"https:\/\/vialliwp.ageno.work\/produkt\/zestaw-do-przypraw-i-miodu-soho-8838\/"},"modified":"2026-03-27T02:40:04","modified_gmt":"2026-03-27T01:40:04","slug":"zestaw-do-przypraw-i-miodu-soho-8838","status":"publish","type":"product","link":"https:\/\/viallidesign.com\/en\/product\/zestaw-do-przypraw-i-miodu-soho-8838\/","title":{"rendered":"Spice and honey set SOHO 8838"},"content":{"rendered":"<p>This extremely handy spice and honey set<strong> SOHO<\/strong> will provide you with comfort of use and will enrich the decor of your kitchen. Thanks to the hygienic dispenser, you will keep things tidy when applying the honey, and the glass containers will keep your spices fresh for a long time.\u00a0<\/p>\n<ul>\n<li>innovative, striking design<\/li>\n<li>honey container with dispenser<\/li>\n<li>grinder with ceramic grinding mechanism<\/li>\n<li>the right shape for comfortable use<\/li>\n<li>guarantee of leak-tightness and freshness of spices when in use<\/li>\n<li>made of the highest quality materials<\/li>\n<li>capacity: 2\u00d770, 140 ml<\/li>\n<li>material: stainless steel, glass, plastic, bamboo wood<\/li>\n<\/ul>\n<p class=\"gpsr-info\"><a href=\"https:\/\/kulig.com.pl\/gpsr\/\" target=\"_blank\" rel=\"noopener\">GPSR information<\/a><\/p>","protected":false},"excerpt":{"rendered":"<p>Ten niezwykle por\u0119czny zestaw do przypraw i miodu SOHO zapewni ci\u00a0komfort u\u017cytkowania oraz wzbogaci wystr\u00f3j twojej kuchni. Dzi\u0119ki higienicznemu dozownikowi\u00a0zachowasz porz\u0105dek podczas nak\u0142adania miodu, a szklane pojemniki sprawi\u0105, \u017ce\u00a0przyprawy pozostan\u0105 \u015bwie\u017ce przez d\u0142ugi czas.\u00a0 innowacyjny, efektowy design pojemnik na mi\u00f3d z dozownikiem m\u0142ynek z ceramicznym mechanizmem miel\u0105cym odpowiedni kszta\u0142t dla wygody u\u017cytkowania gwarancja szczelno\u015bci i [&hellip;]<\/p>","protected":false},"featured_media":4421,"template":"","meta":{"_uag_custom_page_level_css":"","site-sidebar-layout":"default","site-content-layout":"","ast-site-content-layout":"default","site-content-style":"default","site-sidebar-style":"default","ast-global-header-display":"","ast-banner-title-visibility":"","ast-main-header-display":"","ast-hfb-above-header-display":"","ast-hfb-below-header-display":"","ast-hfb-mobile-header-display":"","site-post-title":"","ast-breadcrumbs-content":"","ast-featured-img":"","footer-sml-layout":"","ast-disable-related-posts":"","theme-transparent-header-meta":"","adv-header-id-meta":"","stick-header-meta":"","header-above-stick-meta":"","header-main-stick-meta":"","header-below-stick-meta":"","astra-migrate-meta-layouts":"default","ast-page-background-enabled":"default","ast-page-background-meta":{"desktop":{"background-color":"","background-image":"","background-repeat":"repeat","background-position":"center center","background-size":"auto","background-attachment":"scroll","background-type":"","background-media":"","overlay-type":"","overlay-color":"","overlay-opacity":"","overlay-gradient":""},"tablet":{"background-color":"","background-image":"","background-repeat":"repeat","background-position":"center center","background-size":"auto","background-attachment":"scroll","background-type":"","background-media":"","overlay-type":"","overlay-color":"","overlay-opacity":"","overlay-gradient":""},"mobile":{"background-color":"","background-image":"","background-repeat":"repeat","background-position":"center center","background-size":"auto","background-attachment":"scroll","background-type":"","background-media":"","overlay-type":"","overlay-color":"","overlay-opacity":"","overlay-gradient":""}},"ast-content-background-meta":{"desktop":{"background-color":"var(--ast-global-color-5)","background-image":"","background-repeat":"repeat","background-position":"center center","background-size":"auto","background-attachment":"scroll","background-type":"","background-media":"","overlay-type":"","overlay-color":"","overlay-opacity":"","overlay-gradient":""},"tablet":{"background-color":"var(--ast-global-color-5)","background-image":"","background-repeat":"repeat","background-position":"center center","background-size":"auto","background-attachment":"scroll","background-type":"","background-media":"","overlay-type":"","overlay-color":"","overlay-opacity":"","overlay-gradient":""},"mobile":{"background-color":"var(--ast-global-color-5)","background-image":"","background-repeat":"repeat","background-position":"center center","background-size":"auto","background-attachment":"scroll","background-type":"","background-media":"","overlay-type":"","overlay-color":"","overlay-opacity":"","overlay-gradient":""}}},"product_brand":[],"product_cat":[433,442,17],"product_tag":[],"class_list":{"0":"post-4436","1":"product","2":"type-product","3":"status-publish","4":"has-post-thumbnail","6":"product_cat-kuchnia","7":"product_cat-mlynki-i-przyprawniki","8":"product_cat-produkty","9":"desktop-align-left","10":"tablet-align-left","11":"mobile-align-left","13":"first","14":"instock","15":"sale","16":"shipping-taxable","17":"purchasable","18":"product-type-simple"},"uagb_featured_image_src":{"full":["https:\/\/viallidesign.com\/wp-content\/uploads\/2024\/06\/13062024666af98dae1a5-scaled.jpeg",2216,2560,false],"thumbnail":["https:\/\/viallidesign.com\/wp-content\/uploads\/2024\/06\/13062024666af98dae1a5-scaled-80x80.jpeg",80,80,true],"medium":["https:\/\/viallidesign.com\/wp-content\/uploads\/2024\/06\/13062024666af98dae1a5-scaled-260x300.jpeg",260,300,true],"medium_large":["https:\/\/viallidesign.com\/wp-content\/uploads\/2024\/06\/13062024666af98dae1a5-scaled-768x887.jpeg",768,887,true],"large":["https:\/\/viallidesign.com\/wp-content\/uploads\/2024\/06\/13062024666af98dae1a5-scaled-886x1024.jpeg",886,1024,true],"1536x1536":["https:\/\/viallidesign.com\/wp-content\/uploads\/2024\/06\/13062024666af98dae1a5-scaled-1330x1536.jpeg",1330,1536,true],"2048x2048":["https:\/\/viallidesign.com\/wp-content\/uploads\/2024\/06\/13062024666af98dae1a5-scaled-1773x2048.jpeg",1773,2048,true],"trp-custom-language-flag":["https:\/\/viallidesign.com\/wp-content\/uploads\/2024\/06\/13062024666af98dae1a5-scaled.jpeg",10,12,false],"woocommerce_thumbnail":["https:\/\/viallidesign.com\/wp-content\/uploads\/2024\/06\/13062024666af98dae1a5-scaled-600x693.jpeg",600,693,true],"woocommerce_single":["https:\/\/viallidesign.com\/wp-content\/uploads\/2024\/06\/13062024666af98dae1a5-scaled-1200x1386.jpeg",1200,1386,true],"woocommerce_gallery_thumbnail":["https:\/\/viallidesign.com\/wp-content\/uploads\/2024\/06\/13062024666af98dae1a5-scaled-100x100.jpeg",100,100,true],"dgwt-wcas-product-suggestion":["https:\/\/viallidesign.com\/wp-content\/uploads\/2024\/06\/13062024666af98dae1a5-scaled-64x74.jpeg",64,74,true]},"uagb_author_info":{"display_name":"viallidesign","author_link":"https:\/\/viallidesign.com\/en\/author\/"},"uagb_comment_info":0,"uagb_excerpt":"Ten niezwykle por\u0119czny zestaw do przypraw i miodu SOHO zapewni ci\u00a0komfort u\u017cytkowania oraz wzbogaci wystr\u00f3j twojej kuchni. Dzi\u0119ki higienicznemu dozownikowi\u00a0zachowasz porz\u0105dek podczas nak\u0142adania miodu, a szklane pojemniki sprawi\u0105, \u017ce\u00a0przyprawy pozostan\u0105 \u015bwie\u017ce przez d\u0142ugi czas.\u00a0 innowacyjny, efektowy design pojemnik na mi\u00f3d z dozownikiem m\u0142ynek z ceramicznym mechanizmem miel\u0105cym odpowiedni kszta\u0142t dla wygody u\u017cytkowania gwarancja szczelno\u015bci i&hellip;","_links":{"self":[{"href":"https:\/\/viallidesign.com\/en\/wp-json\/wp\/v2\/product\/4436","targetHints":{"allow":["GET"]}}],"collection":[{"href":"https:\/\/viallidesign.com\/en\/wp-json\/wp\/v2\/product"}],"about":[{"href":"https:\/\/viallidesign.com\/en\/wp-json\/wp\/v2\/types\/product"}],"wp:featuredmedia":[{"embeddable":true,"href":"https:\/\/viallidesign.com\/en\/wp-json\/wp\/v2\/media\/4421"}],"wp:attachment":[{"href":"https:\/\/viallidesign.com\/en\/wp-json\/wp\/v2\/media?parent=4436"}],"wp:term":[{"taxonomy":"product_brand","embeddable":true,"href":"https:\/\/viallidesign.com\/en\/wp-json\/wp\/v2\/product_brand?post=4436"},{"taxonomy":"product_cat","embeddable":true,"href":"https:\/\/viallidesign.com\/en\/wp-json\/wp\/v2\/product_cat?post=4436"},{"taxonomy":"product_tag","embeddable":true,"href":"https:\/\/viallidesign.com\/en\/wp-json\/wp\/v2\/product_tag?post=4436"}],"curies":[{"name":"wp","href":"https:\/\/api.w.org\/{rel}","templated":true}]}}