{"id":4404,"date":"2024-06-13T15:51:36","date_gmt":"2024-06-13T13:51:36","guid":{"rendered":"https:\/\/vialliwp.ageno.work\/produkt\/komplet-2-filizanek-termicznych-tulip-250-ml-8784\/"},"modified":"2026-03-27T02:40:04","modified_gmt":"2026-03-27T01:40:04","slug":"komplet-2-filizanek-termicznych-tulip-250-ml-8784","status":"publish","type":"product","link":"https:\/\/viallidesign.com\/en\/product\/komplet-2-filizanek-termicznych-tulip-250-ml-8784\/","title":{"rendered":"Set of 2 TULIP thermal cups 250 ml 8784"},"content":{"rendered":"<p>Kit\u00a0<strong>TULIP cup 250 ml<\/strong>\u00a0is a combination of\u00a0<strong>modern style<\/strong>\u00a0and extraordinary\u00a0<strong>convenience of use.<\/strong>\u00a0The innovative cookware is distinguished by its striking design.\u00a0<strong>Original motifs on glass<\/strong>\u00a0make beverages look great in it. This way they surprise you not only with their taste, but also with their attractive visual aspect. Now your moments of relaxation will become even more enjoyable.<\/p>\n<p><strong>Impeccable design and ease of use<\/strong><\/p>\n<p><strong>Tulip thermal cups\u00a0<\/strong>are made by hand from high-quality borosilicate glass. The double wall insulates so that the correct temperature of the drink is maintained for a longer period of time. The cups are suitable for serving coffee, tea as well as cold drinks and beverages.<\/p>\n<p><strong>Product benefits:<\/strong><\/p>\n<ul>\n<li>modern design<\/li>\n<li>handmade from high quality borosilicate glass<\/li>\n<li>keep drinks at the right temperature<\/li>\n<li>the right shape for comfortable use<\/li>\n<li>perfect for a gift<\/li>\n<\/ul>\n<p>Surprise your guests with the unusual shape of the brand's thermal cups\u00a0<strong>Vialli Design.\u00a0<\/strong>They are also perfect as a gift for a loved one!<\/p>\n<p class=\"gpsr-info\"><a href=\"https:\/\/kulig.com.pl\/gpsr\/\" target=\"_blank\" rel=\"noopener\">GPSR information<\/a><\/p>","protected":false},"excerpt":{"rendered":"<p>Zestaw\u00a0fili\u017canek TULIP 250 ml\u00a0to po\u0142\u0105czenie\u00a0nowoczesnego stylu\u00a0i niezwyk\u0142ej\u00a0wygody u\u017cytkowania.\u00a0Innowacyjne naczynia wyr\u00f3\u017cniaj\u0105 si\u0119 efektownym designem.\u00a0Oryginalne motywy na szkle\u00a0sprawiaj\u0105, \u017ce napoje doskonale si\u0119 w nim prezentuj\u0105. Dzi\u0119ki temu zaskakuj\u0105 nie tylko smakiem, ale i atrakcyjn\u0105 stron\u0105 wizualn\u0105. Teraz Twoje chwile relaksu stan\u0105 si\u0119 jeszcze przyjemniejsze. Nienaganny design oraz wygoda u\u017cytkowania Fili\u017canki termiczne Tulip\u00a0wykonane s\u0105 r\u0119cznie z wysokiej jako\u015bci [&hellip;]<\/p>","protected":false},"featured_media":4397,"template":"","meta":{"_uag_custom_page_level_css":"","site-sidebar-layout":"default","site-content-layout":"","ast-site-content-layout":"default","site-content-style":"default","site-sidebar-style":"default","ast-global-header-display":"","ast-banner-title-visibility":"","ast-main-header-display":"","ast-hfb-above-header-display":"","ast-hfb-below-header-display":"","ast-hfb-mobile-header-display":"","site-post-title":"","ast-breadcrumbs-content":"","ast-featured-img":"","footer-sml-layout":"","ast-disable-related-posts":"","theme-transparent-header-meta":"","adv-header-id-meta":"","stick-header-meta":"","header-above-stick-meta":"","header-main-stick-meta":"","header-below-stick-meta":"","astra-migrate-meta-layouts":"default","ast-page-background-enabled":"default","ast-page-background-meta":{"desktop":{"background-color":"","background-image":"","background-repeat":"repeat","background-position":"center center","background-size":"auto","background-attachment":"scroll","background-type":"","background-media":"","overlay-type":"","overlay-color":"","overlay-opacity":"","overlay-gradient":""},"tablet":{"background-color":"","background-image":"","background-repeat":"repeat","background-position":"center center","background-size":"auto","background-attachment":"scroll","background-type":"","background-media":"","overlay-type":"","overlay-color":"","overlay-opacity":"","overlay-gradient":""},"mobile":{"background-color":"","background-image":"","background-repeat":"repeat","background-position":"center center","background-size":"auto","background-attachment":"scroll","background-type":"","background-media":"","overlay-type":"","overlay-color":"","overlay-opacity":"","overlay-gradient":""}},"ast-content-background-meta":{"desktop":{"background-color":"var(--ast-global-color-5)","background-image":"","background-repeat":"repeat","background-position":"center center","background-size":"auto","background-attachment":"scroll","background-type":"","background-media":"","overlay-type":"","overlay-color":"","overlay-opacity":"","overlay-gradient":""},"tablet":{"background-color":"var(--ast-global-color-5)","background-image":"","background-repeat":"repeat","background-position":"center center","background-size":"auto","background-attachment":"scroll","background-type":"","background-media":"","overlay-type":"","overlay-color":"","overlay-opacity":"","overlay-gradient":""},"mobile":{"background-color":"var(--ast-global-color-5)","background-image":"","background-repeat":"repeat","background-position":"center center","background-size":"auto","background-attachment":"scroll","background-type":"","background-media":"","overlay-type":"","overlay-color":"","overlay-opacity":"","overlay-gradient":""}}},"product_brand":[],"product_cat":[432,17,436],"product_tag":[],"class_list":{"0":"post-4404","1":"product","2":"type-product","3":"status-publish","4":"has-post-thumbnail","6":"product_cat-jadalnia","7":"product_cat-produkty","8":"product_cat-szklanki-i-filizanki","9":"desktop-align-left","10":"tablet-align-left","11":"mobile-align-left","13":"first","14":"outofstock","15":"shipping-taxable","16":"purchasable","17":"product-type-simple"},"uagb_featured_image_src":{"full":["https:\/\/viallidesign.com\/wp-content\/uploads\/2024\/06\/13062024666af958b2e2e.jpeg",1656,1124,false],"thumbnail":["https:\/\/viallidesign.com\/wp-content\/uploads\/2024\/06\/13062024666af958b2e2e-80x80.jpeg",80,80,true],"medium":["https:\/\/viallidesign.com\/wp-content\/uploads\/2024\/06\/13062024666af958b2e2e-300x204.jpeg",300,204,true],"medium_large":["https:\/\/viallidesign.com\/wp-content\/uploads\/2024\/06\/13062024666af958b2e2e-768x521.jpeg",768,521,true],"large":["https:\/\/viallidesign.com\/wp-content\/uploads\/2024\/06\/13062024666af958b2e2e-1024x695.jpeg",1024,695,true],"1536x1536":["https:\/\/viallidesign.com\/wp-content\/uploads\/2024\/06\/13062024666af958b2e2e-1536x1043.jpeg",1536,1043,true],"2048x2048":["https:\/\/viallidesign.com\/wp-content\/uploads\/2024\/06\/13062024666af958b2e2e.jpeg",1656,1124,false],"trp-custom-language-flag":["https:\/\/viallidesign.com\/wp-content\/uploads\/2024\/06\/13062024666af958b2e2e.jpeg",18,12,false],"woocommerce_thumbnail":["https:\/\/viallidesign.com\/wp-content\/uploads\/2024\/06\/13062024666af958b2e2e-600x407.jpeg",600,407,true],"woocommerce_single":["https:\/\/viallidesign.com\/wp-content\/uploads\/2024\/06\/13062024666af958b2e2e-1200x814.jpeg",1200,814,true],"woocommerce_gallery_thumbnail":["https:\/\/viallidesign.com\/wp-content\/uploads\/2024\/06\/13062024666af958b2e2e-100x100.jpeg",100,100,true],"dgwt-wcas-product-suggestion":["https:\/\/viallidesign.com\/wp-content\/uploads\/2024\/06\/13062024666af958b2e2e-64x43.jpeg",64,43,true]},"uagb_author_info":{"display_name":"viallidesign","author_link":"https:\/\/viallidesign.com\/en\/author\/"},"uagb_comment_info":0,"uagb_excerpt":"Zestaw\u00a0fili\u017canek TULIP 250 ml\u00a0to po\u0142\u0105czenie\u00a0nowoczesnego stylu\u00a0i niezwyk\u0142ej\u00a0wygody u\u017cytkowania.\u00a0Innowacyjne naczynia wyr\u00f3\u017cniaj\u0105 si\u0119 efektownym designem.\u00a0Oryginalne motywy na szkle\u00a0sprawiaj\u0105, \u017ce napoje doskonale si\u0119 w nim prezentuj\u0105. Dzi\u0119ki temu zaskakuj\u0105 nie tylko smakiem, ale i atrakcyjn\u0105 stron\u0105 wizualn\u0105. Teraz Twoje chwile relaksu stan\u0105 si\u0119 jeszcze przyjemniejsze. Nienaganny design oraz wygoda u\u017cytkowania Fili\u017canki termiczne Tulip\u00a0wykonane s\u0105 r\u0119cznie z wysokiej jako\u015bci&hellip;","_links":{"self":[{"href":"https:\/\/viallidesign.com\/en\/wp-json\/wp\/v2\/product\/4404","targetHints":{"allow":["GET"]}}],"collection":[{"href":"https:\/\/viallidesign.com\/en\/wp-json\/wp\/v2\/product"}],"about":[{"href":"https:\/\/viallidesign.com\/en\/wp-json\/wp\/v2\/types\/product"}],"wp:featuredmedia":[{"embeddable":true,"href":"https:\/\/viallidesign.com\/en\/wp-json\/wp\/v2\/media\/4397"}],"wp:attachment":[{"href":"https:\/\/viallidesign.com\/en\/wp-json\/wp\/v2\/media?parent=4404"}],"wp:term":[{"taxonomy":"product_brand","embeddable":true,"href":"https:\/\/viallidesign.com\/en\/wp-json\/wp\/v2\/product_brand?post=4404"},{"taxonomy":"product_cat","embeddable":true,"href":"https:\/\/viallidesign.com\/en\/wp-json\/wp\/v2\/product_cat?post=4404"},{"taxonomy":"product_tag","embeddable":true,"href":"https:\/\/viallidesign.com\/en\/wp-json\/wp\/v2\/product_tag?post=4404"}],"curies":[{"name":"wp","href":"https:\/\/api.w.org\/{rel}","templated":true}]}}