{"id":4385,"date":"2024-06-13T15:50:53","date_gmt":"2024-06-13T13:50:53","guid":{"rendered":"https:\/\/vialliwp.ageno.work\/produkt\/zestaw-3-misek-kuchennych-livio-bialo-szary-28340\/"},"modified":"2025-11-20T16:48:20","modified_gmt":"2025-11-20T15:48:20","slug":"zestaw-3-misek-kuchennych-livio-bialo-szary-28340","status":"publish","type":"product","link":"https:\/\/viallidesign.com\/en\/product\/zestaw-3-misek-kuchennych-livio-bialo-szary-28340\/","title":{"rendered":"Set of 3 kitchen bowls Livio white\/grey 28340"},"content":{"rendered":"<p><strong>Set of 3 kitchen bowls Livio<\/strong><\/p>\n<p><strong>Ergonomics and comfort<\/strong> in the kitchen after the basics. If you want an organised space in your home, it's worth investing in a<strong> multifunction tools<\/strong>which will fulfil a variety of roles, thus taking up little space.<br \/>A must-have accessory for every home is a bowl. You can use it to prepare a salad, to hold marinated meat or to fill it with warm popcorn for a movie night. It would seem that the bowl already fulfils many different functions, but <strong>3-in-1 bowl gives you more options!<\/strong><\/p>\n<p><strong>The kit includes:<\/strong><\/p>\n<ul>\n<li><strong>Shallow colander<\/strong> - perfect for straining smaller fruits and vegetables or smaller portions of pasta or rice.<\/li>\n<li><strong>Deep colander<\/strong> - ideal for straining larger fruits or vegetables. The product is equipped with <strong>practical handles for easy straining of products.<\/strong>\u00a0The colander also has large holes, quickly draining water.<\/li>\n<li><strong>Deep bowl<\/strong> - Great for preparing salads, marinating meat or mixing produce. On one side <strong>equipped with fine meshes for straining products,<\/strong> while on the other hand in <strong>practical spout for easy pouring of liquid products.<\/strong> The bowl has <strong>non-slip feet for easy preparation of products.<\/strong><\/li>\n<\/ul>\n<p><strong>The upper and lower colander can easily be inserted into a deep bowl<\/strong> - This avoids dripping water on the table. You can then cut other products or start setting the table.<\/p>\n<p>All elements were made of <strong>high-quality food-grade plastic.<\/strong> Additionally <strong>They can be washed in the dishwasher or by hand under running water.<\/strong> Another major advantage is that the flat design of the lower part of the container provides a <strong>excellent stability.<\/strong> When not in use, the accessories can be folded together into a bowl and thus save a lot of cupboard space.<\/p>\n<p class=\"gpsr-info\"><a href=\"https:\/\/kulig.com.pl\/gpsr\/\" target=\"_blank\" rel=\"noopener\">GPSR information<\/a><\/p>","protected":false},"excerpt":{"rendered":"<p>Zestaw 3 misek kuchennych Livio Ergonomia i wygoda w kuchni po podstawa. Chc\u0105c mie\u0107 zorganizowan\u0105 przestrze\u0144 w swoim domu, warto zainwestowa\u0107 w narz\u0119dzia wielofunkcyjne, kt\u00f3re b\u0119d\u0105 pe\u0142ni\u0107 r\u00f3\u017cne role, zajmuj\u0105c tym samym ma\u0142o miejsca.Obowi\u0105zkowym akcesorium ka\u017cdego domu jest miska. Mo\u017cesz w niej przygotowa\u0107 sa\u0142atk\u0119, trzyma\u0107 zamarynowane mi\u0119so lub wsypa\u0107 do niej ciep\u0142y popcorn na wieczorny [&hellip;]<\/p>","protected":false},"featured_media":4379,"template":"","meta":{"_uag_custom_page_level_css":"","site-sidebar-layout":"default","site-content-layout":"","ast-site-content-layout":"default","site-content-style":"default","site-sidebar-style":"default","ast-global-header-display":"","ast-banner-title-visibility":"","ast-main-header-display":"","ast-hfb-above-header-display":"","ast-hfb-below-header-display":"","ast-hfb-mobile-header-display":"","site-post-title":"","ast-breadcrumbs-content":"","ast-featured-img":"","footer-sml-layout":"","ast-disable-related-posts":"","theme-transparent-header-meta":"","adv-header-id-meta":"","stick-header-meta":"","header-above-stick-meta":"","header-main-stick-meta":"","header-below-stick-meta":"","astra-migrate-meta-layouts":"default","ast-page-background-enabled":"default","ast-page-background-meta":{"desktop":{"background-color":"","background-image":"","background-repeat":"repeat","background-position":"center center","background-size":"auto","background-attachment":"scroll","background-type":"","background-media":"","overlay-type":"","overlay-color":"","overlay-opacity":"","overlay-gradient":""},"tablet":{"background-color":"","background-image":"","background-repeat":"repeat","background-position":"center center","background-size":"auto","background-attachment":"scroll","background-type":"","background-media":"","overlay-type":"","overlay-color":"","overlay-opacity":"","overlay-gradient":""},"mobile":{"background-color":"","background-image":"","background-repeat":"repeat","background-position":"center center","background-size":"auto","background-attachment":"scroll","background-type":"","background-media":"","overlay-type":"","overlay-color":"","overlay-opacity":"","overlay-gradient":""}},"ast-content-background-meta":{"desktop":{"background-color":"var(--ast-global-color-5)","background-image":"","background-repeat":"repeat","background-position":"center center","background-size":"auto","background-attachment":"scroll","background-type":"","background-media":"","overlay-type":"","overlay-color":"","overlay-opacity":"","overlay-gradient":""},"tablet":{"background-color":"var(--ast-global-color-5)","background-image":"","background-repeat":"repeat","background-position":"center center","background-size":"auto","background-attachment":"scroll","background-type":"","background-media":"","overlay-type":"","overlay-color":"","overlay-opacity":"","overlay-gradient":""},"mobile":{"background-color":"var(--ast-global-color-5)","background-image":"","background-repeat":"repeat","background-position":"center center","background-size":"auto","background-attachment":"scroll","background-type":"","background-media":"","overlay-type":"","overlay-color":"","overlay-opacity":"","overlay-gradient":""}}},"product_brand":[],"product_cat":[432,749,17],"product_tag":[],"class_list":{"0":"post-4385","1":"product","2":"type-product","3":"status-publish","4":"has-post-thumbnail","6":"product_cat-jadalnia","7":"product_cat-miski","8":"product_cat-produkty","9":"desktop-align-left","10":"tablet-align-left","11":"mobile-align-left","13":"first","14":"outofstock","15":"shipping-taxable","16":"purchasable","17":"product-type-simple"},"uagb_featured_image_src":{"full":["https:\/\/viallidesign.com\/wp-content\/uploads\/2024\/06\/13062024666af932239bb.jpeg",1919,1919,false],"thumbnail":["https:\/\/viallidesign.com\/wp-content\/uploads\/2024\/06\/13062024666af932239bb-80x80.jpeg",80,80,true],"medium":["https:\/\/viallidesign.com\/wp-content\/uploads\/2024\/06\/13062024666af932239bb-300x300.jpeg",300,300,true],"medium_large":["https:\/\/viallidesign.com\/wp-content\/uploads\/2024\/06\/13062024666af932239bb-768x768.jpeg",768,768,true],"large":["https:\/\/viallidesign.com\/wp-content\/uploads\/2024\/06\/13062024666af932239bb-1024x1024.jpeg",1024,1024,true],"1536x1536":["https:\/\/viallidesign.com\/wp-content\/uploads\/2024\/06\/13062024666af932239bb-1536x1536.jpeg",1536,1536,true],"2048x2048":["https:\/\/viallidesign.com\/wp-content\/uploads\/2024\/06\/13062024666af932239bb.jpeg",1919,1919,false],"trp-custom-language-flag":["https:\/\/viallidesign.com\/wp-content\/uploads\/2024\/06\/13062024666af932239bb.jpeg",12,12,false],"woocommerce_thumbnail":["https:\/\/viallidesign.com\/wp-content\/uploads\/2024\/06\/13062024666af932239bb-600x600.jpeg",600,600,true],"woocommerce_single":["https:\/\/viallidesign.com\/wp-content\/uploads\/2024\/06\/13062024666af932239bb-1200x1200.jpeg",1200,1200,true],"woocommerce_gallery_thumbnail":["https:\/\/viallidesign.com\/wp-content\/uploads\/2024\/06\/13062024666af932239bb-100x100.jpeg",100,100,true],"dgwt-wcas-product-suggestion":["https:\/\/viallidesign.com\/wp-content\/uploads\/2024\/06\/13062024666af932239bb-64x64.jpeg",64,64,true]},"uagb_author_info":{"display_name":"viallidesign","author_link":"https:\/\/viallidesign.com\/en\/author\/"},"uagb_comment_info":0,"uagb_excerpt":"Zestaw 3 misek kuchennych Livio Ergonomia i wygoda w kuchni po podstawa. Chc\u0105c mie\u0107 zorganizowan\u0105 przestrze\u0144 w swoim domu, warto zainwestowa\u0107 w narz\u0119dzia wielofunkcyjne, kt\u00f3re b\u0119d\u0105 pe\u0142ni\u0107 r\u00f3\u017cne role, zajmuj\u0105c tym samym ma\u0142o miejsca.Obowi\u0105zkowym akcesorium ka\u017cdego domu jest miska. Mo\u017cesz w niej przygotowa\u0107 sa\u0142atk\u0119, trzyma\u0107 zamarynowane mi\u0119so lub wsypa\u0107 do niej ciep\u0142y popcorn na wieczorny&hellip;","_links":{"self":[{"href":"https:\/\/viallidesign.com\/en\/wp-json\/wp\/v2\/product\/4385","targetHints":{"allow":["GET"]}}],"collection":[{"href":"https:\/\/viallidesign.com\/en\/wp-json\/wp\/v2\/product"}],"about":[{"href":"https:\/\/viallidesign.com\/en\/wp-json\/wp\/v2\/types\/product"}],"wp:featuredmedia":[{"embeddable":true,"href":"https:\/\/viallidesign.com\/en\/wp-json\/wp\/v2\/media\/4379"}],"wp:attachment":[{"href":"https:\/\/viallidesign.com\/en\/wp-json\/wp\/v2\/media?parent=4385"}],"wp:term":[{"taxonomy":"product_brand","embeddable":true,"href":"https:\/\/viallidesign.com\/en\/wp-json\/wp\/v2\/product_brand?post=4385"},{"taxonomy":"product_cat","embeddable":true,"href":"https:\/\/viallidesign.com\/en\/wp-json\/wp\/v2\/product_cat?post=4385"},{"taxonomy":"product_tag","embeddable":true,"href":"https:\/\/viallidesign.com\/en\/wp-json\/wp\/v2\/product_tag?post=4385"}],"curies":[{"name":"wp","href":"https:\/\/api.w.org\/{rel}","templated":true}]}}