{"id":4359,"date":"2024-06-13T15:49:41","date_gmt":"2024-06-13T13:49:41","guid":{"rendered":"https:\/\/vialliwp.ageno.work\/produkt\/rekawica-kuchenna-livio-szaro-biala-8418\/"},"modified":"2026-03-27T02:35:05","modified_gmt":"2026-03-27T01:35:05","slug":"rekawica-kuchenna-livio-szaro-biala-8418","status":"publish","type":"product","link":"https:\/\/viallidesign.com\/en\/product\/rekawica-kuchenna-livio-szaro-biala-8418\/","title":{"rendered":"Livio kitchen glove grey and white 8418"},"content":{"rendered":"<p><strong>Handy, short<\/strong> The Livio kitchen glove by Vialli Design, has been created from the best quality materials, <strong>100% cotton and the inside of the glove is coated with a thick layer of silicone.<\/strong>which is resistant to temperatures up to <strong>260 degrees Celsius.<\/strong> The quilted original glove is <strong> an indispensable accessory in every kitchen<\/strong> - It can be quickly both put on and taken off. Guaranteed <strong> thermal safety and protection against burns to the inside and outside of the hand.<\/strong> The colour versions of the product fit perfectly into the interior of any kitchen and look great hanging by kitchen hoods, rails or by the cooker.<\/p>\n<p class=\"gpsr-info\"><a href=\"https:\/\/kulig.com.pl\/gpsr\/\" target=\"_blank\" rel=\"noopener\">GPSR information<\/a><\/p>","protected":false},"excerpt":{"rendered":"<p>The handy Livio short kitchen glove by Vialli Design, has been created from the best quality materials, 100% cotton, and the inner part of the glove is coated with a thick layer of silicone, which is resistant to temperatures up to 260 degrees Celsius. The quilted original glove is an indispensable accessory in every kitchen - it can be quickly both put on the hand and taken off. It guarantees [...]<\/p>","protected":false},"featured_media":4357,"template":"","meta":{"_uag_custom_page_level_css":"","site-sidebar-layout":"default","site-content-layout":"","ast-site-content-layout":"default","site-content-style":"default","site-sidebar-style":"default","ast-global-header-display":"","ast-banner-title-visibility":"","ast-main-header-display":"","ast-hfb-above-header-display":"","ast-hfb-below-header-display":"","ast-hfb-mobile-header-display":"","site-post-title":"","ast-breadcrumbs-content":"","ast-featured-img":"","footer-sml-layout":"","ast-disable-related-posts":"","theme-transparent-header-meta":"default","adv-header-id-meta":"","stick-header-meta":"","header-above-stick-meta":"","header-main-stick-meta":"","header-below-stick-meta":"","astra-migrate-meta-layouts":"set","ast-page-background-enabled":"default","ast-page-background-meta":{"desktop":{"background-color":"","background-image":"","background-repeat":"repeat","background-position":"center center","background-size":"auto","background-attachment":"scroll","background-type":"","background-media":"","overlay-type":"","overlay-color":"","overlay-opacity":"","overlay-gradient":""},"tablet":{"background-color":"","background-image":"","background-repeat":"repeat","background-position":"center center","background-size":"auto","background-attachment":"scroll","background-type":"","background-media":"","overlay-type":"","overlay-color":"","overlay-opacity":"","overlay-gradient":""},"mobile":{"background-color":"","background-image":"","background-repeat":"repeat","background-position":"center center","background-size":"auto","background-attachment":"scroll","background-type":"","background-media":"","overlay-type":"","overlay-color":"","overlay-opacity":"","overlay-gradient":""}},"ast-content-background-meta":{"desktop":{"background-color":"var(--ast-global-color-5)","background-image":"","background-repeat":"repeat","background-position":"center center","background-size":"auto","background-attachment":"scroll","background-type":"","background-media":"","overlay-type":"","overlay-color":"","overlay-opacity":"","overlay-gradient":""},"tablet":{"background-color":"var(--ast-global-color-5)","background-image":"","background-repeat":"repeat","background-position":"center center","background-size":"auto","background-attachment":"scroll","background-type":"","background-media":"","overlay-type":"","overlay-color":"","overlay-opacity":"","overlay-gradient":""},"mobile":{"background-color":"var(--ast-global-color-5)","background-image":"","background-repeat":"repeat","background-position":"center center","background-size":"auto","background-attachment":"scroll","background-type":"","background-media":"","overlay-type":"","overlay-color":"","overlay-opacity":"","overlay-gradient":""}}},"product_brand":[],"product_cat":[433,17,750],"product_tag":[],"class_list":{"0":"post-4359","1":"product","2":"type-product","3":"status-publish","4":"has-post-thumbnail","6":"product_cat-kuchnia","7":"product_cat-produkty","8":"product_cat-rekawice-kuchenne","9":"desktop-align-left","10":"tablet-align-left","11":"mobile-align-left","13":"first","14":"instock","15":"shipping-taxable","16":"purchasable","17":"product-type-simple"},"uagb_featured_image_src":{"full":["https:\/\/viallidesign.com\/wp-content\/uploads\/2024\/06\/13062024666af8f30f87d-scaled-e1748253495993.jpeg",1882,1574,false],"thumbnail":["https:\/\/viallidesign.com\/wp-content\/uploads\/2024\/06\/13062024666af8f30f87d-scaled-e1748253495993-80x80.jpeg",80,80,true],"medium":["https:\/\/viallidesign.com\/wp-content\/uploads\/2024\/06\/13062024666af8f30f87d-scaled-e1748253495993-300x251.jpeg",300,251,true],"medium_large":["https:\/\/viallidesign.com\/wp-content\/uploads\/2024\/06\/13062024666af8f30f87d-scaled-e1748253495993-768x642.jpeg",768,642,true],"large":["https:\/\/viallidesign.com\/wp-content\/uploads\/2024\/06\/13062024666af8f30f87d-scaled-e1748253495993-1024x856.jpeg",1024,856,true],"1536x1536":["https:\/\/viallidesign.com\/wp-content\/uploads\/2024\/06\/13062024666af8f30f87d-scaled-e1748253495993-1536x1285.jpeg",1536,1285,true],"2048x2048":["https:\/\/viallidesign.com\/wp-content\/uploads\/2024\/06\/13062024666af8f30f87d-scaled-2048x1366.jpeg",2048,1366,true],"trp-custom-language-flag":["https:\/\/viallidesign.com\/wp-content\/uploads\/2024\/06\/13062024666af8f30f87d-scaled-e1748253495993-14x12.jpeg",14,12,true],"woocommerce_thumbnail":["https:\/\/viallidesign.com\/wp-content\/uploads\/2024\/06\/13062024666af8f30f87d-scaled-e1748253495993-600x502.jpeg",600,502,true],"woocommerce_single":["https:\/\/viallidesign.com\/wp-content\/uploads\/2024\/06\/13062024666af8f30f87d-scaled-e1748253495993-1200x1004.jpeg",1200,1004,true],"woocommerce_gallery_thumbnail":["https:\/\/viallidesign.com\/wp-content\/uploads\/2024\/06\/13062024666af8f30f87d-scaled-e1748253495993-100x100.jpeg",100,100,true],"dgwt-wcas-product-suggestion":["https:\/\/viallidesign.com\/wp-content\/uploads\/2024\/06\/13062024666af8f30f87d-scaled-e1748253495993-64x54.jpeg",64,54,true]},"uagb_author_info":{"display_name":"viallidesign","author_link":"https:\/\/viallidesign.com\/en\/author\/"},"uagb_comment_info":0,"uagb_excerpt":"Por\u0119czna, kr\u00f3tka r\u0119kawica kuchenna Livio marki Vialli Design, zosta\u0142a stworzona z najlepszej jako\u015bci materia\u0142\u00f3w, 100%-owej bawe\u0142ny, a wewn\u0119trzna cz\u0119\u015b\u0107 r\u0119kawicy pokryta jest grub\u0105 warstw\u0105 silikonu, kt\u00f3ra jest odporna na temperatury do 260 stopni Celsjusza. Pikowana oryginalna r\u0119kawica to niezb\u0119dne akcesorium w ka\u017cdej kuchni &#8211; szybko mo\u017cna j\u0105 zar\u00f3wno w\u0142o\u017cy\u0107 na d\u0142o\u0144 jak i zdj\u0105\u0107. Gwarantuje&hellip;","_links":{"self":[{"href":"https:\/\/viallidesign.com\/en\/wp-json\/wp\/v2\/product\/4359","targetHints":{"allow":["GET"]}}],"collection":[{"href":"https:\/\/viallidesign.com\/en\/wp-json\/wp\/v2\/product"}],"about":[{"href":"https:\/\/viallidesign.com\/en\/wp-json\/wp\/v2\/types\/product"}],"wp:featuredmedia":[{"embeddable":true,"href":"https:\/\/viallidesign.com\/en\/wp-json\/wp\/v2\/media\/4357"}],"wp:attachment":[{"href":"https:\/\/viallidesign.com\/en\/wp-json\/wp\/v2\/media?parent=4359"}],"wp:term":[{"taxonomy":"product_brand","embeddable":true,"href":"https:\/\/viallidesign.com\/en\/wp-json\/wp\/v2\/product_brand?post=4359"},{"taxonomy":"product_cat","embeddable":true,"href":"https:\/\/viallidesign.com\/en\/wp-json\/wp\/v2\/product_cat?post=4359"},{"taxonomy":"product_tag","embeddable":true,"href":"https:\/\/viallidesign.com\/en\/wp-json\/wp\/v2\/product_tag?post=4359"}],"curies":[{"name":"wp","href":"https:\/\/api.w.org\/{rel}","templated":true}]}}