{"id":4345,"date":"2024-06-13T15:49:03","date_gmt":"2024-06-13T13:49:03","guid":{"rendered":"https:\/\/vialliwp.ageno.work\/produkt\/termos-turystyczny-1l-fuori-czerwony-8531\/"},"modified":"2026-03-30T20:56:22","modified_gmt":"2026-03-30T18:56:22","slug":"termos-turystyczny-1l-fuori-czerwony-8531","status":"publish","type":"product","link":"https:\/\/viallidesign.com\/en\/product\/termos-turystyczny-1l-fuori-czerwony-8531\/","title":{"rendered":"Travel thermos with 2 cups 1l FUORI red 8531"},"content":{"rendered":"<p align=\"justify\"><strong>FUORI tourist thermos<\/strong> is an extremely <strong>practical and handy<\/strong>It is distinguished by its large capacity of up to 1,000 ml. Its main advantage is the steel vacuum insulation, thanks to which stored beverages will maintain their temperature even through the <strong>24 hours.<\/strong> The product will do its job whether it is hot tea or cool juice on hot days. Thanks to the use of top-quality materials, the outer wall of the Fuori thermos will maintain the optimum temperature at all times. The risk of burning your hands while holding the drink will be zero.<\/p>\n<p align=\"justify\"><strong>Fuori travel thermos<\/strong> is available in eight colour variants. We can choose between white, pink, navy blue, green, graphite, mint, matt steel and rose gold black. The product stands out <strong>modern design,<\/strong> comfortable shape and 100% leakproof - such a combination is a guarantee of satisfaction for every customer. The Vialli Design thermos is additionally equipped with <strong>two cups of 150 ml and 200 ml.<\/strong><\/p>\n<p align=\"justify\"><strong>Product benefits:<\/strong><\/p>\n<ul>\n<li>\n<p align=\"justify\">Steel (18\/8) vacuum insulation for maximum retention of the right temperature for hot and cold drinks for up to 24 hours<\/p>\n<\/li>\n<li>\n<p align=\"justify\">Modern design<\/p>\n<\/li>\n<li>\n<p align=\"justify\">Comfortable to hold<\/p>\n<\/li>\n<li>\n<p align=\"justify\">Lightweight and compact design for easy transport and storage<\/p>\n<\/li>\n<li>\n<p align=\"justify\">The exterior does not heat up when filled with hot drinks and does not condense when filled with cold drinks<\/p>\n<\/li>\n<li>\n<p align=\"justify\">Ideal for outdoor use and travel<\/p>\n<\/li>\n<li>\n<p align=\"justify\">It has two cups with capacities of 150ml and 200ml<\/p>\n<\/li>\n<li>\n<p align=\"justify\">100% tightness<\/p>\n<\/li>\n<\/ul>\n<p class=\"gpsr-info\"><a href=\"https:\/\/kulig.com.pl\/gpsr\/\" target=\"_blank\" rel=\"noopener\">GPSR information<\/a><\/p>","protected":false},"excerpt":{"rendered":"<p>The FUORI tourist thermos is an extremely practical and handy product, distinguished by its large capacity of up to 1,000 ml. Its main advantage is the steel vacuum insulation, thanks to which stored drinks will maintain their temperature for up to 24 hours. The product is suitable for both hot tea and cool juice on hot days. Thanks to the use of materials with [...]<\/p>","protected":false},"featured_media":4335,"template":"","meta":{"_uag_custom_page_level_css":"","site-sidebar-layout":"default","site-content-layout":"","ast-site-content-layout":"default","site-content-style":"default","site-sidebar-style":"default","ast-global-header-display":"","ast-banner-title-visibility":"","ast-main-header-display":"","ast-hfb-above-header-display":"","ast-hfb-below-header-display":"","ast-hfb-mobile-header-display":"","site-post-title":"","ast-breadcrumbs-content":"","ast-featured-img":"","footer-sml-layout":"","ast-disable-related-posts":"","theme-transparent-header-meta":"","adv-header-id-meta":"","stick-header-meta":"","header-above-stick-meta":"","header-main-stick-meta":"","header-below-stick-meta":"","astra-migrate-meta-layouts":"default","ast-page-background-enabled":"default","ast-page-background-meta":{"desktop":{"background-color":"","background-image":"","background-repeat":"repeat","background-position":"center center","background-size":"auto","background-attachment":"scroll","background-type":"","background-media":"","overlay-type":"","overlay-color":"","overlay-opacity":"","overlay-gradient":""},"tablet":{"background-color":"","background-image":"","background-repeat":"repeat","background-position":"center center","background-size":"auto","background-attachment":"scroll","background-type":"","background-media":"","overlay-type":"","overlay-color":"","overlay-opacity":"","overlay-gradient":""},"mobile":{"background-color":"","background-image":"","background-repeat":"repeat","background-position":"center center","background-size":"auto","background-attachment":"scroll","background-type":"","background-media":"","overlay-type":"","overlay-color":"","overlay-opacity":"","overlay-gradient":""}},"ast-content-background-meta":{"desktop":{"background-color":"var(--ast-global-color-5)","background-image":"","background-repeat":"repeat","background-position":"center center","background-size":"auto","background-attachment":"scroll","background-type":"","background-media":"","overlay-type":"","overlay-color":"","overlay-opacity":"","overlay-gradient":""},"tablet":{"background-color":"var(--ast-global-color-5)","background-image":"","background-repeat":"repeat","background-position":"center center","background-size":"auto","background-attachment":"scroll","background-type":"","background-media":"","overlay-type":"","overlay-color":"","overlay-opacity":"","overlay-gradient":""},"mobile":{"background-color":"var(--ast-global-color-5)","background-image":"","background-repeat":"repeat","background-position":"center center","background-size":"auto","background-attachment":"scroll","background-type":"","background-media":"","overlay-type":"","overlay-color":"","overlay-opacity":"","overlay-gradient":""}}},"product_brand":[],"product_cat":[435,17,446],"product_tag":[],"class_list":{"0":"post-4345","1":"product","2":"type-product","3":"status-publish","4":"has-post-thumbnail","6":"product_cat-outdoor","7":"product_cat-produkty","8":"product_cat-termosy-obiadowe-i-turystyczne","9":"desktop-align-left","10":"tablet-align-left","11":"mobile-align-left","13":"first","14":"instock","15":"sale","16":"shipping-taxable","17":"purchasable","18":"product-type-simple"},"uagb_featured_image_src":{"full":["https:\/\/viallidesign.com\/wp-content\/uploads\/2024\/06\/13062024666af8b4afa17-scaled.jpeg",1236,2560,false],"thumbnail":["https:\/\/viallidesign.com\/wp-content\/uploads\/2024\/06\/13062024666af8b4afa17-scaled-80x80.jpeg",80,80,true],"medium":["https:\/\/viallidesign.com\/wp-content\/uploads\/2024\/06\/13062024666af8b4afa17-scaled-145x300.jpeg",145,300,true],"medium_large":["https:\/\/viallidesign.com\/wp-content\/uploads\/2024\/06\/13062024666af8b4afa17-scaled-768x1591.jpeg",768,1591,true],"large":["https:\/\/viallidesign.com\/wp-content\/uploads\/2024\/06\/13062024666af8b4afa17-scaled-494x1024.jpeg",494,1024,true],"1536x1536":["https:\/\/viallidesign.com\/wp-content\/uploads\/2024\/06\/13062024666af8b4afa17-scaled-742x1536.jpeg",742,1536,true],"2048x2048":["https:\/\/viallidesign.com\/wp-content\/uploads\/2024\/06\/13062024666af8b4afa17-scaled-989x2048.jpeg",989,2048,true],"trp-custom-language-flag":["https:\/\/viallidesign.com\/wp-content\/uploads\/2024\/06\/13062024666af8b4afa17-scaled.jpeg",6,12,false],"woocommerce_thumbnail":["https:\/\/viallidesign.com\/wp-content\/uploads\/2024\/06\/13062024666af8b4afa17-scaled-600x1243.jpeg",600,1243,true],"woocommerce_single":["https:\/\/viallidesign.com\/wp-content\/uploads\/2024\/06\/13062024666af8b4afa17-scaled-1200x2485.jpeg",1200,2485,true],"woocommerce_gallery_thumbnail":["https:\/\/viallidesign.com\/wp-content\/uploads\/2024\/06\/13062024666af8b4afa17-scaled-100x100.jpeg",100,100,true],"dgwt-wcas-product-suggestion":["https:\/\/viallidesign.com\/wp-content\/uploads\/2024\/06\/13062024666af8b4afa17-scaled-64x133.jpeg",64,133,true]},"uagb_author_info":{"display_name":"viallidesign","author_link":"https:\/\/viallidesign.com\/en\/author\/"},"uagb_comment_info":0,"uagb_excerpt":"Termos turystyczny FUORI to produkt niezwykle praktyczny i por\u0119czny, wyr\u00f3\u017cniaj\u0105cy si\u0119 du\u017c\u0105 pojemno\u015bci\u0105 \u2013 a\u017c 1000 ml. Jego g\u0142\u00f3wn\u0105 zalet\u0105 jest stalowa izolacja pr\u00f3\u017cniowa, dzi\u0119ki kt\u00f3rej przechowywane napoje utrzymaj\u0105 swoj\u0105 temperatur\u0119 nawet przez 24 godziny. Produkt spe\u0142ni swoje zadanie zar\u00f3wno w przypadku gor\u0105cej herbaty, jak i ch\u0142odnego soku w upalne dni. Dzi\u0119ki zastosowaniu materia\u0142\u00f3w o&hellip;","_links":{"self":[{"href":"https:\/\/viallidesign.com\/en\/wp-json\/wp\/v2\/product\/4345","targetHints":{"allow":["GET"]}}],"collection":[{"href":"https:\/\/viallidesign.com\/en\/wp-json\/wp\/v2\/product"}],"about":[{"href":"https:\/\/viallidesign.com\/en\/wp-json\/wp\/v2\/types\/product"}],"wp:featuredmedia":[{"embeddable":true,"href":"https:\/\/viallidesign.com\/en\/wp-json\/wp\/v2\/media\/4335"}],"wp:attachment":[{"href":"https:\/\/viallidesign.com\/en\/wp-json\/wp\/v2\/media?parent=4345"}],"wp:term":[{"taxonomy":"product_brand","embeddable":true,"href":"https:\/\/viallidesign.com\/en\/wp-json\/wp\/v2\/product_brand?post=4345"},{"taxonomy":"product_cat","embeddable":true,"href":"https:\/\/viallidesign.com\/en\/wp-json\/wp\/v2\/product_cat?post=4345"},{"taxonomy":"product_tag","embeddable":true,"href":"https:\/\/viallidesign.com\/en\/wp-json\/wp\/v2\/product_tag?post=4345"}],"curies":[{"name":"wp","href":"https:\/\/api.w.org\/{rel}","templated":true}]}}