{"id":4326,"date":"2024-06-13T15:48:31","date_gmt":"2024-06-13T13:48:31","guid":{"rendered":"https:\/\/vialliwp.ageno.work\/produkt\/komplet-2-szklanek-alessia-350-ml-8494\/"},"modified":"2026-03-27T02:35:05","modified_gmt":"2026-03-27T01:35:05","slug":"komplet-2-szklanek-alessia-350-ml-8494","status":"publish","type":"product","link":"https:\/\/viallidesign.com\/en\/product\/komplet-2-szklanek-alessia-350-ml-8494\/","title":{"rendered":"Set of 2 Alessia glasses 350 ml 8494"},"content":{"rendered":"<h3>Set of 2 ALESSIA 350 ml thermal glasses<\/h3>\n<p>Kit <strong>ALESSIA thermal glasses 350 ml<\/strong> is a combination of <strong>modern style<\/strong> and extraordinary <strong>convenience of use.<\/strong> The innovative cookware is distinguished by its striking design. <strong>Original motifs on glass<\/strong> make beverages look great in it. This way they surprise you not only with their taste, but also with their attractive visual aspect. Now your moments of relaxation will become even more enjoyable.<\/p>\n<p><strong>Impeccable design and ease of use<\/strong><\/p>\n<p><strong>ALESSIA thermal glasses<\/strong> are made by hand from high-quality borosilicate glass. The double wall insulates so that the correct temperature of the drink is maintained for a longer period of time. The glasses are suitable for serving coffee, tea as well as cold drinks and beverages.<\/p>\n<p><strong>Product benefits:<\/strong><\/p>\n<ul>\n<li>modern design<\/li>\n<li>handmade from high quality borosilicate glass<\/li>\n<li>keep drinks at the right temperature<\/li>\n<li>the right shape for comfortable use<\/li>\n<li>perfect for a gift<\/li>\n<\/ul>\n<p>Surprise your guests with the unusual shape of the brand's thermal glasses <strong>Vialli Design.<\/strong>They are also perfect as a gift for a loved one!<\/p>\n<p class=\"gpsr-info\"><a href=\"https:\/\/kulig.com.pl\/gpsr\/\" target=\"_blank\" rel=\"noopener\">GPSR information<\/a><\/p>","protected":false},"excerpt":{"rendered":"<p>Komplet 2 szklanek termicznych ALESSIA 350 ml Zestaw szklanek termicznych ALESSIA 350 ml to po\u0142\u0105czenie nowoczesnego stylu i niezwyk\u0142ej wygody u\u017cytkowania. Innowacyjne naczynia wyr\u00f3\u017cniaj\u0105 si\u0119 efektownym designem. Oryginalne motywy na szkle sprawiaj\u0105, \u017ce napoje doskonale si\u0119 w nim prezentuj\u0105. Dzi\u0119ki temu zaskakuj\u0105 nie tylko smakiem, ale i atrakcyjn\u0105 stron\u0105 wizualn\u0105. Teraz Twoje chwile relaksu stan\u0105 [&hellip;]<\/p>","protected":false},"featured_media":4318,"template":"","meta":{"_uag_custom_page_level_css":"","site-sidebar-layout":"default","site-content-layout":"","ast-site-content-layout":"default","site-content-style":"default","site-sidebar-style":"default","ast-global-header-display":"","ast-banner-title-visibility":"","ast-main-header-display":"","ast-hfb-above-header-display":"","ast-hfb-below-header-display":"","ast-hfb-mobile-header-display":"","site-post-title":"","ast-breadcrumbs-content":"","ast-featured-img":"","footer-sml-layout":"","ast-disable-related-posts":"","theme-transparent-header-meta":"","adv-header-id-meta":"","stick-header-meta":"","header-above-stick-meta":"","header-main-stick-meta":"","header-below-stick-meta":"","astra-migrate-meta-layouts":"default","ast-page-background-enabled":"default","ast-page-background-meta":{"desktop":{"background-color":"","background-image":"","background-repeat":"repeat","background-position":"center center","background-size":"auto","background-attachment":"scroll","background-type":"","background-media":"","overlay-type":"","overlay-color":"","overlay-opacity":"","overlay-gradient":""},"tablet":{"background-color":"","background-image":"","background-repeat":"repeat","background-position":"center center","background-size":"auto","background-attachment":"scroll","background-type":"","background-media":"","overlay-type":"","overlay-color":"","overlay-opacity":"","overlay-gradient":""},"mobile":{"background-color":"","background-image":"","background-repeat":"repeat","background-position":"center center","background-size":"auto","background-attachment":"scroll","background-type":"","background-media":"","overlay-type":"","overlay-color":"","overlay-opacity":"","overlay-gradient":""}},"ast-content-background-meta":{"desktop":{"background-color":"var(--ast-global-color-5)","background-image":"","background-repeat":"repeat","background-position":"center center","background-size":"auto","background-attachment":"scroll","background-type":"","background-media":"","overlay-type":"","overlay-color":"","overlay-opacity":"","overlay-gradient":""},"tablet":{"background-color":"var(--ast-global-color-5)","background-image":"","background-repeat":"repeat","background-position":"center center","background-size":"auto","background-attachment":"scroll","background-type":"","background-media":"","overlay-type":"","overlay-color":"","overlay-opacity":"","overlay-gradient":""},"mobile":{"background-color":"var(--ast-global-color-5)","background-image":"","background-repeat":"repeat","background-position":"center center","background-size":"auto","background-attachment":"scroll","background-type":"","background-media":"","overlay-type":"","overlay-color":"","overlay-opacity":"","overlay-gradient":""}}},"product_brand":[],"product_cat":[432,17,436],"product_tag":[],"class_list":{"0":"post-4326","1":"product","2":"type-product","3":"status-publish","4":"has-post-thumbnail","6":"product_cat-jadalnia","7":"product_cat-produkty","8":"product_cat-szklanki-i-filizanki","9":"desktop-align-left","10":"tablet-align-left","11":"mobile-align-left","13":"first","14":"instock","15":"shipping-taxable","16":"purchasable","17":"product-type-simple"},"uagb_featured_image_src":{"full":["https:\/\/viallidesign.com\/wp-content\/uploads\/2024\/06\/13062024666af89fd3ade.jpeg",1000,1000,false],"thumbnail":["https:\/\/viallidesign.com\/wp-content\/uploads\/2024\/06\/13062024666af89fd3ade-80x80.jpeg",80,80,true],"medium":["https:\/\/viallidesign.com\/wp-content\/uploads\/2024\/06\/13062024666af89fd3ade-300x300.jpeg",300,300,true],"medium_large":["https:\/\/viallidesign.com\/wp-content\/uploads\/2024\/06\/13062024666af89fd3ade-768x768.jpeg",768,768,true],"large":["https:\/\/viallidesign.com\/wp-content\/uploads\/2024\/06\/13062024666af89fd3ade.jpeg",1000,1000,false],"1536x1536":["https:\/\/viallidesign.com\/wp-content\/uploads\/2024\/06\/13062024666af89fd3ade.jpeg",1000,1000,false],"2048x2048":["https:\/\/viallidesign.com\/wp-content\/uploads\/2024\/06\/13062024666af89fd3ade.jpeg",1000,1000,false],"trp-custom-language-flag":["https:\/\/viallidesign.com\/wp-content\/uploads\/2024\/06\/13062024666af89fd3ade.jpeg",12,12,false],"woocommerce_thumbnail":["https:\/\/viallidesign.com\/wp-content\/uploads\/2024\/06\/13062024666af89fd3ade-600x600.jpeg",600,600,true],"woocommerce_single":["https:\/\/viallidesign.com\/wp-content\/uploads\/2024\/06\/13062024666af89fd3ade.jpeg",1000,1000,false],"woocommerce_gallery_thumbnail":["https:\/\/viallidesign.com\/wp-content\/uploads\/2024\/06\/13062024666af89fd3ade-100x100.jpeg",100,100,true],"dgwt-wcas-product-suggestion":["https:\/\/viallidesign.com\/wp-content\/uploads\/2024\/06\/13062024666af89fd3ade-64x64.jpeg",64,64,true]},"uagb_author_info":{"display_name":"viallidesign","author_link":"https:\/\/viallidesign.com\/en\/author\/"},"uagb_comment_info":0,"uagb_excerpt":"Komplet 2 szklanek termicznych ALESSIA 350 ml Zestaw szklanek termicznych ALESSIA 350 ml to po\u0142\u0105czenie nowoczesnego stylu i niezwyk\u0142ej wygody u\u017cytkowania. Innowacyjne naczynia wyr\u00f3\u017cniaj\u0105 si\u0119 efektownym designem. Oryginalne motywy na szkle sprawiaj\u0105, \u017ce napoje doskonale si\u0119 w nim prezentuj\u0105. Dzi\u0119ki temu zaskakuj\u0105 nie tylko smakiem, ale i atrakcyjn\u0105 stron\u0105 wizualn\u0105. Teraz Twoje chwile relaksu stan\u0105&hellip;","_links":{"self":[{"href":"https:\/\/viallidesign.com\/en\/wp-json\/wp\/v2\/product\/4326","targetHints":{"allow":["GET"]}}],"collection":[{"href":"https:\/\/viallidesign.com\/en\/wp-json\/wp\/v2\/product"}],"about":[{"href":"https:\/\/viallidesign.com\/en\/wp-json\/wp\/v2\/types\/product"}],"wp:featuredmedia":[{"embeddable":true,"href":"https:\/\/viallidesign.com\/en\/wp-json\/wp\/v2\/media\/4318"}],"wp:attachment":[{"href":"https:\/\/viallidesign.com\/en\/wp-json\/wp\/v2\/media?parent=4326"}],"wp:term":[{"taxonomy":"product_brand","embeddable":true,"href":"https:\/\/viallidesign.com\/en\/wp-json\/wp\/v2\/product_brand?post=4326"},{"taxonomy":"product_cat","embeddable":true,"href":"https:\/\/viallidesign.com\/en\/wp-json\/wp\/v2\/product_cat?post=4326"},{"taxonomy":"product_tag","embeddable":true,"href":"https:\/\/viallidesign.com\/en\/wp-json\/wp\/v2\/product_tag?post=4326"}],"curies":[{"name":"wp","href":"https:\/\/api.w.org\/{rel}","templated":true}]}}